{"id":306,"date":"2024-09-05T10:28:15","date_gmt":"2024-09-05T02:28:15","guid":{"rendered":"https:\/\/www.cy-package.com\/?post_type=product&#038;p=306"},"modified":"2024-09-14T20:28:02","modified_gmt":"2024-09-14T12:28:02","slug":"bolsas-para-bebidas-con-boquilla","status":"publish","type":"product","link":"https:\/\/www.cy-package.com\/es\/producto\/bolsas-para-bebidas-con-boquilla\/","title":{"rendered":"Bolsas de bebida con boquilla"},"content":{"rendered":"<p style=\"text-align: center\"><strong><span style=\"font-size: 18px\">Bolsas con boquilla<\/span><\/strong><\/p>\n<p><span style=\"font-size: 14px\">Las bolsas con boquilla han ganado una enorme popularidad en todo el mundo y ofrecen una gran comodidad, control de derrames y seguridad alimentaria para muchas aplicaciones (es decir, productos l\u00edquidos, semil\u00edquidos, granulados y en polvo). Sustituyendo de forma efectiva a la lata o al tarro de cristal, las bolsas flexibles (ya sean de pie, cu\u00e1druples o con un simple cierre de 3 lados) han revolucionado la venta al por menor de muchos productos. La adici\u00f3n de una boquilla a cualquiera de estos formatos de envase resuelve cualquier problema de dispensabilidad o recerrabilidad.<\/span><\/p>\n<p><span style=\"font-size: 14px\">El coste de producci\u00f3n de las bolsas con pico es obviamente inferior al de las latas, botellas de pl\u00e1stico o botellas de vidrio, y el coste de transporte y almacenamiento es obviamente reducido. El rendimiento de aislamiento del producto es mejor que el de la botella, y el producto envasado puede enfriarse r\u00e1pidamente y mantener una temperatura baja.Adem\u00e1s, una serie de atributos adicionales de los elementos de dise\u00f1o, tales como asas, contornos curvos, muescas para rasgar y agujeros para colgar, etc.<\/span><\/p>\n<p><\/p>\n<div style=\"text-align: center\"><span style=\"font-size: 24px\"><strong><span><em>Cont\u00e1ctenos \u00a1Obtenga una muestra gratis!<\/em><\/span><\/strong><\/span><\/div>\n<p><span style=\"font-size: 20px\"><strong><em>CONSEJOS:<\/em><\/strong><\/span><br \/><span>1.Soporta personalizaci\u00f3n OEM\/ODM????<strong><span>Le invitamos a ponerse en contacto con nosotros.<\/span><\/strong><br \/>2.Ahora hay ofertas especiales. Puedes conseguirlas en <strong><span>\u00bfenviando una consulta?<\/span><\/strong><br \/>3.Muestra de apoyo, necesita muestra para <strong><span>enviar solicitud de contacto<\/span><\/strong><\/span><\/p>\n<p><strong style=\"font-size: 18px\"><br \/><\/strong><\/p>\n<p><strong style=\"font-size: 18px\">Par\u00e1metros del producto<\/strong><\/p>\n<div>\n<div class=\"nei-table\">\n<table width=\"1000\">\n<tbody>\n<tr class=\"firstRow\">\n<td colspan=\"1\" rowspan=\"1\" height=\"20\" width=\"162\">\n<div style=\"text-align: left\"><span>Material Grade:<\/span><\/div>\n<\/td>\n<td colspan=\"1\" rowspan=\"1\" height=\"20\" width=\"837\">\n<div>Material de calidad alimentaria<\/div>\n<\/td>\n<\/tr>\n<tr>\n<td colspan=\"1\" rowspan=\"1\" height=\"20\" width=\"162\">\n<div><span>Material:<\/span><\/div>\n<\/td>\n<td colspan=\"1\" rowspan=\"1\" height=\"20\" width=\"837\">\n<div>PET+VMPET+PE, BOPP+papel kraft+VMPET+PE, etc.<\/div>\n<\/td>\n<\/tr>\n<tr>\n<td colspan=\"1\" rowspan=\"1\" height=\"20\" width=\"162\">\n<div><span>Caracter\u00edstica :<\/span><\/div>\n<\/td>\n<td colspan=\"1\" rowspan=\"1\" height=\"20\" width=\"837\">\n<div>1).Material de grado alimentario de seguridad e impresi\u00f3n perfecta<\/p>\n<div data-spm-anchor-id=\"a2700.pc-decorate.0.i62.50563333vYoKlh\">2).Great para evitar fugas, excelente Moiseture-Proof<\/div>\n<div data-spm-anchor-id=\"a2700.pc-decorate.0.i62.50563333vYoKlh\">3).Fondo de sellado fuerte y Ziplock duradero<\/div>\n<\/div>\n<\/td>\n<\/tr>\n<tr>\n<td colspan=\"1\" rowspan=\"1\" height=\"20\" width=\"162\">\n<div><span>Tama\u00f1o y grosor:<\/span><\/div>\n<\/td>\n<td colspan=\"1\" rowspan=\"1\" height=\"20\" width=\"837\">\n<div>Personalizado seg\u00fan sus necesidades<\/div>\n<\/td>\n<\/tr>\n<tr>\n<td colspan=\"1\" rowspan=\"1\" height=\"20\" width=\"162\">\n<div><span>Tipo de tinta:<\/span><\/div>\n<\/td>\n<td colspan=\"1\" rowspan=\"1\" height=\"20\" width=\"837\">\n<div>Tinta de soja ecol\u00f3gica de calidad alimentaria<\/div>\n<\/td>\n<\/tr>\n<tr>\n<td colspan=\"1\" rowspan=\"1\" height=\"20\" width=\"162\">\n<div><span>Capacidad:<\/span><\/div>\n<\/td>\n<td colspan=\"1\" rowspan=\"1\" height=\"20\" width=\"837\">\n<div>100g, 200g, 250g, 500g, 1000g\/1kg, 2kg, 5kg,8oz-100oz, Personalizado<\/div>\n<\/td>\n<\/tr>\n<tr>\n<td colspan=\"1\" rowspan=\"1\" height=\"20\" width=\"162\">\n<div><span>Aplicaci\u00f3n:<\/span><\/div>\n<\/td>\n<td colspan=\"1\" rowspan=\"1\" height=\"20\" width=\"837\">\n<div>Alimentaci\u00f3n \/ Caf\u00e9 \/ Comida para mascotas \/ T\u00e9 \/ Aperitivos \/ Frutos secos \/ Prote\u00edna de suero \/ Semillas, etc.<\/div>\n<\/td>\n<\/tr>\n<tr>\n<td colspan=\"1\" rowspan=\"1\" height=\"20\" width=\"162\">\n<div><span>Opciones de estilo:<\/span><\/div>\n<\/td>\n<td colspan=\"1\" rowspan=\"1\" height=\"20\" width=\"837\">\n<div>Fondo plano, Stand UP, fuelle lateral, cremallera superior, con\/sin ventana, Euro Hole, etc.<\/div>\n<\/td>\n<\/tr>\n<tr>\n<td colspan=\"1\" rowspan=\"1\" height=\"20\" width=\"162\">\n<div><span>Control de calidad:<\/span><\/div>\n<\/td>\n<td colspan=\"1\" rowspan=\"1\" height=\"20\" width=\"837\">\n<div data-spm-anchor-id=\"a2700.details.0.i14.1410417dX9YP5T\">El equipo avanzado y el equipo experimentado del control de calidad comprobar\u00e1n el material, los productos semielaborados y acabados terminantemente en cada paso antes de enviar.<\/div>\n<\/td>\n<\/tr>\n<\/tbody>\n<\/table>\n<\/div>\n<p><img decoding=\"async\" src=\"https:\/\/www.cy-package.com\/2833\/2833-202205101615390419.jpg\" title=\"Bolsas de bebida con boquilla\" alt=\"Bolsas de bebida con boquilla\" \/><\/p>\n<p><\/p>\n<h2><strong>Flujos de trabajo para la preproducci\u00f3n:<\/strong><br \/><\/h2>\n<p>1. Proporci\u00f3nenos informaci\u00f3n detallada sobre la bolsa que desea fabricar, como el uso previsto, el tama\u00f1o, la ilustraci\u00f3n, la estructura y el grosor, etc. Si es necesario, tambi\u00e9n podemos ofrecerle nuestras sugerencias profesionales para su elecci\u00f3n.<\/p>\n<p>2. Le enviaremos un presupuesto cuando tengamos toda la informaci\u00f3n sobre la bolsa.<\/p>\n<p>3. Una vez confirmado el precio por ambas partes, empezaremos a trabajar en el procesamiento de las ilustraciones (para su informaci\u00f3n: necesitamos procesar las ilustraciones en una versi\u00f3n factible para la impresi\u00f3n en huecograbado).<\/p>\n<p>4. Configuraci\u00f3n del est\u00e1ndar de color.<\/p>\n<p>5. Confirme el material gr\u00e1fico y firme el contrato.<\/p>\n<p>6. Los compradores tienen que pagar por adelantado el cilindro (coste de impresi\u00f3n) y 40% pago anticipado de la orden.<\/p>\n<p>7. Comenzaremos a producir los productos del quanlity para usted despu\u00e9s de entonces.<\/p>\n<p><\/p>\n<p style=\"text-align: center\"><img decoding=\"async\" alt=\"Bolsas de bebida con boquilla\" src=\"https:\/\/www.cy-package.com\/2833\/2833-202205052254029344.jpg\" title=\"Bolsas de bebida con boquilla\" \/><\/p>\n<p style=\"text-align: center\"><img decoding=\"async\" alt=\"Bolsas de bebida con boquilla\" src=\"https:\/\/www.cy-package.com\/2833\/2833-202205052254023652.jpg\" title=\"Bolsas de bebida con boquilla\" \/><\/p>\n<p><\/p>\n<p style=\"text-align: center\"><span style=\"font-size: 20px\"><strong>Perfil de la empresa<\/strong><\/span><\/p>\n<p><strong><span style=\"font-size: 18px\"><\/span><\/strong><\/p>\n<p style=\"text-align: center\"><img decoding=\"async\" alt=\"Bolsas de bebida con boquilla\" src=\"https:\/\/www.cy-package.com\/2833\/2833-202205062151199013.jpg\" title=\"Bolsas de bebida con boquilla\" \/><\/p>\n<p style=\"text-align: center\"><span style=\"font-size: 24px\"><strong><span>VENTAJA DE PRODUCCI\u00d3N EN F\u00c1BRICA&nbsp;<\/span><\/strong><\/span><\/p>\n<p style=\"text-align: center\"><span style=\"font-size: 20px\"><strong>Hay 5 l\u00edneas autom\u00e1ticas de producci\u00f3n de alta velocidad<\/strong><\/span><\/p>\n<p><span style=\"font-size: 18px\"><\/span><\/p>\n<p style=\"text-align: center\"><span style=\"font-size: 18px\"><strong>&#8212;&#8212;&#8212;&#8212;&#8212;&#8212;&#8212;&#8212;&#8212;&#8212;&#8212;&#8212;&#8212;&#8212;&#8212;&#8212;&#8212;&#8212;&#8212;&#8212;&#8212;&#8212;&#8212;&#8212;&#8212;&#8212;&#8212;&#8212;&#8212;&#8212;&#8212;-<\/strong><\/span><\/p>\n<p style=\"text-align: center\"><span style=\"font-size: 14px\">En la actualidad, la base de producci\u00f3n ocupa una superficie de m\u00e1s de 15.000 metros cuadrados y cuenta con 5 plantas autom\u00e1ticas.<\/span><\/p>\n<p style=\"text-align: center;margin-bottom: 20px\"><span style=\"font-size: 14px\">l\u00edneas de producci\u00f3n de alta velocidad, y la capacidad de producci\u00f3n anual puede alcanzar las 20.000 toneladas.&nbsp;<\/span><\/p>\n<p style=\"text-align: center\"><img decoding=\"async\" alt=\"Bolsas de bebida con boquilla\" src=\"https:\/\/www.cy-package.com\/2833\/2833-202205062151194054.jpg\" title=\"Bolsas de bebida con boquilla\" \/><\/p>\n<p style=\"text-align: center;margin-top: 15px\"><span style=\"font-size: 14px\">Nuestra empresa cuenta con decenas de trabajadores de producci\u00f3n profesionales, puede trabajar 24 horas al d\u00eda sin parar<\/span><\/p>\n<p style=\"text-align: center;margin-bottom: 20px\"><span style=\"font-size: 14px\">producci\u00f3n, siguen estrictamente la gesti\u00f3n del proceso IQC-IPQC-OQC y tienen una gran capacidad de producci\u00f3n.&nbsp;<\/span><\/p>\n<p style=\"text-align: center\"><img decoding=\"async\" alt=\"Bolsas de bebida con boquilla\" src=\"https:\/\/www.cy-package.com\/2833\/2833-202205062151191245.jpg\" title=\"Bolsas de bebida con boquilla\" \/><\/p>\n<p style=\"text-align: center;margin-bottom: 5px;margin-top: 15px\"><span style=\"font-size: 14px\">Los talleres est\u00e1n dise\u00f1ados y construidos de acuerdo con las GMP de clase 300.000 para cumplir un alto nivel de higiene.<\/span><\/p>\n<p style=\"text-align: center;margin-bottom: 20px\"><span style=\"font-size: 14px\">est\u00e1ndar de alimentos infantiles, productos l\u00e1cteos y productos c\u00e1rnicos tanto nacionales como extranjeros.<\/span><\/p>\n<p style=\"text-align: center\"><img decoding=\"async\" alt=\"Bolsas de bebida con boquilla\" src=\"https:\/\/www.cy-package.com\/2833\/2833-202205062151206738.jpg\" title=\"Bolsas de bebida con boquilla\" \/><\/p>\n<p style=\"text-align: center\"><img decoding=\"async\" src=\"https:\/\/www.cy-package.com\/2833\/2833-202205062159502291.jpg\" title=\"Bolsas de bebida con boquilla\" alt=\"Bolsas de bebida con boquilla\" \/><\/p>\n<p style=\"text-align: center\"><img decoding=\"async\" src=\"https:\/\/www.cy-package.com\/2833\/2833-202205062158232361.jpg\" title=\"Bolsas de bebida con boquilla\" alt=\"Bolsas de bebida con boquilla\" \/><\/p>\n<p><\/p>\n<p><span style=\"font-size: 18px\"><strong>PREGUNTAS FRECUENTES<\/strong><\/span><\/p>\n<p><strong><span data-spm-anchor-id=\"a2700.details.0.i17.649a7657Tu7jaw\">P: \u00bfSon una f\u00e1brica o una empresa comercial?<\/span><\/strong><br \/><span>R: Somos una f\u00e1brica con equipos avanzados y equipos de dise\u00f1o profesionales, podr\u00edamos ofrecerle la mejor opci\u00f3n en dise\u00f1os y capacidad.<\/span><br \/><span> <\/span><br \/><strong><span>P:\u00bfCu\u00e1l es la cantidad m\u00ednima de pedido de su producto?<\/span><\/strong><br \/><span>A:Generalmente, MOQ para bolsas de bolsa es 10,000pcs.We tambi\u00e9n tomar pedidos de prueba de la muestra para MOQ peque\u00f1o, pls en contacto con nosotros para futher discutir.<\/span><br \/><span> <\/span><br \/><strong><span>P:\u00bfCu\u00e1l es el plazo de entrega una vez realizado el pedido?<\/span><\/strong><br \/><span>R: En general, el plazo de entrega es de 15-20 d\u00edas para nuevos pedidos y de 10-12 d\u00edas para pedidos repetidos a partir de la fecha de confirmaci\u00f3n.<\/span><br \/><span> <\/span><br \/><strong><span>P: \u00bfCu\u00e1l es su gama de productos?<\/span><\/strong><br \/><span>A: Nuestra f\u00e1brica puede producir la mayor\u00eda de las clases de empaquetado flexible, incluyendo el bolso del caf\u00e9, bolso del alimento para animales dom\u00e9sticos, bolso de la comida, bolso l\u00edquido, se levanta<\/span><br \/><span>bolsa, bolsa con cremallera, bolsas de pico, bolsa de la parte posterior, pel\u00edcula laminada para chocolate o caramelo y as\u00ed sucesivamente.<\/span><br \/><span> <\/span><br \/><strong><span>P: \u00bfQu\u00e9 informaci\u00f3n se necesita para obtener un presupuesto de un producto?<\/span><\/strong><br \/><span>R:P\u00f3ngase en contacto con nosotros para ofrecernos el tama\u00f1o y los requisitos especiales que desee.Todos pueden ser personalizados,y tenemos un mont\u00f3n de ejemplo para su referencia.<\/span><br \/><span> <\/span><br \/><strong><span>P: \u00bfSe pueden proporcionar muestras?<\/span><\/strong><br \/><span>R: S\u00ed, para la muestra personalizada, se cobrar\u00e1 el coste real de la muestra + la tarifa del cilindro de impresi\u00f3n, que no ser\u00e1 necesaria de nuevo para el pedido a granel.<\/span><\/p>\n<\/div><\/div>\n<\/p><\/div>","protected":false},"excerpt":{"rendered":"<p class=\"wui-p-v-4\">    <span class=\"wui-text-color-accents wui-text-weight-bold\">Marca:<\/span>    <span class=\"wui-text-color-primary\">PAQUETE CY<\/span><\/p>\n<p class=\"wui-p-v-4\">    <span class=\"wui-text-color-accents wui-text-weight-bold\">Origen del producto:<\/span>    <span class=\"wui-text-color-primary\">China<\/span><\/p>\n<p class=\"wui-p-v-4\">    <span class=\"wui-text-color-accents wui-text-weight-bold\">Plazo de entrega:<\/span>    <span class=\"wui-text-color-primary\">25 d\u00edas de plazo de entrega<\/span><\/p>\n<p class=\"wui-p-v-4\">Tama\u00f1o y grosor: est\u00e1ndar o personalizado<br \/>Dimensi\u00f3n: 250g~2kg etc.O seg\u00fan su petici\u00f3n.<br \/>Material: PP\/OP\/PE\/OPP<br \/>Colores de impresi\u00f3n: Hasta 10 colores.<br \/>Logotipo: Impreso seg\u00fan dise\u00f1o del cliente.<br \/>Asa: asa lateral o como desee.<br \/>Cierre: Cierre de cremallera, seg\u00fan sus necesidades.<br \/>Laminaci\u00f3n\/acabado superficial: Laminaci\u00f3n brillante\/Laminaci\u00f3n mate\/Laminaci\u00f3n con pel\u00edcula l\u00e1ser\/Sin laminaci\u00f3n, etc.<\/p>","protected":false},"featured_media":390,"comment_status":"open","ping_status":"closed","template":"","meta":{"_seopress_robots_primary_cat":"","_seopress_titles_title":"","_seopress_titles_desc":"","_seopress_robots_index":"","_monsterinsights_skip_tracking":false,"_monsterinsights_sitenote_active":false,"_monsterinsights_sitenote_note":"","_monsterinsights_sitenote_category":0,"_kad_post_transparent":"","_kad_post_title":"","_kad_post_layout":"","_kad_post_sidebar_id":"","_kad_post_content_style":"","_kad_post_vertical_padding":"","_kad_post_feature":"","_kad_post_feature_position":"","_kad_post_header":false,"_kad_post_footer":false},"product_brand":[],"product_cat":[26],"product_tag":[],"class_list":{"0":"post-306","1":"product","2":"type-product","3":"status-publish","4":"has-post-thumbnail","6":"product_cat-spout-pouches","8":"first","9":"instock","10":"shipping-taxable","11":"product-type-simple","12":"entry","13":"content-bg","14":"loop-entry"},"_links":{"self":[{"href":"https:\/\/www.cy-package.com\/es\/wp-json\/wp\/v2\/product\/306","targetHints":{"allow":["GET"]}}],"collection":[{"href":"https:\/\/www.cy-package.com\/es\/wp-json\/wp\/v2\/product"}],"about":[{"href":"https:\/\/www.cy-package.com\/es\/wp-json\/wp\/v2\/types\/product"}],"replies":[{"embeddable":true,"href":"https:\/\/www.cy-package.com\/es\/wp-json\/wp\/v2\/comments?post=306"}],"version-history":[{"count":0,"href":"https:\/\/www.cy-package.com\/es\/wp-json\/wp\/v2\/product\/306\/revisions"}],"wp:featuredmedia":[{"embeddable":true,"href":"https:\/\/www.cy-package.com\/es\/wp-json\/wp\/v2\/media\/390"}],"wp:attachment":[{"href":"https:\/\/www.cy-package.com\/es\/wp-json\/wp\/v2\/media?parent=306"}],"wp:term":[{"taxonomy":"product_brand","embeddable":true,"href":"https:\/\/www.cy-package.com\/es\/wp-json\/wp\/v2\/product_brand?post=306"},{"taxonomy":"product_cat","embeddable":true,"href":"https:\/\/www.cy-package.com\/es\/wp-json\/wp\/v2\/product_cat?post=306"},{"taxonomy":"product_tag","embeddable":true,"href":"https:\/\/www.cy-package.com\/es\/wp-json\/wp\/v2\/product_tag?post=306"}],"curies":[{"name":"wp","href":"https:\/\/api.w.org\/{rel}","templated":true}]}}