{"id":307,"date":"2024-09-05T10:28:16","date_gmt":"2024-09-05T02:28:16","guid":{"rendered":"https:\/\/www.cy-package.com\/?post_type=product&#038;p=307"},"modified":"2024-09-19T10:20:39","modified_gmt":"2024-09-19T02:20:39","slug":"bolsa-reciclable-con-cremallera-para-envasar-alimentos","status":"publish","type":"product","link":"https:\/\/www.cy-package.com\/es\/producto\/bolsa-reciclable-con-cremallera-para-envasar-alimentos\/","title":{"rendered":"Bolsa reciclable con cremallera para envasar alimentos"},"content":{"rendered":"<p>&nbsp;<\/p>\n<p>&nbsp;<\/p>\n<p>Con los consumidores, los pol\u00edticos y los medios de comunicaci\u00f3n prestando cada vez m\u00e1s atenci\u00f3n a la cuesti\u00f3n de los residuos pl\u00e1sticos, la industria alimentaria o no alimentaria est\u00e1 cambiando su forma de hacer negocios. Los actores de toda la cadena de valor est\u00e1n pensando en reducir los residuos de los vertederos, por lo que los materiales laminados reciclables ser\u00e1n ahora la mejor opci\u00f3n. Esta bolsa de pie ecol\u00f3gica no s\u00f3lo puede reciclarse en los sistemas de reciclaje existentes, sino que tambi\u00e9n prolongar\u00e1 la vida \u00fatil de su producto.<\/p>\n<p>&nbsp;<\/p>\n<div>\n<p><span style=\"font-size: 18px;\"><strong>Par\u00e1metros del producto<\/strong><\/span><\/p>\n<\/div>\n<div>\n<div class=\"nei-table\">\n<table width=\"1000\">\n<tbody>\n<tr class=\"firstRow\">\n<td colspan=\"1\" rowspan=\"1\" width=\"162\" height=\"20\">\n<div style=\"text-align: left;\">Material Grade:<\/div>\n<\/td>\n<td colspan=\"1\" rowspan=\"1\" width=\"837\" height=\"20\">\n<div>Material de calidad alimentaria<\/div>\n<\/td>\n<\/tr>\n<tr>\n<td colspan=\"1\" rowspan=\"1\" width=\"162\" height=\"20\">\n<div>Material:<\/div>\n<\/td>\n<td colspan=\"1\" rowspan=\"1\" width=\"837\" height=\"20\">\n<div>Papel PE\/kraft\/PBAT\/PLA<\/div>\n<\/td>\n<\/tr>\n<tr>\n<td colspan=\"1\" rowspan=\"1\" width=\"162\" height=\"20\">\n<div>Caracter\u00edstica :<\/div>\n<\/td>\n<td colspan=\"1\" rowspan=\"1\" width=\"837\" height=\"20\">\n<div>\n<p>1).Material de grado alimentario de seguridad e impresi\u00f3n perfecta<\/p>\n<div data-spm-anchor-id=\"a2700.pc-decorate.0.i62.50563333vYoKlh\">2).Great para evitar fugas, excelente Moiseture-Proof<\/div>\n<p>3).Fondo de sellado fuerte y Ziplock duradero<\/p>\n<p>4). Acabados mate tradicional, mate suave al tacto, brillo y metalizado, Estampado en caliente.<\/p>\n<\/div>\n<\/td>\n<\/tr>\n<tr>\n<td colspan=\"1\" rowspan=\"1\" width=\"162\" height=\"20\">\n<div>Tama\u00f1o y grosor:<\/div>\n<\/td>\n<td colspan=\"1\" rowspan=\"1\" width=\"837\" height=\"20\">\n<div>Personalizado seg\u00fan sus necesidades<\/div>\n<\/td>\n<\/tr>\n<tr>\n<td colspan=\"1\" rowspan=\"1\" width=\"162\" height=\"20\">\n<div>Tipo de tinta:<\/div>\n<\/td>\n<td colspan=\"1\" rowspan=\"1\" width=\"837\" height=\"20\">\n<div>Tinta de soja ecol\u00f3gica de calidad alimentaria<\/div>\n<\/td>\n<\/tr>\n<tr>\n<td colspan=\"1\" rowspan=\"1\" width=\"162\" height=\"20\">\n<div>Capacidad:<\/div>\n<\/td>\n<td colspan=\"1\" rowspan=\"1\" width=\"837\" height=\"20\">\n<div>100g, 200g, 250g, 500g, 1000g\/1kg, 2kg, 5kg,8oz-100oz, Personalizado<\/div>\n<\/td>\n<\/tr>\n<tr>\n<td colspan=\"1\" rowspan=\"1\" width=\"162\" height=\"20\">\n<div>Aplicaci\u00f3n:<\/div>\n<\/td>\n<td colspan=\"1\" rowspan=\"1\" width=\"837\" height=\"20\">\n<div>Alimentaci\u00f3n \/ Caf\u00e9 \/ Comida para mascotas \/ T\u00e9 \/ Aperitivos \/ Frutos secos \/ Prote\u00edna de suero \/ Semillas, etc.<\/div>\n<\/td>\n<\/tr>\n<tr>\n<td colspan=\"1\" rowspan=\"1\" width=\"162\" height=\"20\">\n<div>Opciones de estilo:<\/div>\n<\/td>\n<td colspan=\"1\" rowspan=\"1\" width=\"837\" height=\"20\">\n<div>Fondo plano, Stand UP, fuelle lateral, cremallera superior, con\/sin ventana, Euro Hole, etc.<\/div>\n<\/td>\n<\/tr>\n<tr>\n<td colspan=\"1\" rowspan=\"1\" width=\"162\" height=\"20\">\n<div>Control de calidad:<\/div>\n<\/td>\n<td colspan=\"1\" rowspan=\"1\" width=\"837\" height=\"20\">\n<div data-spm-anchor-id=\"a2700.details.0.i14.1410417dX9YP5T\">El equipo avanzado y el equipo experimentado del control de calidad comprobar\u00e1n el material, los productos semielaborados y acabados terminantemente en cada paso antes de enviar.<\/div>\n<\/td>\n<\/tr>\n<\/tbody>\n<\/table>\n<\/div>\n<p>&nbsp;<\/p>\n<p>CY PACK tambi\u00e9n es un fabricante con 19 a\u00f1os de experiencia en impresi\u00f3n. Se centra en proporcionar bolsas de embalaje flexibles para alimentos para la industria alimentaria. Bolsas de embalaje con tapa impresas y personalizadas para snacks, granos de caf\u00e9, comida para mascotas, etc.<\/p>\n<p>&nbsp;<\/p>\n<p>A medida que los productores internacionales se vuelven m\u00e1s conscientes de la protecci\u00f3n del medio ambiente, las ventas de bolsas de embalaje blandas sostenibles de CY PACK, como las bolsas verticales reciclables y las bolsas verticales degradables, han aumentado a\u00f1o tras a\u00f1o.<\/p>\n<p><img decoding=\"async\" title=\"Bolsa reciclable con cremallera para envasar alimentos\" src=\"https:\/\/www.cy-package.com\/2833\/2833-202406031717389144.jpg\" alt=\"Bolsa reciclable con cremallera para envasar alimentos\" \/><\/p>\n<p>&nbsp;<\/p>\n<p style=\"text-align: center;\">\n<\/div>","protected":false},"excerpt":{"rendered":"<p class=\"wui-p-v-4\"><span class=\"wui-text-color-accents wui-text-weight-bold\">Marca:<\/span> <span class=\"wui-text-color-primary\">PAQUETE CY<\/span><\/p>\n<p class=\"wui-p-v-4\"><span class=\"wui-text-color-accents wui-text-weight-bold\">Origen del producto:<\/span> <span class=\"wui-text-color-primary\">China<\/span><\/p>\n<p class=\"wui-p-v-4\"><span class=\"wui-text-color-accents wui-text-weight-bold\">Plazo de entrega:<\/span> <span class=\"wui-text-color-primary\">25 d\u00edas de plazo de entrega<\/span><\/p>\n<p class=\"wui-p-v-4\"><span class=\"wui-text-color-accents wui-text-weight-bold\">Capacidad de suministro:<\/span> <span class=\"wui-text-color-primary\">1200 toneladas \/mes<\/span><\/p>\n<p class=\"wui-p-v-4\">Los materiales de envasado ecol\u00f3gicos reducen en gran medida la contaminaci\u00f3n por pl\u00e1sticos y contribuyen a la protecci\u00f3n del medio ambiente mundial.<br \/>\nPara ofrecerle un envasado fiable y respetuoso con el medio ambiente para sus productos alimentarios, podemos producir bolsas para aperitivos sencillas y ligeras de calidad alta y estable.<br \/>\nEs m\u00e1s, el volumen de la bolsa para snacks vertical es mucho m\u00e1s peque\u00f1o que el de las latas\/contenedores de aluminio tradicionales, es casi 1\/10 del anterior, sin mencionar la comparaci\u00f3n de peso entre los dos.<\/p>","protected":false},"featured_media":394,"comment_status":"open","ping_status":"closed","template":"","meta":{"_seopress_robots_primary_cat":"none","_seopress_titles_title":"Supply Recyclable Stand Up Food Packaging Pouch wholesale","_seopress_titles_desc":"Recyclable Stand Up Zipper Food Packaging Pouch Manufacturers and Factory. We accept OEM custom products all made in China.","_seopress_robots_index":"","_monsterinsights_skip_tracking":false,"_monsterinsights_sitenote_active":false,"_monsterinsights_sitenote_note":"","_monsterinsights_sitenote_category":0,"_kad_post_transparent":"default","_kad_post_title":"","_kad_post_layout":"default","_kad_post_sidebar_id":"","_kad_post_content_style":"default","_kad_post_vertical_padding":"default","_kad_post_feature":"","_kad_post_feature_position":"","_kad_post_header":false,"_kad_post_footer":false},"product_brand":[],"product_cat":[27],"product_tag":[],"class_list":{"0":"post-307","1":"product","2":"type-product","3":"status-publish","4":"has-post-thumbnail","6":"product_cat-recyclable-packaging-bags","8":"first","9":"instock","10":"shipping-taxable","11":"product-type-simple","12":"entry","13":"content-bg","14":"loop-entry"},"_links":{"self":[{"href":"https:\/\/www.cy-package.com\/es\/wp-json\/wp\/v2\/product\/307","targetHints":{"allow":["GET"]}}],"collection":[{"href":"https:\/\/www.cy-package.com\/es\/wp-json\/wp\/v2\/product"}],"about":[{"href":"https:\/\/www.cy-package.com\/es\/wp-json\/wp\/v2\/types\/product"}],"replies":[{"embeddable":true,"href":"https:\/\/www.cy-package.com\/es\/wp-json\/wp\/v2\/comments?post=307"}],"version-history":[{"count":1,"href":"https:\/\/www.cy-package.com\/es\/wp-json\/wp\/v2\/product\/307\/revisions"}],"predecessor-version":[{"id":982,"href":"https:\/\/www.cy-package.com\/es\/wp-json\/wp\/v2\/product\/307\/revisions\/982"}],"wp:featuredmedia":[{"embeddable":true,"href":"https:\/\/www.cy-package.com\/es\/wp-json\/wp\/v2\/media\/394"}],"wp:attachment":[{"href":"https:\/\/www.cy-package.com\/es\/wp-json\/wp\/v2\/media?parent=307"}],"wp:term":[{"taxonomy":"product_brand","embeddable":true,"href":"https:\/\/www.cy-package.com\/es\/wp-json\/wp\/v2\/product_brand?post=307"},{"taxonomy":"product_cat","embeddable":true,"href":"https:\/\/www.cy-package.com\/es\/wp-json\/wp\/v2\/product_cat?post=307"},{"taxonomy":"product_tag","embeddable":true,"href":"https:\/\/www.cy-package.com\/es\/wp-json\/wp\/v2\/product_tag?post=307"}],"curies":[{"name":"wp","href":"https:\/\/api.w.org\/{rel}","templated":true}]}}