{"id":311,"date":"2024-09-05T10:28:16","date_gmt":"2024-09-05T02:28:16","guid":{"rendered":"https:\/\/www.cy-package.com\/?post_type=product&#038;p=311"},"modified":"2024-09-14T20:29:03","modified_gmt":"2024-09-14T12:29:03","slug":"bolsa-de-envasado-de-te","status":"publish","type":"product","link":"https:\/\/www.cy-package.com\/es\/producto\/bolsa-de-envasado-de-te\/","title":{"rendered":"Bolsa para envasar t\u00e9"},"content":{"rendered":"<p>&nbsp;<\/p>\n<p style=\"text-align: center\"><strong><span style=\"font-size: 24px\">Envases para t\u00e9<\/span><\/strong><\/p>\n<p>&nbsp;<\/p>\n<p>El creciente mercado del t\u00e9 de plantaci\u00f3n \u00fanica y artesanal crea la necesidad de envases para t\u00e9 que no s\u00f3lo aseguren la fragante hoja en el envase, sino que tambi\u00e9n evoquen los valores adecuados asociados a su marca de t\u00e9. Nuestra gama de envases para t\u00e9, meticulosamente seleccionada, le permitir\u00e1 alcanzar ambos objetivos. La autenticidad, el car\u00e1cter \u00fanico y la calidad sobresaliente son cruciales para crear una marca de t\u00e9 contempor\u00e1nea atractiva para el p\u00fablico de su mercado objetivo.<\/p>\n<p>&nbsp;<\/p>\n<p>Las bolsas con fuelle lateral son la elecci\u00f3n habitual para envasar t\u00e9. Las vendemos en una amplia selecci\u00f3n de materiales y vol\u00famenes, desde bolsas de l\u00e1mina de atractivo dise\u00f1o en granate y esmeralda hasta bolsas de t\u00e9 de papel kraft inspiradas en los principios de sostenibilidad y filosof\u00eda ecol\u00f3gica.<\/p>\n<p>&nbsp;<\/p>\n<p>El t\u00e9, la bebida m\u00e1s consumida del mundo, ha ganado una enorme popularidad en el mercado estadounidense. Creciendo junto con la industria del caf\u00e9, el t\u00e9 se ha convertido en la corriente principal. CY PACK ofrece una amplia selecci\u00f3n de envases para t\u00e9 que se adaptan a un amplio y pr\u00f3spero mercado del t\u00e9.<\/p>\n<p>Tanto si se trata de t\u00e9 rojo como de t\u00e9 verde, las densidades difieren mucho en funci\u00f3n del tipo de t\u00e9 que se est\u00e9 envasando. CY PACK ofrece una amplia variedad de opciones, desde onzas hasta tama\u00f1os a granel. Con nuestras bolsas para envasar t\u00e9, podr\u00e1 almacenar y exponer sus exquisitos t\u00e9s con total confianza, preservando su calidad y garantizando una experiencia excepcional a la hora de beberlo. Elija nuestras bolsas para envasar t\u00e9 para mejorar su almacenamiento y saborear al m\u00e1ximo cada taza de t\u00e9. Una de las mejores formas de diferenciarse es con envases de t\u00e9 personalizados. Desde envases flexibles personalizados hasta bolsas compostables personalizadas, lo tenemos todo cubierto.<\/p>\n<div>\n<p><span style=\"font-size: 18px\"><strong>\u00a0<\/strong><\/span><\/p>\n<h2><strong>Paramen del producto<\/strong><strong>ters<\/strong><\/h2>\n<\/div>\n<div>\n<div class=\"nei-table\">\n<table width=\"1000\">\n<tbody>\n<tr class=\"firstRow\">\n<td style=\"border-color: #dddddd\" colspan=\"1\" rowspan=\"1\" width=\"162\" height=\"20\">\n<div style=\"text-align: left\">Material Grade:<\/div>\n<\/td>\n<td style=\"border-color: #dddddd\" colspan=\"1\" rowspan=\"1\" width=\"837\" height=\"20\">\n<div>Material de calidad alimentaria<\/div>\n<\/td>\n<\/tr>\n<tr>\n<td style=\"border-color: #dddddd\" colspan=\"1\" rowspan=\"1\" width=\"162\" height=\"20\">\n<div>Material:<\/div>\n<\/td>\n<td style=\"border-color: #dddddd\" colspan=\"1\" rowspan=\"1\" width=\"837\" height=\"20\">\n<div>PET+VMPET+PE, BOPP+papel kraft+VMPET+PE, etc.<\/div>\n<\/td>\n<\/tr>\n<tr>\n<td style=\"border-color: #dddddd\" colspan=\"1\" rowspan=\"1\" width=\"162\" height=\"20\">\n<div>Caracter\u00edstica :<\/div>\n<\/td>\n<td style=\"border-color: #dddddd\" colspan=\"1\" rowspan=\"1\" width=\"837\" height=\"20\">\n<div>\n<p>1).Material de grado alimentario de seguridad e impresi\u00f3n perfecta<\/p>\n<div data-spm-anchor-id=\"a2700.pc-decorate.0.i62.50563333vYoKlh\">2).Great para evitar fugas, excelente Moiseture-Proof<\/div>\n<div data-spm-anchor-id=\"a2700.pc-decorate.0.i62.50563333vYoKlh\">3).Fondo de sellado fuerte y Ziplock duradero<\/div>\n<\/div>\n<\/td>\n<\/tr>\n<tr>\n<td style=\"border-color: #dddddd\" colspan=\"1\" rowspan=\"1\" width=\"162\" height=\"20\">\n<div>Tama\u00f1o y grosor:<\/div>\n<\/td>\n<td style=\"border-color: #dddddd\" colspan=\"1\" rowspan=\"1\" width=\"837\" height=\"20\">\n<div>Personalizado seg\u00fan sus necesidades<\/div>\n<\/td>\n<\/tr>\n<tr>\n<td style=\"border-color: #dddddd\" colspan=\"1\" rowspan=\"1\" width=\"162\" height=\"20\">\n<div>Tipo de tinta:<\/div>\n<\/td>\n<td style=\"border-color: #dddddd\" colspan=\"1\" rowspan=\"1\" width=\"837\" height=\"20\">\n<div>Tinta de soja ecol\u00f3gica de calidad alimentaria<\/div>\n<\/td>\n<\/tr>\n<tr>\n<td style=\"border-color: #dddddd\" colspan=\"1\" rowspan=\"1\" width=\"162\" height=\"20\">\n<div>Capacidad:<\/div>\n<\/td>\n<td style=\"border-color: #dddddd\" colspan=\"1\" rowspan=\"1\" width=\"837\" height=\"20\">\n<div>100g, 200g, 250g, 500g, 1000g\/1kg, 2kg, 5kg,8oz-100oz, Personalizado<\/div>\n<\/td>\n<\/tr>\n<tr>\n<td style=\"border-color: #dddddd\" colspan=\"1\" rowspan=\"1\" width=\"162\" height=\"20\">\n<div>Aplicaci\u00f3n:<\/div>\n<\/td>\n<td style=\"border-color: #dddddd\" colspan=\"1\" rowspan=\"1\" width=\"837\" height=\"20\">\n<div>Alimentaci\u00f3n \/ Caf\u00e9 \/ Comida para mascotas \/ T\u00e9 \/ Aperitivos \/ Frutos secos \/ Prote\u00edna de suero \/ Semillas, etc.<\/div>\n<\/td>\n<\/tr>\n<tr>\n<td style=\"border-color: #dddddd\" colspan=\"1\" rowspan=\"1\" width=\"162\" height=\"20\">\n<div>Opciones de estilo:<\/div>\n<\/td>\n<td style=\"border-color: #dddddd\" colspan=\"1\" rowspan=\"1\" width=\"837\" height=\"20\">\n<div>Fondo plano, Stand UP, fuelle lateral, cremallera superior, con\/sin ventana, Euro Hole, etc.<\/div>\n<\/td>\n<\/tr>\n<tr>\n<td style=\"border-color: #dddddd\" colspan=\"1\" rowspan=\"1\" width=\"162\" height=\"20\">\n<div>Control de calidad:<\/div>\n<\/td>\n<td style=\"border-color: #dddddd\" colspan=\"1\" rowspan=\"1\" width=\"837\" height=\"20\">\n<div data-spm-anchor-id=\"a2700.details.0.i14.1410417dX9YP5T\">El equipo avanzado y el equipo experimentado del control de calidad comprobar\u00e1n el material, los productos semielaborados y acabados terminantemente en cada paso antes de enviar.<\/div>\n<\/td>\n<\/tr>\n<\/tbody>\n<\/table>\n<\/div>\n<h2><strong>\u00a0<\/strong><\/h2>\n<h2><strong>Flujos de trabajo para la preproducci\u00f3n:<\/strong><\/h2>\n<p>1. Proporci\u00f3nenos informaci\u00f3n detallada sobre la bolsa que desea fabricar, como el uso previsto, el tama\u00f1o, la ilustraci\u00f3n, la estructura y el grosor, etc. Si es necesario, tambi\u00e9n podemos ofrecerle nuestras sugerencias profesionales para su elecci\u00f3n.<\/p>\n<p>2. Le enviaremos un presupuesto cuando tengamos toda la informaci\u00f3n sobre la bolsa.<\/p>\n<p>3. Una vez confirmado el precio por ambas partes, empezaremos a trabajar en el procesamiento de las ilustraciones (para su informaci\u00f3n: necesitamos procesar las ilustraciones en una versi\u00f3n factible para la impresi\u00f3n en huecograbado).<\/p>\n<p>4. Configuraci\u00f3n del est\u00e1ndar de color.<\/p>\n<p>5. Confirme el material gr\u00e1fico y firme el contrato.<\/p>\n<p>6. Los compradores tienen que pagar por adelantado el cilindro (coste de impresi\u00f3n) y 40% pago anticipado de la orden.<\/p>\n<p>7. Comenzaremos a producir los productos del quanlity para usted despu\u00e9s de entonces.<\/p>\n<p>&nbsp;<\/p>\n<p style=\"text-align: center\"><img decoding=\"async\" title=\"Bolsa para envasar t\u00e9\" src=\"https:\/\/www.cy-package.com\/2833\/2833-202205052254029344.jpg\" alt=\"Bolsa para envasar t\u00e9\" \/><\/p>\n<p style=\"text-align: center\">\n<\/div>","protected":false},"excerpt":{"rendered":"<p>&nbsp;<\/p>\n<p class=\"wui-p-v-4\">Material: kraft, papel de aluminio, VMPET, etc. O como su requisito.<br \/>\nColores de impresi\u00f3n: Hasta 11 colores.<br \/>\nLogotipo: Impreso seg\u00fan dise\u00f1o del cliente.<br \/>\nLaminaci\u00f3n\/acabado superficial: Laminaci\u00f3n brillante\/Laminaci\u00f3n mate\/Laminaci\u00f3n con pel\u00edcula l\u00e1ser\/Sin laminaci\u00f3n, etc.<br \/>\nElija nuestras bolsitas de envasado de t\u00e9 para mejorar su almacenamiento y saborear al m\u00e1ximo cada taza de t\u00e9.<\/p>","protected":false},"featured_media":410,"comment_status":"open","ping_status":"closed","template":"","meta":{"_seopress_robots_primary_cat":"none","_seopress_titles_title":"","_seopress_titles_desc":"","_seopress_robots_index":"","_monsterinsights_skip_tracking":false,"_monsterinsights_sitenote_active":false,"_monsterinsights_sitenote_note":"","_monsterinsights_sitenote_category":0,"_kad_post_transparent":"default","_kad_post_title":"","_kad_post_layout":"default","_kad_post_sidebar_id":"","_kad_post_content_style":"default","_kad_post_vertical_padding":"default","_kad_post_feature":"","_kad_post_feature_position":"","_kad_post_header":false,"_kad_post_footer":false},"product_brand":[],"product_cat":[28],"product_tag":[],"class_list":{"0":"post-311","1":"product","2":"type-product","3":"status-publish","4":"has-post-thumbnail","6":"product_cat-food-packaging-bag","8":"first","9":"instock","10":"shipping-taxable","11":"product-type-simple","12":"entry","13":"content-bg","14":"loop-entry"},"_links":{"self":[{"href":"https:\/\/www.cy-package.com\/es\/wp-json\/wp\/v2\/product\/311","targetHints":{"allow":["GET"]}}],"collection":[{"href":"https:\/\/www.cy-package.com\/es\/wp-json\/wp\/v2\/product"}],"about":[{"href":"https:\/\/www.cy-package.com\/es\/wp-json\/wp\/v2\/types\/product"}],"replies":[{"embeddable":true,"href":"https:\/\/www.cy-package.com\/es\/wp-json\/wp\/v2\/comments?post=311"}],"version-history":[{"count":0,"href":"https:\/\/www.cy-package.com\/es\/wp-json\/wp\/v2\/product\/311\/revisions"}],"wp:featuredmedia":[{"embeddable":true,"href":"https:\/\/www.cy-package.com\/es\/wp-json\/wp\/v2\/media\/410"}],"wp:attachment":[{"href":"https:\/\/www.cy-package.com\/es\/wp-json\/wp\/v2\/media?parent=311"}],"wp:term":[{"taxonomy":"product_brand","embeddable":true,"href":"https:\/\/www.cy-package.com\/es\/wp-json\/wp\/v2\/product_brand?post=311"},{"taxonomy":"product_cat","embeddable":true,"href":"https:\/\/www.cy-package.com\/es\/wp-json\/wp\/v2\/product_cat?post=311"},{"taxonomy":"product_tag","embeddable":true,"href":"https:\/\/www.cy-package.com\/es\/wp-json\/wp\/v2\/product_tag?post=311"}],"curies":[{"name":"wp","href":"https:\/\/api.w.org\/{rel}","templated":true}]}}