{"id":313,"date":"2024-09-05T10:28:16","date_gmt":"2024-09-05T02:28:16","guid":{"rendered":"https:\/\/www.cy-package.com\/?post_type=product&#038;p=313"},"modified":"2024-09-14T20:29:05","modified_gmt":"2024-09-14T12:29:05","slug":"impresion-personalizada-bolsa-de-embalaje-mylar-2","status":"publish","type":"product","link":"https:\/\/www.cy-package.com\/es\/producto\/impresion-personalizada-bolsa-de-embalaje-mylar-2\/","title":{"rendered":"Impresi\u00f3n personalizada de bolsas de Mylar"},"content":{"rendered":"<p><\/p>\n<p><span style=\"font-size: 20px\"><strong><em>CONSEJOS:<\/em><\/strong><\/span><br \/><span>1.Soporta personalizaci\u00f3n OEM\/ODM????<strong><span>Le invitamos a ponerse en contacto con nosotros.<\/span><\/strong><br \/><\/span><strong style=\"font-size: 18px\"><br \/><\/strong><\/p>\n<p><strong style=\"font-size: 18px\"><\/strong><\/p>\n<h2><strong style=\"font-size: 18px\">Bolsa de embalaje de Mylar<\/strong><\/h2>\n<p><span><br \/><\/span><\/p>\n<\/p>\n<p><strong style=\"font-size: 18px\"><\/strong><\/p>\n<p>Las bolsas de Mylar son una excelente soluci\u00f3n de almacenamiento y una opci\u00f3n de embalaje perfecta para productos como alimentos, hojas de t\u00e9, granos de caf\u00e9, sales de ba\u00f1o, etc., y puede encontrar las mejores bolsas y bolsas de Mylar a la venta aqu\u00ed en ClearBags.<\/p>\n<p>Como especialistas en todo tipo de envases para alimentos, mantenemos los m\u00e1s altos est\u00e1ndares de calidad y fiabilidad en nuestra gama de bolsas de mylar. Puede confiar en estas bolsas de mylar aptas para alimentos para almacenar de forma segura todo tipo de productos, protegi\u00e9ndolos de la humedad y conservando la frescura en el interior.<\/p>\n<p><strong style=\"font-size: 18px\"><br \/><\/strong><\/p>\n<p><strong style=\"font-size: 18px\">Par\u00e1metros del producto<\/strong><\/p>\n<div>\n<p><\/p>\n<div class=\"nei-table\">\n<table width=\"1000\" style=\"width: 803px\">\n<tbody>\n<tr class=\"firstRow\">\n<td colspan=\"1\" rowspan=\"1\" height=\"20\" width=\"162\">\n<div style=\"text-align: left\"><span>Material Grade:<\/span><\/div>\n<\/td>\n<td colspan=\"1\" rowspan=\"1\" height=\"20\" width=\"837\">\n<div>Material de calidad alimentaria<\/div>\n<\/td>\n<\/tr>\n<tr>\n<td colspan=\"1\" rowspan=\"1\" height=\"20\" width=\"162\">\n<div><span>Material:<\/span><\/div>\n<\/td>\n<td colspan=\"1\" rowspan=\"1\" height=\"20\" width=\"837\">\n<p>PET\/PE, PET\/VMPET\/PE,PET\/NY\/PE,MOPP\/VMPET\/PE<\/p>\n<\/td>\n<\/tr>\n<tr>\n<td colspan=\"1\" rowspan=\"1\" height=\"20\" width=\"162\">\n<div><span>Caracter\u00edstica :<\/span><\/div>\n<\/td>\n<td colspan=\"1\" rowspan=\"1\" height=\"20\" width=\"837\">\n<div>1).Material de grado alimentario de seguridad e impresi\u00f3n perfecta<\/p>\n<div data-spm-anchor-id=\"a2700.pc-decorate.0.i62.50563333vYoKlh\">2).Great para evitar fugas, excelente Moiseture-Proof<\/div>\n<div data-spm-anchor-id=\"a2700.pc-decorate.0.i62.50563333vYoKlh\">3).Fondo de sellado fuerte y Ziplock duradero<\/div>\n<\/div>\n<\/td>\n<\/tr>\n<tr>\n<td colspan=\"1\" rowspan=\"1\" height=\"20\" width=\"162\">\n<div><span>Tama\u00f1o y grosor:<\/span><\/div>\n<\/td>\n<td colspan=\"1\" rowspan=\"1\" height=\"20\" width=\"837\">\n<div>Personalizado seg\u00fan sus necesidades<\/div>\n<\/td>\n<\/tr>\n<tr>\n<td colspan=\"1\" rowspan=\"1\" height=\"20\" width=\"162\">\n<div><span>Tipo de tinta:<\/span><\/div>\n<\/td>\n<td colspan=\"1\" rowspan=\"1\" height=\"20\" width=\"837\">\n<div>Tinta de soja ecol\u00f3gica de calidad alimentaria<\/div>\n<\/td>\n<\/tr>\n<tr>\n<td colspan=\"1\" rowspan=\"1\" height=\"20\" width=\"162\">\n<div><span>Capacidad:<\/span><\/div>\n<\/td>\n<td colspan=\"1\" rowspan=\"1\" height=\"20\" width=\"837\">\n<div>100g, 200g, 250g, 500g, 1000g\/1kg, 2kg, 5kg,8oz-100oz, Personalizado<\/div>\n<\/td>\n<\/tr>\n<tr>\n<td colspan=\"1\" rowspan=\"1\" height=\"20\" width=\"162\">\n<div><span>Aplicaci\u00f3n:<\/span><\/div>\n<\/td>\n<td colspan=\"1\" rowspan=\"1\" height=\"20\" width=\"837\">\n<div>Alimentaci\u00f3n \/ Caf\u00e9 \/ Comida para mascotas \/ T\u00e9 \/ Aperitivos \/ Frutos secos \/ Prote\u00edna de suero \/ Semillas, etc.<\/div>\n<\/td>\n<\/tr>\n<tr>\n<td colspan=\"1\" rowspan=\"1\" height=\"20\" width=\"162\">\n<div><span>Opciones de estilo:<\/span><\/div>\n<\/td>\n<td colspan=\"1\" rowspan=\"1\" height=\"20\" width=\"837\">\n<div>Fondo plano, Stand UP, fuelle lateral, cremallera superior, con\/sin ventana, Euro Hole, etc.<\/div>\n<\/td>\n<\/tr>\n<tr>\n<td colspan=\"1\" rowspan=\"1\" height=\"20\" width=\"162\">\n<div><span>Control de calidad:<\/span><\/div>\n<\/td>\n<td colspan=\"1\" rowspan=\"1\" height=\"20\" width=\"837\">\n<div data-spm-anchor-id=\"a2700.details.0.i14.1410417dX9YP5T\">El equipo avanzado y el equipo experimentado del control de calidad comprobar\u00e1n el material, los productos semielaborados y acabados terminantemente en cada paso antes de enviar.<\/div>\n<\/td>\n<\/tr>\n<\/tbody>\n<\/table>\n<\/div>\n<p><img decoding=\"async\" src=\"https:\/\/www.cy-package.com\/2833\/2833-202310181655103446.jpg\" title=\"Impresi\u00f3n personalizada de bolsas de Mylar\" alt=\"Impresi\u00f3n personalizada de bolsas de Mylar\" \/><\/p>\n<p><\/p>\n<p><span>El Mylar es un material especial desarrollado por DuPont Chemical Company en los a\u00f1os cincuenta. Desde su descubrimiento, el film de poli\u00e9ster se ha utilizado en diversas aplicaciones. Especialmente en la industria del envasado de alimentos.<\/span><\/p>\n<p><span><br \/><\/span><\/p>\n<p><span>Las bolsas de Mylar son ideales para la conservaci\u00f3n de alimentos a largo plazo, ya que sellan el ox\u00edgeno, el calor y la humedad. Por ello, las bolsas de Mylar se utilizan a menudo para almacenar alimentos. Las bolsas Mylar funcionan de forma similar a las bolsas de sellado al vac\u00edo, protegiendo los productos almacenados de posibles da\u00f1os. Estas bolsas son muy ligeras y no se rompen f\u00e1cilmente. Tambi\u00e9n se pueden personalizar y marcar f\u00e1cilmente, lo que las hace ideales para entornos minoristas.<\/span><\/p>\n<p><\/p>\n<\/div><\/div>\n<\/p><\/div>","protected":false},"excerpt":{"rendered":"<p class=\"wui-p-v-4\">    <span class=\"wui-text-color-accents wui-text-weight-bold\">Marca:<\/span>    <span class=\"wui-text-color-primary\">PAQUETE CY<\/span><\/p>\n<p class=\"wui-p-v-4\">    <span class=\"wui-text-color-accents wui-text-weight-bold\">Origen del producto:<\/span>    <span class=\"wui-text-color-primary\">China<\/span><\/p>\n<p class=\"wui-p-v-4\">    <span class=\"wui-text-color-accents wui-text-weight-bold\">Plazo de entrega:<\/span>    <span class=\"wui-text-color-primary\">25 d\u00edas de plazo de entrega<\/span><\/p>\n<p class=\"wui-p-v-4\">    <span class=\"wui-text-color-accents wui-text-weight-bold\">Capacidad de suministro:<\/span>    <span class=\"wui-text-color-primary\">1200 toneladas \/mes<\/span><\/p>\n<p class=\"wui-p-v-4\">?? Stand Up Pouches - Estas bolsas de mylar con cremallera son capaces de mantenerse en pie por s\u00ed solas y cuentan con sencillos cierres de cremallera.<br \/>?? Hanging Zipper Bags - Perfectas para exponer o colgar en ganchos, estas bolsas de mylar vienen con un agujero para colgar ya hecho en la parte superior.<br \/>?? Las bolsas de Mylar protegen contra la exposici\u00f3n a la luz, la humedad, los insectos y la oxidaci\u00f3n.<br \/>?? Es f\u00e1cil ser tama\u00f1o modificado para requisitos particulares, color de la impresi\u00f3n, insignia para el bolso del pacakge de la comida.<\/p>","protected":false},"featured_media":419,"comment_status":"open","ping_status":"closed","template":"","meta":{"_seopress_robots_primary_cat":"","_seopress_titles_title":"","_seopress_titles_desc":"","_seopress_robots_index":"","_monsterinsights_skip_tracking":false,"_monsterinsights_sitenote_active":false,"_monsterinsights_sitenote_note":"","_monsterinsights_sitenote_category":0,"_kad_post_transparent":"","_kad_post_title":"","_kad_post_layout":"","_kad_post_sidebar_id":"","_kad_post_content_style":"","_kad_post_vertical_padding":"","_kad_post_feature":"","_kad_post_feature_position":"","_kad_post_header":false,"_kad_post_footer":false},"product_brand":[],"product_cat":[28],"product_tag":[],"class_list":{"0":"post-313","1":"product","2":"type-product","3":"status-publish","4":"has-post-thumbnail","6":"product_cat-food-packaging-bag","8":"first","9":"instock","10":"shipping-taxable","11":"product-type-simple","12":"entry","13":"content-bg","14":"loop-entry"},"_links":{"self":[{"href":"https:\/\/www.cy-package.com\/es\/wp-json\/wp\/v2\/product\/313","targetHints":{"allow":["GET"]}}],"collection":[{"href":"https:\/\/www.cy-package.com\/es\/wp-json\/wp\/v2\/product"}],"about":[{"href":"https:\/\/www.cy-package.com\/es\/wp-json\/wp\/v2\/types\/product"}],"replies":[{"embeddable":true,"href":"https:\/\/www.cy-package.com\/es\/wp-json\/wp\/v2\/comments?post=313"}],"version-history":[{"count":0,"href":"https:\/\/www.cy-package.com\/es\/wp-json\/wp\/v2\/product\/313\/revisions"}],"wp:featuredmedia":[{"embeddable":true,"href":"https:\/\/www.cy-package.com\/es\/wp-json\/wp\/v2\/media\/419"}],"wp:attachment":[{"href":"https:\/\/www.cy-package.com\/es\/wp-json\/wp\/v2\/media?parent=313"}],"wp:term":[{"taxonomy":"product_brand","embeddable":true,"href":"https:\/\/www.cy-package.com\/es\/wp-json\/wp\/v2\/product_brand?post=313"},{"taxonomy":"product_cat","embeddable":true,"href":"https:\/\/www.cy-package.com\/es\/wp-json\/wp\/v2\/product_cat?post=313"},{"taxonomy":"product_tag","embeddable":true,"href":"https:\/\/www.cy-package.com\/es\/wp-json\/wp\/v2\/product_tag?post=313"}],"curies":[{"name":"wp","href":"https:\/\/api.w.org\/{rel}","templated":true}]}}