{"id":314,"date":"2024-09-05T10:28:16","date_gmt":"2024-09-05T02:28:16","guid":{"rendered":"https:\/\/www.cy-package.com\/?post_type=product&#038;p=314"},"modified":"2025-11-28T16:02:58","modified_gmt":"2025-11-28T08:02:58","slug":"papel-de-aluminio-fondo-plano-bolsa-de-envasado-de-alimentos","status":"publish","type":"product","link":"https:\/\/www.cy-package.com\/es\/producto\/papel-de-aluminio-fondo-plano-bolsa-de-envasado-de-alimentos\/","title":{"rendered":"Bolsa de fondo plano de papel de aluminio para envasado de alimentos"},"content":{"rendered":"<h2><strong>Aluminum Foil Flat Bottom Pouch Bag<\/strong><\/h2>\n<p>La bolsa de fondo plano recibe su nombre porque el panel inferior es completamente plano. Tambi\u00e9n se la puede denominar bolsa tipo caja porque se parece a una caja desde el frente. Este formato es una variaci\u00f3n mejorada de la bolsa est\u00e1ndar de pie. La principal diferencia es que tiene cinco paneles sellados entre s\u00ed, lo que le brinda m\u00e1s \u00e1rea de presentaci\u00f3n. Debido a que la bolsa es flexible, puede ocupar menos espacio en un armario abarrotado que un formato r\u00edgido.<\/p>\n<figure id=\"attachment_2230\" aria-describedby=\"caption-attachment-2230\" style=\"width: 553px\" class=\"wp-caption aligncenter\"><img fetchpriority=\"high\" decoding=\"async\" class=\"wp-image-2230\" src=\"https:\/\/www.cy-package.com\/wp-content\/uploads\/2024\/09\/\u4ea7\u54c1\u7f8e\u5316-1.png\" alt=\"aluminum foil bag\" width=\"553\" height=\"446\" srcset=\"https:\/\/www.cy-package.com\/wp-content\/uploads\/2024\/09\/\u4ea7\u54c1\u7f8e\u5316-1.png 1000w, https:\/\/www.cy-package.com\/wp-content\/uploads\/2024\/09\/\u4ea7\u54c1\u7f8e\u5316-1-300x242.png 300w, https:\/\/www.cy-package.com\/wp-content\/uploads\/2024\/09\/\u4ea7\u54c1\u7f8e\u5316-1-768x619.png 768w, https:\/\/www.cy-package.com\/wp-content\/uploads\/2024\/09\/\u4ea7\u54c1\u7f8e\u5316-1-15x12.png 15w, https:\/\/www.cy-package.com\/wp-content\/uploads\/2024\/09\/\u4ea7\u54c1\u7f8e\u5316-1-800x645.png 800w\" sizes=\"(max-width: 553px) 100vw, 553px\" \/><figcaption id=\"caption-attachment-2230\" class=\"wp-caption-text\">a kind of flexible packaging bag for food<\/figcaption><\/figure>\n<p>Esta bolsa de fondo plano tan deseada ofrece una incre\u00edble estabilidad en las estanter\u00edas gracias a su fondo robusto y nivelado. Dado que la base es plana y segura, la bolsa de fondo plano es la soluci\u00f3n de envasado ideal para muchos productos de consumo, como cereales, arroz, caf\u00e9, t\u00e9 o alimentos para mascotas. Las marcas premium de los sectores de alimentos para mascotas, nutrici\u00f3n deportiva, cereales y caf\u00e9 est\u00e1n tendiendo r\u00e1pidamente hacia este formato de envase.<\/p>\n<p>Alumiinum foil bags are usually composed of three or more materials.\u00a0 If we plastic The film and the aluminum foil film are combined together, and they will exert their respective advantages and become very strong. If we compound the high temperature cooking plastic film, the aluminum foil bag will become the same as the iron can, or even more than the iron can. More advantages. For example, it is easy to carry, convenient to transport, not easy to deform, and has low production cost. After strict vacuuming and cooking, it can effectively extend the storage time of the product and can be stored at room temperature.<\/p>\n<p>&nbsp;<\/p>\n<p>&nbsp;<\/p>\n<p>&nbsp;<\/p>\n<p style=\"text-align: center;\">","protected":false},"excerpt":{"rendered":"<p class=\"wui-p-v-4\"><span class=\"wui-text-color-accents wui-text-weight-bold\">Marca:<\/span> <span class=\"wui-text-color-primary\">PAQUETE CY<\/span><\/p>\n<p class=\"wui-p-v-4\"><span class=\"wui-text-color-accents wui-text-weight-bold\">Origen del producto:<\/span> <span class=\"wui-text-color-primary\">China<\/span><\/p>\n<p class=\"wui-p-v-4\"><span class=\"wui-text-color-accents wui-text-weight-bold\">Plazo de entrega:<\/span> <span class=\"wui-text-color-primary\">25 d\u00edas de plazo de entrega<\/span><\/p>\n<p class=\"wui-p-v-4\"><span class=\"wui-text-color-accents wui-text-weight-bold\">Capacidad de suministro:<\/span> <span class=\"wui-text-color-primary\">1200 toneladas \/mes<\/span><\/p>\n<p class=\"wui-p-v-4\">La bolsa de envasado de papel de aluminio puede almacenarse a temperatura ambiente y tiene una vida \u00fatil m\u00e1s larga.<\/p>","protected":false},"featured_media":423,"comment_status":"open","ping_status":"closed","template":"","meta":{"_seopress_robots_primary_cat":"none","_seopress_titles_title":"Aluminum Foil Flat Bottom Food Packaging Bag","_seopress_titles_desc":"Flexible aluminum foil packaging bags that performs\u2014custom designs, barrier protection, and eye-catching printing. Partner with a manufacturer you can rely on!","_seopress_robots_index":"","_monsterinsights_skip_tracking":false,"_monsterinsights_sitenote_active":false,"_monsterinsights_sitenote_note":"","_monsterinsights_sitenote_category":0,"_kad_post_transparent":"default","_kad_post_title":"","_kad_post_layout":"default","_kad_post_sidebar_id":"","_kad_post_content_style":"default","_kad_post_vertical_padding":"default","_kad_post_feature":"","_kad_post_feature_position":"","_kad_post_header":false,"_kad_post_footer":false},"product_brand":[],"product_cat":[28],"product_tag":[],"class_list":{"0":"post-314","1":"product","2":"type-product","3":"status-publish","4":"has-post-thumbnail","6":"product_cat-food-packaging-bag","8":"first","9":"instock","10":"shipping-taxable","11":"product-type-simple","12":"entry","13":"content-bg","14":"loop-entry"},"_links":{"self":[{"href":"https:\/\/www.cy-package.com\/es\/wp-json\/wp\/v2\/product\/314","targetHints":{"allow":["GET"]}}],"collection":[{"href":"https:\/\/www.cy-package.com\/es\/wp-json\/wp\/v2\/product"}],"about":[{"href":"https:\/\/www.cy-package.com\/es\/wp-json\/wp\/v2\/types\/product"}],"replies":[{"embeddable":true,"href":"https:\/\/www.cy-package.com\/es\/wp-json\/wp\/v2\/comments?post=314"}],"version-history":[{"count":3,"href":"https:\/\/www.cy-package.com\/es\/wp-json\/wp\/v2\/product\/314\/revisions"}],"predecessor-version":[{"id":2231,"href":"https:\/\/www.cy-package.com\/es\/wp-json\/wp\/v2\/product\/314\/revisions\/2231"}],"wp:featuredmedia":[{"embeddable":true,"href":"https:\/\/www.cy-package.com\/es\/wp-json\/wp\/v2\/media\/423"}],"wp:attachment":[{"href":"https:\/\/www.cy-package.com\/es\/wp-json\/wp\/v2\/media?parent=314"}],"wp:term":[{"taxonomy":"product_brand","embeddable":true,"href":"https:\/\/www.cy-package.com\/es\/wp-json\/wp\/v2\/product_brand?post=314"},{"taxonomy":"product_cat","embeddable":true,"href":"https:\/\/www.cy-package.com\/es\/wp-json\/wp\/v2\/product_cat?post=314"},{"taxonomy":"product_tag","embeddable":true,"href":"https:\/\/www.cy-package.com\/es\/wp-json\/wp\/v2\/product_tag?post=314"}],"curies":[{"name":"wp","href":"https:\/\/api.w.org\/{rel}","templated":true}]}}