{"id":317,"date":"2024-09-05T10:28:16","date_gmt":"2024-09-05T02:28:16","guid":{"rendered":"https:\/\/www.cy-package.com\/?post_type=product&#038;p=317"},"modified":"2024-09-14T20:29:09","modified_gmt":"2024-09-14T12:29:09","slug":"bolsa-de-papel-kraft-para-envasar-alimentos","status":"publish","type":"product","link":"https:\/\/www.cy-package.com\/es\/producto\/bolsa-de-papel-kraft-para-envasar-alimentos\/","title":{"rendered":"Bolsa de papel kraft para envasar alimentos"},"content":{"rendered":"<div style=\"text-align: left\"><span style=\"font-size: 24px\"><strong><span><\/span><\/strong><\/span><\/p>\n<p>&nbsp; &nbsp; &nbsp; &nbsp; Las bolsas de alimentos reciclables est\u00e1n hechas de materiales de polietileno de baja densidad (LDPE) reciclables de nivel 4. Esto significa que son un monopol\u00edmero y se reciclan f\u00e1cilmente en comparaci\u00f3n con los pl\u00e1sticos mixtos. Las bolsas de caf\u00e9 con fondo cuadrado pueden contener m\u00e1s que otros tipos de envases.<\/p>\n<p>&nbsp; &nbsp; &nbsp; &nbsp;&nbsp;<\/p>\n<p>&nbsp; &nbsp; &nbsp; &nbsp; Las bolsas Kraft Stand Up incluyen 50 bolsas de papel kraft blanco con ventana, hechas de materiales kraft, CPP y OPP de alta calidad. La bolsa de embalaje reutilizable es perfecta para el embalaje de peque\u00f1as empresas o el almacenamiento de alimentos. Se sella f\u00e1cilmente con una m\u00e1quina de sellado t\u00e9rmico, lo que proporciona comodidad y protecci\u00f3n de doble sello. Muesca en forma de U en la parte superior para una f\u00e1cil apertura y un dise\u00f1o de cierre herm\u00e9tico para m\u00faltiples aperturas y cierres. Estas bolsas resellables para peque\u00f1as empresas vienen con una ventana mate, lo que le permite ver el contenido sin abrirlas. El material y la estructura tambi\u00e9n son duraderos y resistentes a las roturas.<\/p>\n<\/div>\n<p><\/p>\n<div>\n<p><span style=\"font-size: 18px\"><strong>Par\u00e1metros del producto<\/strong><\/span><\/p>\n<\/div>\n<div>\n<p><\/p>\n<div class=\"nei-table\">\n<table width=\"1000\">\n<tbody>\n<tr class=\"firstRow\">\n<td colspan=\"1\" rowspan=\"1\" height=\"20\" width=\"162\">\n<div style=\"text-align: left\"><span>Material Grade:<\/span><\/div>\n<\/td>\n<td colspan=\"1\" rowspan=\"1\" height=\"20\" width=\"837\">\n<div>Material de calidad alimentaria<\/div>\n<\/td>\n<\/tr>\n<tr>\n<td colspan=\"1\" rowspan=\"1\" height=\"20\" width=\"162\">\n<div><span>Material:<\/span><\/div>\n<\/td>\n<td colspan=\"1\" rowspan=\"1\" height=\"20\" width=\"837\">\n<div>PET+VMPET+PE, BOPP+papel kraft+VMPET+PE, etc.<\/div>\n<\/td>\n<\/tr>\n<tr>\n<td colspan=\"1\" rowspan=\"1\" height=\"20\" width=\"162\">\n<div><span>Caracter\u00edstica :<\/span><\/div>\n<\/td>\n<td colspan=\"1\" rowspan=\"1\" height=\"20\" width=\"837\">\n<div>1).Material de grado alimentario de seguridad e impresi\u00f3n perfecta<\/p>\n<div data-spm-anchor-id=\"a2700.pc-decorate.0.i62.50563333vYoKlh\">2).Great para evitar fugas, excelente Moiseture-Proof<\/div>\n<div data-spm-anchor-id=\"a2700.pc-decorate.0.i62.50563333vYoKlh\">3).Fondo de sellado fuerte y Ziplock duradero<\/div>\n<\/div>\n<\/td>\n<\/tr>\n<tr>\n<td colspan=\"1\" rowspan=\"1\" height=\"20\" width=\"162\">\n<div><span>Tama\u00f1o y grosor:<\/span><\/div>\n<\/td>\n<td colspan=\"1\" rowspan=\"1\" height=\"20\" width=\"837\">\n<div>Personalizado seg\u00fan sus necesidades<\/div>\n<\/td>\n<\/tr>\n<tr>\n<td colspan=\"1\" rowspan=\"1\" height=\"20\" width=\"162\">\n<div><span>Tipo de tinta:<\/span><\/div>\n<\/td>\n<td colspan=\"1\" rowspan=\"1\" height=\"20\" width=\"837\">\n<div>Tinta de soja ecol\u00f3gica de calidad alimentaria<\/div>\n<\/td>\n<\/tr>\n<tr>\n<td colspan=\"1\" rowspan=\"1\" height=\"20\" width=\"162\">\n<div><span>Capacidad:<\/span><\/div>\n<\/td>\n<td colspan=\"1\" rowspan=\"1\" height=\"20\" width=\"837\">\n<div>100g, 200g, 250g, 500g, 1000g\/1kg, 2kg, 5kg,8oz-100oz, Personalizado<\/div>\n<\/td>\n<\/tr>\n<tr>\n<td colspan=\"1\" rowspan=\"1\" height=\"20\" width=\"162\">\n<div><span>Aplicaci\u00f3n:<\/span><\/div>\n<\/td>\n<td colspan=\"1\" rowspan=\"1\" height=\"20\" width=\"837\">\n<div>Alimentaci\u00f3n \/ Caf\u00e9 \/ Comida para mascotas \/ T\u00e9 \/ Aperitivos \/ Frutos secos \/ Prote\u00edna de suero \/ Semillas, etc.<\/div>\n<\/td>\n<\/tr>\n<tr>\n<td colspan=\"1\" rowspan=\"1\" height=\"20\" width=\"162\">\n<div><span>Opciones de estilo:<\/span><\/div>\n<\/td>\n<td colspan=\"1\" rowspan=\"1\" height=\"20\" width=\"837\">\n<div>Fondo plano, Stand UP, fuelle lateral, cremallera superior, con\/sin ventana, Euro Hole, etc.<\/div>\n<\/td>\n<\/tr>\n<tr>\n<td colspan=\"1\" rowspan=\"1\" height=\"20\" width=\"162\">\n<div><span>Control de calidad:<\/span><\/div>\n<\/td>\n<td colspan=\"1\" rowspan=\"1\" height=\"20\" width=\"837\">\n<div data-spm-anchor-id=\"a2700.details.0.i14.1410417dX9YP5T\">El equipo avanzado y el equipo experimentado del control de calidad comprobar\u00e1n el material, los productos semielaborados y acabados terminantemente en cada paso antes de enviar.<\/div>\n<\/td>\n<\/tr>\n<\/tbody>\n<\/table>\n<\/div>\n<p><\/p>\n<p><\/p>\n<p>Es una opci\u00f3n perfecta utilizar bolsas kraft stand up para envasar alimentos. El fabricante de bolsas kraft stand up ofrece bolsas kraft blancas, marrones y negras con impresi\u00f3n personalizada.<br \/>Muchos clientes eligen nuestras bolsas de papel, debido a la alta calidad de los materiales de grado alimenticio, excelentes accesorios (tales como v\u00e1lvulas unidireccionales de desgasificaci\u00f3n), as\u00ed como precios razonables. Estamos dispuestos a ayudar a nuestros clientes a completar el trabajo extra, es un servicio de valor a\u00f1adido, como la impresi\u00f3n de pegatinas personalizadas.<\/p>\n<p><\/p>\n<p><img decoding=\"async\" src=\"https:\/\/www.cy-package.com\/2833\/2833-202203022248593058.jpg\" title=\"Bolsa de papel kraft para envasar alimentos\" alt=\"Bolsa de papel kraft para envasar alimentos\" \/><\/p>\n<p><img alt=\"Bolsa de papel kraft para envasar alimentos\" title=\"Bolsa de papel kraft para envasar alimentos\" \/><\/p>\n<p><img alt=\"Bolsa de papel kraft para envasar alimentos\" title=\"Bolsa de papel kraft para envasar alimentos\" \/><\/p>\n<p><img alt=\"Bolsa de papel kraft para envasar alimentos\" title=\"Bolsa de papel kraft para envasar alimentos\" \/><\/p>\n<\/div><\/div>\n<\/p><\/div>","protected":false},"excerpt":{"rendered":"<p class=\"wui-p-v-4\">    <span class=\"wui-text-color-accents wui-text-weight-bold\">Marca:<\/span>    <span class=\"wui-text-color-primary\">PAQUETE CY<\/span><\/p>\n<p class=\"wui-p-v-4\">    <span class=\"wui-text-color-accents wui-text-weight-bold\">Origen del producto:<\/span>    <span class=\"wui-text-color-primary\">China<\/span><\/p>\n<p class=\"wui-p-v-4\">    <span class=\"wui-text-color-accents wui-text-weight-bold\">Plazo de entrega:<\/span>    <span class=\"wui-text-color-primary\">25 d\u00edas de plazo de entrega<\/span><\/p>\n<p class=\"wui-p-v-4\">    <span class=\"wui-text-color-accents wui-text-weight-bold\">Capacidad de suministro:<\/span>    <span class=\"wui-text-color-primary\">1200 toneladas \/mes<\/span><\/p>\n<p class=\"wui-p-v-4\">Es una opci\u00f3n perfecta utilizar bolsas kraft stand up para envasar alimentos. El fabricante de bolsas kraft stand up ofrece bolsas kraft blancas, marrones y negras con impresi\u00f3n personalizada.<br \/>Muchos clientes eligen nuestras bolsas de papel, debido a la alta calidad de los materiales de grado alimenticio, excelentes accesorios (tales como v\u00e1lvulas unidireccionales de desgasificaci\u00f3n), as\u00ed como precios razonables. Estamos dispuestos a ayudar a nuestros clientes a completar el trabajo extra, es un servicio de valor a\u00f1adido, como la impresi\u00f3n de pegatinas personalizadas.<\/p>","protected":false},"featured_media":437,"comment_status":"open","ping_status":"closed","template":"","meta":{"_seopress_robots_primary_cat":"","_seopress_titles_title":"","_seopress_titles_desc":"","_seopress_robots_index":"","_monsterinsights_skip_tracking":false,"_monsterinsights_sitenote_active":false,"_monsterinsights_sitenote_note":"","_monsterinsights_sitenote_category":0,"_kad_post_transparent":"","_kad_post_title":"","_kad_post_layout":"","_kad_post_sidebar_id":"","_kad_post_content_style":"","_kad_post_vertical_padding":"","_kad_post_feature":"","_kad_post_feature_position":"","_kad_post_header":false,"_kad_post_footer":false},"product_brand":[],"product_cat":[28],"product_tag":[],"class_list":{"0":"post-317","1":"product","2":"type-product","3":"status-publish","4":"has-post-thumbnail","6":"product_cat-food-packaging-bag","8":"first","9":"instock","10":"shipping-taxable","11":"product-type-simple","12":"entry","13":"content-bg","14":"loop-entry"},"_links":{"self":[{"href":"https:\/\/www.cy-package.com\/es\/wp-json\/wp\/v2\/product\/317","targetHints":{"allow":["GET"]}}],"collection":[{"href":"https:\/\/www.cy-package.com\/es\/wp-json\/wp\/v2\/product"}],"about":[{"href":"https:\/\/www.cy-package.com\/es\/wp-json\/wp\/v2\/types\/product"}],"replies":[{"embeddable":true,"href":"https:\/\/www.cy-package.com\/es\/wp-json\/wp\/v2\/comments?post=317"}],"version-history":[{"count":0,"href":"https:\/\/www.cy-package.com\/es\/wp-json\/wp\/v2\/product\/317\/revisions"}],"wp:featuredmedia":[{"embeddable":true,"href":"https:\/\/www.cy-package.com\/es\/wp-json\/wp\/v2\/media\/437"}],"wp:attachment":[{"href":"https:\/\/www.cy-package.com\/es\/wp-json\/wp\/v2\/media?parent=317"}],"wp:term":[{"taxonomy":"product_brand","embeddable":true,"href":"https:\/\/www.cy-package.com\/es\/wp-json\/wp\/v2\/product_brand?post=317"},{"taxonomy":"product_cat","embeddable":true,"href":"https:\/\/www.cy-package.com\/es\/wp-json\/wp\/v2\/product_cat?post=317"},{"taxonomy":"product_tag","embeddable":true,"href":"https:\/\/www.cy-package.com\/es\/wp-json\/wp\/v2\/product_tag?post=317"}],"curies":[{"name":"wp","href":"https:\/\/api.w.org\/{rel}","templated":true}]}}