{"id":318,"date":"2024-09-05T10:28:17","date_gmt":"2024-09-05T02:28:17","guid":{"rendered":"https:\/\/www.cy-package.com\/?post_type=product&#038;p=318"},"modified":"2024-09-14T20:29:10","modified_gmt":"2024-09-14T12:29:10","slug":"bolsa-de-embalaje-de-alimentos-con-sello-lateral-de-8-impresiones-personalizadas","status":"publish","type":"product","link":"https:\/\/www.cy-package.com\/es\/producto\/bolsa-de-embalaje-de-alimentos-con-sello-lateral-de-8-impresiones-personalizadas\/","title":{"rendered":"Impresi\u00f3n personalizada de bolsas de 8 lados para envasado de alimentos"},"content":{"rendered":"<p style=\"text-align: center\"><span style=\"font-size: 18px\"><strong>Bolsa de embalaje de alimentos sellada de 8 lados<\/strong><\/span><\/p>\n<p><\/p>\n<p>&nbsp; &nbsp; &nbsp; &nbsp; Bolsa de fondo plano flexible dise\u00f1ada para imitar una caja r\u00edgida tradicional. Tambi\u00e9n se la conoce com\u00fanmente como bolsa con fondo de caja. Las bolsas de fondo plano desempe\u00f1an un papel fundamental en la reducci\u00f3n del volumen y el peso del env\u00edo, lo que reduce significativamente la huella de carbono general. La principal ventaja atribuida a las bolsas de fondo plano es su mayor capacidad de comercializaci\u00f3n, ya que se pueden embalar de forma compacta y almacenar f\u00e1cilmente en los estantes sin causar ning\u00fan da\u00f1o al exterior.&nbsp; &nbsp;<\/p>\n<p><\/p>\n<p>&nbsp; &nbsp; &nbsp; &nbsp; Las bolsas de alimentos selladas de 8 lados tienen una base rectangular (en lugar de una base ovalada), lo que permite una estructura m\u00e1s s\u00f3lida que se mantiene bien en un estante y proporciona un perfil m\u00e1s delgado de la bolsa. Adem\u00e1s, la bolsa tiene cinco lados imprimibles, lo que permite m\u00e1s opciones de impresi\u00f3n \/ marca. Nuestras bolsas de fondo plano est\u00e1n dise\u00f1adas a partir de un pol\u00edmero ligeramente m\u00e1s grueso que proporciona una estructura m\u00e1s fuerte que es m\u00e1s adecuada para contener pesos m\u00e1s grandes cuando se buscan envasar pesos superiores a 1 kg. Como fabricante de bolsas de fondo plano, nos enorgullecemos de la calidad de nuestro producto y garantizamos que se aplica un proceso de prueba riguroso y exhaustivo a cada tirada de producci\u00f3n. Debido a su capacidad para contener mayores vol\u00famenes, las bolsas de fondo plano son la soluci\u00f3n de embalaje est\u00e1ndar de la industria para el almacenamiento y transporte a granel.<\/p>\n<p><\/p>\n<p>&nbsp; &nbsp; &nbsp; &nbsp; Hay un total de ocho p\u00e1ginas impresas y hay espacio suficiente para describir su producto para aumentar sus ventas, y se utiliza en muchas promociones de productos de ventas globales. La informaci\u00f3n del producto se muestra de forma m\u00e1s completa. Permita que sus clientes conozcan sus productos.<\/p>\n<p><\/p>\n<p>&nbsp; &nbsp; &nbsp; &nbsp; &nbsp;Al mismo tiempo, nuestra bolsa con cierre herm\u00e9tico octogonal est\u00e1 equipada con un cierre herm\u00e9tico reutilizable, que le permite volver a abrir y cerrar el cierre. Esto no tiene comparaci\u00f3n con otros envases como las cajas; debido a que la bolsa tiene una forma \u00fanica, es intuitiva para protegerse contra la falsificaci\u00f3n y hacer que sus clientes sean m\u00e1s f\u00e1ciles de identificar, lo que es beneficioso para el establecimiento de su marca; y se puede imprimir en varios colores, el producto tiene una apariencia hermosa y tiene un fuerte efecto de promoci\u00f3n. En la actualidad, nuestras bolsas con cierre herm\u00e9tico de ocho lados se han utilizado ampliamente en frutas secas, nueces, mascotas lindas, bocadillos, etc. Muchos campos.<\/p>\n<p><\/p>\n<div>\n<p><span style=\"font-size: 18px\"><strong>Par\u00e1metros del producto<\/strong><\/span><\/p>\n<\/div>\n<div>\n<p><\/p>\n<div class=\"nei-table\">\n<table width=\"1000\">\n<tbody>\n<tr class=\"firstRow\">\n<td colspan=\"1\" rowspan=\"1\" height=\"20\" width=\"162\">\n<div style=\"text-align: left\"><span>Material Grade:<\/span><\/div>\n<\/td>\n<td colspan=\"1\" rowspan=\"1\" height=\"20\" width=\"837\">\n<div>Material de calidad alimentaria<\/div>\n<\/td>\n<\/tr>\n<tr>\n<td colspan=\"1\" rowspan=\"1\" height=\"20\" width=\"162\">\n<div><span>Material:<\/span><\/div>\n<\/td>\n<td colspan=\"1\" rowspan=\"1\" height=\"20\" width=\"837\">\n<div>PET+VMPET+PE, BOPP+papel kraft+VMPET+PE, etc.<\/div>\n<\/td>\n<\/tr>\n<tr>\n<td colspan=\"1\" rowspan=\"1\" height=\"20\" width=\"162\">\n<div><span>Caracter\u00edstica :<\/span><\/div>\n<\/td>\n<td colspan=\"1\" rowspan=\"1\" height=\"20\" width=\"837\">\n<div>1).Material de grado alimentario de seguridad e impresi\u00f3n perfecta<\/p>\n<div data-spm-anchor-id=\"a2700.pc-decorate.0.i62.50563333vYoKlh\">2).Great para evitar fugas, excelente Moiseture-Proof<\/div>\n<div data-spm-anchor-id=\"a2700.pc-decorate.0.i62.50563333vYoKlh\">3).Fondo de sellado fuerte y Ziplock duradero<\/div>\n<\/div>\n<\/td>\n<\/tr>\n<tr>\n<td colspan=\"1\" rowspan=\"1\" height=\"20\" width=\"162\">\n<div><span>Tama\u00f1o y grosor:<\/span><\/div>\n<\/td>\n<td colspan=\"1\" rowspan=\"1\" height=\"20\" width=\"837\">\n<div>Personalizado seg\u00fan sus necesidades<\/div>\n<\/td>\n<\/tr>\n<tr>\n<td colspan=\"1\" rowspan=\"1\" height=\"20\" width=\"162\">\n<div><span>Tipo de tinta:<\/span><\/div>\n<\/td>\n<td colspan=\"1\" rowspan=\"1\" height=\"20\" width=\"837\">\n<div>Tinta de soja ecol\u00f3gica de calidad alimentaria<\/div>\n<\/td>\n<\/tr>\n<tr>\n<td colspan=\"1\" rowspan=\"1\" height=\"20\" width=\"162\">\n<div><span>Capacidad:<\/span><\/div>\n<\/td>\n<td colspan=\"1\" rowspan=\"1\" height=\"20\" width=\"837\">\n<div>100g, 200g, 250g, 500g, 1000g\/1kg, 2kg, 5kg,8oz-100oz, Personalizado<\/div>\n<\/td>\n<\/tr>\n<tr>\n<td colspan=\"1\" rowspan=\"1\" height=\"20\" width=\"162\">\n<div><span>Aplicaci\u00f3n:<\/span><\/div>\n<\/td>\n<td colspan=\"1\" rowspan=\"1\" height=\"20\" width=\"837\">\n<div>Alimentaci\u00f3n \/ Caf\u00e9 \/ Comida para mascotas \/ T\u00e9 \/ Aperitivos \/ Frutos secos \/ Prote\u00edna de suero \/ Semillas, etc.<\/div>\n<\/td>\n<\/tr>\n<tr>\n<td colspan=\"1\" rowspan=\"1\" height=\"20\" width=\"162\">\n<div><span>Opciones de estilo:<\/span><\/div>\n<\/td>\n<td colspan=\"1\" rowspan=\"1\" height=\"20\" width=\"837\">\n<div>Fondo plano, Stand UP, fuelle lateral, cremallera superior, con\/sin ventana, Euro Hole, etc.<\/div>\n<\/td>\n<\/tr>\n<tr>\n<td colspan=\"1\" rowspan=\"1\" height=\"20\" width=\"162\">\n<div><span>Control de calidad:<\/span><\/div>\n<\/td>\n<td colspan=\"1\" rowspan=\"1\" height=\"20\" width=\"837\">\n<div data-spm-anchor-id=\"a2700.details.0.i14.1410417dX9YP5T\">El equipo avanzado y el equipo experimentado del control de calidad comprobar\u00e1n el material, los productos semielaborados y acabados terminantemente en cada paso antes de enviar.<\/div>\n<\/td>\n<\/tr>\n<\/tbody>\n<\/table>\n<\/div>\n<p><\/p>\n<p style=\"text-align: center\"><img alt=\"Impresi\u00f3n personalizada de bolsas de 8 lados para envasado de alimentos\" title=\"Impresi\u00f3n personalizada de bolsas de 8 lados para envasado de alimentos\" \/><\/p>\n<p style=\"text-align: center\"><img alt=\"Impresi\u00f3n personalizada de bolsas de 8 lados para envasado de alimentos\" title=\"Impresi\u00f3n personalizada de bolsas de 8 lados para envasado de alimentos\" \/><\/p>\n<p><\/p>\n<p style=\"text-align: center\"><\/p>\n<\/div><\/div>\n<\/p><\/div>","protected":false},"excerpt":{"rendered":"<p class=\"wui-p-v-4\">    <span class=\"wui-text-color-accents wui-text-weight-bold\">Marca:<\/span>    <span class=\"wui-text-color-primary\">PAQUETE CY<\/span><\/p>\n<p class=\"wui-p-v-4\">    <span class=\"wui-text-color-accents wui-text-weight-bold\">Origen del producto:<\/span>    <span class=\"wui-text-color-primary\">China<\/span><\/p>\n<p class=\"wui-p-v-4\">    <span class=\"wui-text-color-accents wui-text-weight-bold\">Plazo de entrega:<\/span>    <span class=\"wui-text-color-primary\">25 d\u00edas de plazo de entrega<\/span><\/p>\n<p class=\"wui-p-v-4\">    <span class=\"wui-text-color-accents wui-text-weight-bold\">Capacidad de suministro:<\/span>    <span class=\"wui-text-color-primary\">1200 toneladas \/mes<\/span><\/p>\n<p class=\"wui-p-v-4\">Se puede imprimir por las cinco caras, la superficie de impresi\u00f3n adecuada hace que la descripci\u00f3n de la informaci\u00f3n y el dise\u00f1o del patr\u00f3n de los productos sean m\u00e1s abundantes<br \/>Con amplios cierres y una base estable, ofrece la m\u00e1xima flexibilidad de comercializaci\u00f3n a los minoristas<br \/>El fondo plano de ocho lados sellados bolsas contiene gran capacidad, ocho lados sello estructura de dise\u00f1o que tiene m\u00e1s capacidad para empacar m\u00e1s productos<br \/>Los alimentos almacenados en la bolsa de envasado evitar\u00e1n los signos de extrusi\u00f3n, impacto, vibraci\u00f3n y diferencia de temperatura, etc.<br \/>Puede acoplarse a una v\u00e1lvula de escape unidireccional, utilizada en la industria del caf\u00e9 y otras afines<\/p>","protected":false},"featured_media":441,"comment_status":"open","ping_status":"closed","template":"","meta":{"_seopress_robots_primary_cat":"","_seopress_titles_title":"","_seopress_titles_desc":"","_seopress_robots_index":"","_monsterinsights_skip_tracking":false,"_monsterinsights_sitenote_active":false,"_monsterinsights_sitenote_note":"","_monsterinsights_sitenote_category":0,"_kad_post_transparent":"","_kad_post_title":"","_kad_post_layout":"","_kad_post_sidebar_id":"","_kad_post_content_style":"","_kad_post_vertical_padding":"","_kad_post_feature":"","_kad_post_feature_position":"","_kad_post_header":false,"_kad_post_footer":false},"product_brand":[],"product_cat":[28],"product_tag":[],"class_list":{"0":"post-318","1":"product","2":"type-product","3":"status-publish","4":"has-post-thumbnail","6":"product_cat-food-packaging-bag","8":"first","9":"instock","10":"shipping-taxable","11":"product-type-simple","12":"entry","13":"content-bg","14":"loop-entry"},"_links":{"self":[{"href":"https:\/\/www.cy-package.com\/es\/wp-json\/wp\/v2\/product\/318","targetHints":{"allow":["GET"]}}],"collection":[{"href":"https:\/\/www.cy-package.com\/es\/wp-json\/wp\/v2\/product"}],"about":[{"href":"https:\/\/www.cy-package.com\/es\/wp-json\/wp\/v2\/types\/product"}],"replies":[{"embeddable":true,"href":"https:\/\/www.cy-package.com\/es\/wp-json\/wp\/v2\/comments?post=318"}],"version-history":[{"count":0,"href":"https:\/\/www.cy-package.com\/es\/wp-json\/wp\/v2\/product\/318\/revisions"}],"wp:featuredmedia":[{"embeddable":true,"href":"https:\/\/www.cy-package.com\/es\/wp-json\/wp\/v2\/media\/441"}],"wp:attachment":[{"href":"https:\/\/www.cy-package.com\/es\/wp-json\/wp\/v2\/media?parent=318"}],"wp:term":[{"taxonomy":"product_brand","embeddable":true,"href":"https:\/\/www.cy-package.com\/es\/wp-json\/wp\/v2\/product_brand?post=318"},{"taxonomy":"product_cat","embeddable":true,"href":"https:\/\/www.cy-package.com\/es\/wp-json\/wp\/v2\/product_cat?post=318"},{"taxonomy":"product_tag","embeddable":true,"href":"https:\/\/www.cy-package.com\/es\/wp-json\/wp\/v2\/product_tag?post=318"}],"curies":[{"name":"wp","href":"https:\/\/api.w.org\/{rel}","templated":true}]}}