{"id":319,"date":"2024-09-05T10:28:17","date_gmt":"2024-09-05T02:28:17","guid":{"rendered":"https:\/\/www.cy-package.com\/?post_type=product&#038;p=319"},"modified":"2025-03-11T17:30:32","modified_gmt":"2025-03-11T09:30:32","slug":"stand-up-bolsa-de-envasado-de-alimentos-para-mascotas-2","status":"publish","type":"product","link":"https:\/\/www.cy-package.com\/es\/producto\/stand-up-bolsa-de-envasado-de-alimentos-para-mascotas-2\/","title":{"rendered":"Bolsa resellable con cremallera para envasar comida de mascotas"},"content":{"rendered":"<p>&nbsp;<\/p>\n<h1><span style=\"font-size: 24px\">Las bolsas autoportantes se utilizan mucho en el mercado<\/span><\/h1>\n<p>Como producto de envasado flexible c\u00f3modo, sencillo y pr\u00e1ctico, la bolsa de pie se utiliza ampliamente en todos los \u00e1mbitos de la vida. No s\u00f3lo puede contener una gran variedad de cosas, sino que tambi\u00e9n se mantiene en pie, se expone bien y se puede reutilizar. Las bolsas resellables con cremallera para alimentos son un envase muy variado y perfecto para mantener frescos los peque\u00f1os dulces. Si\u00e9ntase f\u00e1cil de usar bolsas sellables para preparar porciones para acampar y senderismo comidas de paquetes m\u00e1s grandes liofilizados. Cuando almacene alimentos que haya cultivado o comprado y desee conservar durante mucho tiempo, las bolsas de mylar son una buena elecci\u00f3n.<\/p>\n<h2><strong style=\"font-size: 16px\">Flujos de trabajo para la preproducci\u00f3n:<\/strong><\/h2>\n<div>\n<p>1. Proporci\u00f3nenos informaci\u00f3n detallada sobre la bolsa que desea fabricar, como el uso previsto, el tama\u00f1o, la ilustraci\u00f3n, la estructura y el grosor, etc. Si es necesario, tambi\u00e9n podemos ofrecerle nuestras sugerencias profesionales para su elecci\u00f3n.<\/p>\n<p>2. Le enviaremos un presupuesto cuando tengamos toda la informaci\u00f3n sobre la bolsa.<\/p>\n<p>3. Una vez confirmado el precio por ambas partes, empezaremos a trabajar en el procesamiento de las ilustraciones (para su informaci\u00f3n: necesitamos procesar las ilustraciones en una versi\u00f3n factible para la impresi\u00f3n en huecograbado).<\/p>\n<p>4. Configuraci\u00f3n del est\u00e1ndar de color.<\/p>\n<p>5. Confirme el material gr\u00e1fico y firme el contrato.<\/p>\n<p>6. Los compradores tienen que pagar por adelantado el cilindro (coste de impresi\u00f3n) y 40% pago anticipado de la orden.<\/p>\n<p>7. Comenzaremos a producir los productos del quanlity para usted despu\u00e9s de entonces.<\/p>\n<p>&nbsp;<\/p>\n<p style=\"text-align: center\"><img decoding=\"async\" title=\"Bolsa resellable con cremallera para envasar comida de mascotas\" src=\"https:\/\/www.cy-package.com\/2833\/2833-202205052254029344.jpg\" alt=\"Bolsa resellable con cremallera para envasar comida de mascotas\" \/><\/p>\n<p style=\"text-align: center\"><img decoding=\"async\" title=\"Bolsa resellable con cremallera para envasar comida de mascotas\" src=\"https:\/\/www.cy-package.com\/2833\/2833-202205052254023652.jpg\" alt=\"Bolsa resellable con cremallera para envasar comida de mascotas\" \/><\/p>\n<p>&nbsp;<\/p>\n<p style=\"text-align: center\"><span style=\"font-size: 20px\"><strong>Perfil de la empresa<\/strong><\/span><\/p>\n<p>&nbsp;<\/p>\n<p style=\"text-align: center\"><img decoding=\"async\" title=\"Bolsa resellable con cremallera para envasar comida de mascotas\" src=\"https:\/\/www.cy-package.com\/2833\/2833-202205062151199013.jpg\" alt=\"Bolsa resellable con cremallera para envasar comida de mascotas\" \/><\/p>\n<p style=\"text-align: center\"><span style=\"font-size: 24px\"><strong><span style=\"color: #0070c0\">VENTAJA DE PRODUCCI\u00d3N EN F\u00c1BRICA\u00a0<\/span><\/strong><\/span><\/p>\n<p style=\"text-align: center\"><span style=\"color: #f79646;font-size: 20px\"><strong>Hay 5 l\u00edneas autom\u00e1ticas de producci\u00f3n de alta velocidad<\/strong><\/span><\/p>\n<p>&nbsp;<\/p>\n<p style=\"text-align: center\"><span style=\"font-size: 18px;color: #0070c0\"><strong>&#8212;&#8212;&#8212;&#8212;&#8212;&#8212;&#8212;&#8212;&#8212;&#8212;&#8212;&#8212;&#8212;&#8212;&#8212;&#8212;&#8212;&#8212;&#8212;&#8212;&#8212;&#8212;&#8212;&#8212;&#8212;&#8212;&#8212;&#8212;&#8212;&#8212;&#8212;-<\/strong><\/span><\/p>\n<p style=\"text-align: center\"><span style=\"font-size: 14px\">En la actualidad, la base de producci\u00f3n ocupa una superficie de m\u00e1s de 15.000 metros cuadrados y cuenta con 5 plantas autom\u00e1ticas.<\/span><\/p>\n<p style=\"text-align: center;margin-bottom: 20px\"><span style=\"font-size: 14px\">l\u00edneas de producci\u00f3n de alta velocidad, y la capacidad de producci\u00f3n anual puede alcanzar las 20.000 toneladas.\u00a0<\/span><\/p>\n<p style=\"text-align: center\"><img decoding=\"async\" title=\"Bolsa resellable con cremallera para envasar comida de mascotas\" src=\"https:\/\/www.cy-package.com\/2833\/2833-202205062151194054.jpg\" alt=\"Bolsa resellable con cremallera para envasar comida de mascotas\" \/><\/p>\n<p style=\"text-align: center;margin-top: 15px\"><span style=\"font-size: 14px\">Nuestra empresa cuenta con decenas de trabajadores de producci\u00f3n profesionales, puede trabajar 24 horas al d\u00eda sin parar<\/span><\/p>\n<p style=\"text-align: center;margin-bottom: 20px\"><span style=\"font-size: 14px\">producci\u00f3n, siguen estrictamente la gesti\u00f3n del proceso IQC-IPQC-OQC y tienen una gran capacidad de producci\u00f3n.\u00a0<\/span><\/p>\n<p style=\"text-align: center\"><img decoding=\"async\" title=\"Bolsa resellable con cremallera para envasar comida de mascotas\" src=\"https:\/\/www.cy-package.com\/2833\/2833-202205062151191245.jpg\" alt=\"Bolsa resellable con cremallera para envasar comida de mascotas\" \/><\/p>\n<p style=\"text-align: center;margin-bottom: 5px;margin-top: 15px\"><span style=\"font-size: 14px\">Los talleres est\u00e1n dise\u00f1ados y construidos de acuerdo con las GMP de clase 300.000 para cumplir un alto nivel de higiene.<\/span><\/p>\n<p style=\"text-align: center;margin-bottom: 20px\"><span style=\"font-size: 14px\">est\u00e1ndar de alimentos infantiles, productos l\u00e1cteos y productos c\u00e1rnicos tanto nacionales como extranjeros.<\/span><\/p>\n<p style=\"text-align: center\"><img decoding=\"async\" title=\"Bolsa resellable con cremallera para envasar comida de mascotas\" src=\"https:\/\/www.cy-package.com\/2833\/2833-202205062151206738.jpg\" alt=\"Bolsa resellable con cremallera para envasar comida de mascotas\" \/><\/p>\n<p style=\"text-align: center\"><img decoding=\"async\" title=\"Bolsa resellable con cremallera para envasar comida de mascotas\" src=\"https:\/\/www.cy-package.com\/2833\/2833-202205062159502291.jpg\" alt=\"Bolsa resellable con cremallera para envasar comida de mascotas\" \/><\/p>\n<p style=\"text-align: center\"><img decoding=\"async\" title=\"Bolsa resellable con cremallera para envasar comida de mascotas\" src=\"https:\/\/www.cy-package.com\/2833\/2833-202205062158232361.jpg\" alt=\"Bolsa resellable con cremallera para envasar comida de mascotas\" \/><\/p>\n<p>&nbsp;<\/p>\n<p><span style=\"font-size: 18px\"><strong>PREGUNTAS FRECUENTES<\/strong><\/span><\/p>\n<p><strong><span data-spm-anchor-id=\"a2700.details.0.i17.649a7657Tu7jaw\">P: \u00bfSon una f\u00e1brica o una empresa comercial?<\/span><\/strong><br \/>\nR: Somos una f\u00e1brica con equipos avanzados y equipos de dise\u00f1o profesionales, podr\u00edamos ofrecerle la mejor opci\u00f3n en dise\u00f1os y capacidad.<\/p>\n<p><strong>P:\u00bfCu\u00e1l es la cantidad m\u00ednima de pedido de su producto?<\/strong><br \/>\nA:Generalmente, MOQ para bolsas de bolsa es 10,000pcs.We tambi\u00e9n tomar pedidos de prueba de la muestra para MOQ peque\u00f1o, pls en contacto con nosotros para futher discutir.<\/p>\n<p><strong>P:\u00bfCu\u00e1l es el plazo de entrega una vez realizado el pedido?<\/strong><br \/>\nR: En general, el plazo de entrega es de 15-20 d\u00edas para nuevos pedidos y de 10-12 d\u00edas para pedidos repetidos a partir de la fecha de confirmaci\u00f3n.<\/p>\n<p><strong>P: \u00bfCu\u00e1l es su gama de productos?<\/strong><br \/>\nA: Nuestra f\u00e1brica puede producir la mayor\u00eda de las clases de empaquetado flexible, incluyendo el bolso del caf\u00e9, bolso del alimento para animales dom\u00e9sticos, bolso de la comida, bolso l\u00edquido, se levanta<br \/>\nbolsa, bolsa con cremallera, bolsas de pico, bolsa de la parte posterior, pel\u00edcula laminada para chocolate o caramelo y as\u00ed sucesivamente.<\/p>\n<p><strong>P: \u00bfQu\u00e9 informaci\u00f3n se necesita para obtener un presupuesto de un producto?<\/strong><br \/>\nR:P\u00f3ngase en contacto con nosotros para ofrecernos el tama\u00f1o y los requisitos especiales que desee.Todos pueden ser personalizados,y tenemos un mont\u00f3n de ejemplo para su referencia.<\/p>\n<p><strong>P: \u00bfSe pueden proporcionar muestras?<\/strong><br \/>\nR: S\u00ed, para la muestra personalizada, se cobrar\u00e1 el coste real de la muestra + la tarifa del cilindro de impresi\u00f3n, que no ser\u00e1 necesaria de nuevo para el pedido a granel.<\/p>\n<\/div>","protected":false},"excerpt":{"rendered":"<p class=\"wui-p-v-4\"><span class=\"wui-text-color-accents wui-text-weight-bold\">Marca:<\/span> <span class=\"wui-text-color-primary\">PAQUETE CY<\/span><\/p>\n<p class=\"wui-p-v-4\"><span class=\"wui-text-color-accents wui-text-weight-bold\">Origen del producto:<\/span> <span class=\"wui-text-color-primary\">China<\/span><\/p>\n<p class=\"wui-p-v-4\"><span class=\"wui-text-color-accents wui-text-weight-bold\">Plazo de entrega:<\/span> <span class=\"wui-text-color-primary\">25 d\u00edas de plazo de entrega<\/span><\/p>\n<p class=\"wui-p-v-4\"><span class=\"wui-text-color-accents wui-text-weight-bold\">Capacidad de suministro:<\/span> <span class=\"wui-text-color-primary\">1200 toneladas \/mes<\/span><\/p>\n<p class=\"wui-p-v-4\">1.Los envases flexibles requieren 75% menos material para producir el producto acabado que las botellas, tarros y otros envases r\u00edgidos, inflexibles y duros.<br \/>\n2.Las bolsas stand up son reutilizables y resellables para m\u00faltiples usos. Son la opci\u00f3n ideal para almacenar y exponer su producto<br \/>\n3.Las bolsas stand up ofrecen una soluci\u00f3n de envasado todo en uno;<\/p>","protected":false},"featured_media":445,"comment_status":"open","ping_status":"closed","template":"","meta":{"_seopress_robots_primary_cat":"none","_seopress_titles_title":"Pet Food Packaging Bag","_seopress_titles_desc":"CY PACK understands the needs of packaging pet food and treats. We offer stock and custom printed laminated packaging for dry pet food, nutritional supplements and pet treats.","_seopress_robots_index":"","_monsterinsights_skip_tracking":false,"_monsterinsights_sitenote_active":false,"_monsterinsights_sitenote_note":"","_monsterinsights_sitenote_category":0,"_kad_post_transparent":"default","_kad_post_title":"","_kad_post_layout":"default","_kad_post_sidebar_id":"","_kad_post_content_style":"default","_kad_post_vertical_padding":"default","_kad_post_feature":"","_kad_post_feature_position":"","_kad_post_header":false,"_kad_post_footer":false},"product_brand":[],"product_cat":[28,38],"product_tag":[],"class_list":{"0":"post-319","1":"product","2":"type-product","3":"status-publish","4":"has-post-thumbnail","6":"product_cat-food-packaging-bag","7":"product_cat-pouches-for-pet-treats","9":"first","10":"instock","11":"shipping-taxable","12":"product-type-simple","13":"entry","14":"content-bg","15":"loop-entry"},"_links":{"self":[{"href":"https:\/\/www.cy-package.com\/es\/wp-json\/wp\/v2\/product\/319","targetHints":{"allow":["GET"]}}],"collection":[{"href":"https:\/\/www.cy-package.com\/es\/wp-json\/wp\/v2\/product"}],"about":[{"href":"https:\/\/www.cy-package.com\/es\/wp-json\/wp\/v2\/types\/product"}],"replies":[{"embeddable":true,"href":"https:\/\/www.cy-package.com\/es\/wp-json\/wp\/v2\/comments?post=319"}],"version-history":[{"count":1,"href":"https:\/\/www.cy-package.com\/es\/wp-json\/wp\/v2\/product\/319\/revisions"}],"predecessor-version":[{"id":1656,"href":"https:\/\/www.cy-package.com\/es\/wp-json\/wp\/v2\/product\/319\/revisions\/1656"}],"wp:featuredmedia":[{"embeddable":true,"href":"https:\/\/www.cy-package.com\/es\/wp-json\/wp\/v2\/media\/445"}],"wp:attachment":[{"href":"https:\/\/www.cy-package.com\/es\/wp-json\/wp\/v2\/media?parent=319"}],"wp:term":[{"taxonomy":"product_brand","embeddable":true,"href":"https:\/\/www.cy-package.com\/es\/wp-json\/wp\/v2\/product_brand?post=319"},{"taxonomy":"product_cat","embeddable":true,"href":"https:\/\/www.cy-package.com\/es\/wp-json\/wp\/v2\/product_cat?post=319"},{"taxonomy":"product_tag","embeddable":true,"href":"https:\/\/www.cy-package.com\/es\/wp-json\/wp\/v2\/product_tag?post=319"}],"curies":[{"name":"wp","href":"https:\/\/api.w.org\/{rel}","templated":true}]}}