{"id":320,"date":"2024-09-05T10:28:17","date_gmt":"2024-09-05T02:28:17","guid":{"rendered":"https:\/\/www.cy-package.com\/?post_type=product&#038;p=320"},"modified":"2024-09-14T20:29:12","modified_gmt":"2024-09-14T12:29:12","slug":"bolsa-para-envasar-alimentos-secos","status":"publish","type":"product","link":"https:\/\/www.cy-package.com\/es\/producto\/bolsa-para-envasar-alimentos-secos\/","title":{"rendered":"Bolsa para envasado de alimentos secos"},"content":{"rendered":"<p><\/p>\n<h1>Envasado de alimentos secos<\/h1>\n<p>A medida que m\u00e1s consumidores conscientes de su salud eligen snacks m\u00e1s saludables, tambi\u00e9n buscan comodidad. Los envases de frutos secos y nueces han evolucionado para satisfacer esta demanda. Las bolsas herm\u00e9ticas para envasar alimentos se han convertido en el mejor envase para frutos secos y nueces. Al elegir los materiales de envasado para su marca, no solo desea que sean elegantes y llamativos, sino que tambi\u00e9n los necesita para proteger y conservar su producto.<\/p>\n<p><\/p>\n<p>Estas bonitas bolsas de papel kraft tienen un dise\u00f1o atractivo, apto para la venta minorista, con base plana y de pie, perfecto para envasar caf\u00e9 y t\u00e9 hechos a mano para regalar o vender. Nuestras bolsas de embalaje de alta calidad ser\u00e1n la primera impresi\u00f3n de sus productos.<\/p>\n<p>Las bolsas de envasado de alimentos con v\u00e1lvulas desgasificadoras unidireccionales liberan la presi\u00f3n del aire y el gas atrapados, como el di\u00f3xido de carbono emitido por los granos de caf\u00e9, al tiempo que evitan que el aire exterior ingrese a las bolsas.<\/p>\n<p><\/p>\n<p>Papel Kraft\/papel de aluminio\/PE de grado alimenticio, el dise\u00f1o de laminaci\u00f3n de 3 niveles lo hace m\u00e1s fuerte, bloquea la luz, evita que el caf\u00e9 tenga olor o humedad, garantiza el sabor del caf\u00e9 o del polvo en la bolsa y tambi\u00e9n se puede transportar a largas distancias y es apto para la conservaci\u00f3n de alimentos a largo plazo.<\/p>\n<p>Uso dom\u00e9stico y comercial: no solo para garantizar que el caf\u00e9 est\u00e9 fresco en casa, tambi\u00e9n para almacenar otros bocadillos de nueces, etc. Uso comercial: puede colocar su propia etiqueta de marca o sello en la superficie como un paquete de exhibici\u00f3n minorista o de muestra. Tama\u00f1os de 8 oz\/12 oz\/16 oz\/32 oz disponibles para diferentes necesidades.<\/p>\n<p>Las bolsas se abren tirando de la cinta y vienen con una bolsa con cierre lateral resellable. Sus lados sellados y su base plana proporcionan m\u00e1xima resistencia, lo que permite que la bolsa funcione como una verdadera bolsa vertical.&nbsp;<\/p>\n<p style=\"text-align: center\"><\/p>\n<div>\n<p><span style=\"font-size: 18px\"><strong>Par\u00e1metros del producto<\/strong><\/span><\/p>\n<\/div>\n<div>\n<div class=\"nei-table\">\n<p><\/p>\n<div class=\"nei-table\">\n<table width=\"1000\">\n<tbody>\n<tr class=\"firstRow\">\n<td colspan=\"1\" rowspan=\"1\" height=\"20\" width=\"162\">\n<div style=\"text-align: left\"><span>Material Grade:<\/span><\/div>\n<\/td>\n<td colspan=\"1\" rowspan=\"1\" height=\"20\" width=\"837\">\n<div>Material de calidad alimentaria<\/div>\n<\/td>\n<\/tr>\n<tr>\n<td colspan=\"1\" rowspan=\"1\" height=\"20\" width=\"162\">\n<div><span>Material:<\/span><\/div>\n<\/td>\n<td colspan=\"1\" rowspan=\"1\" height=\"20\" width=\"837\">\n<div><span>PET+VMPET+PE, BOPP+Papel Kraft+VMPET+PE,&nbsp;<\/span><span>L\u00e1mina de aluminio&nbsp;<\/span><span>etc.<\/span><\/div>\n<\/td>\n<\/tr>\n<tr>\n<td colspan=\"1\" rowspan=\"1\" height=\"20\" width=\"162\">\n<div><span>Caracter\u00edstica :<\/span><\/div>\n<\/td>\n<td colspan=\"1\" rowspan=\"1\" height=\"20\" width=\"837\">\n<div>1).Material de grado alimentario de seguridad e impresi\u00f3n perfecta<\/p>\n<div data-spm-anchor-id=\"a2700.pc-decorate.0.i62.50563333vYoKlh\">2).Great para evitar fugas, excelente Moiseture-Proof<\/div>\n<div data-spm-anchor-id=\"a2700.pc-decorate.0.i62.50563333vYoKlh\">3).Fondo de sellado fuerte y Ziplock duradero<\/div>\n<\/div>\n<\/td>\n<\/tr>\n<tr>\n<td colspan=\"1\" rowspan=\"1\" height=\"20\" width=\"162\">\n<div><span>Tama\u00f1o y grosor:<\/span><\/div>\n<\/td>\n<td colspan=\"1\" rowspan=\"1\" height=\"20\" width=\"837\">\n<div>Personalizado seg\u00fan sus necesidades<\/div>\n<\/td>\n<\/tr>\n<tr>\n<td colspan=\"1\" rowspan=\"1\" height=\"20\" width=\"162\">\n<div><span>Tipo de tinta:<\/span><\/div>\n<\/td>\n<td colspan=\"1\" rowspan=\"1\" height=\"20\" width=\"837\">\n<div>Tinta de soja ecol\u00f3gica de calidad alimentaria<\/div>\n<\/td>\n<\/tr>\n<tr>\n<td colspan=\"1\" rowspan=\"1\" height=\"20\" width=\"162\">\n<div><span>Capacidad:<\/span><\/div>\n<\/td>\n<td colspan=\"1\" rowspan=\"1\" height=\"20\" width=\"837\">\n<div>100g, 200g, 250g, 500g, 1000g\/1kg, 2kg, 5kg,8oz-100oz, Personalizado<\/div>\n<\/td>\n<\/tr>\n<tr>\n<td colspan=\"1\" rowspan=\"1\" height=\"20\" width=\"162\">\n<div><span>Aplicaci\u00f3n:<\/span><\/div>\n<\/td>\n<td colspan=\"1\" rowspan=\"1\" height=\"20\" width=\"837\">\n<div>Alimentaci\u00f3n \/ Caf\u00e9 \/ Comida para mascotas \/ T\u00e9 \/ Aperitivos \/ Frutos secos \/ Prote\u00edna de suero \/ Semillas, etc.<\/div>\n<\/td>\n<\/tr>\n<tr>\n<td colspan=\"1\" rowspan=\"1\" height=\"20\" width=\"162\">\n<div><span>Opciones de estilo:<\/span><\/div>\n<\/td>\n<td colspan=\"1\" rowspan=\"1\" height=\"20\" width=\"837\">\n<div>Fondo plano, Stand UP, fuelle lateral, cremallera superior, con\/sin ventana, Euro Hole, etc.<\/div>\n<\/td>\n<\/tr>\n<tr>\n<td colspan=\"1\" rowspan=\"1\" height=\"20\" width=\"162\">\n<div><span>Control de calidad:<\/span><\/div>\n<\/td>\n<td colspan=\"1\" rowspan=\"1\" height=\"20\" width=\"837\">\n<div data-spm-anchor-id=\"a2700.details.0.i14.1410417dX9YP5T\">El equipo avanzado y el equipo experimentado del control de calidad comprobar\u00e1n el material, los productos semielaborados y acabados terminantemente en cada paso antes de enviar.<\/div>\n<\/td>\n<\/tr>\n<\/tbody>\n<\/table>\n<\/div>\n<p><\/p>\n<p><\/p>\n<p><\/p>\n<\/div>\n<p><\/p>\n<p style=\"text-align: center\"><img alt=\"Bolsa para envasado de alimentos secos\" title=\"Bolsa para envasado de alimentos secos\" \/><\/p>\n<p style=\"text-align: center\"><img alt=\"Bolsa para envasado de alimentos secos\" title=\"Bolsa para envasado de alimentos secos\" \/><\/p>\n<p><\/p>\n<p style=\"text-align: center\"><\/p>\n<\/div><\/div>\n<\/p><\/div>","protected":false},"excerpt":{"rendered":"<p class=\"wui-p-v-4\">    <span class=\"wui-text-color-accents wui-text-weight-bold\">Marca:<\/span>    <span class=\"wui-text-color-primary\">PAQUETE CY<\/span><\/p>\n<p class=\"wui-p-v-4\">    <span class=\"wui-text-color-accents wui-text-weight-bold\">Origen del producto:<\/span>    <span class=\"wui-text-color-primary\">China<\/span><\/p>\n<p class=\"wui-p-v-4\">    <span class=\"wui-text-color-accents wui-text-weight-bold\">Plazo de entrega:<\/span>    <span class=\"wui-text-color-primary\">25 d\u00edas de plazo de entrega<\/span><\/p>\n<p class=\"wui-p-v-4\">1.Bolsa de embalaje de papel kraft Fabricada con papel de origen sostenible.Opciones de kraft marr\u00f3n o blanco de 50 g\/m\u00b2 con forro de polipropileno. Termosellable con funci\u00f3n antigrasa <br \/>2.Bolsa para envasado de alimentos secos con tama\u00f1os disponibles de 125 g, 150 g, 250 g, 500 g y 1 kg. Ataduras de lata autoadhesivas separadas disponibles en color tostado\/blanco\/negro, y opciones de bolsa con ventana disponibles. <br \/>3.Proporcionamos bolsas de envasado de alimentos deshidratados que garantizan que su producto tenga un aspecto y un sabor excelentes durante el mayor tiempo posible.<\/p>","protected":false},"featured_media":449,"comment_status":"open","ping_status":"closed","template":"","meta":{"_seopress_robots_primary_cat":"","_seopress_titles_title":"","_seopress_titles_desc":"","_seopress_robots_index":"","_monsterinsights_skip_tracking":false,"_monsterinsights_sitenote_active":false,"_monsterinsights_sitenote_note":"","_monsterinsights_sitenote_category":0,"_kad_post_transparent":"","_kad_post_title":"","_kad_post_layout":"","_kad_post_sidebar_id":"","_kad_post_content_style":"","_kad_post_vertical_padding":"","_kad_post_feature":"","_kad_post_feature_position":"","_kad_post_header":false,"_kad_post_footer":false},"product_brand":[],"product_cat":[28],"product_tag":[],"class_list":{"0":"post-320","1":"product","2":"type-product","3":"status-publish","4":"has-post-thumbnail","6":"product_cat-food-packaging-bag","8":"first","9":"instock","10":"shipping-taxable","11":"product-type-simple","12":"entry","13":"content-bg","14":"loop-entry"},"_links":{"self":[{"href":"https:\/\/www.cy-package.com\/es\/wp-json\/wp\/v2\/product\/320","targetHints":{"allow":["GET"]}}],"collection":[{"href":"https:\/\/www.cy-package.com\/es\/wp-json\/wp\/v2\/product"}],"about":[{"href":"https:\/\/www.cy-package.com\/es\/wp-json\/wp\/v2\/types\/product"}],"replies":[{"embeddable":true,"href":"https:\/\/www.cy-package.com\/es\/wp-json\/wp\/v2\/comments?post=320"}],"version-history":[{"count":0,"href":"https:\/\/www.cy-package.com\/es\/wp-json\/wp\/v2\/product\/320\/revisions"}],"wp:featuredmedia":[{"embeddable":true,"href":"https:\/\/www.cy-package.com\/es\/wp-json\/wp\/v2\/media\/449"}],"wp:attachment":[{"href":"https:\/\/www.cy-package.com\/es\/wp-json\/wp\/v2\/media?parent=320"}],"wp:term":[{"taxonomy":"product_brand","embeddable":true,"href":"https:\/\/www.cy-package.com\/es\/wp-json\/wp\/v2\/product_brand?post=320"},{"taxonomy":"product_cat","embeddable":true,"href":"https:\/\/www.cy-package.com\/es\/wp-json\/wp\/v2\/product_cat?post=320"},{"taxonomy":"product_tag","embeddable":true,"href":"https:\/\/www.cy-package.com\/es\/wp-json\/wp\/v2\/product_tag?post=320"}],"curies":[{"name":"wp","href":"https:\/\/api.w.org\/{rel}","templated":true}]}}