{"id":321,"date":"2024-09-05T10:28:17","date_gmt":"2024-09-05T02:28:17","guid":{"rendered":"https:\/\/www.cy-package.com\/?post_type=product&#038;p=321"},"modified":"2024-09-14T20:29:12","modified_gmt":"2024-09-14T12:29:12","slug":"bolsa-para-envasar-alimentos-con-frutos-secos","status":"publish","type":"product","link":"https:\/\/www.cy-package.com\/es\/producto\/bolsa-para-envasar-alimentos-con-frutos-secos\/","title":{"rendered":"Bolsa para envasado de frutos secos"},"content":{"rendered":"<p><\/p>\n<p><\/p>\n<p style=\"text-align: center\"><strong><span style=\"font-size: 24px\">Bolsa para envasar alimentos con frutos secos<\/span><\/strong><\/p>\n<p><span>Las bolsas pl\u00e1sticas con cierre herm\u00e9tico son perfectas para envasar todo tipo de snacks, como golosinas, galletas, etc. Las bolsas pl\u00e1sticas resellables son muy c\u00f3modas para todos, ya que tienen un cierre para volver a cerrar la bolsa. El fabricante de bolsas CY ofrece una variedad de bolsas pl\u00e1sticas con cierre herm\u00e9tico con impresi\u00f3n personalizada.<\/span><\/p>\n<p><img decoding=\"async\" src=\"https:\/\/www.cy-package.com\/2833\/2833-202205062236299081.jpg\" title=\"Bolsa para envasado de frutos secos\" alt=\"Bolsa para envasado de frutos secos\" \/><\/p>\n<p><\/p>\n<p><span>A medida que la gente presta cada vez m\u00e1s atenci\u00f3n a la salud,<\/span><\/p>\n<p><span>comer, los alimentos con frutos secos se est\u00e1n volviendo cada vez m\u00e1s comunes&nbsp;<\/span><\/p>\n<p><span>popular en el mercado. Por lo tanto, las caracter\u00edsticas de las bolsas de envasado de alimentos con frutos secos son muy importantes para mantener la calidad de los frutos secos y extender su vida \u00fatil.<\/span><\/p>\n<p><span><br \/><\/span><\/p>\n<p><span>Las bolsas para envasar frutos secos deben ser flexibles y resistentes a las perforaciones para evitar que la c\u00e1scara dura de los frutos secos perfore la bolsa de envasado. Adem\u00e1s, este tipo de bolsa de envasado es de gama alta y resalta el alto valor nutricional y la calidad de los frutos secos.<\/span><\/p>\n<p><span><br \/><\/span><\/p>\n<p><span>Al elegir la bolsa de embalaje correcta, no solo puede garantizar la frescura y el sabor de los frutos secos, sino que tambi\u00e9n contribuye a proteger el medio ambiente.<\/span><\/p>\n<h2><\/h2>\n<\/p><\/div>\n<\/p><\/div>","protected":false},"excerpt":{"rendered":"<p class=\"wui-p-v-4\">    <span class=\"wui-text-color-accents wui-text-weight-bold\">Marca:<\/span>    <span class=\"wui-text-color-primary\">PAQUETE CY<\/span><\/p>\n<p class=\"wui-p-v-4\">    <span class=\"wui-text-color-accents wui-text-weight-bold\">Origen del producto:<\/span>    <span class=\"wui-text-color-primary\">China<\/span><\/p>\n<p class=\"wui-p-v-4\">    <span class=\"wui-text-color-accents wui-text-weight-bold\">Plazo de entrega:<\/span>    <span class=\"wui-text-color-primary\">25 d\u00edas de plazo de entrega<\/span><\/p>\n<p class=\"wui-p-v-4\">    <span class=\"wui-text-color-accents wui-text-weight-bold\">Capacidad de suministro:<\/span>    <span class=\"wui-text-color-primary\">1200 toneladas \/mes<\/span><\/p>\n<p class=\"wui-p-v-4\">Estructura del material: papel kraft\/VMPET\/PE, papel kraft\/Al\/PE, papel kraft\/KPET\/PE,PET\/VMPET\/NY\/PE<\/p>\n<p>Aplicaciones: Envasado de t\u00e9, aperitivos, caf\u00e9 y frutos secos.<\/p>\n<p>Plazo de entrega: 30 d\u00edas<br \/>1.Sin grietas, sin fugas, sin delaminaci\u00f3n, retenci\u00f3n de fragancia, resistencia a la perforaci\u00f3n, resistencia a los \u00e1cidos, etc.<br \/>2.Custom big packaging bag tiene gran capacidad y fuerte soporte.<br \/>3.La bolsa reciclable es respetuosa con el medio ambiente.<\/p>","protected":false},"featured_media":453,"comment_status":"open","ping_status":"closed","template":"","meta":{"_seopress_robots_primary_cat":"","_seopress_titles_title":"","_seopress_titles_desc":"","_seopress_robots_index":"","_monsterinsights_skip_tracking":false,"_monsterinsights_sitenote_active":false,"_monsterinsights_sitenote_note":"","_monsterinsights_sitenote_category":0,"_kad_post_transparent":"","_kad_post_title":"","_kad_post_layout":"","_kad_post_sidebar_id":"","_kad_post_content_style":"","_kad_post_vertical_padding":"","_kad_post_feature":"","_kad_post_feature_position":"","_kad_post_header":false,"_kad_post_footer":false},"product_brand":[],"product_cat":[28],"product_tag":[],"class_list":{"0":"post-321","1":"product","2":"type-product","3":"status-publish","4":"has-post-thumbnail","6":"product_cat-food-packaging-bag","8":"first","9":"instock","10":"shipping-taxable","11":"product-type-simple","12":"entry","13":"content-bg","14":"loop-entry"},"_links":{"self":[{"href":"https:\/\/www.cy-package.com\/es\/wp-json\/wp\/v2\/product\/321","targetHints":{"allow":["GET"]}}],"collection":[{"href":"https:\/\/www.cy-package.com\/es\/wp-json\/wp\/v2\/product"}],"about":[{"href":"https:\/\/www.cy-package.com\/es\/wp-json\/wp\/v2\/types\/product"}],"replies":[{"embeddable":true,"href":"https:\/\/www.cy-package.com\/es\/wp-json\/wp\/v2\/comments?post=321"}],"version-history":[{"count":0,"href":"https:\/\/www.cy-package.com\/es\/wp-json\/wp\/v2\/product\/321\/revisions"}],"wp:featuredmedia":[{"embeddable":true,"href":"https:\/\/www.cy-package.com\/es\/wp-json\/wp\/v2\/media\/453"}],"wp:attachment":[{"href":"https:\/\/www.cy-package.com\/es\/wp-json\/wp\/v2\/media?parent=321"}],"wp:term":[{"taxonomy":"product_brand","embeddable":true,"href":"https:\/\/www.cy-package.com\/es\/wp-json\/wp\/v2\/product_brand?post=321"},{"taxonomy":"product_cat","embeddable":true,"href":"https:\/\/www.cy-package.com\/es\/wp-json\/wp\/v2\/product_cat?post=321"},{"taxonomy":"product_tag","embeddable":true,"href":"https:\/\/www.cy-package.com\/es\/wp-json\/wp\/v2\/product_tag?post=321"}],"curies":[{"name":"wp","href":"https:\/\/api.w.org\/{rel}","templated":true}]}}