{"id":346,"date":"2024-09-05T10:28:40","date_gmt":"2024-09-05T02:28:40","guid":{"rendered":"https:\/\/www.cy-package.com\/?post_type=product&#038;p=346"},"modified":"2025-07-18T14:34:01","modified_gmt":"2025-07-18T06:34:01","slug":"bolsa-para-empaque-de-caramelos-vertical","status":"publish","type":"product","link":"https:\/\/www.cy-package.com\/es\/producto\/bolsa-para-empaque-de-caramelos-vertical\/","title":{"rendered":"Fruta Seca Galletas Alimentos Stand Up Bolsa de Embalaje"},"content":{"rendered":"<p style=\"line-height: 1.5; margin-bottom: 30px; margin-top: 30px; text-align: left;\"><span style=\"font-size: 20px;\"><strong><span style=\"font-family: Arial;\">Stand Up Bags for\u00a0Dry Food and Preserved Fruit<\/span><\/strong><\/span><\/p>\n<p style=\"line-height: 1.5; margin-bottom: 30px; margin-top: 30px; text-align: left;\"><span style=\"font-family: Arial; font-size: 12pt; color: #444444;\">cold sealed stand up bag is perfect for packaging all kinds of snacks? such as confectionary, cookies and so on! The resealable plastic bags are very friendly for everyone since there is a zipper to re-lock the pouch. CY pouch packaging manufacturer provides a variety of plastic zip-lock bags with custom printing.<\/span><\/p>\n<p style=\"line-height: 1.5; margin-bottom: 30px; text-align: center;\"><span style=\"font-family: Arial; font-size: 12pt; color: #444444;\"><span style=\"font-size: 24pt;\">Formatos de embalaje<\/span><br \/>\n<\/span><\/p>\n<p style=\"line-height: 1.5; margin-bottom: 30px; text-align: center;\"><span style=\"font-family: Arial; font-size: 12pt; color: #444444;\"><span style=\"font-size: 22pt;\"><img decoding=\"async\" title=\"Fruta Seca Galletas Alimentos Stand Up Bolsa de Embalaje\" src=\"https:\/\/www.cy-package.com\/2833\/2833-202205062228234582.jpg\" alt=\"Fruta Seca Galletas Alimentos Stand Up Bolsa de Embalaje\" border=\"0\" \/><br \/>\n<\/span><\/span><\/p>\n<p style=\"line-height: 1.5; margin-bottom: 30px; text-align: center;\"><span style=\"font-family: Arial; font-size: 12pt; color: #444444;\"><span style=\"font-size: 22pt;\"><span style=\"font-size: 14pt;\">Si desea conocer m\u00e1s tipos de bolsas o solicitar muestras, cont\u00e1ctenos.<\/span><\/span><\/span><\/p>\n<div class=\"headline\">\n<h1><span style=\"font-size: 20px;\">Elija los mejores materiales para sus envases<\/span><\/h1>\n<\/div>\n<p>Dry food and stick candy is extremely vulnerable to sunlight and also needs protection against oxygen, especially if there are nuts inside, so the composite materials should preserve the initial gas composition and light level in the packaging.<\/p>\n<p><strong>ESQUEMA 1 <\/strong>: El \u00f3ptimo para el envasado de dulces de chocolate en grupo. Se trata de un laminado tricapa que proteger\u00e1 el producto de la luz solar y el ox\u00edgeno.<\/p>\n<ul class=\"market-info list-paddingleft-2\">\n<li>PET\/BOPP transparente o mate (buenas propiedades de barrera contra la condensaci\u00f3n de agua, gran transparencia)<\/li>\n<li>PP metalizado (buena barrera contra la condensaci\u00f3n de agua y la luz solar)<\/li>\n<li>PE transparente (capa estructural y de sellado, buena barrera contra el vapor de agua)<\/li>\n<\/ul>\n<p><img decoding=\"async\" style=\"margin: 0 auto;\" title=\"Fruta Seca Galletas Alimentos Stand Up Bolsa de Embalaje\" src=\"https:\/\/www.cy-package.com\/2833\/2833-202205062229206363.jpg\" alt=\"Fruta Seca Galletas Alimentos Stand Up Bolsa de Embalaje\" \/><\/p>\n<p style=\"margin-top: 3em;\"><strong>ESQUEMA 2 <\/strong>es un laminado de dos capas. La elecci\u00f3n entre un compuesto transparente o no transparente depende de si el cliente desea una pieza transparente para exponer el producto.<\/p>\n<ul class=\"market-info list-paddingleft-2\">\n<li>PET\/BOPP transparente o mate (buenas propiedades de barrera contra la condensaci\u00f3n de agua, alta transparencia)<\/li>\n<li>PE transparente o blanco (capa de sellado y estructural, buena barrera contra el vapor de agua, alta transparencia)<\/li>\n<\/ul>\n<p><img decoding=\"async\" style=\"margin: 0 auto;\" title=\"Fruta Seca Galletas Alimentos Stand Up Bolsa de Embalaje\" src=\"https:\/\/www.cy-package.com\/2833\/2833-202205062229332830.png\" alt=\"Fruta Seca Galletas Alimentos Stand Up Bolsa de Embalaje\" \/><\/p>\n<div>\n<h3><span style=\"font-size: 20px;\"><strong>Par\u00e1metros del producto<\/strong><\/span><\/h3>\n<\/div>\n<div>\n<div class=\"nei-table\">\n<table width=\"1000\">\n<tbody>\n<tr class=\"firstRow\">\n<td style=\"border-color: #dddddd;\" colspan=\"1\" rowspan=\"1\" width=\"162\" height=\"20\">\n<div style=\"text-align: left;\">Material Grade:<\/div>\n<\/td>\n<td style=\"border-color: #dddddd;\" colspan=\"1\" rowspan=\"1\" width=\"837\" height=\"20\">\n<div>Material de calidad alimentaria<\/div>\n<\/td>\n<\/tr>\n<tr>\n<td style=\"border-color: #dddddd;\" colspan=\"1\" rowspan=\"1\" width=\"162\" height=\"20\">\n<div>Material:<\/div>\n<\/td>\n<td style=\"border-color: #dddddd;\" colspan=\"1\" rowspan=\"1\" width=\"837\" height=\"20\">\n<div>PET+VMPET+PE, BOPP+papel kraft+VMPET+PE, etc.<\/div>\n<\/td>\n<\/tr>\n<tr>\n<td style=\"border-color: #dddddd;\" colspan=\"1\" rowspan=\"1\" width=\"162\" height=\"20\">\n<div>Caracter\u00edstica :<\/div>\n<\/td>\n<td style=\"border-color: #dddddd;\" colspan=\"1\" rowspan=\"1\" width=\"837\" height=\"20\">\n<div>\n<p>1).Material de grado alimentario de seguridad e impresi\u00f3n perfecta<\/p>\n<div data-spm-anchor-id=\"a2700.pc-decorate.0.i62.50563333vYoKlh\">2).Great para evitar fugas, excelente Moiseture-Proof<\/div>\n<div data-spm-anchor-id=\"a2700.pc-decorate.0.i62.50563333vYoKlh\">3).Fondo de sellado fuerte y Ziplock duradero<\/div>\n<\/div>\n<\/td>\n<\/tr>\n<tr>\n<td style=\"border-color: #dddddd;\" colspan=\"1\" rowspan=\"1\" width=\"162\" height=\"20\">\n<div>Tama\u00f1o y grosor:<\/div>\n<\/td>\n<td style=\"border-color: #dddddd;\" colspan=\"1\" rowspan=\"1\" width=\"837\" height=\"20\">\n<div>Personalizado seg\u00fan sus necesidades<\/div>\n<\/td>\n<\/tr>\n<tr>\n<td style=\"border-color: #dddddd;\" colspan=\"1\" rowspan=\"1\" width=\"162\" height=\"20\">\n<div>Tipo de tinta:<\/div>\n<\/td>\n<td style=\"border-color: #dddddd;\" colspan=\"1\" rowspan=\"1\" width=\"837\" height=\"20\">\n<div>Tinta de soja ecol\u00f3gica de calidad alimentaria<\/div>\n<\/td>\n<\/tr>\n<tr>\n<td style=\"border-color: #dddddd;\" colspan=\"1\" rowspan=\"1\" width=\"162\" height=\"20\">\n<div>Capacidad:<\/div>\n<\/td>\n<td style=\"border-color: #dddddd;\" colspan=\"1\" rowspan=\"1\" width=\"837\" height=\"20\">\n<div>100g, 200g, 250g, 500g, 1000g\/1kg, 2kg, 5kg,8oz-100oz, Personalizado<\/div>\n<\/td>\n<\/tr>\n<tr>\n<td style=\"border-color: #dddddd;\" colspan=\"1\" rowspan=\"1\" width=\"162\" height=\"20\">\n<div>Aplicaci\u00f3n:<\/div>\n<\/td>\n<td style=\"border-color: #dddddd;\" colspan=\"1\" rowspan=\"1\" width=\"837\" height=\"20\">\n<div>Alimentaci\u00f3n \/ Caf\u00e9 \/ Comida para mascotas \/ T\u00e9 \/ Aperitivos \/ Frutos secos \/ Prote\u00edna de suero \/ Semillas, etc.<\/div>\n<\/td>\n<\/tr>\n<tr>\n<td style=\"border-color: #dddddd;\" colspan=\"1\" rowspan=\"1\" width=\"162\" height=\"20\">\n<div>Opciones de estilo:<\/div>\n<\/td>\n<td style=\"border-color: #dddddd;\" colspan=\"1\" rowspan=\"1\" width=\"837\" height=\"20\">\n<div>Fondo plano, Stand UP, fuelle lateral, cremallera superior, con\/sin ventana, Euro Hole, etc.<\/div>\n<\/td>\n<\/tr>\n<tr>\n<td style=\"border-color: #dddddd;\" colspan=\"1\" rowspan=\"1\" width=\"162\" height=\"20\">\n<div>Control de calidad:<\/div>\n<\/td>\n<td style=\"border-color: #dddddd;\" colspan=\"1\" rowspan=\"1\" width=\"837\" height=\"20\">\n<div data-spm-anchor-id=\"a2700.details.0.i14.1410417dX9YP5T\">El equipo avanzado y el equipo experimentado del control de calidad comprobar\u00e1n el material, los productos semielaborados y acabados terminantemente en cada paso antes de enviar.<\/div>\n<\/td>\n<\/tr>\n<\/tbody>\n<\/table>\n<\/div>\n<p>&nbsp;<\/p>\n<h4>About stand up bags protect<\/h4>\n<p>Actualmente, las bolsas de embalaje stand up son r\u00e1pidas, seguras y hermosas al mismo tiempo. Las bolsas de embalaje stand up pueden mejorar la seguridad del transporte del producto y reducir los riesgos de transporte durante el transporte de nuestros productos.<\/p>\n<p><img decoding=\"async\" style=\"width: 236px; height: 307px;\" title=\"Fruta Seca Galletas Alimentos Stand Up Bolsa de Embalaje\" src=\"https:\/\/www.cy-package.com\/2833\/2833-202312111653253996.jpg\" alt=\"Fruta Seca Galletas Alimentos Stand Up Bolsa de Embalaje\" width=\"236\" \/>\u00a0 \u00a0 \u00a0 \u00a0 \u00a0 \u00a0 \u00a0 \u00a0 \u00a0 \u00a0 \u00a0 \u00a0 \u00a0 \u00a0 \u00a0 \u00a0 \u00a0 \u00a0 \u00a0 \u00a0 \u00a0 \u00a0\u00a0<img decoding=\"async\" style=\"width: 288px; height: 310px;\" title=\"Fruta Seca Galletas Alimentos Stand Up Bolsa de Embalaje\" src=\"https:\/\/www.cy-package.com\/2833\/2833-202312111654161100.jpg\" alt=\"Fruta Seca Galletas Alimentos Stand Up Bolsa de Embalaje\" width=\"288\" \/><\/p>\n<p>Al mismo tiempo, la bolsa vertical tiene una alta solidez de sellado t\u00e9rmico, resistencia a la presi\u00f3n y resistencia a las ca\u00eddas. Incluso si se cae accidentalmente desde una altura, no provocar\u00e1 que el cuerpo de la bolsa se agriete o pierda, lo que mejora en gran medida la seguridad del producto.<\/p>\n<p>&nbsp;<\/p>\n<p>&nbsp;<\/p>\n<p style=\"text-align: center;\">\n<\/div>","protected":false},"excerpt":{"rendered":"<p class=\"wui-p-v-4\"><span class=\"wui-text-color-accents wui-text-weight-bold\">Marca:<\/span> <span class=\"wui-text-color-primary\">PAQUETE CY<\/span><\/p>\n<p class=\"wui-p-v-4\"><span class=\"wui-text-color-accents wui-text-weight-bold\">Origen del producto:<\/span> <span class=\"wui-text-color-primary\">China<\/span><\/p>\n<p class=\"wui-p-v-4\"><span class=\"wui-text-color-accents wui-text-weight-bold\">Plazo de entrega:<\/span> <span class=\"wui-text-color-primary\">30 d\u00edas de plazo<\/span><\/p>\n<p class=\"wui-p-v-4\"><span class=\"wui-text-color-accents wui-text-weight-bold\">Capacidad de suministro:<\/span> <span class=\"wui-text-color-primary\">1200 toneladas \/mes<\/span><\/p>\n<p class=\"wui-p-v-4\">Estructura del material:PET\/PE, PET\/VMPET\/PE, PET\/NY\/PE,MOPP\/VMPET\/PE<br \/>\nAplicaciones: Envasado de alimentos, envasado de caramelos, envasado de harina, envasado de galletas, envasado de aperitivos, envasado de polvos, envasado de caf\u00e9, envasado de alimentos secos.<\/p>\n<p>1. La bolsa de envasado stand up es ligera y compacta. Puede fabricarse en grandes cantidades.<br \/>\n2.Las bolsas de pie pueden colocarse de pie en las estanter\u00edas para realzar su aspecto.<br \/>\n3. La bolsa de embalaje de pie tiene una bonita impresi\u00f3n y una forma n\u00edtida.<\/p>","protected":false},"featured_media":460,"comment_status":"open","ping_status":"closed","template":"","meta":{"_seopress_robots_primary_cat":"none","_seopress_titles_title":"Dry Fruit Cookie Food Stand Up Packaging Bag","_seopress_titles_desc":"CY PACK is a manufacturer of dry fruit or cookies packaging bag. Digital printing or gravure printing is available.","_seopress_robots_index":"","_monsterinsights_skip_tracking":false,"_monsterinsights_sitenote_active":false,"_monsterinsights_sitenote_note":"","_monsterinsights_sitenote_category":0,"_kad_post_transparent":"default","_kad_post_title":"","_kad_post_layout":"default","_kad_post_sidebar_id":"","_kad_post_content_style":"default","_kad_post_vertical_padding":"default","_kad_post_feature":"","_kad_post_feature_position":"","_kad_post_header":false,"_kad_post_footer":false},"product_brand":[],"product_cat":[28],"product_tag":[],"class_list":{"0":"post-346","1":"product","2":"type-product","3":"status-publish","4":"has-post-thumbnail","6":"product_cat-food-packaging-bag","8":"first","9":"instock","10":"shipping-taxable","11":"product-type-simple","12":"entry","13":"content-bg","14":"loop-entry"},"_links":{"self":[{"href":"https:\/\/www.cy-package.com\/es\/wp-json\/wp\/v2\/product\/346","targetHints":{"allow":["GET"]}}],"collection":[{"href":"https:\/\/www.cy-package.com\/es\/wp-json\/wp\/v2\/product"}],"about":[{"href":"https:\/\/www.cy-package.com\/es\/wp-json\/wp\/v2\/types\/product"}],"replies":[{"embeddable":true,"href":"https:\/\/www.cy-package.com\/es\/wp-json\/wp\/v2\/comments?post=346"}],"version-history":[{"count":3,"href":"https:\/\/www.cy-package.com\/es\/wp-json\/wp\/v2\/product\/346\/revisions"}],"predecessor-version":[{"id":2047,"href":"https:\/\/www.cy-package.com\/es\/wp-json\/wp\/v2\/product\/346\/revisions\/2047"}],"wp:featuredmedia":[{"embeddable":true,"href":"https:\/\/www.cy-package.com\/es\/wp-json\/wp\/v2\/media\/460"}],"wp:attachment":[{"href":"https:\/\/www.cy-package.com\/es\/wp-json\/wp\/v2\/media?parent=346"}],"wp:term":[{"taxonomy":"product_brand","embeddable":true,"href":"https:\/\/www.cy-package.com\/es\/wp-json\/wp\/v2\/product_brand?post=346"},{"taxonomy":"product_cat","embeddable":true,"href":"https:\/\/www.cy-package.com\/es\/wp-json\/wp\/v2\/product_cat?post=346"},{"taxonomy":"product_tag","embeddable":true,"href":"https:\/\/www.cy-package.com\/es\/wp-json\/wp\/v2\/product_tag?post=346"}],"curies":[{"name":"wp","href":"https:\/\/api.w.org\/{rel}","templated":true}]}}