{"id":350,"date":"2024-09-05T10:28:41","date_gmt":"2024-09-05T02:28:41","guid":{"rendered":"https:\/\/www.cy-package.com\/?post_type=product&#038;p=350"},"modified":"2024-09-14T20:29:17","modified_gmt":"2024-09-14T12:29:17","slug":"papel-de-aluminio-de-pie-bolsa-de-envasado-de-alimentos","status":"publish","type":"product","link":"https:\/\/www.cy-package.com\/es\/producto\/papel-de-aluminio-de-pie-bolsa-de-envasado-de-alimentos\/","title":{"rendered":"Bolsa de papel de aluminio para envasado de alimentos"},"content":{"rendered":"<p style=\"text-align: center\"><span style=\"font-size: 18px\"><strong>Bolsa de papel de aluminio para envasado de alimentos<\/strong><\/span><\/p>\n<p><span>Las bolsas de papel de aluminio est\u00e1n fabricadas con papel de aluminio, papel de mylar o materiales laminados de VMPET, etc., que evitan que los alimentos sufran la erosi\u00f3n de la luz, el aire o la humedad, especialmente en el caso de productos l\u00edquidos como los aceitosos y ricos en agua.<\/span><\/p>\n<p><span><br \/><\/span><\/p>\n<p><span>El fabricante de bolsas personalizadas CY ofrece bolsas de calidad alimentaria de diferentes tama\u00f1os, con una gran variedad de accesorios, como cierre de cremallera recerrable, v\u00e1lvula de desgasificaci\u00f3n unidireccional, ventana, asa, etc.<\/span><\/p>\n<p><img decoding=\"async\" src=\"https:\/\/www.cy-package.com\/2833\/2833-202203022230213446.jpg\" title=\"Bolsa de papel de aluminio para envasado de alimentos\" alt=\"Bolsa de papel de aluminio para envasado de alimentos\" \/><\/p>\n<div style=\"text-align: center\"><span style=\"font-size: 24px\"><strong><span><em>Cont\u00e1ctenos \u00a1Obtenga una muestra gratis!<\/em><\/span><\/strong><\/span><\/div>\n<p><span style=\"font-size: 20px\"><strong><em>CONSEJOS:<\/em><\/strong><\/span><br \/><span>1.Soporta personalizaci\u00f3n OEM\/ODM????<strong><span>Le invitamos a ponerse en contacto con nosotros.<\/span><\/strong><br \/>2.Ahora hay ofertas especiales. Puedes conseguirlas en <strong><span>\u00bfenviando una consulta?<\/span><\/strong><br \/>3.Muestra de apoyo, necesita muestra para <strong><span>enviar solicitud de contacto<\/span><\/strong><\/span><\/p>\n<p><\/p>\n<div>\n<p><span style=\"font-size: 18px\"><strong>Par\u00e1metros del producto<\/strong><\/span><\/p>\n<\/div>\n<div>\n<div class=\"nei-table\">\n<table width=\"1000\">\n<tbody>\n<tr class=\"firstRow\">\n<td colspan=\"1\" rowspan=\"1\" height=\"20\" width=\"162\">\n<div style=\"text-align: left\"><span>Material Grade:<\/span><\/div>\n<\/td>\n<td colspan=\"1\" rowspan=\"1\" height=\"20\" width=\"837\">\n<div>Material de calidad alimentaria<\/div>\n<\/td>\n<\/tr>\n<tr>\n<td colspan=\"1\" rowspan=\"1\" height=\"20\" width=\"162\">\n<div><span>Material:<\/span><\/div>\n<\/td>\n<td colspan=\"1\" rowspan=\"1\" height=\"20\" width=\"837\">\n<div>PET+VMPET+PE, BOPP+papel Kraft+VMPET+PE, papel de aluminio, etc.<\/div>\n<\/td>\n<\/tr>\n<tr>\n<td colspan=\"1\" rowspan=\"1\" height=\"20\" width=\"162\">\n<div><span>Caracter\u00edstica :<\/span><\/div>\n<\/td>\n<td colspan=\"1\" rowspan=\"1\" height=\"20\" width=\"837\">\n<div>1).Material de grado alimentario de seguridad e impresi\u00f3n perfecta<\/p>\n<div data-spm-anchor-id=\"a2700.pc-decorate.0.i62.50563333vYoKlh\">2).Great para evitar fugas, excelente Moiseture-Proof<\/div>\n<div data-spm-anchor-id=\"a2700.pc-decorate.0.i62.50563333vYoKlh\">3).Fondo de sellado fuerte y Ziplock duradero<\/div>\n<\/div>\n<\/td>\n<\/tr>\n<tr>\n<td colspan=\"1\" rowspan=\"1\" height=\"20\" width=\"162\">\n<div><span>Tama\u00f1o y grosor:<\/span><\/div>\n<\/td>\n<td colspan=\"1\" rowspan=\"1\" height=\"20\" width=\"837\">\n<div>Personalizado seg\u00fan sus necesidades<\/div>\n<\/td>\n<\/tr>\n<tr>\n<td colspan=\"1\" rowspan=\"1\" height=\"20\" width=\"162\">\n<div><span>Tipo de tinta:<\/span><\/div>\n<\/td>\n<td colspan=\"1\" rowspan=\"1\" height=\"20\" width=\"837\">\n<div>Tinta de soja ecol\u00f3gica de calidad alimentaria<\/div>\n<\/td>\n<\/tr>\n<tr>\n<td colspan=\"1\" rowspan=\"1\" height=\"20\" width=\"162\">\n<div><span>Capacidad:<\/span><\/div>\n<\/td>\n<td colspan=\"1\" rowspan=\"1\" height=\"20\" width=\"837\">\n<div>100g, 200g, 250g, 500g, 1000g\/1kg, 2kg, 5kg,8oz-100oz, Personalizado<\/div>\n<\/td>\n<\/tr>\n<tr>\n<td colspan=\"1\" rowspan=\"1\" height=\"20\" width=\"162\">\n<div><span>Aplicaci\u00f3n:<\/span><\/div>\n<\/td>\n<td colspan=\"1\" rowspan=\"1\" height=\"20\" width=\"837\">\n<div>Alimentaci\u00f3n \/ Caf\u00e9 \/ Comida para mascotas \/ T\u00e9 \/ Aperitivos \/ Frutos secos \/ Prote\u00edna de suero \/ Semillas, etc.<\/div>\n<\/td>\n<\/tr>\n<tr>\n<td colspan=\"1\" rowspan=\"1\" height=\"20\" width=\"162\">\n<div><span>Opciones de estilo:<\/span><\/div>\n<\/td>\n<td colspan=\"1\" rowspan=\"1\" height=\"20\" width=\"837\">\n<div>Fondo plano, Stand UP, fuelle lateral, cremallera superior, con\/sin ventana, Euro Hole, etc.<\/div>\n<\/td>\n<\/tr>\n<tr>\n<td colspan=\"1\" rowspan=\"1\" height=\"20\" width=\"162\">\n<div><span>Control de calidad:<\/span><\/div>\n<\/td>\n<td colspan=\"1\" rowspan=\"1\" height=\"20\" width=\"837\">\n<div data-spm-anchor-id=\"a2700.details.0.i14.1410417dX9YP5T\">El equipo avanzado y el equipo experimentado del control de calidad comprobar\u00e1n el material, los productos semielaborados y acabados terminantemente en cada paso antes de enviar.<\/div>\n<\/td>\n<\/tr>\n<\/tbody>\n<\/table>\n<\/div>\n<p><\/p>\n<p><\/p>\n<h2><strong>Flujos de trabajo para la preproducci\u00f3n:<\/strong><br \/><\/h2>\n<p>1. Proporci\u00f3nenos informaci\u00f3n detallada sobre la bolsa que desea fabricar, como el uso previsto, el tama\u00f1o, la ilustraci\u00f3n, la estructura y el grosor, etc. Si es necesario, tambi\u00e9n podemos ofrecerle nuestras sugerencias profesionales para su elecci\u00f3n.<\/p>\n<p>2. Le enviaremos un presupuesto cuando tengamos toda la informaci\u00f3n sobre la bolsa.<\/p>\n<p>3. Una vez confirmado el precio por ambas partes, empezaremos a trabajar en el procesamiento de las ilustraciones (para su informaci\u00f3n: necesitamos procesar las ilustraciones en una versi\u00f3n factible para la impresi\u00f3n en huecograbado).<\/p>\n<p>4. Configuraci\u00f3n del est\u00e1ndar de color.<\/p>\n<p>5. Confirme el material gr\u00e1fico y firme el contrato.<\/p>\n<p>6. Los compradores tienen que pagar por adelantado el cilindro (coste de impresi\u00f3n) y 40% pago anticipado de la orden.<\/p>\n<p>7. Comenzaremos a producir los productos del quanlity para usted despu\u00e9s de entonces.<\/p>\n<p><\/p>\n<\/div><\/div>\n<\/p><\/div>","protected":false},"excerpt":{"rendered":"<p class=\"wui-p-v-4\">    <span class=\"wui-text-color-accents wui-text-weight-bold\">Marca:<\/span>    <span class=\"wui-text-color-primary\">PAQUETE CY<\/span><\/p>\n<p class=\"wui-p-v-4\">    <span class=\"wui-text-color-accents wui-text-weight-bold\">Origen del producto:<\/span>    <span class=\"wui-text-color-primary\">China<\/span><\/p>\n<p class=\"wui-p-v-4\">    <span class=\"wui-text-color-accents wui-text-weight-bold\">Plazo de entrega:<\/span>    <span class=\"wui-text-color-primary\">25 d\u00edas de plazo de entrega<\/span><\/p>\n<p class=\"wui-p-v-4\">    <span class=\"wui-text-color-accents wui-text-weight-bold\">Capacidad de suministro:<\/span>    <span class=\"wui-text-color-primary\">1200 toneladas \/mes<\/span><\/p>\n<p class=\"wui-p-v-4\">Las bolsas stand up de papel de aluminio est\u00e1n fabricadas con papel de aluminio, papel de mylar o materiales laminados de VMPET, etc., que evitan que los alimentos sufran la erosi\u00f3n de la luz, el aire o la humedad, especialmente en el caso de productos l\u00edquidos como los aceitosos y ricos en agua.<br \/>CY stand up foil pouch custom manufacturer offer food grade pouch packaging with different sizes, variety of different bag accessories, such as recloable ziplock, one-way degassing valve, window, or etc.<\/p>","protected":false},"featured_media":477,"comment_status":"open","ping_status":"closed","template":"","meta":{"_seopress_robots_primary_cat":"","_seopress_titles_title":"","_seopress_titles_desc":"","_seopress_robots_index":"","_monsterinsights_skip_tracking":false,"_monsterinsights_sitenote_active":false,"_monsterinsights_sitenote_note":"","_monsterinsights_sitenote_category":0,"_kad_post_transparent":"","_kad_post_title":"","_kad_post_layout":"","_kad_post_sidebar_id":"","_kad_post_content_style":"","_kad_post_vertical_padding":"","_kad_post_feature":"","_kad_post_feature_position":"","_kad_post_header":false,"_kad_post_footer":false},"product_brand":[],"product_cat":[28],"product_tag":[],"class_list":{"0":"post-350","1":"product","2":"type-product","3":"status-publish","4":"has-post-thumbnail","6":"product_cat-food-packaging-bag","8":"first","9":"instock","10":"shipping-taxable","11":"product-type-simple","12":"entry","13":"content-bg","14":"loop-entry"},"_links":{"self":[{"href":"https:\/\/www.cy-package.com\/es\/wp-json\/wp\/v2\/product\/350","targetHints":{"allow":["GET"]}}],"collection":[{"href":"https:\/\/www.cy-package.com\/es\/wp-json\/wp\/v2\/product"}],"about":[{"href":"https:\/\/www.cy-package.com\/es\/wp-json\/wp\/v2\/types\/product"}],"replies":[{"embeddable":true,"href":"https:\/\/www.cy-package.com\/es\/wp-json\/wp\/v2\/comments?post=350"}],"version-history":[{"count":0,"href":"https:\/\/www.cy-package.com\/es\/wp-json\/wp\/v2\/product\/350\/revisions"}],"wp:featuredmedia":[{"embeddable":true,"href":"https:\/\/www.cy-package.com\/es\/wp-json\/wp\/v2\/media\/477"}],"wp:attachment":[{"href":"https:\/\/www.cy-package.com\/es\/wp-json\/wp\/v2\/media?parent=350"}],"wp:term":[{"taxonomy":"product_brand","embeddable":true,"href":"https:\/\/www.cy-package.com\/es\/wp-json\/wp\/v2\/product_brand?post=350"},{"taxonomy":"product_cat","embeddable":true,"href":"https:\/\/www.cy-package.com\/es\/wp-json\/wp\/v2\/product_cat?post=350"},{"taxonomy":"product_tag","embeddable":true,"href":"https:\/\/www.cy-package.com\/es\/wp-json\/wp\/v2\/product_tag?post=350"}],"curies":[{"name":"wp","href":"https:\/\/api.w.org\/{rel}","templated":true}]}}