{"id":368,"date":"2024-09-05T10:29:02","date_gmt":"2024-09-05T02:29:02","guid":{"rendered":"https:\/\/www.cy-package.com\/?post_type=product&#038;p=368"},"modified":"2025-11-28T16:16:54","modified_gmt":"2025-11-28T08:16:54","slug":"flat-bottom-packaging-bags","status":"publish","type":"product","link":"https:\/\/www.cy-package.com\/es\/producto\/flat-bottom-packaging-bags\/","title":{"rendered":"Bolsas de pl\u00e1stico de fondo plano para envasado de alimentos"},"content":{"rendered":"<p>&nbsp;<\/p>\n<div style=\"text-align: center;\"><span style=\"font-size: 24px;\"><strong><em>Cont\u00e1ctenos \u00a1Obtenga una muestra gratis!<\/em><\/strong><\/span><\/div>\n<p><span style=\"font-size: 20px;\"><strong><em>CONSEJOS:<\/em><\/strong><\/span><br \/>\n1.Soporta personalizaci\u00f3n OEM\/ODM????<strong>Le invitamos a ponerse en contacto con nosotros.<\/strong><br \/>\n2.Ahora hay ofertas especiales. Puedes conseguirlas en <strong>\u00bfenviando una consulta?<\/strong><br \/>\n3.Muestra de apoyo, necesita muestra para <strong>enviar solicitud de contacto<\/strong><\/p>\n<p>&nbsp;<\/p>\n<p>Los consumidores, los pol\u00edticos y los medios de comunicaci\u00f3n prestan cada vez m\u00e1s atenci\u00f3n al problema de los residuos pl\u00e1sticos, por lo que la industria alimentaria y no alimentaria est\u00e1 cambiando su forma de hacer negocios. Los actores de toda la cadena de valor est\u00e1n pensando en reducir los residuos en los vertederos. Los materiales laminados reciclables ser\u00e1n la mejor opci\u00f3n en este momento. Esta bolsa de PE\/PE ecol\u00f3gica no solo se puede reciclar en los sistemas de reciclaje existentes, sino que tambi\u00e9n prolongar\u00e1 la vida \u00fatil de su producto.<\/p>\n<p>&nbsp;<\/p>\n<div>\n<p><span style=\"font-size: 18px;\"><strong>Par\u00e1metros del producto<\/strong><\/span><\/p>\n<\/div>\n<div>\n<div class=\"nei-table\">\n<table width=\"1000\">\n<tbody>\n<tr class=\"firstRow\">\n<td colspan=\"1\" rowspan=\"1\" width=\"162\" height=\"20\">\n<div style=\"text-align: left;\">Material Grade:<\/div>\n<\/td>\n<td colspan=\"1\" rowspan=\"1\" width=\"837\" height=\"20\">\n<div>Material de calidad alimentaria<\/div>\n<\/td>\n<\/tr>\n<tr>\n<td colspan=\"1\" rowspan=\"1\" width=\"162\" height=\"20\">\n<div>Material:<\/div>\n<\/td>\n<td colspan=\"1\" rowspan=\"1\" width=\"837\" height=\"20\">\n<div>PET+VMPET+PE, BOPP+papel kraft+VMPET+PE, etc.<\/div>\n<\/td>\n<\/tr>\n<tr>\n<td colspan=\"1\" rowspan=\"1\" width=\"162\" height=\"20\">\n<div>Caracter\u00edstica :<\/div>\n<\/td>\n<td colspan=\"1\" rowspan=\"1\" width=\"837\" height=\"20\">\n<div>\n<p>1).Material de grado alimentario de seguridad e impresi\u00f3n perfecta<\/p>\n<div data-spm-anchor-id=\"a2700.pc-decorate.0.i62.50563333vYoKlh\">2).Great para evitar fugas, excelente Moiseture-Proof<\/div>\n<div data-spm-anchor-id=\"a2700.pc-decorate.0.i62.50563333vYoKlh\">3).Fondo de sellado fuerte y Ziplock duradero<\/div>\n<\/div>\n<\/td>\n<\/tr>\n<tr>\n<td colspan=\"1\" rowspan=\"1\" width=\"162\" height=\"20\">\n<div>Tama\u00f1o y grosor:<\/div>\n<\/td>\n<td colspan=\"1\" rowspan=\"1\" width=\"837\" height=\"20\">\n<div>Personalizado seg\u00fan sus necesidades<\/div>\n<\/td>\n<\/tr>\n<tr>\n<td colspan=\"1\" rowspan=\"1\" width=\"162\" height=\"20\">\n<div>Tipo de tinta:<\/div>\n<\/td>\n<td colspan=\"1\" rowspan=\"1\" width=\"837\" height=\"20\">\n<div>Tinta de soja ecol\u00f3gica de calidad alimentaria<\/div>\n<\/td>\n<\/tr>\n<tr>\n<td colspan=\"1\" rowspan=\"1\" width=\"162\" height=\"20\">\n<div>Capacidad:<\/div>\n<\/td>\n<td colspan=\"1\" rowspan=\"1\" width=\"837\" height=\"20\">\n<div>100g, 200g, 250g, 500g, 1000g\/1kg, 2kg, 5kg,8oz-100oz, Personalizado<\/div>\n<\/td>\n<\/tr>\n<tr>\n<td colspan=\"1\" rowspan=\"1\" width=\"162\" height=\"20\">\n<div>Aplicaci\u00f3n:<\/div>\n<\/td>\n<td colspan=\"1\" rowspan=\"1\" width=\"837\" height=\"20\">\n<div>Alimentaci\u00f3n \/ Caf\u00e9 \/ Comida para mascotas \/ T\u00e9 \/ Aperitivos \/ Frutos secos \/ Prote\u00edna de suero \/ Semillas, etc.<\/div>\n<\/td>\n<\/tr>\n<tr>\n<td colspan=\"1\" rowspan=\"1\" width=\"162\" height=\"20\">\n<div>Opciones de estilo:<\/div>\n<\/td>\n<td colspan=\"1\" rowspan=\"1\" width=\"837\" height=\"20\">\n<div>Fondo plano, Stand UP, fuelle lateral, cremallera superior, con\/sin ventana, Euro Hole, etc.<\/div>\n<\/td>\n<\/tr>\n<tr>\n<td colspan=\"1\" rowspan=\"1\" width=\"162\" height=\"20\">\n<div>Control de calidad:<\/div>\n<\/td>\n<td colspan=\"1\" rowspan=\"1\" width=\"837\" height=\"20\">\n<div data-spm-anchor-id=\"a2700.details.0.i14.1410417dX9YP5T\">El equipo avanzado y el equipo experimentado del control de calidad comprobar\u00e1n el material, los productos semielaborados y acabados terminantemente en cada paso antes de enviar.<\/div>\n<\/td>\n<\/tr>\n<\/tbody>\n<\/table>\n<\/div>\n<p>&nbsp;<\/p>\n<p>&nbsp;<\/p>\n<p>&nbsp;<\/p>\n<p style=\"text-align: center;\">\n<p style=\"text-align: center;\">\n<p style=\"text-align: center;\">\n<\/div>","protected":false},"excerpt":{"rendered":"<p class=\"wui-p-v-4\"><span class=\"wui-text-color-accents wui-text-weight-bold\">Marca:<\/span> <span class=\"wui-text-color-primary\">PAQUETE CY<\/span><\/p>\n<p class=\"wui-p-v-4\"><span class=\"wui-text-color-accents wui-text-weight-bold\">Origen del producto:<\/span> <span class=\"wui-text-color-primary\">China<\/span><\/p>\n<p class=\"wui-p-v-4\"><span class=\"wui-text-color-accents wui-text-weight-bold\">Plazo de entrega:<\/span> <span class=\"wui-text-color-primary\">25 d\u00edas de plazo de entrega<\/span><\/p>\n<p class=\"wui-p-v-4\"><span class=\"wui-text-color-accents wui-text-weight-bold\">Capacidad de suministro:<\/span> <span class=\"wui-text-color-primary\">1200 toneladas \/mes<\/span><\/p>\n<p class=\"wui-p-v-4\">Esta bolsa de fondo plano tan deseada ofrece una incre\u00edble estabilidad en las estanter\u00edas gracias a su fondo robusto y nivelado. Dado que la base es plana y segura, la bolsa de fondo plano es la soluci\u00f3n de envasado ideal para muchos productos de consumo, como cereales, arroz, caf\u00e9, t\u00e9 o alimentos para mascotas. Las marcas premium de los sectores de alimentos para mascotas, nutrici\u00f3n deportiva, cereales y caf\u00e9 est\u00e1n tendiendo r\u00e1pidamente hacia este formato de envase.<\/p>","protected":false},"featured_media":487,"comment_status":"open","ping_status":"closed","template":"","meta":{"_seopress_robots_primary_cat":"none","_seopress_titles_title":"Plastic Flat Bottom Food Packaging Bags","_seopress_titles_desc":"From stand-up pouches to roll stock film, we deliver flexible packaging that meets your specs and deadlines. Innovative materials, expert support.","_seopress_robots_index":"","_monsterinsights_skip_tracking":false,"_monsterinsights_sitenote_active":false,"_monsterinsights_sitenote_note":"","_monsterinsights_sitenote_category":0,"_kad_post_transparent":"default","_kad_post_title":"","_kad_post_layout":"default","_kad_post_sidebar_id":"","_kad_post_content_style":"default","_kad_post_vertical_padding":"default","_kad_post_feature":"","_kad_post_feature_position":"","_kad_post_header":false,"_kad_post_footer":false},"product_brand":[],"product_cat":[40,28],"product_tag":[],"class_list":{"0":"post-368","1":"product","2":"type-product","3":"status-publish","4":"has-post-thumbnail","6":"product_cat-coffee-bags","7":"product_cat-food-packaging-bag","9":"first","10":"instock","11":"shipping-taxable","12":"product-type-simple","13":"entry","14":"content-bg","15":"loop-entry"},"_links":{"self":[{"href":"https:\/\/www.cy-package.com\/es\/wp-json\/wp\/v2\/product\/368","targetHints":{"allow":["GET"]}}],"collection":[{"href":"https:\/\/www.cy-package.com\/es\/wp-json\/wp\/v2\/product"}],"about":[{"href":"https:\/\/www.cy-package.com\/es\/wp-json\/wp\/v2\/types\/product"}],"replies":[{"embeddable":true,"href":"https:\/\/www.cy-package.com\/es\/wp-json\/wp\/v2\/comments?post=368"}],"version-history":[{"count":3,"href":"https:\/\/www.cy-package.com\/es\/wp-json\/wp\/v2\/product\/368\/revisions"}],"predecessor-version":[{"id":2232,"href":"https:\/\/www.cy-package.com\/es\/wp-json\/wp\/v2\/product\/368\/revisions\/2232"}],"wp:featuredmedia":[{"embeddable":true,"href":"https:\/\/www.cy-package.com\/es\/wp-json\/wp\/v2\/media\/487"}],"wp:attachment":[{"href":"https:\/\/www.cy-package.com\/es\/wp-json\/wp\/v2\/media?parent=368"}],"wp:term":[{"taxonomy":"product_brand","embeddable":true,"href":"https:\/\/www.cy-package.com\/es\/wp-json\/wp\/v2\/product_brand?post=368"},{"taxonomy":"product_cat","embeddable":true,"href":"https:\/\/www.cy-package.com\/es\/wp-json\/wp\/v2\/product_cat?post=368"},{"taxonomy":"product_tag","embeddable":true,"href":"https:\/\/www.cy-package.com\/es\/wp-json\/wp\/v2\/product_tag?post=368"}],"curies":[{"name":"wp","href":"https:\/\/api.w.org\/{rel}","templated":true}]}}