{"id":1078,"date":"2024-11-05T11:09:42","date_gmt":"2024-11-05T03:09:42","guid":{"rendered":"https:\/\/www.cy-package.com\/?post_type=product&#038;p=1078"},"modified":"2026-01-20T10:27:09","modified_gmt":"2026-01-20T02:27:09","slug":"sacs-demballage-alimentaire-en-plastique-a-fond-plat-2","status":"publish","type":"product","link":"https:\/\/www.cy-package.com\/fr\/produit\/sacs-demballage-alimentaire-en-plastique-a-fond-plat-2\/","title":{"rendered":"Emballages flexibles personnalis\u00e9s pochettes \u00e0 fermeture \u00e9clair imprim\u00e9es"},"content":{"rendered":"<p><span style=\"color: #0e37b3; font-size: 24px;\"><strong style=\"font-family: var(--global-body-font-family);\">Paramenteurs de produits<\/strong><\/span><\/p>\n<div>\n<div class=\"nei-table\">\n<div>\n<table style=\"border-collapse: collapse; width: 100%;\">\n<tbody>\n<tr>\n<td style=\"width: 19.8374%;\">Mat\u00e9riau :<\/td>\n<td style=\"width: 80.1626%;\">PET+VMPET+PE, BOPP+papier kraft+VMPET+PE, etc.<\/td>\n<\/tr>\n<tr>\n<td style=\"width: 19.8374%;\">Type d'encre :<\/td>\n<td style=\"width: 80.1626%;\">Encre de soja \u00e9cologique de qualit\u00e9 alimentaire<\/td>\n<\/tr>\n<tr>\n<td style=\"width: 19.8374%;\">Application :<\/td>\n<td style=\"width: 80.1626%;\">Alimentation \/ Caf\u00e9 \/ Nourriture pour animaux \/ Th\u00e9 \/ Snack \/ Noix \/ Prot\u00e9ines de lactos\u00e9rum \/ Graines, etc.<\/td>\n<\/tr>\n<tr>\n<td style=\"width: 19.8374%;\">Options de style :<\/td>\n<td style=\"width: 80.1626%;\">Fond plat, debout, soufflet lat\u00e9ral, fermeture \u00e0 glissi\u00e8re, avec ou sans fen\u00eatre, trou europ\u00e9en, etc.<\/td>\n<\/tr>\n<tr>\n<td style=\"width: 19.8374%;\">Contr\u00f4le de la qualit\u00e9 :<\/td>\n<td style=\"width: 80.1626%;\">Des \u00e9quipements de pointe et une \u00e9quipe de contr\u00f4le qualit\u00e9 exp\u00e9riment\u00e9e v\u00e9rifient rigoureusement les mat\u00e9riaux, les produits semi-finis et les produits finis \u00e0 chaque \u00e9tape avant l'exp\u00e9dition.<\/td>\n<\/tr>\n<\/tbody>\n<\/table>\n<\/div>\n<\/div>\n<\/div>\n<p>&nbsp;<\/p>\n<p><img fetchpriority=\"high\" decoding=\"async\" class=\"size-medium wp-image-1100 aligncenter\" src=\"https:\/\/www.cy-package.com\/wp-content\/uploads\/2024\/11\/5-300x300.jpg\" alt=\"sachets debout\" width=\"300\" height=\"300\" srcset=\"https:\/\/www.cy-package.com\/wp-content\/uploads\/2024\/11\/5-300x300.jpg 300w, https:\/\/www.cy-package.com\/wp-content\/uploads\/2024\/11\/5-1024x1024.jpg 1024w, https:\/\/www.cy-package.com\/wp-content\/uploads\/2024\/11\/5-150x150.jpg 150w, https:\/\/www.cy-package.com\/wp-content\/uploads\/2024\/11\/5-768x768.jpg 768w, https:\/\/www.cy-package.com\/wp-content\/uploads\/2024\/11\/5-12x12.jpg 12w, https:\/\/www.cy-package.com\/wp-content\/uploads\/2024\/11\/5-600x600.jpg 600w, https:\/\/www.cy-package.com\/wp-content\/uploads\/2024\/11\/5-800x800.jpg 800w, https:\/\/www.cy-package.com\/wp-content\/uploads\/2024\/11\/5-100x100.jpg 100w, https:\/\/www.cy-package.com\/wp-content\/uploads\/2024\/11\/5.jpg 1500w\" sizes=\"(max-width: 300px) 100vw, 300px\" \/><\/p>\n<div>\n<h2><span style=\"font-size: 24px; color: #0e37b3;\"><strong>Pourquoi CY PACK<\/strong><\/span><\/h2>\n<p>CY PACK est un fabricant digne de confiance qui peut vous aider \u00e0 personnaliser des emballages flexibles, des pochettes \u00e0 fermeture \u00e9clair imprim\u00e9es :<\/p>\n<p>\u2606 Des mat\u00e9riaux de haute qualit\u00e9 : CY PACK utilise des mat\u00e9riaux \u00e9cologiques de haute qualit\u00e9 pour garantir la s\u00e9curit\u00e9 et la durabilit\u00e9 des produits.<\/p>\n<p>\u2606 Personnalisation professionnelle : Fournir des services de conception personnalis\u00e9s pour r\u00e9pondre \u00e0 vos besoins uniques.<\/p>\n<p>\u2606 Technologie avanc\u00e9e : CY PACK utilise une technologie d'impression moderne pour garantir des couleurs vives et des motifs clairs.<\/p>\n<p>\u2606 Excellent service : L'\u00e9quipe professionnelle de CY PACK fournit un soutien complet pour assurer votre exp\u00e9rience satisfaisante.<\/p>\n<p>\u2606 Fabricant \u00e0 la source:R\u00e9duisez vos co\u00fbts d'exploitation \u00e0 la source<\/p>\n<p>\u2606 Contr\u00f4le de la qualit\u00e9 : Probl\u00e8mes de qualit\u00e9, compensation ou refaire.<\/p>\n<p>&nbsp;<\/p>\n<p style=\"text-align: center;\">\n<\/div>","protected":false},"excerpt":{"rendered":"<p class=\"wui-p-v-4\"><span class=\"wui-text-color-accents wui-text-weight-bold\">Marque :<\/span> <span class=\"wui-text-color-primary\">PACK CY<\/span><\/p>\n<p class=\"wui-p-v-4\"><span class=\"wui-text-color-accents wui-text-weight-bold\">Origine du produit :<\/span> <span class=\"wui-text-color-primary\">Chine<\/span><\/p>\n<p class=\"wui-p-v-4\"><span class=\"wui-text-color-accents wui-text-weight-bold\">D\u00e9lai de livraison :<\/span> <span class=\"wui-text-color-primary\">D\u00e9lai de 20 jours<\/span><\/p>\n<p class=\"wui-p-v-4\"><span class=\"wui-text-color-accents wui-text-weight-bold\">Capacit\u00e9 d'approvisionnement :<\/span> <span class=\"wui-text-color-primary\">1200 tonnes\/mois<\/span><\/p>\n<p>Les Stand up pouches sont des sacs d'emballage autoportants\uff08also called doypack\uff09, g\u00e9n\u00e9ralement fabriqu\u00e9s en plastique ou en mat\u00e9riaux composites. Sa conception permet aux sachets de tenir debout sans support externe, ce qui est pratique pour la pr\u00e9sentation et le stockage. Les emballages souples de type \"stand-up pouch\" sont largement utilis\u00e9s dans les secteurs de la vente au d\u00e9tail et de l'alimentation en raison de leur commodit\u00e9 et de leur bon effet de pr\u00e9sentation. Les caract\u00e9ristiques des sachets souples \u00e0 fermeture \u00e9clair sont les suivantes :<br \/>\n1. facile \u00e0 ouvrir et \u00e0 fermer<br \/>\n2. bonne \u00e9tanch\u00e9it\u00e9<br \/>\n3. l'attrait visuel<br \/>\n4. l\u00e9ger et facile \u00e0 transporter<\/p>","protected":false},"featured_media":1079,"comment_status":"open","ping_status":"closed","template":"","meta":{"_seopress_robots_primary_cat":"none","_seopress_titles_title":"Custom flexible packaging printed zipper stand up pouches","_seopress_titles_desc":"CY PACK is a manufacture in China, accept custom flexible packaging such as printed  stand up pouches, flat bottom pouches, coffee bags,roll stock ect..","_seopress_robots_index":"","_monsterinsights_skip_tracking":false,"_monsterinsights_sitenote_active":false,"_monsterinsights_sitenote_note":"","_monsterinsights_sitenote_category":0,"_kad_post_transparent":"default","_kad_post_title":"","_kad_post_layout":"default","_kad_post_sidebar_id":"","_kad_post_content_style":"default","_kad_post_vertical_padding":"default","_kad_post_feature":"","_kad_post_feature_position":"","_kad_post_header":false,"_kad_post_footer":false},"product_brand":[],"product_cat":[39],"product_tag":[],"class_list":{"0":"post-1078","1":"product","2":"type-product","3":"status-publish","4":"has-post-thumbnail","6":"product_cat-stand-up-pouches","8":"first","9":"instock","10":"shipping-taxable","11":"product-type-simple","12":"entry","13":"content-bg","14":"loop-entry"},"_links":{"self":[{"href":"https:\/\/www.cy-package.com\/fr\/wp-json\/wp\/v2\/product\/1078","targetHints":{"allow":["GET"]}}],"collection":[{"href":"https:\/\/www.cy-package.com\/fr\/wp-json\/wp\/v2\/product"}],"about":[{"href":"https:\/\/www.cy-package.com\/fr\/wp-json\/wp\/v2\/types\/product"}],"replies":[{"embeddable":true,"href":"https:\/\/www.cy-package.com\/fr\/wp-json\/wp\/v2\/comments?post=1078"}],"version-history":[{"count":5,"href":"https:\/\/www.cy-package.com\/fr\/wp-json\/wp\/v2\/product\/1078\/revisions"}],"predecessor-version":[{"id":2354,"href":"https:\/\/www.cy-package.com\/fr\/wp-json\/wp\/v2\/product\/1078\/revisions\/2354"}],"wp:featuredmedia":[{"embeddable":true,"href":"https:\/\/www.cy-package.com\/fr\/wp-json\/wp\/v2\/media\/1079"}],"wp:attachment":[{"href":"https:\/\/www.cy-package.com\/fr\/wp-json\/wp\/v2\/media?parent=1078"}],"wp:term":[{"taxonomy":"product_brand","embeddable":true,"href":"https:\/\/www.cy-package.com\/fr\/wp-json\/wp\/v2\/product_brand?post=1078"},{"taxonomy":"product_cat","embeddable":true,"href":"https:\/\/www.cy-package.com\/fr\/wp-json\/wp\/v2\/product_cat?post=1078"},{"taxonomy":"product_tag","embeddable":true,"href":"https:\/\/www.cy-package.com\/fr\/wp-json\/wp\/v2\/product_tag?post=1078"}],"curies":[{"name":"wp","href":"https:\/\/api.w.org\/{rel}","templated":true}]}}