{"id":1312,"date":"2024-12-18T14:41:02","date_gmt":"2024-12-18T06:41:02","guid":{"rendered":"https:\/\/www.cy-package.com\/?post_type=product&#038;p=1312"},"modified":"2025-01-21T15:42:49","modified_gmt":"2025-01-21T07:42:49","slug":"sacs-demballage-alimentaire-en-plastique-a-fond-plat-4","status":"publish","type":"product","link":"https:\/\/www.cy-package.com\/fr\/produit\/sacs-demballage-alimentaire-en-plastique-a-fond-plat-4\/","title":{"rendered":"Emballages alimentaires biod\u00e9gradables Sacs imprim\u00e9s Produits d'emballage durables"},"content":{"rendered":"<div data-elementor-type=\"product-post\" data-elementor-id=\"1312\" class=\"elementor elementor-1312\" data-elementor-post-type=\"product\">\n\t\t\t\t\t\t<section class=\"elementor-section elementor-top-section elementor-element elementor-element-1d48491a elementor-section-boxed elementor-section-height-default elementor-section-height-default\" data-id=\"1d48491a\" data-element_type=\"section\">\n\t\t\t\t\t\t<div class=\"elementor-container elementor-column-gap-default\">\n\t\t\t\t\t<div class=\"elementor-column elementor-col-100 elementor-top-column elementor-element elementor-element-62bc43d4\" data-id=\"62bc43d4\" data-element_type=\"column\">\n\t\t\t<div class=\"elementor-widget-wrap elementor-element-populated\">\n\t\t\t\t\t\t<div class=\"elementor-element elementor-element-4fdf0738 elementor-widget elementor-widget-text-editor\" data-id=\"4fdf0738\" data-element_type=\"widget\" data-widget_type=\"text-editor.default\">\n\t\t\t\t<div class=\"elementor-widget-container\">\n\t\t\t\t\t\t\t\t\t<p><span style=\"color: #2b6cb3; font-size: 28px;\"><strong style=\"font-family: var(--global-body-font-family);\">Paramenteurs de produits<\/strong><\/span><\/p><div><div class=\"nei-table\"><div><table style=\"border-collapse: collapse; width: 100%;\"><tbody><tr><td style=\"width: 19.8374%;\">Mat\u00e9riau :<\/td><td style=\"width: 80.1626%;\">Papier Kraft\/PLA\/PBAT, etc.<\/td><\/tr><tr><td style=\"width: 19.8374%;\">Type d'encre :<\/td><td style=\"width: 80.1626%;\">Encre de soja \u00e9cologique de qualit\u00e9 alimentaire<\/td><\/tr><tr><td style=\"width: 19.8374%;\">Application :<\/td><td style=\"width: 80.1626%;\">Alimentation \/ Caf\u00e9 \/ Nourriture pour animaux \/ Th\u00e9 \/ Snack \/ Noix \/ Prot\u00e9ines de lactos\u00e9rum \/ Bonbons \/ Graines, etc.<\/td><\/tr><tr><td style=\"width: 19.8374%;\">Options de style :<\/td><td style=\"width: 80.1626%;\">Fond plat, debout, soufflet lat\u00e9ral, fermeture \u00e0 glissi\u00e8re, avec ou sans fen\u00eatre, trou europ\u00e9en, etc.<\/td><\/tr><tr><td style=\"width: 19.8374%;\">Contr\u00f4le de la qualit\u00e9 :<\/td><td style=\"width: 80.1626%;\">Des \u00e9quipements de pointe et une \u00e9quipe de contr\u00f4le qualit\u00e9 exp\u00e9riment\u00e9e v\u00e9rifient rigoureusement les mat\u00e9riaux, les produits semi-finis et les produits finis \u00e0 chaque \u00e9tape avant l'exp\u00e9dition.<\/td><\/tr><\/tbody><\/table><\/div><\/div><\/div><p><img fetchpriority=\"high\" decoding=\"async\" class=\"aligncenter wp-image-1313\" src=\"https:\/\/www.cy-package.com\/wp-content\/uploads\/2024\/12\/4.jpg\" alt=\"\" width=\"334\" height=\"334\" srcset=\"https:\/\/www.cy-package.com\/wp-content\/uploads\/2024\/12\/4.jpg 800w, https:\/\/www.cy-package.com\/wp-content\/uploads\/2024\/12\/4-300x300.jpg 300w, https:\/\/www.cy-package.com\/wp-content\/uploads\/2024\/12\/4-150x150.jpg 150w, https:\/\/www.cy-package.com\/wp-content\/uploads\/2024\/12\/4-768x768.jpg 768w, https:\/\/www.cy-package.com\/wp-content\/uploads\/2024\/12\/4-12x12.jpg 12w, https:\/\/www.cy-package.com\/wp-content\/uploads\/2024\/12\/4-600x600.jpg 600w, https:\/\/www.cy-package.com\/wp-content\/uploads\/2024\/12\/4-100x100.jpg 100w\" sizes=\"(max-width: 334px) 100vw, 334px\" \/><\/p><p>Les sacs d'emballage alimentaire biod\u00e9gradables sont fabriqu\u00e9s \u00e0 partir de mat\u00e9riaux tels que les plastiques recyclables PET ou HDPE, le carton et le papier, qui peuvent \u00eatre transform\u00e9s en nouveaux articles. Ils comprennent \u00e9galement des mat\u00e9riaux compostables tels que le PLA (\u00e0 base d'amidon) et la cellulose, qui se biod\u00e9gradent dans le compost, offrant ainsi une alternative \u00e9cologique aux plastiques traditionnels.Nos produits d'emballage durables sont con\u00e7us pour se d\u00e9composer naturellement,r\u00e9duisant les d\u00e9chets et minimisant l'empreinte carbone.Ces sacs ne r\u00e9pondent pas seulement \u00e0 vos besoins d'emballage mais s'alignent \u00e9galement sur votre engagement en mati\u00e8re de d\u00e9veloppement durable.Ils sont parfaits pour les restaurants, les caf\u00e9s et les d\u00e9taillants en alimentation qui cherchent \u00e0 am\u00e9liorer leurs pratiques \u00e9cologiques.Personnalisez vos sacs d'emballage alimentaire imprim\u00e9s avec des impressions vibrantes et des options de marquage.Notre impression de haute qualit\u00e9 garantit que vos produits se d\u00e9marquent tout en promouvant l'engagement de votre marque envers le d\u00e9veloppement durable.Nos sacs sont fabriqu\u00e9s \u00e0 partir de ressources renouvelables,garantissant que vos choix d'emballage contribuent \u00e0 une plan\u00e8te plus saine.Apr\u00e8s utilisation,ces sacs peuvent \u00eatre compost\u00e9s,transformant les d\u00e9chets en nutriments pr\u00e9cieux pour le sol.<\/p><div><p style=\"text-align: center;\">\u00a0<\/p><\/div>\t\t\t\t\t\t\t\t<\/div>\n\t\t\t\t<\/div>\n\t\t\t\t<div class=\"elementor-element elementor-element-bb9e08b elementor-widget elementor-widget-heading\" data-id=\"bb9e08b\" data-element_type=\"widget\" data-widget_type=\"heading.default\">\n\t\t\t\t<div class=\"elementor-widget-container\">\n\t\t\t\t\t<h2 class=\"elementor-heading-title elementor-size-default\"><br>Pourquoi CY PACK<\/h2>\t\t\t\t<\/div>\n\t\t\t\t<\/div>\n\t\t\t\t<div class=\"elementor-element elementor-element-e828104 elementor-widget-divider--view-line elementor-widget elementor-widget-divider\" data-id=\"e828104\" data-element_type=\"widget\" data-widget_type=\"divider.default\">\n\t\t\t\t<div class=\"elementor-widget-container\">\n\t\t\t\t\t\t\t<div class=\"elementor-divider\">\n\t\t\t<span class=\"elementor-divider-separator\">\n\t\t\t\t\t\t<\/span>\n\t\t<\/div>\n\t\t\t\t\t\t<\/div>\n\t\t\t\t<\/div>\n\t\t\t\t<div class=\"elementor-element elementor-element-8052312 elementor-widget elementor-widget-text-editor\" data-id=\"8052312\" data-element_type=\"widget\" data-widget_type=\"text-editor.default\">\n\t\t\t\t<div class=\"elementor-widget-container\">\n\t\t\t\t\t\t\t\t\t<p>CY PACK est un fabricant digne de confiance qui peut vous aider \u00e0 personnaliser des emballages flexibles, des pochettes \u00e0 fermeture \u00e9clair imprim\u00e9es :<\/p><p>\u2606 Des mat\u00e9riaux de haute qualit\u00e9 : CY PACK utilise des mat\u00e9riaux \u00e9cologiques de haute qualit\u00e9 pour garantir la s\u00e9curit\u00e9 et la durabilit\u00e9 des produits.<\/p><p>\u2606 Personnalisation professionnelle : Fournir des services de conception personnalis\u00e9s pour r\u00e9pondre \u00e0 vos besoins uniques.<\/p><p>\u2606 Technologie avanc\u00e9e : CY PACK utilise une technologie d'impression moderne pour garantir des couleurs vives et des motifs clairs.<\/p><p>\u2606 Excellent service : L'\u00e9quipe professionnelle de CY PACK fournit un soutien complet pour assurer votre exp\u00e9rience satisfaisante.<\/p><p>\u2606 Fabricant \u00e0 la source:R\u00e9duisez vos co\u00fbts d'exploitation \u00e0 la source<\/p><p>\u2606 Contr\u00f4le de la qualit\u00e9 : Probl\u00e8mes de qualit\u00e9, compensation ou refaire.<\/p>\t\t\t\t\t\t\t\t<\/div>\n\t\t\t\t<\/div>\n\t\t\t\t\t<\/div>\n\t\t<\/div>\n\t\t\t\t\t<\/div>\n\t\t<\/section>\n\t\t\t\t<\/div>","protected":false},"excerpt":{"rendered":"<p class=\"wui-p-v-4\"><span class=\"wui-text-color-accents wui-text-weight-bold\">Marque :<\/span> <span class=\"wui-text-color-primary\">PACK CY<\/span><\/p>\n<p class=\"wui-p-v-4\"><span class=\"wui-text-color-accents wui-text-weight-bold\">Origine du produit :<\/span> <span class=\"wui-text-color-primary\">Chine<\/span><\/p>\n<p class=\"wui-p-v-4\"><span class=\"wui-text-color-accents wui-text-weight-bold\">D\u00e9lai de livraison :<\/span> <span class=\"wui-text-color-primary\">D\u00e9lai de 20 jours<\/span><\/p>\n<p class=\"wui-p-v-4\"><span class=\"wui-text-color-accents wui-text-weight-bold\">Capacit\u00e9 d'approvisionnement :<\/span> <span class=\"wui-text-color-primary\">1200 tonnes\/mois<\/span><\/p>\n<p>Les sacs d'emballage alimentaire biod\u00e9gradables sont con\u00e7us pour se d\u00e9composer naturellement, r\u00e9duisant ainsi les d\u00e9chets des d\u00e9charges et minimisant l'impact sur l'environnement.Nos produits d'emballage durables font partie d'une tendance plus large vers des solutions d'emballage durables.Fabriqu\u00e9s \u00e0 partir de ressources renouvelables, ils offrent une alternative aux emballages plastiques traditionnels.Cette durabilit\u00e9 ne renforce pas seulement la r\u00e9putation de la marque, mais s'aligne \u00e9galement sur les efforts mondiaux visant \u00e0 r\u00e9duire la pollution plastique.<\/p>","protected":false},"featured_media":1315,"comment_status":"open","ping_status":"closed","template":"","meta":{"_seopress_robots_primary_cat":"none","_seopress_titles_title":"biodegradable food packaging bags printed sustainable packaging products","_seopress_titles_desc":"CY PACK is a manufacture in China, specialize in the production of biodegradable packaging bags and provide stand-up bags and flat-bottom bags, suitable for food, daily chemicals and other industries.","_seopress_robots_index":"","_monsterinsights_skip_tracking":false,"_monsterinsights_sitenote_active":false,"_monsterinsights_sitenote_note":"","_monsterinsights_sitenote_category":0,"_kad_post_transparent":"default","_kad_post_title":"","_kad_post_layout":"default","_kad_post_sidebar_id":"","_kad_post_content_style":"default","_kad_post_vertical_padding":"default","_kad_post_feature":"","_kad_post_feature_position":"","_kad_post_header":false,"_kad_post_footer":false},"product_brand":[],"product_cat":[43],"product_tag":[44],"class_list":{"0":"post-1312","1":"product","2":"type-product","3":"status-publish","4":"has-post-thumbnail","6":"product_cat-biodegradable-packaging-bags","7":"product_tag-100-biodegradable-bags","9":"first","10":"instock","11":"shipping-taxable","12":"product-type-simple","13":"entry","14":"content-bg","15":"loop-entry"},"_links":{"self":[{"href":"https:\/\/www.cy-package.com\/fr\/wp-json\/wp\/v2\/product\/1312","targetHints":{"allow":["GET"]}}],"collection":[{"href":"https:\/\/www.cy-package.com\/fr\/wp-json\/wp\/v2\/product"}],"about":[{"href":"https:\/\/www.cy-package.com\/fr\/wp-json\/wp\/v2\/types\/product"}],"replies":[{"embeddable":true,"href":"https:\/\/www.cy-package.com\/fr\/wp-json\/wp\/v2\/comments?post=1312"}],"version-history":[{"count":30,"href":"https:\/\/www.cy-package.com\/fr\/wp-json\/wp\/v2\/product\/1312\/revisions"}],"predecessor-version":[{"id":1618,"href":"https:\/\/www.cy-package.com\/fr\/wp-json\/wp\/v2\/product\/1312\/revisions\/1618"}],"wp:featuredmedia":[{"embeddable":true,"href":"https:\/\/www.cy-package.com\/fr\/wp-json\/wp\/v2\/media\/1315"}],"wp:attachment":[{"href":"https:\/\/www.cy-package.com\/fr\/wp-json\/wp\/v2\/media?parent=1312"}],"wp:term":[{"taxonomy":"product_brand","embeddable":true,"href":"https:\/\/www.cy-package.com\/fr\/wp-json\/wp\/v2\/product_brand?post=1312"},{"taxonomy":"product_cat","embeddable":true,"href":"https:\/\/www.cy-package.com\/fr\/wp-json\/wp\/v2\/product_cat?post=1312"},{"taxonomy":"product_tag","embeddable":true,"href":"https:\/\/www.cy-package.com\/fr\/wp-json\/wp\/v2\/product_tag?post=1312"}],"curies":[{"name":"wp","href":"https:\/\/api.w.org\/{rel}","templated":true}]}}