{"id":1358,"date":"2024-12-19T15:39:46","date_gmt":"2024-12-19T07:39:46","guid":{"rendered":"https:\/\/www.cy-package.com\/?post_type=product&#038;p=1358"},"modified":"2024-12-19T17:20:20","modified_gmt":"2024-12-19T09:20:20","slug":"sacs-demballage-alimentaire-en-plastique-a-fond-plat-5","status":"publish","type":"product","link":"https:\/\/www.cy-package.com\/fr\/produit\/sacs-demballage-alimentaire-en-plastique-a-fond-plat-5\/","title":{"rendered":"Emballage de soins personnels Masque facial Emballage de soins de sant\u00e9 et de bien-\u00eatre"},"content":{"rendered":"<p><strong style=\"font-family: var(--global-body-font-family);\">Paramenteurs de produits<\/strong><\/p>\n<table style=\"border-collapse: collapse; width: 100%;\">\n<tbody>\n<tr>\n<td style=\"width: 19.8374%;\">Mat\u00e9riau :<\/td>\n<td style=\"width: 80.1626%;\">Papier kraft\/PET\/BOPP\/CPP, etc.<\/td>\n<\/tr>\n<tr>\n<td style=\"width: 19.8374%;\">Type d'encre :<\/td>\n<td style=\"width: 80.1626%;\">Encre de soja \u00e9cologique de qualit\u00e9 alimentaire<\/td>\n<\/tr>\n<tr>\n<td style=\"width: 19.8374%;\">Application :<\/td>\n<td style=\"width: 80.1626%;\">Alimentation \/ Sant\u00e9 et bien-\u00eatre \/ Caf\u00e9 \/ Nourriture pour animaux \/ Th\u00e9 \/ Snack \/ Noix \/ Prot\u00e9ines de lactos\u00e9rum \/ Bonbons \/ Graines, etc.<\/td>\n<\/tr>\n<tr>\n<td style=\"width: 19.8374%;\">Options de style :<\/td>\n<td style=\"width: 80.1626%;\">Plat, debout, soufflet lat\u00e9ral, fermeture \u00e0 glissi\u00e8re, avec\/sans fen\u00eatre, trou europ\u00e9en, etc.<\/td>\n<\/tr>\n<tr>\n<td style=\"width: 19.8374%;\">Contr\u00f4le de la qualit\u00e9 :<\/td>\n<td style=\"width: 80.1626%;\">Des \u00e9quipements de pointe et une \u00e9quipe de contr\u00f4le qualit\u00e9 exp\u00e9riment\u00e9e v\u00e9rifient rigoureusement les mat\u00e9riaux, les produits semi-finis et les produits finis \u00e0 chaque \u00e9tape avant l'exp\u00e9dition.<\/td>\n<\/tr>\n<\/tbody>\n<\/table>\n<p><img fetchpriority=\"high\" decoding=\"async\" class=\"aligncenter wp-image-1359\" src=\"https:\/\/www.cy-package.com\/wp-content\/uploads\/2024\/12\/1-1.jpg\" alt=\"paquet de soins de sant\u00e9 et de bien-\u00eatre\" width=\"372\" height=\"372\" srcset=\"https:\/\/www.cy-package.com\/wp-content\/uploads\/2024\/12\/1-1.jpg 800w, https:\/\/www.cy-package.com\/wp-content\/uploads\/2024\/12\/1-1-300x300.jpg 300w, https:\/\/www.cy-package.com\/wp-content\/uploads\/2024\/12\/1-1-150x150.jpg 150w, https:\/\/www.cy-package.com\/wp-content\/uploads\/2024\/12\/1-1-768x768.jpg 768w, https:\/\/www.cy-package.com\/wp-content\/uploads\/2024\/12\/1-1-12x12.jpg 12w, https:\/\/www.cy-package.com\/wp-content\/uploads\/2024\/12\/1-1-600x600.jpg 600w, https:\/\/www.cy-package.com\/wp-content\/uploads\/2024\/12\/1-1-100x100.jpg 100w\" sizes=\"(max-width: 372px) 100vw, 372px\" \/><\/p>\n<p>Nos sacs d'emballage personnalis\u00e9s pour les soins personnels sont dot\u00e9s d'une vari\u00e9t\u00e9 de films barri\u00e8res qui prot\u00e8gent le produit de la lumi\u00e8re, de l'oxyg\u00e8ne, de l'humidit\u00e9 et d'autres facteurs environnementaux susceptibles de d\u00e9grader la qualit\u00e9 du produit.Ils constituent un moyen efficace et rentable d'emballer les produits.Ils utilisent moins de mat\u00e9riaux que les bo\u00eetes et autres formes d'emballage, ce qui permet de maintenir les co\u00fbts \u00e0 un niveau bas.<\/p>\n<p>Notre masque facial est fabriqu\u00e9 \u00e0 partir d'un mat\u00e9riau de haute qualit\u00e9, sans BPA, de qualit\u00e9 alimentaire, afin de conserver la fra\u00eecheur et la s\u00e9curit\u00e9 du produit. Il est l\u00e9ger et facile \u00e0 transporter, parfait pour une utilisation en d\u00e9placement. Nous acceptons de personnaliser la taille, le design et le type de sac.<\/p>","protected":false},"excerpt":{"rendered":"<p class=\"wui-p-v-4\"><span class=\"wui-text-color-accents wui-text-weight-bold\">Marque :<\/span> <span class=\"wui-text-color-primary\">PACK CY<\/span><\/p>\n<p class=\"wui-p-v-4\"><span class=\"wui-text-color-accents wui-text-weight-bold\">Origine du produit :<\/span> <span class=\"wui-text-color-primary\">Chine<\/span><\/p>\n<p class=\"wui-p-v-4\"><span class=\"wui-text-color-accents wui-text-weight-bold\">D\u00e9lai de livraison :<\/span> <span class=\"wui-text-color-primary\">D\u00e9lai de 20 jours<\/span><\/p>\n<p class=\"wui-p-v-4\"><span class=\"wui-text-color-accents wui-text-weight-bold\">Capacit\u00e9 d'approvisionnement :<\/span> <span class=\"wui-text-color-primary\">1200 tonnes\/mois<\/span><\/p>\n<p>Nous offrons un large \u00e9ventail d'options de personnalisation pour garantir que le sac d'emballage de soins personnels s'aligne parfaitement sur l'identit\u00e9 de votre marque de beaut\u00e9. Vous pouvez choisir parmi diff\u00e9rents styles de sacs d'emballage pour les soins de sant\u00e9 et de bien-\u00eatre, des techniques d'impression, des caract\u00e9ristiques personnalis\u00e9es pour mettre en valeur votre logo, les couleurs de votre marque et des \u0153uvres d'art uniques. En outre, vous pouvez choisir parmi diff\u00e9rentes finitions, telles que mat ou brillant, pour am\u00e9liorer l'attrait visuel de l'emballage.<\/p>","protected":false},"featured_media":1361,"comment_status":"open","ping_status":"closed","template":"","meta":{"_seopress_robots_primary_cat":"none","_seopress_titles_title":"personal care packaging face mask health and wellness care package","_seopress_titles_desc":"CY PACK is a manufacture in China, specialize in the production of health and wellness care packaging and provide stand-up bags and flat-bottom bags, suitable for food, daily chemicals and other industries.","_seopress_robots_index":"","_monsterinsights_skip_tracking":false,"_monsterinsights_sitenote_active":false,"_monsterinsights_sitenote_note":"","_monsterinsights_sitenote_category":0,"_kad_post_transparent":"default","_kad_post_title":"","_kad_post_layout":"default","_kad_post_sidebar_id":"","_kad_post_content_style":"default","_kad_post_vertical_padding":"default","_kad_post_feature":"","_kad_post_feature_position":"","_kad_post_header":false,"_kad_post_footer":false},"product_brand":[],"product_cat":[45],"product_tag":[],"class_list":{"0":"post-1358","1":"product","2":"type-product","3":"status-publish","4":"has-post-thumbnail","6":"product_cat-health-wellness-packaging","8":"first","9":"instock","10":"shipping-taxable","11":"product-type-simple","12":"entry","13":"content-bg","14":"loop-entry"},"_links":{"self":[{"href":"https:\/\/www.cy-package.com\/fr\/wp-json\/wp\/v2\/product\/1358","targetHints":{"allow":["GET"]}}],"collection":[{"href":"https:\/\/www.cy-package.com\/fr\/wp-json\/wp\/v2\/product"}],"about":[{"href":"https:\/\/www.cy-package.com\/fr\/wp-json\/wp\/v2\/types\/product"}],"replies":[{"embeddable":true,"href":"https:\/\/www.cy-package.com\/fr\/wp-json\/wp\/v2\/comments?post=1358"}],"version-history":[{"count":3,"href":"https:\/\/www.cy-package.com\/fr\/wp-json\/wp\/v2\/product\/1358\/revisions"}],"predecessor-version":[{"id":1364,"href":"https:\/\/www.cy-package.com\/fr\/wp-json\/wp\/v2\/product\/1358\/revisions\/1364"}],"wp:featuredmedia":[{"embeddable":true,"href":"https:\/\/www.cy-package.com\/fr\/wp-json\/wp\/v2\/media\/1361"}],"wp:attachment":[{"href":"https:\/\/www.cy-package.com\/fr\/wp-json\/wp\/v2\/media?parent=1358"}],"wp:term":[{"taxonomy":"product_brand","embeddable":true,"href":"https:\/\/www.cy-package.com\/fr\/wp-json\/wp\/v2\/product_brand?post=1358"},{"taxonomy":"product_cat","embeddable":true,"href":"https:\/\/www.cy-package.com\/fr\/wp-json\/wp\/v2\/product_cat?post=1358"},{"taxonomy":"product_tag","embeddable":true,"href":"https:\/\/www.cy-package.com\/fr\/wp-json\/wp\/v2\/product_tag?post=1358"}],"curies":[{"name":"wp","href":"https:\/\/api.w.org\/{rel}","templated":true}]}}