{"id":1387,"date":"2024-12-20T17:15:57","date_gmt":"2024-12-20T09:15:57","guid":{"rendered":"https:\/\/www.cy-package.com\/?post_type=product&#038;p=1387"},"modified":"2024-12-26T14:32:55","modified_gmt":"2024-12-26T06:32:55","slug":"sacs-demballage-alimentaire-en-plastique-a-fond-plat-7","status":"publish","type":"product","link":"https:\/\/www.cy-package.com\/fr\/produit\/sacs-demballage-alimentaire-en-plastique-a-fond-plat-7\/","title":{"rendered":"Emballages de biscuits Emballages flexibles Sacs \u00e0 pochettes debout"},"content":{"rendered":"<p><strong style=\"font-family: var(--global-body-font-family);\">Paramenteurs de produits<\/strong><\/p>\n<table style=\"border-collapse: collapse; width: 100%; height: 177px;\">\n<tbody>\n<tr style=\"height: 30px;\">\n<td style=\"width: 19.8374%; height: 30px;\">Mat\u00e9riau :<\/td>\n<td style=\"width: 80.1626%; height: 30px;\">PET\/AL\/PE, PET\/EVOH\/PE, MOPP\/AL\/PE, etc.<\/td>\n<\/tr>\n<tr style=\"height: 30px;\">\n<td style=\"width: 19.8374%; height: 30px;\">Type d'encre :<\/td>\n<td style=\"width: 80.1626%; height: 30px;\">Encre de soja \u00e9cologique de qualit\u00e9 alimentaire<\/td>\n<\/tr>\n<tr style=\"height: 30px;\">\n<td style=\"width: 19.8374%; height: 30px;\">Application :<\/td>\n<td style=\"width: 80.1626%; height: 30px;\">Biscuits et produits de boulangerie \/ Sant\u00e9 et bien-\u00eatre \/ Caf\u00e9 \/ Nourriture pour animaux de compagnie \/ Th\u00e9 \/ Snack \/ Noix \/ Prot\u00e9ines de lactos\u00e9rum \/ Bonbons \/ Graines, etc.<\/td>\n<\/tr>\n<tr style=\"height: 30px;\">\n<td style=\"width: 19.8374%; height: 30px;\">Options de style :<\/td>\n<td style=\"width: 80.1626%; height: 30px;\">Plat, debout, soufflet lat\u00e9ral, fermeture \u00e0 glissi\u00e8re, avec\/sans fen\u00eatre, trou europ\u00e9en, etc.<\/td>\n<\/tr>\n<tr style=\"height: 57px;\">\n<td style=\"width: 19.8374%; height: 57px;\">Contr\u00f4le de la qualit\u00e9 :<\/td>\n<td style=\"width: 80.1626%; height: 57px;\">Des \u00e9quipements de pointe et une \u00e9quipe de contr\u00f4le qualit\u00e9 exp\u00e9riment\u00e9e v\u00e9rifient rigoureusement les mat\u00e9riaux, les produits semi-finis et les produits finis \u00e0 chaque \u00e9tape avant l'exp\u00e9dition.<\/td>\n<\/tr>\n<\/tbody>\n<\/table>\n<p><img fetchpriority=\"high\" decoding=\"async\" class=\"aligncenter wp-image-1390\" src=\"https:\/\/www.cy-package.com\/wp-content\/uploads\/2024\/12\/cookies-doypack.png\" alt=\"cookies doypack\" width=\"520\" height=\"338\" srcset=\"https:\/\/www.cy-package.com\/wp-content\/uploads\/2024\/12\/cookies-doypack.png 5436w, https:\/\/www.cy-package.com\/wp-content\/uploads\/2024\/12\/cookies-doypack-300x195.png 300w, https:\/\/www.cy-package.com\/wp-content\/uploads\/2024\/12\/cookies-doypack-1024x665.png 1024w, https:\/\/www.cy-package.com\/wp-content\/uploads\/2024\/12\/cookies-doypack-768x499.png 768w, https:\/\/www.cy-package.com\/wp-content\/uploads\/2024\/12\/cookies-doypack-1536x998.png 1536w, https:\/\/www.cy-package.com\/wp-content\/uploads\/2024\/12\/cookies-doypack-2048x1331.png 2048w, https:\/\/www.cy-package.com\/wp-content\/uploads\/2024\/12\/cookies-doypack-18x12.png 18w, https:\/\/www.cy-package.com\/wp-content\/uploads\/2024\/12\/cookies-doypack-800x520.png 800w\" sizes=\"(max-width: 520px) 100vw, 520px\" \/><\/p>\n<p>Le sachet tient debout gr\u00e2ce \u00e0 la propri\u00e9t\u00e9 de scellage du mat\u00e9riau composite, qui peut emp\u00eacher efficacement l'air ext\u00e9rieur de p\u00e9n\u00e9trer. C'est tr\u00e8s important pour les aliments tels que les biscuits qui doivent conserver un go\u00fbt croustillant, afin d'\u00e9viter que les biscuits ne deviennent humides et ne ramollissent. Comme les sachets souples composites courants, ils peuvent se fermer herm\u00e9tiquement et r\u00e9duire la possibilit\u00e9 d'\u00e9change d'air.<\/p>\n<p>La pochette est tr\u00e8s r\u00e9sistante. Elle n'est pas facile \u00e0 fissurer et \u00e0 fuir, m\u00eame si elle est press\u00e9e et heurt\u00e9e pendant le transport et le stockage, elle n'est pas facile \u00e0 briser, ce qui garantit l'int\u00e9grit\u00e9 des biscuits. Cette caract\u00e9ristique permet de mieux prot\u00e9ger les biscuits pendant le transport, la mise en rayon et le transport par le consommateur.<\/p>","protected":false},"excerpt":{"rendered":"<p class=\"wui-p-v-4\"><span class=\"wui-text-color-accents wui-text-weight-bold\">Marque :<\/span> <span class=\"wui-text-color-primary\">PACK CY<\/span><\/p>\n<p class=\"wui-p-v-4\"><span class=\"wui-text-color-accents wui-text-weight-bold\">Origine du produit :<\/span> <span class=\"wui-text-color-primary\">Chine<\/span><\/p>\n<p class=\"wui-p-v-4\"><span class=\"wui-text-color-accents wui-text-weight-bold\">D\u00e9lai de livraison :<\/span> <span class=\"wui-text-color-primary\">D\u00e9lai de 20 jours<\/span><\/p>\n<p class=\"wui-p-v-4\"><span class=\"wui-text-color-accents wui-text-weight-bold\">Capacit\u00e9 d'approvisionnement :<\/span> <span class=\"wui-text-color-primary\">1200 tonnes\/mois<\/span><\/p>\n<p>1. des biscuits flexibles emball\u00e9s avec une bande \u00e9paissie auto-scellante, pouvant \u00eatre utilis\u00e9s \u00e0 plusieurs reprises, rapide et pratique.<\/p>\n<p>2. le fond est autoportant et le bord lisse met en valeur la qualit\u00e9 et augmente efficacement la capacit\u00e9 de charge de la pochette.<\/p>","protected":false},"featured_media":1388,"comment_status":"open","ping_status":"closed","template":"","meta":{"_seopress_robots_primary_cat":"none","_seopress_titles_title":"Cookies Packaging Flexible Packaging Stand Up Pouch Bags","_seopress_titles_desc":"CY PACK is a manufacture in China, specialize in the production of kokies  packaging pouches and health and wellness care packaging and provide stand-up bags and flat-bottom bags, suitable for food, daily chemicals and other industries.","_seopress_robots_index":"","_monsterinsights_skip_tracking":false,"_monsterinsights_sitenote_active":false,"_monsterinsights_sitenote_note":"","_monsterinsights_sitenote_category":0,"_kad_post_transparent":"default","_kad_post_title":"","_kad_post_layout":"default","_kad_post_sidebar_id":"","_kad_post_content_style":"default","_kad_post_vertical_padding":"default","_kad_post_feature":"","_kad_post_feature_position":"","_kad_post_header":false,"_kad_post_footer":false},"product_brand":[],"product_cat":[49],"product_tag":[],"class_list":{"0":"post-1387","1":"product","2":"type-product","3":"status-publish","4":"has-post-thumbnail","6":"product_cat-cookies-bakery-product-packaging","8":"first","9":"instock","10":"shipping-taxable","11":"product-type-simple","12":"entry","13":"content-bg","14":"loop-entry"},"_links":{"self":[{"href":"https:\/\/www.cy-package.com\/fr\/wp-json\/wp\/v2\/product\/1387","targetHints":{"allow":["GET"]}}],"collection":[{"href":"https:\/\/www.cy-package.com\/fr\/wp-json\/wp\/v2\/product"}],"about":[{"href":"https:\/\/www.cy-package.com\/fr\/wp-json\/wp\/v2\/types\/product"}],"replies":[{"embeddable":true,"href":"https:\/\/www.cy-package.com\/fr\/wp-json\/wp\/v2\/comments?post=1387"}],"version-history":[{"count":2,"href":"https:\/\/www.cy-package.com\/fr\/wp-json\/wp\/v2\/product\/1387\/revisions"}],"predecessor-version":[{"id":1447,"href":"https:\/\/www.cy-package.com\/fr\/wp-json\/wp\/v2\/product\/1387\/revisions\/1447"}],"wp:featuredmedia":[{"embeddable":true,"href":"https:\/\/www.cy-package.com\/fr\/wp-json\/wp\/v2\/media\/1388"}],"wp:attachment":[{"href":"https:\/\/www.cy-package.com\/fr\/wp-json\/wp\/v2\/media?parent=1387"}],"wp:term":[{"taxonomy":"product_brand","embeddable":true,"href":"https:\/\/www.cy-package.com\/fr\/wp-json\/wp\/v2\/product_brand?post=1387"},{"taxonomy":"product_cat","embeddable":true,"href":"https:\/\/www.cy-package.com\/fr\/wp-json\/wp\/v2\/product_cat?post=1387"},{"taxonomy":"product_tag","embeddable":true,"href":"https:\/\/www.cy-package.com\/fr\/wp-json\/wp\/v2\/product_tag?post=1387"}],"curies":[{"name":"wp","href":"https:\/\/api.w.org\/{rel}","templated":true}]}}