{"id":1407,"date":"2025-05-26T18:55:00","date_gmt":"2025-05-26T10:55:00","guid":{"rendered":"https:\/\/www.cy-package.com\/?post_type=product&#038;p=1407"},"modified":"2025-12-30T16:34:41","modified_gmt":"2025-12-30T08:34:41","slug":"sacs-demballage-alimentaire-en-plastique-a-fond-plat-9","status":"publish","type":"product","link":"https:\/\/www.cy-package.com\/fr\/produit\/sacs-demballage-alimentaire-en-plastique-a-fond-plat-9\/","title":{"rendered":"Emballages biod\u00e9gradables sur mesure Emballages flexibles durables Entreprises"},"content":{"rendered":"<div data-elementor-type=\"product-post\" data-elementor-id=\"1407\" class=\"elementor elementor-1407\" data-elementor-post-type=\"product\">\n\t\t\t\t\t\t<section class=\"elementor-section elementor-top-section elementor-element elementor-element-1d48491a elementor-section-boxed elementor-section-height-default elementor-section-height-default\" data-id=\"1d48491a\" data-element_type=\"section\">\n\t\t\t\t\t\t<div class=\"elementor-container elementor-column-gap-default\">\n\t\t\t\t\t<div class=\"elementor-column elementor-col-100 elementor-top-column elementor-element elementor-element-62bc43d4\" data-id=\"62bc43d4\" data-element_type=\"column\">\n\t\t\t<div class=\"elementor-widget-wrap elementor-element-populated\">\n\t\t\t\t\t\t<div class=\"elementor-element elementor-element-4fdf0738 elementor-widget elementor-widget-text-editor\" data-id=\"4fdf0738\" data-element_type=\"widget\" data-widget_type=\"text-editor.default\">\n\t\t\t\t<div class=\"elementor-widget-container\">\n\t\t\t\t\t\t\t\t\t<p><span style=\"color: #2b6cb3; font-size: 28px;\"><strong style=\"font-family: var(--global-body-font-family);\">Paramenteurs de produits<\/strong><\/span><\/p><div><div class=\"nei-table\"><div><table style=\"border-collapse: collapse; width: 100%;\"><tbody><tr><td style=\"width: 19.8374%;\">Mat\u00e9riau :<\/td><td style=\"width: 80.1626%;\">Papier Kraft\/PLA\/PBAT, etc.<\/td><\/tr><tr><td style=\"width: 19.8374%;\">Type d'encre :<\/td><td style=\"width: 80.1626%;\">Encre de soja \u00e9cologique de qualit\u00e9 alimentaire<\/td><\/tr><tr><td style=\"width: 19.8374%;\">Application :<\/td><td style=\"width: 80.1626%;\">Alimentation \/ Caf\u00e9 \/ Nourriture pour animaux \/ Th\u00e9 \/ Snack \/ Noix \/ Prot\u00e9ines de lactos\u00e9rum \/ Bonbons \/ Graines, etc.<\/td><\/tr><tr><td style=\"width: 19.8374%;\">Options de style :<\/td><td style=\"width: 80.1626%;\">Fond plat, debout, soufflet lat\u00e9ral, fermeture \u00e0 glissi\u00e8re, avec ou sans fen\u00eatre, trou europ\u00e9en, etc.<\/td><\/tr><tr><td style=\"width: 19.8374%;\">Contr\u00f4le de la qualit\u00e9 :<\/td><td style=\"width: 80.1626%;\">Des \u00e9quipements de pointe et une \u00e9quipe de contr\u00f4le qualit\u00e9 exp\u00e9riment\u00e9e v\u00e9rifient rigoureusement les mat\u00e9riaux, les produits semi-finis et les produits finis \u00e0 chaque \u00e9tape avant l'exp\u00e9dition.<\/td><\/tr><\/tbody><\/table><\/div><\/div><\/div><div><p style=\"text-align: center;\">\u00a0<\/p><\/div>\t\t\t\t\t\t\t\t<\/div>\n\t\t\t\t<\/div>\n\t\t\t\t<div class=\"elementor-element elementor-element-a605938 elementor-widget elementor-widget-image\" data-id=\"a605938\" data-element_type=\"widget\" data-widget_type=\"image.default\">\n\t\t\t\t<div class=\"elementor-widget-container\">\n\t\t\t\t\t\t\t\t\t\t\t\t\t\t\t<img fetchpriority=\"high\" decoding=\"async\" width=\"475\" height=\"474\" src=\"https:\/\/www.cy-package.com\/wp-content\/uploads\/2024\/12\/9-2.jpg\" class=\"attachment-large size-large wp-image-1408\" alt=\"entreprises d&#039;emballages biod\u00e9gradables\" srcset=\"https:\/\/www.cy-package.com\/wp-content\/uploads\/2024\/12\/9-2.jpg 475w, https:\/\/www.cy-package.com\/wp-content\/uploads\/2024\/12\/9-2-300x300.jpg 300w, https:\/\/www.cy-package.com\/wp-content\/uploads\/2024\/12\/9-2-150x150.jpg 150w, https:\/\/www.cy-package.com\/wp-content\/uploads\/2024\/12\/9-2-12x12.jpg 12w, https:\/\/www.cy-package.com\/wp-content\/uploads\/2024\/12\/9-2-100x100.jpg 100w\" sizes=\"(max-width: 475px) 100vw, 475px\" \/>\t\t\t\t\t\t\t\t\t\t\t\t\t\t\t<\/div>\n\t\t\t\t<\/div>\n\t\t\t\t<div class=\"elementor-element elementor-element-ffdeb05 elementor-widget elementor-widget-text-editor\" data-id=\"ffdeb05\" data-element_type=\"widget\" data-widget_type=\"text-editor.default\">\n\t\t\t\t<div class=\"elementor-widget-container\">\n\t\t\t\t\t\t\t\t\t<p>\u00a0 \u00a0 \u00a0 \u00a0 \u00a0En tant que l'une des entreprises d'emballages biod\u00e9gradables dans le monde, nous soutenons les emballages durables sur mesure. Recherchez des emballages certifi\u00e9s portant la mention \"compostable\". Les emballages certifi\u00e9s compostables se biod\u00e9gradent en toute s\u00e9curit\u00e9 dans un environnement de compostage commercial ou domestique.<\/p><p>\u00a0 \u00a0 \u00a0 \u00a0 \u00a0La certification garantit que l'emballage se d\u00e9composera obligatoirement et en toute s\u00e9curit\u00e9 dans certaines conditions et dans un d\u00e9lai pr\u00e9d\u00e9fini. Vous pouvez \u00eatre s\u00fbr que votre sac ou votre bo\u00eete se d\u00e9composera compl\u00e8tement dans un d\u00e9lai de 6 mois \u00e0 un an dans un compost domestique ou industriel, laissant derri\u00e8re lui un sol riche en nutriments.\u00a0\u00a0<\/p>\t\t\t\t\t\t\t\t<\/div>\n\t\t\t\t<\/div>\n\t\t\t\t<div class=\"elementor-element elementor-element-bb9e08b elementor-widget elementor-widget-heading\" data-id=\"bb9e08b\" data-element_type=\"widget\" data-widget_type=\"heading.default\">\n\t\t\t\t<div class=\"elementor-widget-container\">\n\t\t\t\t\t<h2 class=\"elementor-heading-title elementor-size-default\"><br>Pourquoi CY PACK<\/h2>\t\t\t\t<\/div>\n\t\t\t\t<\/div>\n\t\t\t\t<div class=\"elementor-element elementor-element-e828104 elementor-widget-divider--view-line elementor-widget elementor-widget-divider\" data-id=\"e828104\" data-element_type=\"widget\" data-widget_type=\"divider.default\">\n\t\t\t\t<div class=\"elementor-widget-container\">\n\t\t\t\t\t\t\t<div class=\"elementor-divider\">\n\t\t\t<span class=\"elementor-divider-separator\">\n\t\t\t\t\t\t<\/span>\n\t\t<\/div>\n\t\t\t\t\t\t<\/div>\n\t\t\t\t<\/div>\n\t\t\t\t<div class=\"elementor-element elementor-element-8052312 elementor-widget elementor-widget-text-editor\" data-id=\"8052312\" data-element_type=\"widget\" data-widget_type=\"text-editor.default\">\n\t\t\t\t<div class=\"elementor-widget-container\">\n\t\t\t\t\t\t\t\t\t<p>CY PACK est un fabricant digne de confiance qui peut vous aider \u00e0 personnaliser des emballages flexibles avec des pochettes \u00e0 fermeture \u00e9clair imprim\u00e9es :<\/p><p>\u2606 Des mat\u00e9riaux de haute qualit\u00e9 : CY PACK utilise des mat\u00e9riaux \u00e9cologiques de haute qualit\u00e9 pour garantir la s\u00e9curit\u00e9 et la durabilit\u00e9 des produits.<\/p><p>\u2606 Personnalisation professionnelle : Fournir des services de conception personnalis\u00e9s pour r\u00e9pondre \u00e0 vos besoins uniques.<\/p><p>\u2606 Technologie avanc\u00e9e : CY PACK utilise une technologie d'impression moderne pour garantir des couleurs vives et des motifs clairs.<\/p><p>\u2606 Excellent service : L'\u00e9quipe professionnelle de CY PACK fournit un soutien complet pour assurer votre exp\u00e9rience satisfaisante.<\/p><p>\u2606 Fabricant \u00e0 la source:R\u00e9duisez vos co\u00fbts d'exploitation \u00e0 la source<\/p><p>\u2606 Contr\u00f4le de la qualit\u00e9 : Probl\u00e8mes de qualit\u00e9, compensation ou refaire.<\/p>\t\t\t\t\t\t\t\t<\/div>\n\t\t\t\t<\/div>\n\t\t\t\t\t<\/div>\n\t\t<\/div>\n\t\t\t\t\t<\/div>\n\t\t<\/section>\n\t\t\t\t<\/div>","protected":false},"excerpt":{"rendered":"<p class=\"wui-p-v-4\"><span class=\"wui-text-color-accents wui-text-weight-bold\">Marque :<\/span> <span class=\"wui-text-color-primary\">PACK CY<\/span><\/p>\n<p class=\"wui-p-v-4\"><span class=\"wui-text-color-accents wui-text-weight-bold\">Origine du produit :<\/span> <span class=\"wui-text-color-primary\">Chine<\/span><\/p>\n<p class=\"wui-p-v-4\"><span class=\"wui-text-color-accents wui-text-weight-bold\">D\u00e9lai de livraison :<\/span> <span class=\"wui-text-color-primary\">D\u00e9lai de 20 jours<\/span><\/p>\n<p class=\"wui-p-v-4\"><span class=\"wui-text-color-accents wui-text-weight-bold\">Capacit\u00e9 d'approvisionnement :<\/span> <span class=\"wui-text-color-primary\">1200 tonnes\/mois<\/span><\/p>\n<p>CY produit principalement des sachets flexibles tels que des sachets \u00e0 fond plat, des sachets \u00e0 fond plat, des rouleaux de films d'emballage, etc. Les emballages biod\u00e9gradables, tels que le papier ou la cellulose, ont une structure mol\u00e9culaire faible et se d\u00e9sint\u00e8grent donc rapidement.<br \/>\nLes emballages alimentaires biod\u00e9gradables favorisent l'\u00e9conomie circulaire en transformant les d\u00e9chets d'emballage en compost qui apporte des nutriments au sol et contribue \u00e0 stimuler la production alimentaire et l'agriculture.<\/p>","protected":false},"featured_media":1417,"comment_status":"open","ping_status":"closed","template":"","meta":{"_seopress_robots_primary_cat":"none","_seopress_titles_title":"Custom Biodegradable Sustainable Packaging Pouches Companies","_seopress_titles_desc":"CY PACK is a manufacture in China, specialize in the production of biodegradable packaging bags with small MOQ.","_seopress_robots_index":"","_monsterinsights_skip_tracking":false,"_monsterinsights_sitenote_active":false,"_monsterinsights_sitenote_note":"","_monsterinsights_sitenote_category":0,"_kad_post_transparent":"default","_kad_post_title":"","_kad_post_layout":"default","_kad_post_sidebar_id":"","_kad_post_content_style":"default","_kad_post_vertical_padding":"default","_kad_post_feature":"","_kad_post_feature_position":"","_kad_post_header":false,"_kad_post_footer":false},"product_brand":[],"product_cat":[43],"product_tag":[44],"class_list":{"0":"post-1407","1":"product","2":"type-product","3":"status-publish","4":"has-post-thumbnail","6":"product_cat-biodegradable-packaging-bags","7":"product_tag-100-biodegradable-bags","9":"first","10":"instock","11":"shipping-taxable","12":"product-type-simple","13":"entry","14":"content-bg","15":"loop-entry"},"_links":{"self":[{"href":"https:\/\/www.cy-package.com\/fr\/wp-json\/wp\/v2\/product\/1407","targetHints":{"allow":["GET"]}}],"collection":[{"href":"https:\/\/www.cy-package.com\/fr\/wp-json\/wp\/v2\/product"}],"about":[{"href":"https:\/\/www.cy-package.com\/fr\/wp-json\/wp\/v2\/types\/product"}],"replies":[{"embeddable":true,"href":"https:\/\/www.cy-package.com\/fr\/wp-json\/wp\/v2\/comments?post=1407"}],"version-history":[{"count":30,"href":"https:\/\/www.cy-package.com\/fr\/wp-json\/wp\/v2\/product\/1407\/revisions"}],"predecessor-version":[{"id":1692,"href":"https:\/\/www.cy-package.com\/fr\/wp-json\/wp\/v2\/product\/1407\/revisions\/1692"}],"wp:featuredmedia":[{"embeddable":true,"href":"https:\/\/www.cy-package.com\/fr\/wp-json\/wp\/v2\/media\/1417"}],"wp:attachment":[{"href":"https:\/\/www.cy-package.com\/fr\/wp-json\/wp\/v2\/media?parent=1407"}],"wp:term":[{"taxonomy":"product_brand","embeddable":true,"href":"https:\/\/www.cy-package.com\/fr\/wp-json\/wp\/v2\/product_brand?post=1407"},{"taxonomy":"product_cat","embeddable":true,"href":"https:\/\/www.cy-package.com\/fr\/wp-json\/wp\/v2\/product_cat?post=1407"},{"taxonomy":"product_tag","embeddable":true,"href":"https:\/\/www.cy-package.com\/fr\/wp-json\/wp\/v2\/product_tag?post=1407"}],"curies":[{"name":"wp","href":"https:\/\/api.w.org\/{rel}","templated":true}]}}