{"id":1429,"date":"2025-04-09T17:02:16","date_gmt":"2025-04-09T09:02:16","guid":{"rendered":"https:\/\/www.cy-package.com\/?post_type=product&#038;p=1429"},"modified":"2025-12-30T16:40:16","modified_gmt":"2025-12-30T08:40:16","slug":"pochette-demballage-alimentaire-recyclable-avec-fermeture-a-glissiere-2","status":"publish","type":"product","link":"https:\/\/www.cy-package.com\/fr\/produit\/pochette-demballage-alimentaire-recyclable-avec-fermeture-a-glissiere-2\/","title":{"rendered":"Sacs plastiques recyclables tr\u00e8s r\u00e9sistants avec trou de suspension Fournisseur d'emballages"},"content":{"rendered":"<p><span style=\"color: #2b6cb0;\"><strong style=\"font-size: 18px; font-family: var(--global-body-font-family);\">Paramenteurs de produits<\/strong><\/span><\/p>\n<div>\n<div class=\"nei-table\">\n<table style=\"width: 100%;\" width=\"1000\">\n<tbody>\n<tr class=\"firstRow\">\n<td style=\"width: 19.9732%;\" colspan=\"1\" rowspan=\"1\" width=\"162\" height=\"20\">\n<div style=\"text-align: left;\">Qualit\u00e9 du mat\u00e9riau :<\/div>\n<\/td>\n<td style=\"width: 79.0885%;\" colspan=\"1\" rowspan=\"1\" width=\"837\" height=\"20\">\n<div>Mat\u00e9riau de qualit\u00e9 alimentaire<\/div>\n<\/td>\n<\/tr>\n<tr>\n<td style=\"width: 19.9732%;\" colspan=\"1\" rowspan=\"1\" width=\"162\" height=\"20\">\n<div>Mat\u00e9riau :<\/div>\n<\/td>\n<td style=\"width: 79.0885%;\" colspan=\"1\" rowspan=\"1\" width=\"837\" height=\"20\">\n<div>PE\/papier kraft ect.<\/div>\n<\/td>\n<\/tr>\n<tr>\n<td style=\"width: 19.9732%;\" colspan=\"1\" rowspan=\"1\" width=\"162\" height=\"20\">\n<div>Caract\u00e9ristiques :<\/div>\n<\/td>\n<td style=\"width: 79.0885%;\" colspan=\"1\" rowspan=\"1\" width=\"837\" height=\"20\">1) Mat\u00e9riau de qualit\u00e9 alimentaire et impression parfaite<\/p>\n<p>2) Pr\u00e9vention des fuites, excellente protection contre l'humidit\u00e9<\/p>\n<p>3) Finitions traditionnelles mates, mates soft-touch, brillantes et m\u00e9tallis\u00e9es, marquage \u00e0 chaud.<\/td>\n<\/tr>\n<tr>\n<td style=\"width: 19.9732%;\" colspan=\"1\" rowspan=\"1\" width=\"162\" height=\"20\">\n<div>Taille et \u00e9paisseur :<\/div>\n<\/td>\n<td style=\"width: 79.0885%;\" colspan=\"1\" rowspan=\"1\" width=\"837\" height=\"20\">\n<div>Sur mesure en fonction de vos besoins<\/div>\n<\/td>\n<\/tr>\n<tr>\n<td style=\"width: 19.9732%;\" colspan=\"1\" rowspan=\"1\" width=\"162\" height=\"20\">\n<div>Type d'encre :<\/div>\n<\/td>\n<td style=\"width: 79.0885%;\" colspan=\"1\" rowspan=\"1\" width=\"837\" height=\"20\">\n<div>Encre de soja \u00e9cologique de qualit\u00e9 alimentaire<\/div>\n<\/td>\n<\/tr>\n<tr>\n<td style=\"width: 19.9732%;\" colspan=\"1\" rowspan=\"1\" width=\"162\" height=\"20\">\n<div>Capacit\u00e9 :<\/div>\n<\/td>\n<td style=\"width: 79.0885%;\" colspan=\"1\" rowspan=\"1\" width=\"837\" height=\"20\">\n<div>1kg, 2kg, 5kg, 10kg, sur mesure<\/div>\n<\/td>\n<\/tr>\n<tr>\n<td style=\"width: 19.9732%;\" colspan=\"1\" rowspan=\"1\" width=\"162\" height=\"20\">\n<div>Application :<\/div>\n<\/td>\n<td style=\"width: 79.0885%;\" colspan=\"1\" rowspan=\"1\" width=\"837\" height=\"20\">\n<div>Aliments \/ aliments pour animaux de compagnie \/ prot\u00e9ines de lactos\u00e9rum \/ riz, produits laitiers, etc.<\/div>\n<\/td>\n<\/tr>\n<tr>\n<td style=\"width: 19.9732%;\" colspan=\"1\" rowspan=\"1\" width=\"162\" height=\"20\">\n<div>Options de style :<\/div>\n<\/td>\n<td style=\"width: 79.0885%;\" colspan=\"1\" rowspan=\"1\" width=\"837\" height=\"20\">\n<div>Fond plat, debout, soufflet lat\u00e9ral, fermeture \u00e0 glissi\u00e8re, avec ou sans fen\u00eatre, trou europ\u00e9en, etc.<\/div>\n<\/td>\n<\/tr>\n<tr>\n<td style=\"width: 19.9732%;\" colspan=\"1\" rowspan=\"1\" width=\"162\" height=\"20\">\n<div>Contr\u00f4le de la qualit\u00e9 :<\/div>\n<\/td>\n<td style=\"width: 79.0885%;\" colspan=\"1\" rowspan=\"1\" width=\"837\" height=\"20\">\n<div data-spm-anchor-id=\"a2700.details.0.i14.1410417dX9YP5T\">Des \u00e9quipements de pointe et une \u00e9quipe de contr\u00f4le qualit\u00e9 exp\u00e9riment\u00e9e v\u00e9rifient rigoureusement les mat\u00e9riaux, les produits semi-finis et les produits finis \u00e0 chaque \u00e9tape avant l'exp\u00e9dition.<\/div>\n<\/td>\n<\/tr>\n<\/tbody>\n<\/table>\n<\/div>\n<p><img fetchpriority=\"high\" decoding=\"async\" class=\"aligncenter size-full wp-image-1432\" src=\"https:\/\/www.cy-package.com\/wp-content\/uploads\/2024\/12\/9-4.jpg\" alt=\"\" width=\"1500\" height=\"1500\" srcset=\"https:\/\/www.cy-package.com\/wp-content\/uploads\/2024\/12\/9-4.jpg 1500w, https:\/\/www.cy-package.com\/wp-content\/uploads\/2024\/12\/9-4-300x300.jpg 300w, https:\/\/www.cy-package.com\/wp-content\/uploads\/2024\/12\/9-4-1024x1024.jpg 1024w, https:\/\/www.cy-package.com\/wp-content\/uploads\/2024\/12\/9-4-150x150.jpg 150w, https:\/\/www.cy-package.com\/wp-content\/uploads\/2024\/12\/9-4-768x768.jpg 768w, https:\/\/www.cy-package.com\/wp-content\/uploads\/2024\/12\/9-4-12x12.jpg 12w, https:\/\/www.cy-package.com\/wp-content\/uploads\/2024\/12\/9-4-600x600.jpg 600w, https:\/\/www.cy-package.com\/wp-content\/uploads\/2024\/12\/9-4-800x800.jpg 800w, https:\/\/www.cy-package.com\/wp-content\/uploads\/2024\/12\/9-4-100x100.jpg 100w\" sizes=\"(max-width: 1500px) 100vw, 1500px\" \/><\/p>\n<p>1) Durabilit\u00e9:Ces sacs sont g\u00e9n\u00e9ralement fabriqu\u00e9s \u00e0 partir de poly\u00e9thyl\u00e8ne plus \u00e9pais ou de mat\u00e9riaux similaires, ce qui les rend id\u00e9aux pour les articles lourds ou volumineux.Nous pouvons \u00e9galement fabriquer des sacs en plastique recyclables pour l'emballage.Ils peuvent r\u00e9sister \u00e0 l'usure lors de la manipulation et du transport.<\/p>\n<p>2. trou de suspension : l'inclusion d'un trou de suspension permet une pr\u00e9sentation facile sur des crochets ou des chevilles, ce qui les rend parfaits pour le commerce de d\u00e9tail.<\/p>\n<p>3) Polyvalence : les sacs r\u00e9sistants peuvent \u00eatre utilis\u00e9s pour une large gamme d'articles, notamment les v\u00eatements, les outils, les articles de cuisine et la quincaillerie. Ils sont \u00e9galement parfaits pour organiser les articles dans les entrep\u00f4ts ou les r\u00e9serves.<\/p>\n<p>&nbsp;<\/p>\n<p>&nbsp;<\/p>\n<p style=\"text-align: center;\">\n<\/div>","protected":false},"excerpt":{"rendered":"<p class=\"wui-p-v-4\"><span class=\"wui-text-color-accents wui-text-weight-bold\">Marque :<\/span> <span class=\"wui-text-color-primary\">PACK CY<\/span><\/p>\n<p class=\"wui-p-v-4\"><span class=\"wui-text-color-accents wui-text-weight-bold\">Origine du produit :<\/span> <span class=\"wui-text-color-primary\">Chine<\/span><\/p>\n<p class=\"wui-p-v-4\"><span class=\"wui-text-color-accents wui-text-weight-bold\">D\u00e9lai de livraison :<\/span> <span class=\"wui-text-color-primary\">D\u00e9lai de livraison de 25 jours<\/span><\/p>\n<p class=\"wui-p-v-4\"><span class=\"wui-text-color-accents wui-text-weight-bold\">Capacit\u00e9 d'approvisionnement :<\/span> <span class=\"wui-text-color-primary\">1200 tonnes\/mois<\/span><\/p>\n<p class=\"wui-p-v-4\">Les mat\u00e9riaux d'emballage \u00e9cologiques r\u00e9duisent dans une large mesure la pollution plastique et contribuent \u00e0 la protection de l'environnement dans le monde.<br \/>\nLes sacs d'emballage en plastique recyclable \u00e0 usage intensif avec trous de suspension constituent une solution d'emballage pratique pour diverses applications, en particulier dans les environnements de vente au d\u00e9tail et de stockage.<\/p>","protected":false},"featured_media":1430,"comment_status":"open","ping_status":"closed","template":"","meta":{"_seopress_robots_primary_cat":"none","_seopress_titles_title":"Recyclable Plastic Bags Heavy Duty with Hanging Hole","_seopress_titles_desc":"recyclable plastic bags for packaging bags supplier","_seopress_robots_index":"","_monsterinsights_skip_tracking":false,"_monsterinsights_sitenote_active":false,"_monsterinsights_sitenote_note":"","_monsterinsights_sitenote_category":0,"_kad_post_transparent":"default","_kad_post_title":"","_kad_post_layout":"default","_kad_post_sidebar_id":"","_kad_post_content_style":"default","_kad_post_vertical_padding":"default","_kad_post_feature":"","_kad_post_feature_position":"","_kad_post_header":false,"_kad_post_footer":false},"product_brand":[],"product_cat":[27],"product_tag":[],"class_list":{"0":"post-1429","1":"product","2":"type-product","3":"status-publish","4":"has-post-thumbnail","6":"product_cat-recyclable-packaging-bags","8":"first","9":"instock","10":"shipping-taxable","11":"product-type-simple","12":"entry","13":"content-bg","14":"loop-entry"},"_links":{"self":[{"href":"https:\/\/www.cy-package.com\/fr\/wp-json\/wp\/v2\/product\/1429","targetHints":{"allow":["GET"]}}],"collection":[{"href":"https:\/\/www.cy-package.com\/fr\/wp-json\/wp\/v2\/product"}],"about":[{"href":"https:\/\/www.cy-package.com\/fr\/wp-json\/wp\/v2\/types\/product"}],"replies":[{"embeddable":true,"href":"https:\/\/www.cy-package.com\/fr\/wp-json\/wp\/v2\/comments?post=1429"}],"version-history":[{"count":1,"href":"https:\/\/www.cy-package.com\/fr\/wp-json\/wp\/v2\/product\/1429\/revisions"}],"predecessor-version":[{"id":1433,"href":"https:\/\/www.cy-package.com\/fr\/wp-json\/wp\/v2\/product\/1429\/revisions\/1433"}],"wp:featuredmedia":[{"embeddable":true,"href":"https:\/\/www.cy-package.com\/fr\/wp-json\/wp\/v2\/media\/1430"}],"wp:attachment":[{"href":"https:\/\/www.cy-package.com\/fr\/wp-json\/wp\/v2\/media?parent=1429"}],"wp:term":[{"taxonomy":"product_brand","embeddable":true,"href":"https:\/\/www.cy-package.com\/fr\/wp-json\/wp\/v2\/product_brand?post=1429"},{"taxonomy":"product_cat","embeddable":true,"href":"https:\/\/www.cy-package.com\/fr\/wp-json\/wp\/v2\/product_cat?post=1429"},{"taxonomy":"product_tag","embeddable":true,"href":"https:\/\/www.cy-package.com\/fr\/wp-json\/wp\/v2\/product_tag?post=1429"}],"curies":[{"name":"wp","href":"https:\/\/api.w.org\/{rel}","templated":true}]}}