{"id":1434,"date":"2025-04-10T17:46:00","date_gmt":"2025-04-10T09:46:00","guid":{"rendered":"https:\/\/www.cy-package.com\/?post_type=product&#038;p=1434"},"modified":"2026-01-16T11:27:57","modified_gmt":"2026-01-16T03:27:57","slug":"pochette-demballage-alimentaire-recyclable-avec-fermeture-a-glissiere-3","status":"publish","type":"product","link":"https:\/\/www.cy-package.com\/fr\/produit\/pochette-demballage-alimentaire-recyclable-avec-fermeture-a-glissiere-3\/","title":{"rendered":"Emballage alimentaire recyclable Sacs de recyclage en plastique PE+PE"},"content":{"rendered":"<p><span style=\"color: #2b6cb0;\"><strong style=\"font-size: 18px; font-family: var(--global-body-font-family);\">Paramenteurs de produits<\/strong><\/span><\/p>\n<div>\n<div class=\"nei-table\">\n<table style=\"width: 100%; height: 478px;\" width=\"1000\">\n<tbody>\n<tr class=\"firstRow\" style=\"height: 31px;\">\n<td style=\"width: 19.9732%; height: 31px;\" colspan=\"1\" rowspan=\"1\" width=\"162\" height=\"20\">\n<div style=\"text-align: left;\">Qualit\u00e9 du mat\u00e9riau :<\/div>\n<\/td>\n<td style=\"width: 79.0885%; height: 31px;\" colspan=\"1\" rowspan=\"1\" width=\"837\" height=\"20\">\n<div>Mat\u00e9riau de qualit\u00e9 alimentaire<\/div>\n<\/td>\n<\/tr>\n<tr style=\"height: 31px;\">\n<td style=\"width: 19.9732%; height: 31px;\" colspan=\"1\" rowspan=\"1\" width=\"162\" height=\"20\">\n<div>Mat\u00e9riau :<\/div>\n<\/td>\n<td style=\"width: 79.0885%; height: 31px;\" colspan=\"1\" rowspan=\"1\" width=\"837\" height=\"20\">\n<div>PE\/papier kraft ect.<\/div>\n<\/td>\n<\/tr>\n<tr style=\"height: 176px;\">\n<td style=\"width: 19.9732%; height: 176px;\" colspan=\"1\" rowspan=\"1\" width=\"162\" height=\"20\">\n<div>Caract\u00e9ristiques :<\/div>\n<\/td>\n<td style=\"width: 79.0885%; height: 176px;\" colspan=\"1\" rowspan=\"1\" width=\"837\" height=\"20\">1) Mat\u00e9riau de qualit\u00e9 alimentaire et impression parfaite<\/p>\n<p>2) Pr\u00e9vention des fuites, excellente protection contre l'humidit\u00e9<\/p>\n<p>3) Finitions traditionnelles mates, mates soft-touch, brillantes et m\u00e9tallis\u00e9es, marquage \u00e0 chaud.<\/td>\n<\/tr>\n<tr style=\"height: 31px;\">\n<td style=\"width: 19.9732%; height: 31px;\" colspan=\"1\" rowspan=\"1\" width=\"162\" height=\"20\">\n<div>Taille et \u00e9paisseur :<\/div>\n<\/td>\n<td style=\"width: 79.0885%; height: 31px;\" colspan=\"1\" rowspan=\"1\" width=\"837\" height=\"20\">\n<div>Sur mesure en fonction de vos besoins<\/div>\n<\/td>\n<\/tr>\n<tr style=\"height: 31px;\">\n<td style=\"width: 19.9732%; height: 31px;\" colspan=\"1\" rowspan=\"1\" width=\"162\" height=\"20\">\n<div>Type d'encre :<\/div>\n<\/td>\n<td style=\"width: 79.0885%; height: 31px;\" colspan=\"1\" rowspan=\"1\" width=\"837\" height=\"20\">\n<div>Encre de soja \u00e9cologique de qualit\u00e9 alimentaire<\/div>\n<\/td>\n<\/tr>\n<tr style=\"height: 31px;\">\n<td style=\"width: 19.9732%; height: 31px;\" colspan=\"1\" rowspan=\"1\" width=\"162\" height=\"20\">\n<div>Capacit\u00e9 :<\/div>\n<\/td>\n<td style=\"width: 79.0885%; height: 31px;\" colspan=\"1\" rowspan=\"1\" width=\"837\" height=\"20\">\n<div>200kg, 500kg, 1kg, 2kg, sur mesure<\/div>\n<\/td>\n<\/tr>\n<tr style=\"height: 31px;\">\n<td style=\"width: 19.9732%; height: 31px;\" colspan=\"1\" rowspan=\"1\" width=\"162\" height=\"20\">\n<div>Application :<\/div>\n<\/td>\n<td style=\"width: 79.0885%; height: 31px;\" colspan=\"1\" rowspan=\"1\" width=\"837\" height=\"20\">\n<div>Aliments \/ aliments pour animaux de compagnie \/ prot\u00e9ines de lactos\u00e9rum \/ riz, produits laitiers, etc.<\/div>\n<\/td>\n<\/tr>\n<tr style=\"height: 58px;\">\n<td style=\"width: 19.9732%; height: 58px;\" colspan=\"1\" rowspan=\"1\" width=\"162\" height=\"20\">\n<div>Options de style :<\/div>\n<\/td>\n<td style=\"width: 79.0885%; height: 58px;\" colspan=\"1\" rowspan=\"1\" width=\"837\" height=\"20\">\n<div>Fond plat, debout, soufflet lat\u00e9ral, fermeture \u00e0 glissi\u00e8re, avec ou sans fen\u00eatre, trou europ\u00e9en, etc.<\/div>\n<\/td>\n<\/tr>\n<tr style=\"height: 58px;\">\n<td style=\"width: 19.9732%; height: 58px;\" colspan=\"1\" rowspan=\"1\" width=\"162\" height=\"20\">\n<div>Contr\u00f4le de la qualit\u00e9 :<\/div>\n<\/td>\n<td style=\"width: 79.0885%; height: 58px;\" colspan=\"1\" rowspan=\"1\" width=\"837\" height=\"20\">\n<div data-spm-anchor-id=\"a2700.details.0.i14.1410417dX9YP5T\">Des \u00e9quipements de pointe et une \u00e9quipe de contr\u00f4le qualit\u00e9 exp\u00e9riment\u00e9e v\u00e9rifient rigoureusement les mat\u00e9riaux, les produits semi-finis et les produits finis \u00e0 chaque \u00e9tape avant l'exp\u00e9dition.<\/div>\n<\/td>\n<\/tr>\n<\/tbody>\n<\/table>\n<\/div>\n<figure id=\"attachment_1435\" aria-describedby=\"caption-attachment-1435\" style=\"width: 1500px\" class=\"wp-caption aligncenter\"><img fetchpriority=\"high\" decoding=\"async\" class=\"size-full wp-image-1435\" src=\"https:\/\/www.cy-package.com\/wp-content\/uploads\/2024\/12\/5.jpg\" alt=\"pochette recyclable \u00e0 fond plat\" width=\"1500\" height=\"1500\" srcset=\"https:\/\/www.cy-package.com\/wp-content\/uploads\/2024\/12\/5.jpg 1500w, https:\/\/www.cy-package.com\/wp-content\/uploads\/2024\/12\/5-300x300.jpg 300w, https:\/\/www.cy-package.com\/wp-content\/uploads\/2024\/12\/5-1024x1024.jpg 1024w, https:\/\/www.cy-package.com\/wp-content\/uploads\/2024\/12\/5-150x150.jpg 150w, https:\/\/www.cy-package.com\/wp-content\/uploads\/2024\/12\/5-768x768.jpg 768w, https:\/\/www.cy-package.com\/wp-content\/uploads\/2024\/12\/5-12x12.jpg 12w, https:\/\/www.cy-package.com\/wp-content\/uploads\/2024\/12\/5-600x600.jpg 600w, https:\/\/www.cy-package.com\/wp-content\/uploads\/2024\/12\/5-800x800.jpg 800w, https:\/\/www.cy-package.com\/wp-content\/uploads\/2024\/12\/5-100x100.jpg 100w\" sizes=\"(max-width: 1500px) 100vw, 1500px\" \/><figcaption id=\"caption-attachment-1435\" class=\"wp-caption-text\">pochette recyclable \u00e0 fond plat<\/figcaption><\/figure>\n<p>Les sacs d'emballage alimentaire recyclables sont fabriqu\u00e9s \u00e0 partir de mat\u00e9riaux recycl\u00e9s 100%. Nos sacs de recyclage PE+PE sont de plus en plus populaires dans les sacs d'emballage alimentaire. Que vous vendiez du caf\u00e9, du muesli ou de la nourriture pour animaux, vous pouvez facilement pr\u00e9senter vos produits dans de beaux sacs design qui sont \u00e0 la fois respectueux du portefeuille et de la plan\u00e8te.<\/p>\n<p>Les sacs en plastique recycl\u00e9 n'\u00e9tant pas compl\u00e8tement herm\u00e9tiques, ils constituent une bonne solution d'emballage pour le stockage \u00e0 court terme. Nous recommandons de stocker les sacs \u00e0 l'abri de la lumi\u00e8re directe du soleil et dans des endroits plus frais et plus secs pour conserver la fra\u00eecheur des produits, car le sac se d\u00e9compose plus rapidement en pr\u00e9sence de chaleur, de lumi\u00e8re et d'humidit\u00e9.<\/p>\n<p>&nbsp;<\/p>\n<p style=\"text-align: center;\">\n<\/div>","protected":false},"excerpt":{"rendered":"<p class=\"wui-p-v-4\"><span class=\"wui-text-color-accents wui-text-weight-bold\">Marque :<\/span> <span class=\"wui-text-color-primary\">PACK CY<\/span><\/p>\n<p class=\"wui-p-v-4\"><span class=\"wui-text-color-accents wui-text-weight-bold\">Origine du produit :<\/span> <span class=\"wui-text-color-primary\">Chine<\/span><\/p>\n<p class=\"wui-p-v-4\"><span class=\"wui-text-color-accents wui-text-weight-bold\">D\u00e9lai de livraison :<\/span> <span class=\"wui-text-color-primary\">D\u00e9lai de livraison de 25 jours<\/span><\/p>\n<p class=\"wui-p-v-4\"><span class=\"wui-text-color-accents wui-text-weight-bold\">Capacit\u00e9 d'approvisionnement :<\/span> <span class=\"wui-text-color-primary\">1200 tonnes\/mois<\/span><\/p>\n<p class=\"wui-p-v-4\">1) Recyclabilit\u00e9 : les sacs en plastique recycl\u00e9s peuvent \u00eatre trait\u00e9s et r\u00e9utilis\u00e9s, ce qui r\u00e9duit la quantit\u00e9 totale de d\u00e9chets plastiques dans les d\u00e9charges et les oc\u00e9ans.<br \/>\n2. moins de consommation d'\u00e9nergie : Le recyclage des sacs en plastique n\u00e9cessite g\u00e9n\u00e9ralement moins d'\u00e9nergie que la production de nouveaux sacs \u00e0 partir de mati\u00e8res premi\u00e8res, ce qui permet de r\u00e9duire les \u00e9missions de carbone lors de la fabrication.<\/p>","protected":false},"featured_media":1441,"comment_status":"open","ping_status":"closed","template":"","meta":{"_seopress_robots_primary_cat":"none","_seopress_titles_title":"Recyclable Food Packaging Plastic PE+PE Recycling Bags","_seopress_titles_desc":"Recyclable food packaging bags source factory. Already got GRS certification.","_seopress_robots_index":"","_monsterinsights_skip_tracking":false,"_monsterinsights_sitenote_active":false,"_monsterinsights_sitenote_note":"","_monsterinsights_sitenote_category":0,"_kad_post_transparent":"default","_kad_post_title":"","_kad_post_layout":"default","_kad_post_sidebar_id":"","_kad_post_content_style":"default","_kad_post_vertical_padding":"default","_kad_post_feature":"","_kad_post_feature_position":"","_kad_post_header":false,"_kad_post_footer":false},"product_brand":[],"product_cat":[27],"product_tag":[],"class_list":{"0":"post-1434","1":"product","2":"type-product","3":"status-publish","4":"has-post-thumbnail","6":"product_cat-recyclable-packaging-bags","8":"first","9":"instock","10":"shipping-taxable","11":"product-type-simple","12":"entry","13":"content-bg","14":"loop-entry"},"_links":{"self":[{"href":"https:\/\/www.cy-package.com\/fr\/wp-json\/wp\/v2\/product\/1434","targetHints":{"allow":["GET"]}}],"collection":[{"href":"https:\/\/www.cy-package.com\/fr\/wp-json\/wp\/v2\/product"}],"about":[{"href":"https:\/\/www.cy-package.com\/fr\/wp-json\/wp\/v2\/types\/product"}],"replies":[{"embeddable":true,"href":"https:\/\/www.cy-package.com\/fr\/wp-json\/wp\/v2\/comments?post=1434"}],"version-history":[{"count":1,"href":"https:\/\/www.cy-package.com\/fr\/wp-json\/wp\/v2\/product\/1434\/revisions"}],"predecessor-version":[{"id":1438,"href":"https:\/\/www.cy-package.com\/fr\/wp-json\/wp\/v2\/product\/1434\/revisions\/1438"}],"wp:featuredmedia":[{"embeddable":true,"href":"https:\/\/www.cy-package.com\/fr\/wp-json\/wp\/v2\/media\/1441"}],"wp:attachment":[{"href":"https:\/\/www.cy-package.com\/fr\/wp-json\/wp\/v2\/media?parent=1434"}],"wp:term":[{"taxonomy":"product_brand","embeddable":true,"href":"https:\/\/www.cy-package.com\/fr\/wp-json\/wp\/v2\/product_brand?post=1434"},{"taxonomy":"product_cat","embeddable":true,"href":"https:\/\/www.cy-package.com\/fr\/wp-json\/wp\/v2\/product_cat?post=1434"},{"taxonomy":"product_tag","embeddable":true,"href":"https:\/\/www.cy-package.com\/fr\/wp-json\/wp\/v2\/product_tag?post=1434"}],"curies":[{"name":"wp","href":"https:\/\/api.w.org\/{rel}","templated":true}]}}