{"id":1443,"date":"2025-02-18T14:16:39","date_gmt":"2025-02-18T06:16:39","guid":{"rendered":"https:\/\/www.cy-package.com\/?post_type=product&#038;p=1443"},"modified":"2025-12-30T16:38:25","modified_gmt":"2025-12-30T08:38:25","slug":"sacs-demballage-alimentaire-en-plastique-a-fond-plat-10","status":"publish","type":"product","link":"https:\/\/www.cy-package.com\/fr\/produit\/sacs-demballage-alimentaire-en-plastique-a-fond-plat-10\/","title":{"rendered":"Stand Up Bags for Biscuit Wholesale Flexible Standing Pouches with Hanging Hole (sachets \u00e0 suspendre pour biscuits)"},"content":{"rendered":"<p><strong style=\"font-family: var(--global-body-font-family);\">Paramenteurs de produits<\/strong><\/p>\n<table style=\"border-collapse: collapse; width: 100%; height: 177px;\">\n<tbody>\n<tr style=\"height: 30px;\">\n<td style=\"width: 19.8374%; height: 30px;\">Mat\u00e9riau :<\/td>\n<td style=\"width: 80.1626%; height: 30px;\">PET\/AL\/PE, PET\/EVOH\/PE, MOPP\/AL\/PE, etc.<\/td>\n<\/tr>\n<tr style=\"height: 30px;\">\n<td style=\"width: 19.8374%; height: 30px;\">Type d'encre :<\/td>\n<td style=\"width: 80.1626%; height: 30px;\">Encre de soja \u00e9cologique de qualit\u00e9 alimentaire<\/td>\n<\/tr>\n<tr style=\"height: 30px;\">\n<td style=\"width: 19.8374%; height: 30px;\">Application :<\/td>\n<td style=\"width: 80.1626%; height: 30px;\">Biscuits et produits de boulangerie \/ Sant\u00e9 et bien-\u00eatre \/ Caf\u00e9 \/ Nourriture pour animaux domestiques \/ Th\u00e9 \/ Snack \/ Noix \/ Prot\u00e9ines de lactos\u00e9rum \/ Bonbons \/ Graines, etc.<\/td>\n<\/tr>\n<tr style=\"height: 30px;\">\n<td style=\"width: 19.8374%; height: 30px;\">Options de style :<\/td>\n<td style=\"width: 80.1626%; height: 30px;\">Plat, debout, soufflet lat\u00e9ral, fermeture \u00e0 glissi\u00e8re, avec\/sans fen\u00eatre, trou europ\u00e9en, etc.<\/td>\n<\/tr>\n<tr style=\"height: 57px;\">\n<td style=\"width: 19.8374%; height: 57px;\">Contr\u00f4le de la qualit\u00e9 :<\/td>\n<td style=\"width: 80.1626%; height: 57px;\">Des \u00e9quipements de pointe et une \u00e9quipe de contr\u00f4le qualit\u00e9 exp\u00e9riment\u00e9e v\u00e9rifient rigoureusement les mat\u00e9riaux, les produits semi-finis et les produits finis \u00e0 chaque \u00e9tape avant l'exp\u00e9dition.<\/td>\n<\/tr>\n<\/tbody>\n<\/table>\n<p><img fetchpriority=\"high\" decoding=\"async\" class=\"aligncenter wp-image-1390\" src=\"https:\/\/www.cy-package.com\/wp-content\/uploads\/2024\/12\/cookies-doypack.png\" alt=\"cookies doypack\" width=\"520\" height=\"338\" srcset=\"https:\/\/www.cy-package.com\/wp-content\/uploads\/2024\/12\/cookies-doypack.png 5436w, https:\/\/www.cy-package.com\/wp-content\/uploads\/2024\/12\/cookies-doypack-300x195.png 300w, https:\/\/www.cy-package.com\/wp-content\/uploads\/2024\/12\/cookies-doypack-1024x665.png 1024w, https:\/\/www.cy-package.com\/wp-content\/uploads\/2024\/12\/cookies-doypack-768x499.png 768w, https:\/\/www.cy-package.com\/wp-content\/uploads\/2024\/12\/cookies-doypack-1536x998.png 1536w, https:\/\/www.cy-package.com\/wp-content\/uploads\/2024\/12\/cookies-doypack-2048x1331.png 2048w, https:\/\/www.cy-package.com\/wp-content\/uploads\/2024\/12\/cookies-doypack-18x12.png 18w, https:\/\/www.cy-package.com\/wp-content\/uploads\/2024\/12\/cookies-doypack-800x520.png 800w\" sizes=\"(max-width: 520px) 100vw, 520px\" \/><\/p>\n<p>Ils sont g\u00e9n\u00e9ralement fabriqu\u00e9s \u00e0 partir de mat\u00e9riaux tels que le PE ou le PP, qui constituent une barri\u00e8re contre l'humidit\u00e9 et l'oxyg\u00e8ne, contribuant ainsi \u00e0 pr\u00e9server la fra\u00eecheur des biscuits.<\/p>\n<p>De nombreux sachets pour buscuit sont dot\u00e9s d'une fermeture \u00e9clair refermable, ce qui permet aux consommateurs d'ouvrir et de fermer facilement l'emballage tout en pr\u00e9servant la fra\u00eecheur. Les sachets sur pied dot\u00e9s d'un trou d'accrochage se dressent et se distinguent sur les \u00e9tag\u00e8res. Certains mod\u00e8les comportent une fen\u00eatre transparente qui permet aux consommateurs de voir les biscuits \u00e0 l'int\u00e9rieur, ce qui renforce l'attrait visuel. Ces sachets peuvent \u00eatre imprim\u00e9s avec des motifs vifs, des marques et des informations nutritionnelles, ce qui les rend attrayants dans les rayons.<\/p>","protected":false},"excerpt":{"rendered":"<p class=\"wui-p-v-4\"><span class=\"wui-text-color-accents wui-text-weight-bold\">Marque :<\/span> <span class=\"wui-text-color-primary\">PACK CY<\/span><\/p>\n<p class=\"wui-p-v-4\"><span class=\"wui-text-color-accents wui-text-weight-bold\">Origine du produit :<\/span> <span class=\"wui-text-color-primary\">Chine<\/span><\/p>\n<p class=\"wui-p-v-4\"><span class=\"wui-text-color-accents wui-text-weight-bold\">D\u00e9lai de livraison :<\/span> <span class=\"wui-text-color-primary\">D\u00e9lai de 20 jours<\/span><\/p>\n<p class=\"wui-p-v-4\"><span class=\"wui-text-color-accents wui-text-weight-bold\">Capacit\u00e9 d'approvisionnement :<\/span> <span class=\"wui-text-color-primary\">1200 tonnes\/mois<\/span><\/p>\n<p>Les sacs flexibles certifi\u00e9s de gros conviennent \u00e0 l'emballage de produits alimentaires et non alimentaires ; ils sont \u00e9galement disponibles dans des mat\u00e9riaux recyclables.<br \/>\nEmballage enti\u00e8rement fabriqu\u00e9 et imprim\u00e9 en Chine Large zone imprimable, y compris le soufflet du fond du sachet, pour une attractivit\u00e9 maximale Le papier aluminium \u00e0 l'int\u00e9rieur des sachets pour biscuits permet de prolonger la dur\u00e9e de conservation.<\/p>","protected":false},"featured_media":1445,"comment_status":"open","ping_status":"closed","template":"","meta":{"_seopress_robots_primary_cat":"none","_seopress_titles_title":"Stand Up Bags for Biscuit Standing Pouches with Hanging Hole","_seopress_titles_desc":"CY PACK is a flexible packaging manufacture in China. Packaging pouch bags suitable for food, daily chemicals and other industries.","_seopress_robots_index":"","_monsterinsights_skip_tracking":false,"_monsterinsights_sitenote_active":false,"_monsterinsights_sitenote_note":"","_monsterinsights_sitenote_category":0,"_kad_post_transparent":"default","_kad_post_title":"","_kad_post_layout":"default","_kad_post_sidebar_id":"","_kad_post_content_style":"default","_kad_post_vertical_padding":"default","_kad_post_feature":"","_kad_post_feature_position":"","_kad_post_header":false,"_kad_post_footer":false},"product_brand":[],"product_cat":[49],"product_tag":[],"class_list":{"0":"post-1443","1":"product","2":"type-product","3":"status-publish","4":"has-post-thumbnail","6":"product_cat-cookies-bakery-product-packaging","8":"first","9":"instock","10":"shipping-taxable","11":"product-type-simple","12":"entry","13":"content-bg","14":"loop-entry"},"_links":{"self":[{"href":"https:\/\/www.cy-package.com\/fr\/wp-json\/wp\/v2\/product\/1443","targetHints":{"allow":["GET"]}}],"collection":[{"href":"https:\/\/www.cy-package.com\/fr\/wp-json\/wp\/v2\/product"}],"about":[{"href":"https:\/\/www.cy-package.com\/fr\/wp-json\/wp\/v2\/types\/product"}],"replies":[{"embeddable":true,"href":"https:\/\/www.cy-package.com\/fr\/wp-json\/wp\/v2\/comments?post=1443"}],"version-history":[{"count":1,"href":"https:\/\/www.cy-package.com\/fr\/wp-json\/wp\/v2\/product\/1443\/revisions"}],"predecessor-version":[{"id":1446,"href":"https:\/\/www.cy-package.com\/fr\/wp-json\/wp\/v2\/product\/1443\/revisions\/1446"}],"wp:featuredmedia":[{"embeddable":true,"href":"https:\/\/www.cy-package.com\/fr\/wp-json\/wp\/v2\/media\/1445"}],"wp:attachment":[{"href":"https:\/\/www.cy-package.com\/fr\/wp-json\/wp\/v2\/media?parent=1443"}],"wp:term":[{"taxonomy":"product_brand","embeddable":true,"href":"https:\/\/www.cy-package.com\/fr\/wp-json\/wp\/v2\/product_brand?post=1443"},{"taxonomy":"product_cat","embeddable":true,"href":"https:\/\/www.cy-package.com\/fr\/wp-json\/wp\/v2\/product_cat?post=1443"},{"taxonomy":"product_tag","embeddable":true,"href":"https:\/\/www.cy-package.com\/fr\/wp-json\/wp\/v2\/product_tag?post=1443"}],"curies":[{"name":"wp","href":"https:\/\/api.w.org\/{rel}","templated":true}]}}