{"id":1558,"date":"2025-03-29T17:42:21","date_gmt":"2025-03-29T09:42:21","guid":{"rendered":"https:\/\/www.cy-package.com\/?post_type=product&#038;p=1558"},"modified":"2026-01-16T14:17:43","modified_gmt":"2026-01-16T06:17:43","slug":"sacs-demballage-alimentaire-en-plastique-a-fond-plat-13","status":"publish","type":"product","link":"https:\/\/www.cy-package.com\/fr\/produit\/sacs-demballage-alimentaire-en-plastique-a-fond-plat-13\/","title":{"rendered":"3 sachets plats \u00e0 fermeture lat\u00e9rale pour la chapelure"},"content":{"rendered":"<div data-elementor-type=\"product-post\" data-elementor-id=\"1558\" class=\"elementor elementor-1558\" data-elementor-post-type=\"product\">\n\t\t\t\t\t\t<section class=\"elementor-section elementor-top-section elementor-element elementor-element-1d48491a elementor-section-boxed elementor-section-height-default elementor-section-height-default\" data-id=\"1d48491a\" data-element_type=\"section\">\n\t\t\t\t\t\t<div class=\"elementor-container elementor-column-gap-default\">\n\t\t\t\t\t<div class=\"elementor-column elementor-col-100 elementor-top-column elementor-element elementor-element-62bc43d4\" data-id=\"62bc43d4\" data-element_type=\"column\">\n\t\t\t<div class=\"elementor-widget-wrap elementor-element-populated\">\n\t\t\t\t\t\t<div class=\"elementor-element elementor-element-4fdf0738 elementor-widget elementor-widget-text-editor\" data-id=\"4fdf0738\" data-element_type=\"widget\" data-widget_type=\"text-editor.default\">\n\t\t\t\t<div class=\"elementor-widget-container\">\n\t\t\t\t\t\t\t\t\t<p><span style=\"color: #2b6cb0; font-size: 20px;\"><strong style=\"font-family: var(--global-body-font-family);\">Paramenteurs de produits<\/strong><\/span><\/p><div><div class=\"nei-table\"><div><table style=\"border-collapse: collapse; width: 100%;\"><tbody><tr><td style=\"width: 19.8374%;\">Mat\u00e9riau :<\/td><td style=\"width: 80.1626%;\">PET\/AL\/PE,PET\/EVOH\/PE,MOPP\/AL\/PE \/Kraft Paper\/PLA\/PBAT, etc<\/td><\/tr><tr><td style=\"width: 19.8374%;\">Type d'encre :<\/td><td style=\"width: 80.1626%;\">Encre de soja \u00e9cologique de qualit\u00e9 alimentaire<\/td><\/tr><tr><td style=\"width: 19.8374%;\">Application :<\/td><td style=\"width: 80.1626%;\">Alimentation \/ Caf\u00e9 \/ Nourriture pour animaux \/ Th\u00e9 \/ Snack \/ Noix \/ Prot\u00e9ines de lactos\u00e9rum \/ Bonbons \/ Graines, etc.<\/td><\/tr><tr><td style=\"width: 19.8374%;\">Options de style :<\/td><td style=\"width: 80.1626%;\">Fond plat, debout, soufflet lat\u00e9ral, fermeture \u00e0 glissi\u00e8re, avec ou sans fen\u00eatre, trou europ\u00e9en, etc.<\/td><\/tr><tr><td style=\"width: 19.8374%;\">Contr\u00f4le de la qualit\u00e9 :<\/td><td style=\"width: 80.1626%;\">Des \u00e9quipements de pointe et une \u00e9quipe de contr\u00f4le qualit\u00e9 exp\u00e9riment\u00e9e v\u00e9rifient rigoureusement les mat\u00e9riaux, les produits semi-finis et les produits finis \u00e0 chaque \u00e9tape avant l'exp\u00e9dition.<\/td><\/tr><\/tbody><\/table><\/div><\/div><\/div><div><p style=\"text-align: center;\">\u00a0<\/p><\/div>\t\t\t\t\t\t\t\t<\/div>\n\t\t\t\t<\/div>\n\t\t\t\t<div class=\"elementor-element elementor-element-0aadf23 elementor-widget elementor-widget-heading\" data-id=\"0aadf23\" data-element_type=\"widget\" data-widget_type=\"heading.default\">\n\t\t\t\t<div class=\"elementor-widget-container\">\n\t\t\t\t\t<h2 class=\"elementor-heading-title elementor-size-default\">What is three side seal bags ?<\/h2>\t\t\t\t<\/div>\n\t\t\t\t<\/div>\n\t\t\t\t<section class=\"elementor-section elementor-inner-section elementor-element elementor-element-e7d4014 elementor-section-boxed elementor-section-height-default elementor-section-height-default\" data-id=\"e7d4014\" data-element_type=\"section\">\n\t\t\t\t\t\t<div class=\"elementor-container elementor-column-gap-default\">\n\t\t\t\t\t<div class=\"elementor-column elementor-col-50 elementor-inner-column elementor-element elementor-element-32c2f91\" data-id=\"32c2f91\" data-element_type=\"column\">\n\t\t\t<div class=\"elementor-widget-wrap elementor-element-populated\">\n\t\t\t\t\t\t<div class=\"elementor-element elementor-element-7d8d012 elementor-widget elementor-widget-image\" data-id=\"7d8d012\" data-element_type=\"widget\" data-widget_type=\"image.default\">\n\t\t\t\t<div class=\"elementor-widget-container\">\n\t\t\t\t\t\t\t\t\t\t\t\t\t\t\t<img fetchpriority=\"high\" decoding=\"async\" width=\"800\" height=\"800\" src=\"https:\/\/www.cy-package.com\/wp-content\/uploads\/2024\/12\/4.png\" class=\"attachment-large size-large wp-image-2121\" alt=\"Pochettes plates pour la chapelure\" srcset=\"https:\/\/www.cy-package.com\/wp-content\/uploads\/2024\/12\/4.png 800w, https:\/\/www.cy-package.com\/wp-content\/uploads\/2024\/12\/4-300x300.png 300w, https:\/\/www.cy-package.com\/wp-content\/uploads\/2024\/12\/4-150x150.png 150w, https:\/\/www.cy-package.com\/wp-content\/uploads\/2024\/12\/4-768x768.png 768w, https:\/\/www.cy-package.com\/wp-content\/uploads\/2024\/12\/4-12x12.png 12w, https:\/\/www.cy-package.com\/wp-content\/uploads\/2024\/12\/4-600x600.png 600w, https:\/\/www.cy-package.com\/wp-content\/uploads\/2024\/12\/4-100x100.png 100w\" sizes=\"(max-width: 800px) 100vw, 800px\" \/>\t\t\t\t\t\t\t\t\t\t\t\t\t\t\t<\/div>\n\t\t\t\t<\/div>\n\t\t\t\t\t<\/div>\n\t\t<\/div>\n\t\t\t\t<div class=\"elementor-column elementor-col-50 elementor-inner-column elementor-element elementor-element-ccde06e\" data-id=\"ccde06e\" data-element_type=\"column\">\n\t\t\t<div class=\"elementor-widget-wrap elementor-element-populated\">\n\t\t\t\t\t\t<div class=\"elementor-element elementor-element-f99ac0d elementor-widget elementor-widget-text-editor\" data-id=\"f99ac0d\" data-element_type=\"widget\" data-widget_type=\"text-editor.default\">\n\t\t\t\t<div class=\"elementor-widget-container\">\n\t\t\t\t\t\t\t\t\t<p>1.The 3 Side Seal Flat Pouches has two side seal <br \/>and one top seal, and the bottom edge is<br \/>formed by horizontally folded film. <br \/>This structure is simple and stable, <br \/>can effectively contain food, and is easy to<br \/>form during the packaging process, suitable for large-scale industrial production.<\/p><p>2.The appearance of the flat pouch bag is relatively flat, which can well display the logo, pattern, text and other information on the food packaging. Whether on the supermarket shelves or in the hands of consumers, it can give people a concise and neat visual experience, which helps to enhance the image of the product.<\/p><p>3.The production process of 3 side seal bag is relatively simple and the production efficiency is high, which makes its production cost relatively low. For food production companies, it can reduce packaging costs and improve economic benefits while ensuring packaging quality.<\/p>\t\t\t\t\t\t\t\t<\/div>\n\t\t\t\t<\/div>\n\t\t\t\t\t<\/div>\n\t\t<\/div>\n\t\t\t\t\t<\/div>\n\t\t<\/section>\n\t\t\t\t<div class=\"elementor-element elementor-element-bb9e08b elementor-widget elementor-widget-heading\" data-id=\"bb9e08b\" data-element_type=\"widget\" data-widget_type=\"heading.default\">\n\t\t\t\t<div class=\"elementor-widget-container\">\n\t\t\t\t\t<h3 class=\"elementor-heading-title elementor-size-default\"><br><br>Why CY PACK ?<\/h3>\t\t\t\t<\/div>\n\t\t\t\t<\/div>\n\t\t\t\t<div class=\"elementor-element elementor-element-e828104 elementor-widget-divider--view-line elementor-widget elementor-widget-divider\" data-id=\"e828104\" data-element_type=\"widget\" data-widget_type=\"divider.default\">\n\t\t\t\t<div class=\"elementor-widget-container\">\n\t\t\t\t\t\t\t<div class=\"elementor-divider\">\n\t\t\t<span class=\"elementor-divider-separator\">\n\t\t\t\t\t\t<\/span>\n\t\t<\/div>\n\t\t\t\t\t\t<\/div>\n\t\t\t\t<\/div>\n\t\t\t\t<div class=\"elementor-element elementor-element-8052312 elementor-widget elementor-widget-text-editor\" data-id=\"8052312\" data-element_type=\"widget\" data-widget_type=\"text-editor.default\">\n\t\t\t\t<div class=\"elementor-widget-container\">\n\t\t\t\t\t\t\t\t\t<p>CY PACK est un fabricant digne de confiance qui peut vous aider \u00e0 personnaliser des emballages flexibles, des pochettes \u00e0 fermeture \u00e9clair imprim\u00e9es :<\/p><p>\u2606 Des mat\u00e9riaux de haute qualit\u00e9 : CY PACK utilise des mat\u00e9riaux \u00e9cologiques de haute qualit\u00e9 pour garantir la s\u00e9curit\u00e9 et la durabilit\u00e9 des produits.<\/p><p>\u2606 Personnalisation professionnelle : Fournir des services de conception personnalis\u00e9s pour r\u00e9pondre \u00e0 vos besoins uniques.<\/p><p>\u2606 Technologie avanc\u00e9e : CY PACK utilise une technologie d'impression moderne pour garantir des couleurs vives et des motifs clairs.<\/p><p>\u2606 Excellent service : L'\u00e9quipe professionnelle de CY PACK fournit un soutien complet pour assurer votre exp\u00e9rience satisfaisante.<\/p><p>\u2606 Fabricant \u00e0 la source:R\u00e9duisez vos co\u00fbts d'exploitation \u00e0 la source<\/p><p>\u2606 Contr\u00f4le de la qualit\u00e9 : Probl\u00e8mes de qualit\u00e9, compensation ou refaire.<\/p>\t\t\t\t\t\t\t\t<\/div>\n\t\t\t\t<\/div>\n\t\t\t\t\t<\/div>\n\t\t<\/div>\n\t\t\t\t\t<\/div>\n\t\t<\/section>\n\t\t\t\t<\/div>","protected":false},"excerpt":{"rendered":"<p class=\"wui-p-v-4\"><span class=\"wui-text-color-accents wui-text-weight-bold\">Marque :<\/span> <span class=\"wui-text-color-primary\">PACK CY<\/span><\/p>\n<p class=\"wui-p-v-4\"><span class=\"wui-text-color-accents wui-text-weight-bold\">Origine du produit :<\/span> <span class=\"wui-text-color-primary\">Chine<\/span><\/p>\n<p class=\"wui-p-v-4\"><span class=\"wui-text-color-accents wui-text-weight-bold\">D\u00e9lai de livraison :<\/span> 3<span class=\"wui-text-color-primary\">0 jours de d\u00e9lai de livraison<\/span><\/p>\n<p class=\"wui-p-v-4\"><span class=\"wui-text-color-accents wui-text-weight-bold\">Capacit\u00e9 d'approvisionnement :<\/span> <span class=\"wui-text-color-primary\">1200 tonnes\/mois<\/span><\/p>\n<p>1) Le sachet plat \u00e0 3 soudures pour les miettes de pain poss\u00e8de d'excellentes propri\u00e9t\u00e9s de r\u00e9sistance \u00e0 l'humidit\u00e9 et de scellage, ce qui permet de prot\u00e9ger efficacement les miettes de pain de l'humidit\u00e9 et de la contamination externe, garantissant ainsi la fra\u00eecheur et le go\u00fbt du produit.<\/p>\n<p>2 Par rapport \u00e0 d'autres types de sacs complexes, les sacs \u00e0 scellage sur 3 c\u00f4t\u00e9s sont plus simples, plus faciles \u00e0 produire et \u00e0 utiliser.<\/p>\n<p>3. en raison de ses excellentes performances, les sacs \u00e0 triple soudure sont largement utilis\u00e9s pour l'emballage de divers produits alimentaires.<\/p>","protected":false},"featured_media":1561,"comment_status":"open","ping_status":"closed","template":"","meta":{"_seopress_robots_primary_cat":"none","_seopress_titles_title":"personal care packaging face mask health and wellness care package","_seopress_titles_desc":"CY PACK is a manufacture of flexible packaging in China,  suitable for food, daily chemicals and other industries.-Foshan CY Packaging Co.,Ltd","_seopress_robots_index":"","_monsterinsights_skip_tracking":false,"_monsterinsights_sitenote_active":false,"_monsterinsights_sitenote_note":"","_monsterinsights_sitenote_category":0,"_kad_post_transparent":"default","_kad_post_title":"","_kad_post_layout":"default","_kad_post_sidebar_id":"","_kad_post_content_style":"default","_kad_post_vertical_padding":"default","_kad_post_feature":"","_kad_post_feature_position":"","_kad_post_header":false,"_kad_post_footer":false},"product_brand":[],"product_cat":[47],"product_tag":[53],"class_list":{"0":"post-1558","1":"product","2":"type-product","3":"status-publish","4":"has-post-thumbnail","6":"product_cat-flat-pouches","7":"product_tag-flat-pouches-for-breadcrumbs","9":"first","10":"instock","11":"shipping-taxable","12":"product-type-simple","13":"entry","14":"content-bg","15":"loop-entry"},"_links":{"self":[{"href":"https:\/\/www.cy-package.com\/fr\/wp-json\/wp\/v2\/product\/1558","targetHints":{"allow":["GET"]}}],"collection":[{"href":"https:\/\/www.cy-package.com\/fr\/wp-json\/wp\/v2\/product"}],"about":[{"href":"https:\/\/www.cy-package.com\/fr\/wp-json\/wp\/v2\/types\/product"}],"replies":[{"embeddable":true,"href":"https:\/\/www.cy-package.com\/fr\/wp-json\/wp\/v2\/comments?post=1558"}],"version-history":[{"count":17,"href":"https:\/\/www.cy-package.com\/fr\/wp-json\/wp\/v2\/product\/1558\/revisions"}],"predecessor-version":[{"id":2351,"href":"https:\/\/www.cy-package.com\/fr\/wp-json\/wp\/v2\/product\/1558\/revisions\/2351"}],"wp:featuredmedia":[{"embeddable":true,"href":"https:\/\/www.cy-package.com\/fr\/wp-json\/wp\/v2\/media\/1561"}],"wp:attachment":[{"href":"https:\/\/www.cy-package.com\/fr\/wp-json\/wp\/v2\/media?parent=1558"}],"wp:term":[{"taxonomy":"product_brand","embeddable":true,"href":"https:\/\/www.cy-package.com\/fr\/wp-json\/wp\/v2\/product_brand?post=1558"},{"taxonomy":"product_cat","embeddable":true,"href":"https:\/\/www.cy-package.com\/fr\/wp-json\/wp\/v2\/product_cat?post=1558"},{"taxonomy":"product_tag","embeddable":true,"href":"https:\/\/www.cy-package.com\/fr\/wp-json\/wp\/v2\/product_tag?post=1558"}],"curies":[{"name":"wp","href":"https:\/\/api.w.org\/{rel}","templated":true}]}}