{"id":1584,"date":"2025-01-15T16:14:48","date_gmt":"2025-01-15T08:14:48","guid":{"rendered":"https:\/\/www.cy-package.com\/?post_type=product&#038;p=1584"},"modified":"2025-01-16T09:47:35","modified_gmt":"2025-01-16T01:47:35","slug":"sacs-a-boissons-en-forme-avec-bec-verseur-2","status":"publish","type":"product","link":"https:\/\/www.cy-package.com\/fr\/produit\/sacs-a-boissons-en-forme-avec-bec-verseur-2\/","title":{"rendered":"Sachets \u00e0 bec verseur debout pour la vinaigrette"},"content":{"rendered":"<p style=\"text-align: center;\"><strong><span style=\"font-size: 18px;\">Poches \u00e0 bec<\/span><\/strong><\/p>\n<p><span style=\"font-size: 14px;\">Poches \u00e0 bec <\/span><span style=\"font-size: 14px; font-family: var(--global-body-font-family);\">Les sachets souples sont devenus extr\u00eamement populaires dans le monde entier et offrent une grande commodit\u00e9, un contr\u00f4le des d\u00e9versements et une s\u00e9curit\u00e9 alimentaire pour de nombreuses applications (produits liquides, semi-liquides, granuleux et en poudre). Rempla\u00e7ant efficacement la bo\u00eete de conserve ou le bocal en verre, les sachets souples (qu'ils soient debout, quadruples ou \u00e0 simple fermeture sur trois c\u00f4t\u00e9s) ont r\u00e9volutionn\u00e9 la vente au d\u00e9tail de nombreux produits. L'ajout d'un bec verseur \u00e0 l'un de ces formats d'emballage r\u00e9sout les probl\u00e8mes de distribution ou de refermeture.<\/span><\/p>\n<p><span style=\"font-size: 14px;\">Le co\u00fbt de production des sachets \u00e0 bec est \u00e9videmment inf\u00e9rieur \u00e0 celui des bo\u00eetes de conserve, des bouteilles en plastique ou des bouteilles en verre, et le co\u00fbt du transport et du stockage est \u00e9videmment r\u00e9duit. Les performances d'isolation du produit sont meilleures que celles de la bouteille, et le produit emball\u00e9 peut rapidement se refroidir et rester \u00e0 basse temp\u00e9rature. En outre, un certain nombre d'attributs suppl\u00e9mentaires des \u00e9l\u00e9ments de conception, tels que les poign\u00e9es, les contours courbes, les encoches de d\u00e9chirure et les trous d'accrochage, etc.<\/span><\/p>\n<p>&nbsp;<\/p>\n<p><strong style=\"font-size: 18px;\">Paramenteurs de produits<\/strong><\/p>\n<div>\n<div class=\"nei-table\">\n<table width=\"1000\">\n<tbody>\n<tr class=\"firstRow\">\n<td colspan=\"1\" rowspan=\"1\" width=\"162\" height=\"20\">\n<div style=\"text-align: left;\">Qualit\u00e9 du mat\u00e9riau :<\/div>\n<\/td>\n<td colspan=\"1\" rowspan=\"1\" width=\"837\" height=\"20\">\n<div>Mat\u00e9riau de qualit\u00e9 alimentaire<\/div>\n<\/td>\n<\/tr>\n<tr>\n<td colspan=\"1\" rowspan=\"1\" width=\"162\" height=\"20\">\n<div>Mat\u00e9riau :<\/div>\n<\/td>\n<td colspan=\"1\" rowspan=\"1\" width=\"837\" height=\"20\">\n<div>PET+VMPET+PE, BOPP+papier kraft+VMPET+PE, etc.<\/div>\n<\/td>\n<\/tr>\n<tr>\n<td colspan=\"1\" rowspan=\"1\" width=\"162\" height=\"20\">\n<div>Caract\u00e9ristiques :<\/div>\n<\/td>\n<td colspan=\"1\" rowspan=\"1\" width=\"837\" height=\"20\">\n<div>\n<p>1) Mat\u00e9riau de qualit\u00e9 alimentaire et impression parfaite<\/p>\n<div data-spm-anchor-id=\"a2700.pc-decorate.0.i62.50563333vYoKlh\">2) Pr\u00e9vention des fuites, excellente protection contre l'humidit\u00e9<\/div>\n<div data-spm-anchor-id=\"a2700.pc-decorate.0.i62.50563333vYoKlh\">3) Fond de fermeture solide et fermeture \u00e0 glissi\u00e8re durable<\/div>\n<\/div>\n<\/td>\n<\/tr>\n<tr>\n<td colspan=\"1\" rowspan=\"1\" width=\"162\" height=\"20\">\n<div>Taille et \u00e9paisseur :<\/div>\n<\/td>\n<td colspan=\"1\" rowspan=\"1\" width=\"837\" height=\"20\">\n<div>Sur mesure en fonction de vos besoins<\/div>\n<\/td>\n<\/tr>\n<tr>\n<td colspan=\"1\" rowspan=\"1\" width=\"162\" height=\"20\">\n<div>Type d'encre :<\/div>\n<\/td>\n<td colspan=\"1\" rowspan=\"1\" width=\"837\" height=\"20\">\n<div>Encre de soja \u00e9cologique de qualit\u00e9 alimentaire<\/div>\n<\/td>\n<\/tr>\n<tr>\n<td colspan=\"1\" rowspan=\"1\" width=\"162\" height=\"20\">\n<div>Capacit\u00e9 :<\/div>\n<\/td>\n<td colspan=\"1\" rowspan=\"1\" width=\"837\" height=\"20\">\n<div>100g, 200g, 250g, 500g, 1000g\/1kg, 2kg, 5kg,8oz-100oz, sur mesure<\/div>\n<\/td>\n<\/tr>\n<tr>\n<td colspan=\"1\" rowspan=\"1\" width=\"162\" height=\"20\">\n<div>Application :<\/div>\n<\/td>\n<td colspan=\"1\" rowspan=\"1\" width=\"837\" height=\"20\">\n<div>Alimentation \/ Caf\u00e9 \/ Nourriture pour animaux \/ Th\u00e9 \/ Snack \/ Noix \/ Prot\u00e9ines de lactos\u00e9rum \/ Graines, etc.<\/div>\n<\/td>\n<\/tr>\n<tr>\n<td colspan=\"1\" rowspan=\"1\" width=\"162\" height=\"20\">\n<div>Options de style :<\/div>\n<\/td>\n<td colspan=\"1\" rowspan=\"1\" width=\"837\" height=\"20\">\n<div>Fond plat, debout, soufflet lat\u00e9ral, fermeture \u00e0 glissi\u00e8re, avec ou sans fen\u00eatre, trou europ\u00e9en, etc.<\/div>\n<\/td>\n<\/tr>\n<tr>\n<td colspan=\"1\" rowspan=\"1\" width=\"162\" height=\"20\">\n<div>Contr\u00f4le de la qualit\u00e9 :<\/div>\n<\/td>\n<td colspan=\"1\" rowspan=\"1\" width=\"837\" height=\"20\">\n<div data-spm-anchor-id=\"a2700.details.0.i14.1410417dX9YP5T\">Des \u00e9quipements de pointe et une \u00e9quipe de contr\u00f4le qualit\u00e9 exp\u00e9riment\u00e9e v\u00e9rifient rigoureusement les mat\u00e9riaux, les produits semi-finis et les produits finis \u00e0 chaque \u00e9tape avant l'exp\u00e9dition.<\/div>\n<\/td>\n<\/tr>\n<\/tbody>\n<\/table>\n<\/div>\n<p><img decoding=\"async\" title=\"Sacs \u00e0 boissons fa\u00e7onn\u00e9s avec bec verseur\" src=\"https:\/\/www.cy-package.com\/2833\/2833-202205101615390419.jpg\" alt=\"Sacs \u00e0 boissons fa\u00e7onn\u00e9s avec bec verseur\" \/><\/p>\n<p>&nbsp;<\/p>\n<h2><strong>Flux de travail pour la pr\u00e9production :<\/strong><\/h2>\n<p>1. Fournissez-nous des informations d\u00e9taill\u00e9es sur la pochette que vous souhaitez fabriquer, telles que l'utilisation, la taille, le dessin, la structure et l'\u00e9paisseur, etc. Si n\u00e9cessaire, nous pouvons \u00e9galement vous faire part de nos bonnes suggestions professionnelles.<\/p>\n<p>2. Nous \u00e9tablirons un devis en cons\u00e9quence apr\u00e8s avoir re\u00e7u toutes les informations concernant la pochette.<\/p>\n<p>3. Une fois le prix confirm\u00e9 par les deux parties, nous commencerons \u00e0 travailler sur le traitement de la maquette (pour information, nous devons transformer la maquette en une version r\u00e9alisable pour l'impression en h\u00e9liogravure).<\/p>\n<p>4. Mise en place de l'\u00e9talon de couleur.<\/p>\n<p>5. Confirmer l'\u0153uvre d'art et signer le contrat.<\/p>\n<p>6. Les acheteurs doivent pr\u00e9payer le cylindre (co\u00fbt d'impression) et 40% le paiement anticip\u00e9 de la commande.<\/p>\n<p>7. Nous commencerons ensuite \u00e0 produire des produits en quantit\u00e9 pour vous.<\/p>\n<p>&nbsp;<\/p>\n<p style=\"text-align: center;\"><img decoding=\"async\" title=\"Sacs \u00e0 boissons fa\u00e7onn\u00e9s avec bec verseur\" src=\"https:\/\/www.cy-package.com\/2833\/2833-202205052254023652.jpg\" alt=\"Sacs \u00e0 boissons fa\u00e7onn\u00e9s avec bec verseur\" \/><\/p>\n<p>&nbsp;<\/p>\n<p><span style=\"font-size: 18px;\"><strong>FAQ<\/strong><\/span><\/p>\n<p><strong><span data-spm-anchor-id=\"a2700.details.0.i17.649a7657Tu7jaw\">Q:\u00cates-vous une usine ou une soci\u00e9t\u00e9 commerciale ?<\/span><\/strong><br \/>\nR : Nous sommes une usine dot\u00e9e d'\u00e9quipements de pointe et d'\u00e9quipes de conception professionnelles, qui peut vous offrir le meilleur choix en termes de conception et de capacit\u00e9.<\/p>\n<p><strong>Q:Quelle est la quantit\u00e9 minimale de commande de votre produit ?<\/strong><br \/>\nR:En g\u00e9n\u00e9ral, le MOQ pour les sachets est de 10 000 pi\u00e8ces. Nous acceptons \u00e9galement les commandes d'essai d'\u00e9chantillons pour les petits MOQ, veuillez nous contacter pour en discuter plus avant.<\/p>\n<p><strong>Q:Quel est le d\u00e9lai de livraison apr\u00e8s la commande ?<\/strong><br \/>\nR : En g\u00e9n\u00e9ral, le d\u00e9lai de livraison est de 15 \u00e0 20 jours pour les nouvelles commandes et de 10 \u00e0 12 jours pour les commandes r\u00e9p\u00e9t\u00e9es \u00e0 partir de la date de confirmation.<\/p>\n<p><strong>Q:Quelle est votre gamme de produits ?<\/strong><br \/>\nR:Notre usine peut produire la plupart des types d'emballages flexibles, y compris les sacs \u00e0 caf\u00e9, les sacs pour aliments pour animaux, les sacs pour aliments, les sacs pour liquides, les sachets \u00e0 fond plat et les sachets \u00e0 fond plat.<br \/>\nsac, sac \u00e0 fermeture \u00e9clair, sac \u00e0 bec, sac \u00e0 dos, film lamin\u00e9 pour le chocolat ou les bonbons, etc.<\/p>\n<p><strong>Q:Quelles sont les informations n\u00e9cessaires pour obtenir un devis pour un produit ?<\/strong><br \/>\nR : Contactez-nous pour nous indiquer la taille et les exigences particuli\u00e8res que vous souhaitez. Nous pouvons tous les personnaliser et nous avons de nombreux exemples pour votre r\u00e9f\u00e9rence.<\/p>\n<p><strong>Q:Des \u00e9chantillons peuvent-ils \u00eatre fournis ?<\/strong><br \/>\nPour les \u00e9chantillons personnalis\u00e9s, le co\u00fbt r\u00e9el de l'\u00e9chantillon et le co\u00fbt du cylindre d'impression seront factur\u00e9s, et le co\u00fbt du cylindre ne sera pas n\u00e9cessaire pour les commandes en gros.<\/p>\n<\/div>","protected":false},"excerpt":{"rendered":"<p class=\"wui-p-v-4\"><span class=\"wui-text-color-accents wui-text-weight-bold\">Marque :<\/span> <span class=\"wui-text-color-primary\">PACK CY<\/span><\/p>\n<p class=\"wui-p-v-4\"><span class=\"wui-text-color-accents wui-text-weight-bold\">Origine du produit :<\/span> <span class=\"wui-text-color-primary\">Chine<\/span><\/p>\n<p class=\"wui-p-v-4\"><span class=\"wui-text-color-accents wui-text-weight-bold\">D\u00e9lai de livraison :<\/span> <span class=\"wui-text-color-primary\">D\u00e9lai de livraison de 25 jours<\/span><\/p>\n<p class=\"wui-p-v-4\">La poche \u00e0 bec est fabriqu\u00e9e en plastique de qualit\u00e9 alimentaire, propre et insipide. Le poids total est tr\u00e8s l\u00e9ger et le bouchon \u00e0 vis est pratique pour verser ou boire directement. Nos sachets avec bouchon \u00e0 vis sont faciles \u00e0 transporter et peuvent \u00eatre \u00e9tiquet\u00e9s et marqu\u00e9s, de sorte qu'ils peuvent \u00eatre trouv\u00e9s imm\u00e9diatement. Une bonne \u00e9tanch\u00e9it\u00e9 vous permet de les mettre dans votre sac lorsque vous sortez.<br \/>\nLa poche \u00e0 bec relevable permet de charger diverses boissons, telles que l'eau, le jus de fruits, le jus de l\u00e9gumes, la tisane, la confiture, le lait de soja, etc. Il est \u00e9galement possible d'utiliser de l'huile ou de la sauce pour la cuisine.<\/p>","protected":false},"featured_media":1585,"comment_status":"open","ping_status":"closed","template":"","meta":{"_seopress_robots_primary_cat":"none","_seopress_titles_title":"Stand up Spouted Pouches for Salad Dressing","_seopress_titles_desc":"Spout pouch for salad dressing or pre-prepared dishes- Manufacturers and Factory. We accept OEMcustom products all made in China.","_seopress_robots_index":"","_monsterinsights_skip_tracking":false,"_monsterinsights_sitenote_active":false,"_monsterinsights_sitenote_note":"","_monsterinsights_sitenote_category":0,"_kad_post_transparent":"default","_kad_post_title":"","_kad_post_layout":"default","_kad_post_sidebar_id":"","_kad_post_content_style":"default","_kad_post_vertical_padding":"default","_kad_post_feature":"","_kad_post_feature_position":"","_kad_post_header":false,"_kad_post_footer":false},"product_brand":[],"product_cat":[26],"product_tag":[],"class_list":{"0":"post-1584","1":"product","2":"type-product","3":"status-publish","4":"has-post-thumbnail","6":"product_cat-spout-pouches","8":"first","9":"instock","10":"shipping-taxable","11":"product-type-simple","12":"entry","13":"content-bg","14":"loop-entry"},"_links":{"self":[{"href":"https:\/\/www.cy-package.com\/fr\/wp-json\/wp\/v2\/product\/1584","targetHints":{"allow":["GET"]}}],"collection":[{"href":"https:\/\/www.cy-package.com\/fr\/wp-json\/wp\/v2\/product"}],"about":[{"href":"https:\/\/www.cy-package.com\/fr\/wp-json\/wp\/v2\/types\/product"}],"replies":[{"embeddable":true,"href":"https:\/\/www.cy-package.com\/fr\/wp-json\/wp\/v2\/comments?post=1584"}],"version-history":[{"count":2,"href":"https:\/\/www.cy-package.com\/fr\/wp-json\/wp\/v2\/product\/1584\/revisions"}],"predecessor-version":[{"id":1589,"href":"https:\/\/www.cy-package.com\/fr\/wp-json\/wp\/v2\/product\/1584\/revisions\/1589"}],"wp:featuredmedia":[{"embeddable":true,"href":"https:\/\/www.cy-package.com\/fr\/wp-json\/wp\/v2\/media\/1585"}],"wp:attachment":[{"href":"https:\/\/www.cy-package.com\/fr\/wp-json\/wp\/v2\/media?parent=1584"}],"wp:term":[{"taxonomy":"product_brand","embeddable":true,"href":"https:\/\/www.cy-package.com\/fr\/wp-json\/wp\/v2\/product_brand?post=1584"},{"taxonomy":"product_cat","embeddable":true,"href":"https:\/\/www.cy-package.com\/fr\/wp-json\/wp\/v2\/product_cat?post=1584"},{"taxonomy":"product_tag","embeddable":true,"href":"https:\/\/www.cy-package.com\/fr\/wp-json\/wp\/v2\/product_tag?post=1584"}],"curies":[{"name":"wp","href":"https:\/\/api.w.org\/{rel}","templated":true}]}}