{"id":1590,"date":"2025-07-04T14:58:59","date_gmt":"2025-07-04T06:58:59","guid":{"rendered":"https:\/\/www.cy-package.com\/?post_type=product&#038;p=1590"},"modified":"2026-01-15T17:19:48","modified_gmt":"2026-01-15T09:19:48","slug":"spouted-pouches-for-plant-nutrient-solution","status":"publish","type":"product","link":"https:\/\/www.cy-package.com\/fr\/produit\/spouted-pouches-for-plant-nutrient-solution\/","title":{"rendered":"Flexible Plastic Spouted Pouches for Plant Nutrient Solution"},"content":{"rendered":"<h2><span style=\"font-size: 24px;\">Flexible Plastic Spouted Pouches for Plant Nutrient Solution<\/span><\/h2>\n<p>This soft plastic spout bag with a handle is an ideal environmentally friendly packaging choice for plant nutrient solution. It uses the &#8220;thin wall&#8221; characteristics of soft plastic to provide the required packaging functions with the least amount of plastic, achieving the dual goals of significant resource conservation (environmental protection) and cost reduction. At the same time, its handle design greatly improves the portability and convenience of consumer use, and is a typical representative of modern packaging pursuing lightweight, sustainable and improved user experience. For brands that focus on environmental protection and cost-effectiveness, it is a very attractive packaging solution.<\/p>\n<p><strong><span style=\"font-size: 20px;\">Spouted Pouches Type as bellow<\/span><\/strong><\/p>\n<div>\n<p><img decoding=\"async\" class=\"aligncenter\" title=\"Sacs \u00e0 boissons fa\u00e7onn\u00e9s avec bec verseur\" src=\"https:\/\/www.cy-package.com\/2833\/2833-202205101615390419.jpg\" alt=\"Sacs \u00e0 boissons fa\u00e7onn\u00e9s avec bec verseur\" \/><\/p>\n<p>&nbsp;<\/p>\n<h3><span style=\"font-size: 20px;\"><strong>Flux de travail pour la pr\u00e9production :<\/strong><\/span><\/h3>\n<p>1. Fournissez-nous des informations d\u00e9taill\u00e9es sur la pochette que vous souhaitez fabriquer, telles que l'utilisation, la taille, le dessin, la structure et l'\u00e9paisseur, etc. Si n\u00e9cessaire, nous pouvons \u00e9galement vous faire part de nos bonnes suggestions professionnelles.<\/p>\n<p>2. Nous \u00e9tablirons un devis en cons\u00e9quence apr\u00e8s avoir re\u00e7u toutes les informations concernant la pochette.<\/p>\n<p>3. Une fois le prix confirm\u00e9 par les deux parties, nous commencerons \u00e0 travailler sur le traitement de la maquette (pour information, nous devons transformer la maquette en une version r\u00e9alisable pour l'impression en h\u00e9liogravure).<\/p>\n<p>4. Mise en place de l'\u00e9talon de couleur.<\/p>\n<p>5. Confirmer l'\u0153uvre d'art et signer le contrat.<\/p>\n<p>6. Les acheteurs doivent pr\u00e9payer le cylindre (co\u00fbt d'impression) et 40% le paiement anticip\u00e9 de la commande.<\/p>\n<p>7. Nous commencerons ensuite \u00e0 produire des produits en quantit\u00e9 pour vous.<\/p>\n<p>&nbsp;<\/p>\n<p style=\"text-align: center;\"><img decoding=\"async\" title=\"Sacs \u00e0 boissons fa\u00e7onn\u00e9s avec bec verseur\" src=\"https:\/\/www.cy-package.com\/2833\/2833-202205052254023652.jpg\" alt=\"Sacs \u00e0 boissons fa\u00e7onn\u00e9s avec bec verseur\" \/><\/p>\n<p>&nbsp;<\/p>\n<h4><span style=\"font-size: 18px;\"><strong>FAQ<\/strong><\/span><\/h4>\n<p><strong><span data-spm-anchor-id=\"a2700.details.0.i17.649a7657Tu7jaw\">Q:\u00cates-vous une usine ou une soci\u00e9t\u00e9 commerciale ?<\/span><\/strong><br \/>\nR : Nous sommes une usine dot\u00e9e d'\u00e9quipements de pointe et d'\u00e9quipes de conception professionnelles, qui peut vous offrir le meilleur choix en termes de conception et de capacit\u00e9.<\/p>\n<p><strong>Q:Quelle est la quantit\u00e9 minimale de commande de votre produit ?<\/strong><br \/>\nR:En g\u00e9n\u00e9ral, le MOQ pour les sachets est de 10 000 pi\u00e8ces. Nous acceptons \u00e9galement les commandes d'essai d'\u00e9chantillons pour les petits MOQ, veuillez nous contacter pour en discuter plus avant.<\/p>\n<p><strong>Q:Quel est le d\u00e9lai de livraison apr\u00e8s la commande ?<\/strong><br \/>\nR : En g\u00e9n\u00e9ral, le d\u00e9lai de livraison est de 15 \u00e0 20 jours pour les nouvelles commandes et de 10 \u00e0 12 jours pour les commandes r\u00e9p\u00e9t\u00e9es \u00e0 partir de la date de confirmation.<\/p>\n<p><strong>Q:Quelle est votre gamme de produits ?<\/strong><br \/>\nR:Notre usine peut produire la plupart des types d'emballages flexibles, y compris les sacs \u00e0 caf\u00e9, les sacs pour aliments pour animaux, les sacs pour aliments, les sacs pour liquides, les sachets \u00e0 fond plat et les sachets \u00e0 fond plat.<br \/>\nsac, sac \u00e0 fermeture \u00e9clair, sac \u00e0 bec, sac \u00e0 dos, film lamin\u00e9 pour le chocolat ou les bonbons, etc.<\/p>\n<p><strong>Q:Quelles sont les informations n\u00e9cessaires pour obtenir un devis pour un produit ?<\/strong><br \/>\nR : Contactez-nous pour nous indiquer la taille et les exigences particuli\u00e8res que vous souhaitez. Nous pouvons tous les personnaliser et nous avons de nombreux exemples pour votre r\u00e9f\u00e9rence.<\/p>\n<p><strong>Q:Des \u00e9chantillons peuvent-ils \u00eatre fournis ?<\/strong><br \/>\nPour les \u00e9chantillons personnalis\u00e9s, le co\u00fbt r\u00e9el de l'\u00e9chantillon et le co\u00fbt du cylindre d'impression seront factur\u00e9s, et le co\u00fbt du cylindre ne sera pas n\u00e9cessaire pour les commandes en gros.<\/p>\n<\/div>","protected":false},"excerpt":{"rendered":"<p class=\"wui-p-v-4\"><span class=\"wui-text-color-accents wui-text-weight-bold\">Marque :<\/span> <span class=\"wui-text-color-primary\">PACK CY<\/span><\/p>\n<p class=\"wui-p-v-4\"><span class=\"wui-text-color-accents wui-text-weight-bold\">Origine du produit :<\/span> <span class=\"wui-text-color-primary\">Chine<\/span><\/p>\n<p class=\"wui-p-v-4\"><span class=\"wui-text-color-accents wui-text-weight-bold\">D\u00e9lai de livraison :<\/span> <span class=\"wui-text-color-primary\">D\u00e9lai de livraison de 25 jours<\/span><\/p>\n<p class=\"wui-p-v-4\">The spouted pouch is made of food grade plastic, clean and tasteless. The overall weight is very light, and the screw cap is convenient for pouring or drinking directly.<\/p>","protected":false},"featured_media":2034,"comment_status":"open","ping_status":"closed","template":"","meta":{"_seopress_robots_primary_cat":"none","_seopress_titles_title":"Flexible Plastic Spouted Pouches for Plant Nutrient Solution","_seopress_titles_desc":"Good quality and competitive price spouted pouches for plant nutrient solution- manufacturers and factory in China.","_seopress_robots_index":"","_monsterinsights_skip_tracking":false,"_monsterinsights_sitenote_active":false,"_monsterinsights_sitenote_note":"","_monsterinsights_sitenote_category":0,"_kad_post_transparent":"default","_kad_post_title":"","_kad_post_layout":"default","_kad_post_sidebar_id":"","_kad_post_content_style":"default","_kad_post_vertical_padding":"default","_kad_post_feature":"","_kad_post_feature_position":"","_kad_post_header":false,"_kad_post_footer":false},"product_brand":[],"product_cat":[26],"product_tag":[],"class_list":{"0":"post-1590","1":"product","2":"type-product","3":"status-publish","4":"has-post-thumbnail","6":"product_cat-spout-pouches","8":"first","9":"instock","10":"shipping-taxable","11":"product-type-simple","12":"entry","13":"content-bg","14":"loop-entry"},"_links":{"self":[{"href":"https:\/\/www.cy-package.com\/fr\/wp-json\/wp\/v2\/product\/1590","targetHints":{"allow":["GET"]}}],"collection":[{"href":"https:\/\/www.cy-package.com\/fr\/wp-json\/wp\/v2\/product"}],"about":[{"href":"https:\/\/www.cy-package.com\/fr\/wp-json\/wp\/v2\/types\/product"}],"replies":[{"embeddable":true,"href":"https:\/\/www.cy-package.com\/fr\/wp-json\/wp\/v2\/comments?post=1590"}],"version-history":[{"count":3,"href":"https:\/\/www.cy-package.com\/fr\/wp-json\/wp\/v2\/product\/1590\/revisions"}],"predecessor-version":[{"id":2346,"href":"https:\/\/www.cy-package.com\/fr\/wp-json\/wp\/v2\/product\/1590\/revisions\/2346"}],"wp:featuredmedia":[{"embeddable":true,"href":"https:\/\/www.cy-package.com\/fr\/wp-json\/wp\/v2\/media\/2034"}],"wp:attachment":[{"href":"https:\/\/www.cy-package.com\/fr\/wp-json\/wp\/v2\/media?parent=1590"}],"wp:term":[{"taxonomy":"product_brand","embeddable":true,"href":"https:\/\/www.cy-package.com\/fr\/wp-json\/wp\/v2\/product_brand?post=1590"},{"taxonomy":"product_cat","embeddable":true,"href":"https:\/\/www.cy-package.com\/fr\/wp-json\/wp\/v2\/product_cat?post=1590"},{"taxonomy":"product_tag","embeddable":true,"href":"https:\/\/www.cy-package.com\/fr\/wp-json\/wp\/v2\/product_tag?post=1590"}],"curies":[{"name":"wp","href":"https:\/\/api.w.org\/{rel}","templated":true}]}}