{"id":1591,"date":"2025-02-18T17:47:21","date_gmt":"2025-02-18T09:47:21","guid":{"rendered":"https:\/\/www.cy-package.com\/?post_type=product&#038;p=1591"},"modified":"2025-03-12T14:28:59","modified_gmt":"2025-03-12T06:28:59","slug":"aluminum-foil-zip-lock-bags","status":"publish","type":"product","link":"https:\/\/www.cy-package.com\/fr\/produit\/aluminum-foil-zip-lock-bags\/","title":{"rendered":"Emballage en feuille d'aluminium Sacs \u00e0 fermeture \u00e9clair"},"content":{"rendered":"<p>&nbsp;<\/p>\n<div>\n<p><span style=\"font-size: 18px; color: #2b6cb0;\"><strong>Paramenteurs de produits<\/strong><\/span><\/p>\n<\/div>\n<div>\n<div class=\"nei-table\" style=\"text-align: left;\">\n<p>&nbsp;<\/p>\n<div class=\"nei-table\">\n<table style=\"width: 100%; height: 392px;\">\n<tbody>\n<tr class=\"firstRow\" style=\"height: 31px;\">\n<td style=\"border-color: #dddddd; height: 31px; width: 14.8256%;\" colspan=\"1\" rowspan=\"1\" width=\"162\" height=\"20\">\n<div style=\"text-align: left;\">Qualit\u00e9 du mat\u00e9riau :<\/div>\n<\/td>\n<td style=\"border-color: #dddddd; height: 31px; width: 84.6899%;\" colspan=\"1\" rowspan=\"1\" width=\"1062\" height=\"20\">\n<div style=\"text-align: left;\">Mat\u00e9riau de qualit\u00e9 alimentaire<\/div>\n<\/td>\n<\/tr>\n<tr style=\"height: 31px;\">\n<td style=\"border-color: #dddddd; height: 31px; width: 14.8256%;\" colspan=\"1\" rowspan=\"1\" width=\"162\" height=\"20\">\n<div style=\"text-align: left;\">Mat\u00e9riau :<\/div>\n<\/td>\n<td style=\"border-color: #dddddd; height: 31px; width: 84.6899%;\" colspan=\"1\" rowspan=\"1\" width=\"1062\" height=\"20\">\n<div style=\"text-align: left;\">PET\/VMPET\/PE\/BOPP\/papier kraft\/AL\/BOPP\/CPP\/PLA\/PBAT, etc.<\/div>\n<\/td>\n<\/tr>\n<tr style=\"height: 117px;\">\n<td style=\"border-color: #dddddd; height: 117px; width: 14.8256%;\" colspan=\"1\" rowspan=\"1\" width=\"162\" height=\"20\">\n<div style=\"text-align: left;\">Caract\u00e9ristiques :<\/div>\n<\/td>\n<td style=\"border-color: #dddddd; height: 117px; width: 84.6899%;\" colspan=\"1\" rowspan=\"1\" width=\"1062\" height=\"20\">\n<div style=\"text-align: left;\">\n<p>1) Mat\u00e9riau de qualit\u00e9 alimentaire et impression parfaite<\/p>\n<p>2) Pr\u00e9vention des fuites, excellente protection contre l'humidit\u00e9<\/p>\n<div data-spm-anchor-id=\"a2700.pc-decorate.0.i62.50563333vYoKlh\">3) Fond de fermeture solide et fermeture \u00e0 glissi\u00e8re durable<\/div>\n<\/div>\n<\/td>\n<\/tr>\n<tr style=\"height: 31px;\">\n<td style=\"border-color: #dddddd; height: 31px; width: 14.8256%;\" colspan=\"1\" rowspan=\"1\" width=\"162\" height=\"20\">\n<div style=\"text-align: left;\">Taille et \u00e9paisseur :<\/div>\n<\/td>\n<td style=\"border-color: #dddddd; height: 31px; width: 84.6899%;\" colspan=\"1\" rowspan=\"1\" width=\"1062\" height=\"20\">\n<div style=\"text-align: left;\">Emballage de caf\u00e9 personnalis\u00e9 selon vos besoins<\/div>\n<\/td>\n<\/tr>\n<tr style=\"height: 31px;\">\n<td style=\"border-color: #dddddd; height: 31px; width: 14.8256%;\" colspan=\"1\" rowspan=\"1\" width=\"162\" height=\"20\">\n<div style=\"text-align: left;\">Type d'encre :<\/div>\n<\/td>\n<td style=\"border-color: #dddddd; height: 31px; width: 84.6899%;\" colspan=\"1\" rowspan=\"1\" width=\"1062\" height=\"20\">\n<div style=\"text-align: left;\">Encre de soja \u00e9cologique de qualit\u00e9 alimentaire<\/div>\n<\/td>\n<\/tr>\n<tr style=\"height: 31px;\">\n<td style=\"border-color: #dddddd; height: 31px; width: 14.8256%;\" colspan=\"1\" rowspan=\"1\" width=\"162\" height=\"20\">\n<div style=\"text-align: left;\">Capacit\u00e9 :<\/div>\n<\/td>\n<td style=\"border-color: #dddddd; height: 31px; width: 84.6899%;\" colspan=\"1\" rowspan=\"1\" width=\"1062\" height=\"20\">\n<div style=\"text-align: left;\">100g, 200g, 250g, 500g, 1000g\/1kg, 2kg, 5kg,8oz-100oz, sur mesure<\/div>\n<\/td>\n<\/tr>\n<tr style=\"height: 31px;\">\n<td style=\"border-color: #dddddd; height: 31px; width: 14.8256%;\" colspan=\"1\" rowspan=\"1\" width=\"162\" height=\"20\">\n<div style=\"text-align: left;\">Application :<\/div>\n<\/td>\n<td style=\"border-color: #dddddd; height: 31px; width: 84.6899%;\" colspan=\"1\" rowspan=\"1\" width=\"1062\" height=\"20\">\n<div style=\"text-align: left;\">\u00a0Caf\u00e9 \/ Th\u00e9 \/ Graines, etc.<\/div>\n<\/td>\n<\/tr>\n<tr style=\"height: 31px;\">\n<td style=\"border-color: #dddddd; height: 31px; width: 14.8256%;\" colspan=\"1\" rowspan=\"1\" width=\"162\" height=\"20\">\n<div style=\"text-align: left;\">Options de style :<\/div>\n<\/td>\n<td style=\"border-color: #dddddd; height: 31px; width: 84.6899%;\" colspan=\"1\" rowspan=\"1\" width=\"1062\" height=\"20\">\n<div style=\"text-align: left;\">Sacs \u00e0 fond plat, pochettes debout, sacs \u00e0 soufflets lat\u00e9raux, fermeture \u00e0 glissi\u00e8re, avec\/sans fen\u00eatre, trou Euro, etc.<\/div>\n<\/td>\n<\/tr>\n<tr style=\"height: 58px;\">\n<td style=\"border-color: #dddddd; height: 58px; width: 14.8256%;\" colspan=\"1\" rowspan=\"1\" width=\"162\" height=\"20\">\n<div style=\"text-align: left;\">Contr\u00f4le de la qualit\u00e9 :<\/div>\n<\/td>\n<td style=\"border-color: #dddddd; height: 58px; width: 84.6899%;\" colspan=\"1\" rowspan=\"1\" width=\"1041.6666666666667\" height=\"20\">\n<div style=\"text-align: left;\" data-spm-anchor-id=\"a2700.details.0.i14.1410417dX9YP5T\">Des \u00e9quipements de pointe et une \u00e9quipe de contr\u00f4le qualit\u00e9 exp\u00e9riment\u00e9e v\u00e9rifient rigoureusement les mat\u00e9riaux, les produits semi-finis et les produits finis \u00e0 chaque \u00e9tape avant l'exp\u00e9dition.<\/div>\n<\/td>\n<\/tr>\n<\/tbody>\n<\/table>\n<\/div>\n<\/div>\n<\/div>\n<p><img fetchpriority=\"high\" decoding=\"async\" class=\"aligncenter size-full wp-image-1645\" src=\"https:\/\/www.cy-package.com\/wp-content\/uploads\/2025\/02\/18-e1739871616325.jpg\" alt=\"SACS EN PAPIER D&#039;ALUMINIUM\" width=\"800\" height=\"535\" srcset=\"https:\/\/www.cy-package.com\/wp-content\/uploads\/2025\/02\/18-e1739871616325.jpg 800w, https:\/\/www.cy-package.com\/wp-content\/uploads\/2025\/02\/18-e1739871616325-300x201.jpg 300w, https:\/\/www.cy-package.com\/wp-content\/uploads\/2025\/02\/18-e1739871616325-768x514.jpg 768w, https:\/\/www.cy-package.com\/wp-content\/uploads\/2025\/02\/18-e1739871616325-18x12.jpg 18w\" sizes=\"(max-width: 800px) 100vw, 800px\" \/><\/p>\n<p>Stand up bags( also called flat pouches) are one of the best packaging solutions if you want to add a prefessional look to your brand or business.Ideal for food and snack packaging,the high resistance barriers can help to keep your products fresh for longer. This aluminum foil packaging bag stand up bag leave you open for many options. Since it&#8217;s gusseted,these bags can handle heavier items and makes them easy to transport. Make it resealable with a zipper. Zip your pouch from the side,bottom or anywhere you want. Choose between glossy or matte.Customize your packaging as you see fit. You create it and we make it happen.<\/p>","protected":false},"excerpt":{"rendered":"<p class=\"wui-p-v-4\"><span class=\"wui-text-color-accents wui-text-weight-bold\">Marque :<\/span> <span class=\"wui-text-color-primary\">PACK CY<\/span><\/p>\n<p class=\"wui-p-v-4\"><span class=\"wui-text-color-accents wui-text-weight-bold\">Origine du produit :<\/span> <span class=\"wui-text-color-primary\">Chine<\/span><\/p>\n<p class=\"wui-p-v-4\"><span class=\"wui-text-color-accents wui-text-weight-bold\">D\u00e9lai de livraison :<\/span> <span class=\"wui-text-color-primary\">D\u00e9lai de 20 jours<\/span><\/p>\n<p>&nbsp;<\/p>\n<p class=\"wui-p-v-4\"><span class=\"wui-text-color-accents wui-text-weight-bold\">Capacit\u00e9 d'approvisionnement :<\/span> <span class=\"wui-text-color-primary\">1200 tonnes\/mois<\/span><\/p>\n<p class=\"wui-p-v-4\">Traitement de surface : h\u00e9liogravure\/impression num\u00e9rique<\/p>\n<p>Large \u00e9ventail d'utilisations :  Nos sacs \u00e0 fermeture \u00e0 glissi\u00e8re sont imperm\u00e9ables une fois le sac ferm\u00e9. Ils sont parfaits pour les bonbons, les biscuits, les \u00e9pices, les friandises pour animaux, les grains de caf\u00e9, les bombes de bain, etc.<br \/>\nQualit\u00e9 \u00e0 l'\u00e9preuve des odeurs : la doublure du sac d'emballage alimentaire refermable est fabriqu\u00e9e \u00e0 partir d'une feuille d'aluminium de haute qualit\u00e9, qui pr\u00e9sente une bonne r\u00e9sistance et une bonne robustesse, ne se d\u00e9forme pas apr\u00e8s une utilisation r\u00e9p\u00e9t\u00e9e et peut \u00eatre conserv\u00e9e pendant une longue p\u00e9riode.<br \/>\nFacile \u00e0 utiliser : vous pouvez les d\u00e9zipper \u00e0 plusieurs reprises, et le joint est si serr\u00e9 qu'il ne se cassera pas. Il suffit d'ouvrir et de fermer la partie zipp\u00e9e lors de l'utilisation, ce qui facilite l'emballage et le stockage. La fen\u00eatre mate au milieu vous permet de voir quels produits sont stock\u00e9s dans le sac sans ouvrir le sceau, assurez-vous de fermer le sceau de la fermeture \u00e9clair pour \u00e9viter les fuites et garantir la fra\u00eecheur.<\/p>","protected":false},"featured_media":1646,"comment_status":"open","ping_status":"closed","template":"","meta":{"_seopress_robots_primary_cat":"none","_seopress_titles_title":"Aluminum Foil Packaging Zip Lock Bags","_seopress_titles_desc":"Wholesale Packaging Bags manufacture and factory. We  CY PACK accept custom aluminum foil packaging zip lock bags for coffee beans dog dry food cat dry food.","_seopress_robots_index":"","_monsterinsights_skip_tracking":false,"_monsterinsights_sitenote_active":false,"_monsterinsights_sitenote_note":"","_monsterinsights_sitenote_category":0,"_kad_post_transparent":"default","_kad_post_title":"","_kad_post_layout":"default","_kad_post_sidebar_id":"","_kad_post_content_style":"default","_kad_post_vertical_padding":"default","_kad_post_feature":"","_kad_post_feature_position":"","_kad_post_header":false,"_kad_post_footer":false},"product_brand":[],"product_cat":[41],"product_tag":[],"class_list":{"0":"post-1591","1":"product","2":"type-product","3":"status-publish","4":"has-post-thumbnail","6":"product_cat-flat-bottom-pouches","8":"first","9":"instock","10":"shipping-taxable","11":"product-type-simple","12":"entry","13":"content-bg","14":"loop-entry"},"_links":{"self":[{"href":"https:\/\/www.cy-package.com\/fr\/wp-json\/wp\/v2\/product\/1591","targetHints":{"allow":["GET"]}}],"collection":[{"href":"https:\/\/www.cy-package.com\/fr\/wp-json\/wp\/v2\/product"}],"about":[{"href":"https:\/\/www.cy-package.com\/fr\/wp-json\/wp\/v2\/types\/product"}],"replies":[{"embeddable":true,"href":"https:\/\/www.cy-package.com\/fr\/wp-json\/wp\/v2\/comments?post=1591"}],"version-history":[{"count":4,"href":"https:\/\/www.cy-package.com\/fr\/wp-json\/wp\/v2\/product\/1591\/revisions"}],"predecessor-version":[{"id":1659,"href":"https:\/\/www.cy-package.com\/fr\/wp-json\/wp\/v2\/product\/1591\/revisions\/1659"}],"wp:featuredmedia":[{"embeddable":true,"href":"https:\/\/www.cy-package.com\/fr\/wp-json\/wp\/v2\/media\/1646"}],"wp:attachment":[{"href":"https:\/\/www.cy-package.com\/fr\/wp-json\/wp\/v2\/media?parent=1591"}],"wp:term":[{"taxonomy":"product_brand","embeddable":true,"href":"https:\/\/www.cy-package.com\/fr\/wp-json\/wp\/v2\/product_brand?post=1591"},{"taxonomy":"product_cat","embeddable":true,"href":"https:\/\/www.cy-package.com\/fr\/wp-json\/wp\/v2\/product_cat?post=1591"},{"taxonomy":"product_tag","embeddable":true,"href":"https:\/\/www.cy-package.com\/fr\/wp-json\/wp\/v2\/product_tag?post=1591"}],"curies":[{"name":"wp","href":"https:\/\/api.w.org\/{rel}","templated":true}]}}