{"id":1592,"date":"2025-01-21T16:35:57","date_gmt":"2025-01-21T08:35:57","guid":{"rendered":"https:\/\/www.cy-package.com\/?post_type=product&#038;p=1592"},"modified":"2025-03-06T17:49:32","modified_gmt":"2025-03-06T09:49:32","slug":"sacs-demballage-alimentaire-en-plastique-a-fond-plat-15","status":"publish","type":"product","link":"https:\/\/www.cy-package.com\/fr\/produit\/sacs-demballage-alimentaire-en-plastique-a-fond-plat-15\/","title":{"rendered":"Sacs d'emballage en feuille d'aluminium avec mat\u00e9riau de qualit\u00e9 alimentaire"},"content":{"rendered":"<hr \/>\n<p><strong style=\"font-family: var(--global-body-font-family);\">Paramenteurs de produits<\/strong><\/p>\n<table style=\"border-collapse: collapse; width: 100%;\">\n<tbody>\n<tr>\n<td style=\"width: 19.8374%;\">Mat\u00e9riau :<\/td>\n<td style=\"width: 80.1626%;\">PET+VMPET+PE, BOPP+papier kraft+VMPET+PE, etc.<\/td>\n<\/tr>\n<tr>\n<td style=\"width: 19.8374%;\">Type d'encre :<\/td>\n<td style=\"width: 80.1626%;\">Encre de soja \u00e9cologique de qualit\u00e9 alimentaire<\/td>\n<\/tr>\n<tr>\n<td style=\"width: 19.8374%;\">Application :<\/td>\n<td style=\"width: 80.1626%;\">Alimentation \/ Caf\u00e9 \/ Nourriture pour animaux \/ Th\u00e9 \/ Snack \/ Noix \/ Prot\u00e9ines de lactos\u00e9rum \/ Graines, etc.<\/td>\n<\/tr>\n<tr>\n<td style=\"width: 19.8374%;\">Options de style :<\/td>\n<td style=\"width: 80.1626%;\">Fond plat, debout, soufflet lat\u00e9ral, fermeture \u00e0 glissi\u00e8re, avec ou sans fen\u00eatre, trou europ\u00e9en, etc.<\/td>\n<\/tr>\n<tr>\n<td style=\"width: 19.8374%;\">Contr\u00f4le de la qualit\u00e9 :<\/td>\n<td style=\"width: 80.1626%;\">Des \u00e9quipements de pointe et une \u00e9quipe de contr\u00f4le qualit\u00e9 exp\u00e9riment\u00e9e v\u00e9rifient rigoureusement les mat\u00e9riaux, les produits semi-finis et les produits finis \u00e0 chaque \u00e9tape avant l'exp\u00e9dition.<\/td>\n<\/tr>\n<\/tbody>\n<\/table>\n<p><img fetchpriority=\"high\" decoding=\"async\" class=\"aligncenter\" src=\"https:\/\/www.cy-package.com\/wp-content\/uploads\/2025\/01\/15.jpg\" alt=\"sacs en papier d&#039;aluminium\" width=\"370\" height=\"370\" \/><\/p>\n<p>Si vous recherchez des sacs d'emballage alimentaire pour le caf\u00e9, le th\u00e9 ou d'autres produits herm\u00e9tiques et tr\u00e8s r\u00e9sistants \u00e0 la perforation, les sacs en papier d'aluminium doivent \u00eatre le meilleur choix.Nos sachets en aluminium sont g\u00e9n\u00e9ralement constitu\u00e9s de 3 ou 4 couches de mat\u00e9riau \u00e0 haute r\u00e9sistance, avec normalement une couche de feuille d'aluminium ou de film m\u00e9tallis\u00e9 au milieu pour prot\u00e9ger les produits du soleil ou de la lumi\u00e8re directe, ce qui permet de conserver les produits plus longtemps et d'obtenir des propri\u00e9t\u00e9s de barri\u00e8re plus \u00e9lev\u00e9es.AL est le mat\u00e9riau de barri\u00e8re et de r\u00e9sistance de tr\u00e8s haute qualit\u00e9 pour les produits en sachet, dont les donn\u00e9es sont les suivantes:Taux de transit de l'oxyg\u00e8ne &lt; 0,5 cc\/\u33a1.24h.0.1mpa;Taux de transit de la vapeur d&#039;eau &lt; 0.1 g\/\u33a1.24h;Alors que les barri\u00e8res de tous les autres films sont au moins 5 \u00e0 50 fois plus faibles que l&#039;AL lui-m\u00eame. M\u00eame sans utiliser d&#039;aluminium pur, nous disposons \u00e9galement de mat\u00e9riaux de rev\u00eatement en aluminium, comme le PETAL, le CPPAL, le BOPPAL ou d&#039;autres films tels que l&#039;ALOx-PET, l&#039;ALOx-BOPP, etc. Ces mat\u00e9riaux ne sont pas en aluminium pur, mais l&#039;enduction d&#039;aluminium augmente consid\u00e9rablement la barri\u00e8re et prolonge la dur\u00e9e de conservation et la propri\u00e9t\u00e9 de barri\u00e8re. En outre, l&#039;aluminium a prouv\u00e9 qu&#039;il \u00e9tait le seul film 100% r\u00e9sistant \u00e0 la lumi\u00e8re par rapport \u00e0 tous les autres films, tels que le papier kraft, le film opaque, le film de rev\u00eatement, etc. Si vous souhaitez en savoir plus sur les sacs en aluminium, n&#039;h\u00e9sitez pas \u00e0 nous contacter.<\/p>\n<p>sacs en papier d'aluminium<\/p>\n<h2><strong>\u00a0<\/strong><\/h2>\n<h2><strong>\u00a0<\/strong><\/h2>\n<h2><strong>\u00a0<\/strong><\/h2>\n<h2><strong>Pourquoi CY PACK<\/strong><\/h2>\n<hr \/>\n<p>CY PACK est un fabricant digne de confiance qui peut vous aider \u00e0 personnaliser des emballages flexibles, des pochettes \u00e0 fermeture \u00e9clair imprim\u00e9es :<\/p>\n<p>\u2606 Des mat\u00e9riaux de haute qualit\u00e9 : CY PACK utilise des mat\u00e9riaux \u00e9cologiques de haute qualit\u00e9 pour garantir la s\u00e9curit\u00e9 et la durabilit\u00e9 des produits.<\/p>\n<p>\u2606 Personnalisation professionnelle : Fournir des services de conception personnalis\u00e9s pour r\u00e9pondre \u00e0 vos besoins uniques.<\/p>\n<p>\u2606 Technologie avanc\u00e9e : CY PACK utilise une technologie d'impression moderne pour garantir des couleurs vives et des motifs clairs.<\/p>\n<p>\u2606 Excellent service : L'\u00e9quipe professionnelle de CY PACK fournit un soutien complet pour assurer votre exp\u00e9rience satisfaisante.<\/p>\n<p>\u2606 Fabricant \u00e0 la source:R\u00e9duisez vos co\u00fbts d'exploitation \u00e0 la source<\/p>\n<p>\u2606 Contr\u00f4le de la qualit\u00e9 : Probl\u00e8mes de qualit\u00e9, compensation ou refaire.<\/p>\n<p style=\"text-align: center;\">","protected":false},"excerpt":{"rendered":"<p class=\"wui-p-v-4\"><span class=\"wui-text-color-accents wui-text-weight-bold\">Marque :<\/span> <span class=\"wui-text-color-primary\">PACK CY<\/span><\/p>\n<p class=\"wui-p-v-4\"><span class=\"wui-text-color-accents wui-text-weight-bold\">Origine du produit :<\/span> <span class=\"wui-text-color-primary\">Chine<\/span><\/p>\n<p class=\"wui-p-v-4\"><span class=\"wui-text-color-accents wui-text-weight-bold\">D\u00e9lai de livraison :<\/span> 3<span class=\"wui-text-color-primary\">0 jours de d\u00e9lai de livraison<\/span><\/p>\n<p>Les sacs d'emballage en papier aluminium deviennent une option de plus en plus attrayante pour une large gamme de produits, parce qu'ils sont pratiques pour la vie quotidienne.<br \/>\nBarri\u00e8re de protection :  Le papier aluminium constitue une excellente barri\u00e8re contre la lumi\u00e8re, l'humidit\u00e9, l'air et les odeurs, ce qui permet de pr\u00e9server la fra\u00eecheur et la qualit\u00e9 du contenu.<br \/>\nDurabilit\u00e9 et facilit\u00e9 d'utilisation :  La nature flexible de ces sacs en aluminium permet aux consommateurs de les ouvrir et de les refermer facilement. Solides et r\u00e9sistants aux perforations et aux d\u00e9chirures, ils prot\u00e8gent le contenu pendant le transport et la manutention.<br \/>\nPolyvalence :  Adapt\u00e9s \u00e0 l'emballage des produits alimentaires, pharmaceutiques, chimiques et \u00e9lectroniques, les sachets en aluminium peuvent s'adapter \u00e0 diff\u00e9rentes formes et tailles.<\/p>","protected":false},"featured_media":1624,"comment_status":"open","ping_status":"closed","template":"","meta":{"_seopress_robots_primary_cat":"none","_seopress_titles_title":"Aluminum Foil Packaging Bags With Food Grade Material","_seopress_titles_desc":"CY PACK is a flexible packaging manufacture in China, Our Aliminum foil packaging bags applicable to food, daily chemicals, grease, granular materials, metal powder, liquid materials.","_seopress_robots_index":"","_monsterinsights_skip_tracking":false,"_monsterinsights_sitenote_active":false,"_monsterinsights_sitenote_note":"","_monsterinsights_sitenote_category":0,"_kad_post_transparent":"default","_kad_post_title":"","_kad_post_layout":"default","_kad_post_sidebar_id":"","_kad_post_content_style":"default","_kad_post_vertical_padding":"default","_kad_post_feature":"","_kad_post_feature_position":"","_kad_post_header":false,"_kad_post_footer":false},"product_brand":[],"product_cat":[41],"product_tag":[55],"class_list":{"0":"post-1592","1":"product","2":"type-product","3":"status-publish","4":"has-post-thumbnail","6":"product_cat-flat-bottom-pouches","7":"product_tag-aluminum-foil-packaging-bags","9":"first","10":"instock","11":"shipping-taxable","12":"product-type-simple","13":"entry","14":"content-bg","15":"loop-entry"},"_links":{"self":[{"href":"https:\/\/www.cy-package.com\/fr\/wp-json\/wp\/v2\/product\/1592","targetHints":{"allow":["GET"]}}],"collection":[{"href":"https:\/\/www.cy-package.com\/fr\/wp-json\/wp\/v2\/product"}],"about":[{"href":"https:\/\/www.cy-package.com\/fr\/wp-json\/wp\/v2\/types\/product"}],"replies":[{"embeddable":true,"href":"https:\/\/www.cy-package.com\/fr\/wp-json\/wp\/v2\/comments?post=1592"}],"version-history":[{"count":14,"href":"https:\/\/www.cy-package.com\/fr\/wp-json\/wp\/v2\/product\/1592\/revisions"}],"predecessor-version":[{"id":1655,"href":"https:\/\/www.cy-package.com\/fr\/wp-json\/wp\/v2\/product\/1592\/revisions\/1655"}],"wp:featuredmedia":[{"embeddable":true,"href":"https:\/\/www.cy-package.com\/fr\/wp-json\/wp\/v2\/media\/1624"}],"wp:attachment":[{"href":"https:\/\/www.cy-package.com\/fr\/wp-json\/wp\/v2\/media?parent=1592"}],"wp:term":[{"taxonomy":"product_brand","embeddable":true,"href":"https:\/\/www.cy-package.com\/fr\/wp-json\/wp\/v2\/product_brand?post=1592"},{"taxonomy":"product_cat","embeddable":true,"href":"https:\/\/www.cy-package.com\/fr\/wp-json\/wp\/v2\/product_cat?post=1592"},{"taxonomy":"product_tag","embeddable":true,"href":"https:\/\/www.cy-package.com\/fr\/wp-json\/wp\/v2\/product_tag?post=1592"}],"curies":[{"name":"wp","href":"https:\/\/api.w.org\/{rel}","templated":true}]}}