{"id":2037,"date":"2025-07-14T16:58:32","date_gmt":"2025-07-14T08:58:32","guid":{"rendered":"https:\/\/www.cy-package.com\/?post_type=product&#038;p=2037"},"modified":"2026-01-13T15:25:04","modified_gmt":"2026-01-13T07:25:04","slug":"flat-bottom-pouch-flexible-packaging-manufacturers","status":"publish","type":"product","link":"https:\/\/www.cy-package.com\/fr\/produit\/flat-bottom-pouch-flexible-packaging-manufacturers\/","title":{"rendered":"Flat Bottom Pouch Flexible Packaging Manufacturers"},"content":{"rendered":"<p><strong style=\"color: #2b6cb0; font-size: 18px; font-family: var(--global-body-font-family);\">Paramenteurs de produits<\/strong><\/p>\n<div>\n<div class=\"nei-table\" style=\"text-align: left;\">\n<div class=\"nei-table\">\n<table style=\"width: 100%; height: 392px;\">\n<tbody>\n<tr class=\"firstRow\" style=\"height: 31px;\">\n<td style=\"border-color: #dddddd; height: 31px; width: 14.8256%;\" colspan=\"1\" rowspan=\"1\" width=\"162\" height=\"20\">\n<div style=\"text-align: left;\">Qualit\u00e9 du mat\u00e9riau :<\/div>\n<\/td>\n<td style=\"border-color: #dddddd; height: 31px; width: 84.6899%;\" colspan=\"1\" rowspan=\"1\" width=\"1062\" height=\"20\">\n<div style=\"text-align: left;\">Mat\u00e9riau de qualit\u00e9 alimentaire<\/div>\n<\/td>\n<\/tr>\n<tr style=\"height: 31px;\">\n<td style=\"border-color: #dddddd; height: 31px; width: 14.8256%;\" colspan=\"1\" rowspan=\"1\" width=\"162\" height=\"20\">\n<div style=\"text-align: left;\">Mat\u00e9riau :<\/div>\n<\/td>\n<td style=\"border-color: #dddddd; height: 31px; width: 84.6899%;\" colspan=\"1\" rowspan=\"1\" width=\"1062\" height=\"20\">\n<div style=\"text-align: left;\">PET\/VMPET\/PE\/BOPP\/papier kraft\/AL\/BOPP\/CPP\/PLA\/PBAT, etc.<\/div>\n<\/td>\n<\/tr>\n<tr style=\"height: 117px;\">\n<td style=\"border-color: #dddddd; height: 117px; width: 14.8256%;\" colspan=\"1\" rowspan=\"1\" width=\"162\" height=\"20\">\n<div style=\"text-align: left;\">Caract\u00e9ristiques :<\/div>\n<\/td>\n<td style=\"border-color: #dddddd; height: 117px; width: 84.6899%;\" colspan=\"1\" rowspan=\"1\" width=\"1062\" height=\"20\">\n<div style=\"text-align: left;\">\n<p>1) Mat\u00e9riau de qualit\u00e9 alimentaire et impression parfaite<\/p>\n<p>2) Pr\u00e9vention des fuites, excellente protection contre l'humidit\u00e9<\/p>\n<div data-spm-anchor-id=\"a2700.pc-decorate.0.i62.50563333vYoKlh\">3) Fond de fermeture solide et fermeture \u00e0 glissi\u00e8re durable<\/div>\n<\/div>\n<\/td>\n<\/tr>\n<tr style=\"height: 31px;\">\n<td style=\"border-color: #dddddd; height: 31px; width: 14.8256%;\" colspan=\"1\" rowspan=\"1\" width=\"162\" height=\"20\">\n<div style=\"text-align: left;\">Taille et \u00e9paisseur :<\/div>\n<\/td>\n<td style=\"border-color: #dddddd; height: 31px; width: 84.6899%;\" colspan=\"1\" rowspan=\"1\" width=\"1062\" height=\"20\">\n<div style=\"text-align: left;\">Emballage de caf\u00e9 personnalis\u00e9 selon vos besoins<\/div>\n<\/td>\n<\/tr>\n<tr style=\"height: 31px;\">\n<td style=\"border-color: #dddddd; height: 31px; width: 14.8256%;\" colspan=\"1\" rowspan=\"1\" width=\"162\" height=\"20\">\n<div style=\"text-align: left;\">Type d'encre :<\/div>\n<\/td>\n<td style=\"border-color: #dddddd; height: 31px; width: 84.6899%;\" colspan=\"1\" rowspan=\"1\" width=\"1062\" height=\"20\">\n<div style=\"text-align: left;\">Encre de soja \u00e9cologique de qualit\u00e9 alimentaire<\/div>\n<\/td>\n<\/tr>\n<tr style=\"height: 31px;\">\n<td style=\"border-color: #dddddd; height: 31px; width: 14.8256%;\" colspan=\"1\" rowspan=\"1\" width=\"162\" height=\"20\">\n<div style=\"text-align: left;\">Capacit\u00e9 :<\/div>\n<\/td>\n<td style=\"border-color: #dddddd; height: 31px; width: 84.6899%;\" colspan=\"1\" rowspan=\"1\" width=\"1062\" height=\"20\">\n<div style=\"text-align: left;\">100g, 200g, 250g, 500g, 1000g\/1kg, 2kg, 5kg,8oz-100oz, sur mesure<\/div>\n<\/td>\n<\/tr>\n<tr style=\"height: 31px;\">\n<td style=\"border-color: #dddddd; height: 31px; width: 14.8256%;\" colspan=\"1\" rowspan=\"1\" width=\"162\" height=\"20\">\n<div style=\"text-align: left;\">Application :<\/div>\n<\/td>\n<td style=\"border-color: #dddddd; height: 31px; width: 84.6899%;\" colspan=\"1\" rowspan=\"1\" width=\"1062\" height=\"20\">\n<div style=\"text-align: left;\">\u00a0Caf\u00e9 \/ Th\u00e9 \/ Graines, etc.<\/div>\n<\/td>\n<\/tr>\n<tr style=\"height: 31px;\">\n<td style=\"border-color: #dddddd; height: 31px; width: 14.8256%;\" colspan=\"1\" rowspan=\"1\" width=\"162\" height=\"20\">\n<div style=\"text-align: left;\">Options de style :<\/div>\n<\/td>\n<td style=\"border-color: #dddddd; height: 31px; width: 84.6899%;\" colspan=\"1\" rowspan=\"1\" width=\"1062\" height=\"20\">\n<div style=\"text-align: left;\">Sacs \u00e0 fond plat, pochettes debout, sacs \u00e0 soufflets lat\u00e9raux, fermeture \u00e0 glissi\u00e8re, avec\/sans fen\u00eatre, trou Euro, etc.<\/div>\n<\/td>\n<\/tr>\n<tr style=\"height: 58px;\">\n<td style=\"border-color: #dddddd; height: 58px; width: 14.8256%;\" colspan=\"1\" rowspan=\"1\" width=\"162\" height=\"20\">\n<div style=\"text-align: left;\">Contr\u00f4le de la qualit\u00e9 :<\/div>\n<\/td>\n<td style=\"border-color: #dddddd; height: 58px; width: 84.6899%;\" colspan=\"1\" rowspan=\"1\" width=\"1041.6666666666667\" height=\"20\">\n<div style=\"text-align: left;\" data-spm-anchor-id=\"a2700.details.0.i14.1410417dX9YP5T\">Des \u00e9quipements de pointe et une \u00e9quipe de contr\u00f4le qualit\u00e9 exp\u00e9riment\u00e9e v\u00e9rifient rigoureusement les mat\u00e9riaux, les produits semi-finis et les produits finis \u00e0 chaque \u00e9tape avant l'exp\u00e9dition.<\/div>\n<\/td>\n<\/tr>\n<\/tbody>\n<\/table>\n<\/div>\n<\/div>\n<\/div>\n<p>&nbsp;<\/p>\n<h2><span style=\"color: #2b6cb0;\">\u00a0<span style=\"font-size: 20px;\">Reasons to Choose Flexible Packaging Manufacturer-CY PACK\u00a0 as A Partner<\/span><\/span><\/h2>\n<figure id=\"attachment_2040\" aria-describedby=\"caption-attachment-2040\" style=\"width: 524px\" class=\"wp-caption alignright\"><img fetchpriority=\"high\" decoding=\"async\" class=\"wp-image-2040\" src=\"https:\/\/www.cy-package.com\/wp-content\/uploads\/2025\/07\/20-e1752483776884.jpg\" alt=\"flexible packaging manufacturers for flat bottom pouch\" width=\"524\" height=\"364\" srcset=\"https:\/\/www.cy-package.com\/wp-content\/uploads\/2025\/07\/20-e1752483776884.jpg 800w, https:\/\/www.cy-package.com\/wp-content\/uploads\/2025\/07\/20-e1752483776884-300x209.jpg 300w, https:\/\/www.cy-package.com\/wp-content\/uploads\/2025\/07\/20-e1752483776884-768x534.jpg 768w, https:\/\/www.cy-package.com\/wp-content\/uploads\/2025\/07\/20-e1752483776884-18x12.jpg 18w\" sizes=\"(max-width: 524px) 100vw, 524px\" \/><figcaption id=\"caption-attachment-2040\" class=\"wp-caption-text\">flexible packaging manufacturers<\/figcaption><\/figure>\n<p style=\"text-align: left;\"><span style=\"color: #2b6cb0;\"><strong><span style=\"font-size: 24px;\">\u221a\u00a0 <\/span><\/strong><\/span>Flat bottom pouch has a flat bottom and gussets on all four sides. They are stackable and space-saving, with large storage space, good barrier properties, and are durable. Flat bottom bags are the most stable upright packaging bags and can be stably displayed on shelves. Compared with other bag types, they have more obvious advantages and are more expensive.<\/p>\n<p style=\"text-align: left;\"><span style=\"color: #2b6cb0;\"><strong><span style=\"font-size: 24px;\">\u221a\u00a0 <\/span><\/strong><\/span>We are a professional flexible packaging manufacturer, providing a wide range of customized flexible packaging solutions and high-quality products, with flexible customization to meet your personalized needs. Flexible packaging bags are light and flexible, easy to print, have good barrier properties, and have many advantages. They are cost-effective packaging solutions.<\/p>","protected":false},"excerpt":{"rendered":"<p class=\"wui-p-v-4\"><span class=\"wui-text-color-accents wui-text-weight-bold\">Marque :<\/span> <span class=\"wui-text-color-primary\">PACK CY<\/span><\/p>\n<p class=\"wui-p-v-4\"><span class=\"wui-text-color-accents wui-text-weight-bold\">Origine du produit :<\/span> <span class=\"wui-text-color-primary\">Chine<\/span><\/p>\n<p class=\"wui-p-v-4\"><span class=\"wui-text-color-accents wui-text-weight-bold\">D\u00e9lai de livraison :<\/span> <span class=\"wui-text-color-primary\">D\u00e9lai de 20 jours<\/span><\/p>\n<p class=\"wui-p-v-4\"><span class=\"wui-text-color-accents wui-text-weight-bold\">Capacit\u00e9 d'approvisionnement :<\/span> <span class=\"wui-text-color-primary\">1200 tonnes\/mois<\/span><\/p>\n<p class=\"wui-p-v-4\">Traitement de surface : h\u00e9liogravure\/impression num\u00e9rique<\/p>\n<p>1.Flat bottom pouch has a flat bottom, a sturdy structure, and can be stably displayed on the shelf. It has a large display area and can attract customers from all directions.<br \/>\n2.The side of the flat bottom pouch is equipped with corner support plates, which have a large filling capacity and can hold more products.<br \/>\n3.Flat bottom pouch, made of high-quality barrier materials, can protect products from moisture, oxygen and contaminants.<br \/>\n4.As a flexible packaging manufacturer, we can customize according to requirements, print various finishes (such as matte and glossy), and offer multi-functional options (such as zippers, holes, tear openings, degassing valves, etc.).<\/p>","protected":false},"featured_media":2038,"comment_status":"open","ping_status":"closed","template":"","meta":{"_seopress_robots_primary_cat":"none","_seopress_titles_title":"Flat Bottom Pouch Flexible Packaging Manufacturers","_seopress_titles_desc":"Wholesale flexible packaging bags manufacture and factory.  CY PACK accept custom flat bottom pouch zip lock bags for coffee beans;snacks; nuts; baked foods.","_seopress_robots_index":"","_monsterinsights_skip_tracking":false,"_monsterinsights_sitenote_active":false,"_monsterinsights_sitenote_note":"","_monsterinsights_sitenote_category":0,"_kad_post_transparent":"default","_kad_post_title":"","_kad_post_layout":"default","_kad_post_sidebar_id":"","_kad_post_content_style":"default","_kad_post_vertical_padding":"default","_kad_post_feature":"","_kad_post_feature_position":"","_kad_post_header":false,"_kad_post_footer":false},"product_brand":[],"product_cat":[41],"product_tag":[],"class_list":{"0":"post-2037","1":"product","2":"type-product","3":"status-publish","4":"has-post-thumbnail","6":"product_cat-flat-bottom-pouches","8":"first","9":"instock","10":"shipping-taxable","11":"product-type-simple","12":"entry","13":"content-bg","14":"loop-entry"},"_links":{"self":[{"href":"https:\/\/www.cy-package.com\/fr\/wp-json\/wp\/v2\/product\/2037","targetHints":{"allow":["GET"]}}],"collection":[{"href":"https:\/\/www.cy-package.com\/fr\/wp-json\/wp\/v2\/product"}],"about":[{"href":"https:\/\/www.cy-package.com\/fr\/wp-json\/wp\/v2\/types\/product"}],"replies":[{"embeddable":true,"href":"https:\/\/www.cy-package.com\/fr\/wp-json\/wp\/v2\/comments?post=2037"}],"version-history":[{"count":6,"href":"https:\/\/www.cy-package.com\/fr\/wp-json\/wp\/v2\/product\/2037\/revisions"}],"predecessor-version":[{"id":2345,"href":"https:\/\/www.cy-package.com\/fr\/wp-json\/wp\/v2\/product\/2037\/revisions\/2345"}],"wp:featuredmedia":[{"embeddable":true,"href":"https:\/\/www.cy-package.com\/fr\/wp-json\/wp\/v2\/media\/2038"}],"wp:attachment":[{"href":"https:\/\/www.cy-package.com\/fr\/wp-json\/wp\/v2\/media?parent=2037"}],"wp:term":[{"taxonomy":"product_brand","embeddable":true,"href":"https:\/\/www.cy-package.com\/fr\/wp-json\/wp\/v2\/product_brand?post=2037"},{"taxonomy":"product_cat","embeddable":true,"href":"https:\/\/www.cy-package.com\/fr\/wp-json\/wp\/v2\/product_cat?post=2037"},{"taxonomy":"product_tag","embeddable":true,"href":"https:\/\/www.cy-package.com\/fr\/wp-json\/wp\/v2\/product_tag?post=2037"}],"curies":[{"name":"wp","href":"https:\/\/api.w.org\/{rel}","templated":true}]}}