{"id":2179,"date":"2025-10-17T17:25:53","date_gmt":"2025-10-17T09:25:53","guid":{"rendered":"https:\/\/www.cy-package.com\/?post_type=product&#038;p=2179"},"modified":"2026-01-07T16:16:33","modified_gmt":"2026-01-07T08:16:33","slug":"spout-pouches-refill-packaging-company","status":"publish","type":"product","link":"https:\/\/www.cy-package.com\/fr\/produit\/spout-pouches-refill-packaging-company\/","title":{"rendered":"Spout Pouches Refill Packaging Company"},"content":{"rendered":"<p><span style=\"font-size: 24px; color: #2b6cb0;\"><strong style=\"font-family: var(--global-body-font-family);\">Paramenteurs de produits<\/strong><\/span><\/p>\n<table style=\"border-collapse: collapse; width: 100%; height: 177px;\">\n<tbody>\n<tr style=\"height: 30px;\">\n<td style=\"width: 19.8374%; height: 30px;\">Mat\u00e9riau :<\/td>\n<td style=\"width: 80.1626%; height: 30px;\">PET+VMPET+PE,\u00a0 BOPP+Kraft Paper+VMPET+PE, PE\/EVOH\/PE,PET\/EVOH\/PE etc<\/td>\n<\/tr>\n<tr style=\"height: 30px;\">\n<td style=\"width: 19.8374%; height: 30px;\">Type d'encre :<\/td>\n<td style=\"width: 80.1626%; height: 30px;\">Encre de soja \u00e9cologique de qualit\u00e9 alimentaire<\/td>\n<\/tr>\n<tr style=\"height: 30px;\">\n<td style=\"width: 19.8374%; height: 30px;\">Application :<\/td>\n<td style=\"width: 80.1626%; height: 30px;\">Confiserie \/Alimentation \/ Caf\u00e9 \/ Nourriture pour animaux \/ Th\u00e9 \/ Snack \/ Noix \/ Prot\u00e9ine de lactos\u00e9rum \/ Graines, etc.<\/td>\n<\/tr>\n<tr style=\"height: 30px;\">\n<td style=\"width: 19.8374%; height: 30px;\">Options de style :<\/td>\n<td style=\"width: 80.1626%; height: 30px;\">Fond plat, debout, soufflet lat\u00e9ral, fermeture \u00e0 glissi\u00e8re, avec ou sans fen\u00eatre, trou europ\u00e9en, etc.<\/td>\n<\/tr>\n<tr style=\"height: 57px;\">\n<td style=\"width: 19.8374%; height: 57px;\">Contr\u00f4le de la qualit\u00e9 :<\/td>\n<td style=\"width: 80.1626%; height: 57px;\">Des \u00e9quipements de pointe et une \u00e9quipe de contr\u00f4le qualit\u00e9 exp\u00e9riment\u00e9e v\u00e9rifient rigoureusement les mat\u00e9riaux, les produits semi-finis et les produits finis \u00e0 chaque \u00e9tape avant l'exp\u00e9dition.<\/td>\n<\/tr>\n<\/tbody>\n<\/table>\n<p>&nbsp;<\/p>\n<h2><span style=\"font-size: 24px; color: #2b6cb0;\"><strong>Spout pouch &#8211; An eco-friendly packaging as a refiller<\/strong><\/span><\/h2>\n<p>&nbsp;<\/p>\n<figure id=\"attachment_2194\" aria-describedby=\"caption-attachment-2194\" style=\"width: 800px\" class=\"wp-caption aligncenter\"><img fetchpriority=\"high\" decoding=\"async\" class=\"size-full wp-image-2194\" src=\"https:\/\/www.cy-package.com\/wp-content\/uploads\/2025\/10\/\u4ea7\u54c1\u7f8e\u5316.png\" alt=\"spout pouches for Plant nutrient solution\" width=\"800\" height=\"528\" srcset=\"https:\/\/www.cy-package.com\/wp-content\/uploads\/2025\/10\/\u4ea7\u54c1\u7f8e\u5316.png 800w, https:\/\/www.cy-package.com\/wp-content\/uploads\/2025\/10\/\u4ea7\u54c1\u7f8e\u5316-300x198.png 300w, https:\/\/www.cy-package.com\/wp-content\/uploads\/2025\/10\/\u4ea7\u54c1\u7f8e\u5316-768x507.png 768w, https:\/\/www.cy-package.com\/wp-content\/uploads\/2025\/10\/\u4ea7\u54c1\u7f8e\u5316-18x12.png 18w\" sizes=\"(max-width: 800px) 100vw, 800px\" \/><figcaption id=\"caption-attachment-2194\" class=\"wp-caption-text\">spout pouches for Plant nutrient solution<\/figcaption><\/figure>\n<p style=\"text-align: left;\">Spout pouches are a convenient and environmentally friendly packaging solution that allows for easy dispensing of liquid and semi-liquid products, reducing spillage and waste. They have excellent barrier properties to oxygen, moisture and light, maintaining product integrity. Compared to traditional bottles and cans, they are lightweight and require less packaging material, thus reducing waste.<\/p>\n<p style=\"text-align: left;\">Spout pouches are reusable as refill packaging bags, and can be refilled multiple times, which is economical and environmentally friendly. Using liquid-filled packaging, the lid is designed to reseal the product, which is safe and hygienic, extending the shelf life of the product.<\/p>","protected":false},"excerpt":{"rendered":"<p class=\"wui-p-v-4\"><span class=\"wui-text-color-accents wui-text-weight-bold\">Marque :<\/span> <span class=\"wui-text-color-primary\">PACK CY<\/span><\/p>\n<p class=\"wui-p-v-4\"><span class=\"wui-text-color-accents wui-text-weight-bold\">Origine du produit :<\/span> <span class=\"wui-text-color-primary\">Chine<\/span><\/p>\n<p class=\"wui-p-v-4\"><span class=\"wui-text-color-accents wui-text-weight-bold\">D\u00e9lai de livraison :<\/span> <span class=\"wui-text-color-primary\">D\u00e9lai de 20 jours<\/span><\/p>\n<p class=\"wui-p-v-4\"><span class=\"wui-text-color-accents wui-text-weight-bold\">Capacit\u00e9 d'approvisionnement :<\/span> <span class=\"wui-text-color-primary\">1200 tonnes\/mois<\/span><\/p>\n<p>Application\uff1aBeverages, soups, sauces, detergents, liquids<\/p>\n<p>1.Spout pouches have high barrier and puncture resistance, is oxygen-proof, moisture-proof, leak-proof, and UV-proof, and can effectively protect the integrity of the product.<br \/>\n2.Spout pouches have a compact structure, is light in weight, and is easy to carry, which can reduce transportation and storage costs.<\/p>","protected":false},"featured_media":2181,"comment_status":"open","ping_status":"closed","template":"","meta":{"_seopress_robots_primary_cat":"none","_seopress_titles_title":"Spout Pouches Refill Packaging Company","_seopress_titles_desc":"CYPACK Committed to Custom Spout Pouch For 20+ Years. China Leading Supplier Of Packaging Bag. Customizable flexible packaging Service - Foshan CY Packaging Co.,Ltd","_seopress_robots_index":"","_monsterinsights_skip_tracking":false,"_monsterinsights_sitenote_active":false,"_monsterinsights_sitenote_note":"","_monsterinsights_sitenote_category":0,"_kad_post_transparent":"default","_kad_post_title":"","_kad_post_layout":"default","_kad_post_sidebar_id":"","_kad_post_content_style":"default","_kad_post_vertical_padding":"default","_kad_post_feature":"","_kad_post_feature_position":"","_kad_post_header":false,"_kad_post_footer":false},"product_brand":[],"product_cat":[26],"product_tag":[],"class_list":{"0":"post-2179","1":"product","2":"type-product","3":"status-publish","4":"has-post-thumbnail","6":"product_cat-spout-pouches","8":"first","9":"instock","10":"shipping-taxable","11":"product-type-simple","12":"entry","13":"content-bg","14":"loop-entry"},"_links":{"self":[{"href":"https:\/\/www.cy-package.com\/fr\/wp-json\/wp\/v2\/product\/2179","targetHints":{"allow":["GET"]}}],"collection":[{"href":"https:\/\/www.cy-package.com\/fr\/wp-json\/wp\/v2\/product"}],"about":[{"href":"https:\/\/www.cy-package.com\/fr\/wp-json\/wp\/v2\/types\/product"}],"replies":[{"embeddable":true,"href":"https:\/\/www.cy-package.com\/fr\/wp-json\/wp\/v2\/comments?post=2179"}],"version-history":[{"count":5,"href":"https:\/\/www.cy-package.com\/fr\/wp-json\/wp\/v2\/product\/2179\/revisions"}],"predecessor-version":[{"id":2340,"href":"https:\/\/www.cy-package.com\/fr\/wp-json\/wp\/v2\/product\/2179\/revisions\/2340"}],"wp:featuredmedia":[{"embeddable":true,"href":"https:\/\/www.cy-package.com\/fr\/wp-json\/wp\/v2\/media\/2181"}],"wp:attachment":[{"href":"https:\/\/www.cy-package.com\/fr\/wp-json\/wp\/v2\/media?parent=2179"}],"wp:term":[{"taxonomy":"product_brand","embeddable":true,"href":"https:\/\/www.cy-package.com\/fr\/wp-json\/wp\/v2\/product_brand?post=2179"},{"taxonomy":"product_cat","embeddable":true,"href":"https:\/\/www.cy-package.com\/fr\/wp-json\/wp\/v2\/product_cat?post=2179"},{"taxonomy":"product_tag","embeddable":true,"href":"https:\/\/www.cy-package.com\/fr\/wp-json\/wp\/v2\/product_tag?post=2179"}],"curies":[{"name":"wp","href":"https:\/\/api.w.org\/{rel}","templated":true}]}}