{"id":293,"date":"2024-09-05T10:28:14","date_gmt":"2024-09-05T02:28:14","guid":{"rendered":"https:\/\/www.cy-package.com\/?post_type=product&#038;p=293"},"modified":"2024-09-14T20:26:27","modified_gmt":"2024-09-14T12:26:27","slug":"sac-demballage-en-mylar-avec-impression-numerique","status":"publish","type":"product","link":"https:\/\/www.cy-package.com\/fr\/produit\/sac-demballage-en-mylar-avec-impression-numerique\/","title":{"rendered":"Sac d'emballage Mylar \u00e0 impression num\u00e9rique"},"content":{"rendered":"<p><\/p>\n<p><strong style=\"font-size: 18px\"><br \/><\/strong><\/p>\n<p><strong style=\"font-size: 18px\"><\/strong><\/p>\n<p>Les sacs Mylar sont une excellente solution de stockage et une option d&#039;emballage parfaite pour des produits tels que la nourriture, les feuilles de th\u00e9, les grains de caf\u00e9, les sels de bain, etc., et vous pouvez trouver tous les meilleurs sacs et pochettes Mylar en vente ici m\u00eame chez ClearBags.<\/p>\n<p>En tant que sp\u00e9cialistes de toutes les formes d&#039;emballage alimentaire, nous respectons les normes de qualit\u00e9 et de fiabilit\u00e9 les plus \u00e9lev\u00e9es dans notre gamme de sacs Mylar. Vous pouvez compter sur ces sacs Mylar de qualit\u00e9 alimentaire pour stocker en toute s\u00e9curit\u00e9 toutes sortes d&#039;articles, les prot\u00e9ger contre l&#039;humidit\u00e9 et pr\u00e9server la fra\u00eecheur \u00e0 l&#039;int\u00e9rieur.<\/p>\n<p><\/p>\n<p>Les sacs Mylar sont \u00e9galement appel\u00e9s sachets debout, qui sont populaires en Europe et en Am\u00e9rique.<\/p>\n<p><\/p>\n<p><strong style=\"font-size: 18px\">Paramenteurs de produits<\/strong><\/p>\n<div>\n<div class=\"nei-table\">\n<table width=\"1000\" style=\"width: 803px\">\n<tbody>\n<tr class=\"firstRow\">\n<td colspan=\"1\" rowspan=\"1\" height=\"20\" width=\"162\">\n<div style=\"text-align: left\"><span>Qualit\u00e9 du mat\u00e9riau :<\/span><\/div>\n<\/td>\n<td colspan=\"1\" rowspan=\"1\" height=\"20\" width=\"837\">\n<div>Mat\u00e9riau de qualit\u00e9 alimentaire<\/div>\n<\/td>\n<\/tr>\n<tr>\n<td colspan=\"1\" rowspan=\"1\" height=\"20\" width=\"162\">\n<div><span>Mat\u00e9riau :<\/span><\/div>\n<\/td>\n<td colspan=\"1\" rowspan=\"1\" height=\"20\" width=\"837\">\n<div>PET+VMPET+PE, BOPP+papier kraft+VMPET+PE, etc.<\/div>\n<\/td>\n<\/tr>\n<tr>\n<td colspan=\"1\" rowspan=\"1\" height=\"20\" width=\"162\">\n<div><span>Caract\u00e9ristiques :<\/span><\/div>\n<\/td>\n<td colspan=\"1\" rowspan=\"1\" height=\"20\" width=\"837\">\n<div>1) Mat\u00e9riau de qualit\u00e9 alimentaire et impression parfaite<\/p>\n<div data-spm-anchor-id=\"a2700.pc-decorate.0.i62.50563333vYoKlh\">2) Pr\u00e9vention des fuites, excellente protection contre l'humidit\u00e9<\/div>\n<div data-spm-anchor-id=\"a2700.pc-decorate.0.i62.50563333vYoKlh\">3) Fond de fermeture solide et fermeture \u00e0 glissi\u00e8re durable<\/div>\n<\/div>\n<\/td>\n<\/tr>\n<tr>\n<td colspan=\"1\" rowspan=\"1\" height=\"20\" width=\"162\">\n<div><span>Taille et \u00e9paisseur :<\/span><\/div>\n<\/td>\n<td colspan=\"1\" rowspan=\"1\" height=\"20\" width=\"837\">\n<div>Sur mesure en fonction de vos besoins<\/div>\n<\/td>\n<\/tr>\n<tr>\n<td colspan=\"1\" rowspan=\"1\" height=\"20\" width=\"162\">\n<div><span>Type d'encre :<\/span><\/div>\n<\/td>\n<td colspan=\"1\" rowspan=\"1\" height=\"20\" width=\"837\">\n<div>Encre de soja \u00e9cologique de qualit\u00e9 alimentaire<\/div>\n<\/td>\n<\/tr>\n<tr>\n<td colspan=\"1\" rowspan=\"1\" height=\"20\" width=\"162\">\n<div><span>Capacit\u00e9 :<\/span><\/div>\n<\/td>\n<td colspan=\"1\" rowspan=\"1\" height=\"20\" width=\"837\">\n<div>100g, 200g, 250g, 500g, 1000g\/1kg, 2kg, 5kg,8oz-100oz, sur mesure<\/div>\n<\/td>\n<\/tr>\n<tr>\n<td colspan=\"1\" rowspan=\"1\" height=\"20\" width=\"162\">\n<div><span>Application :<\/span><\/div>\n<\/td>\n<td colspan=\"1\" rowspan=\"1\" height=\"20\" width=\"837\">\n<div>Alimentation \/ Caf\u00e9 \/ Nourriture pour animaux \/ Th\u00e9 \/ Snack \/ Noix \/ Prot\u00e9ines de lactos\u00e9rum \/ Graines, etc.<\/div>\n<\/td>\n<\/tr>\n<tr>\n<td colspan=\"1\" rowspan=\"1\" height=\"20\" width=\"162\">\n<div><span>Options de style :<\/span><\/div>\n<\/td>\n<td colspan=\"1\" rowspan=\"1\" height=\"20\" width=\"837\">\n<div>Fond plat, debout, soufflet lat\u00e9ral, fermeture \u00e0 glissi\u00e8re, avec ou sans fen\u00eatre, trou europ\u00e9en, etc.<\/div>\n<\/td>\n<\/tr>\n<tr>\n<td colspan=\"1\" rowspan=\"1\" height=\"20\" width=\"162\">\n<div><span>Contr\u00f4le de la qualit\u00e9 :<\/span><\/div>\n<\/td>\n<td colspan=\"1\" rowspan=\"1\" height=\"20\" width=\"837\">\n<div data-spm-anchor-id=\"a2700.details.0.i14.1410417dX9YP5T\">Des \u00e9quipements de pointe et une \u00e9quipe de contr\u00f4le qualit\u00e9 exp\u00e9riment\u00e9e v\u00e9rifient rigoureusement les mat\u00e9riaux, les produits semi-finis et les produits finis \u00e0 chaque \u00e9tape avant l'exp\u00e9dition.<\/div>\n<\/td>\n<\/tr>\n<\/tbody>\n<\/table>\n<\/div>\n<h2><strong>Flux de travail pour la pr\u00e9production :<\/strong><br \/><\/h2>\n<p>1. Fournissez-nous des informations d\u00e9taill\u00e9es sur la pochette que vous souhaitez fabriquer, telles que l'utilisation, la taille, le dessin, la structure et l'\u00e9paisseur, etc. Si n\u00e9cessaire, nous pouvons \u00e9galement vous faire part de nos bonnes suggestions professionnelles.<\/p>\n<p>2. Nous \u00e9tablirons un devis en cons\u00e9quence apr\u00e8s avoir re\u00e7u toutes les informations concernant la pochette.<\/p>\n<p>3. Une fois le prix confirm\u00e9 par les deux parties, nous commencerons \u00e0 travailler sur le traitement de la maquette (pour information, nous devons transformer la maquette en une version r\u00e9alisable pour l'impression en h\u00e9liogravure).<\/p>\n<p>4. Mise en place de l'\u00e9talon de couleur.<\/p>\n<p>5. Confirmer l'\u0153uvre d'art et signer le contrat.<\/p>\n<p>6. Les acheteurs doivent pr\u00e9payer le cylindre (co\u00fbt d'impression) et 40% le paiement anticip\u00e9 de la commande.<\/p>\n<p>7. Nous commencerons ensuite \u00e0 produire des produits en quantit\u00e9 pour vous.<\/p>\n<p><\/p>\n<p style=\"text-align: center\"><img alt=\"Sac d&#039;emballage Mylar \u00e0 impression num\u00e9rique\" title=\"Sac d&#039;emballage Mylar \u00e0 impression num\u00e9rique\" \/><\/p>\n<p style=\"text-align: center\"><img alt=\"Sac d&#039;emballage Mylar \u00e0 impression num\u00e9rique\" title=\"Sac d&#039;emballage Mylar \u00e0 impression num\u00e9rique\" \/><\/p>\n<p><\/p>\n<p style=\"text-align: center\"><span style=\"font-size: 20px\"><strong>Profil de l'entreprise<\/strong><\/span><\/p>\n<p><strong><span style=\"font-size: 18px\"><\/span><\/strong><\/p>\n<p style=\"text-align: center\"><img alt=\"Sac d&#039;emballage Mylar \u00e0 impression num\u00e9rique\" title=\"Sac d&#039;emballage Mylar \u00e0 impression num\u00e9rique\" \/><\/p>\n<p style=\"text-align: center\"><span style=\"font-size: 24px\"><strong><span>AVANTAGE DE LA PRODUCTION EN USINE&nbsp;<\/span><\/strong><\/span><\/p>\n<p style=\"text-align: center\"><span style=\"font-size: 20px\"><strong>Il existe 5 lignes de production automatiques \u00e0 grande vitesse<\/strong><\/span><\/p>\n<p><span style=\"font-size: 18px\"><\/span><\/p>\n<p style=\"text-align: center\"><span style=\"font-size: 18px\"><strong>&#8212;&#8212;&#8212;&#8212;&#8212;&#8212;&#8212;&#8212;&#8212;&#8212;&#8212;&#8212;&#8212;&#8212;&#8212;&#8212;&#8212;&#8212;&#8212;&#8212;&#8212;&#8212;&#8212;&#8212;&#8212;&#8212;&#8212;&#8212;&#8212;&#8212;&#8212;-<\/strong><\/span><\/p>\n<p style=\"text-align: center\"><span style=\"font-size: 14px\">La base de production couvre une superficie de plus de 15 000 m\u00e8tres carr\u00e9s \u00e0 l'heure actuelle et compte 5 installations automatiques.<\/span><\/p>\n<p style=\"text-align: center;margin-bottom: 20px\"><span style=\"font-size: 14px\">lignes de production \u00e0 grande vitesse, et la capacit\u00e9 de production annuelle peut atteindre 20 000 tonnes.&nbsp;<\/span><\/p>\n<p style=\"text-align: center\"><img alt=\"Sac d&#039;emballage Mylar \u00e0 impression num\u00e9rique\" title=\"Sac d&#039;emballage Mylar \u00e0 impression num\u00e9rique\" \/><\/p>\n<p style=\"text-align: center;margin-top: 15px\"><span style=\"font-size: 14px\">Notre entreprise compte des dizaines de professionnels de la production, capables de travailler 24 heures sur 24 sans interruption.<\/span><\/p>\n<p style=\"text-align: center;margin-bottom: 20px\"><span style=\"font-size: 14px\">Elle suit strictement le processus de gestion IQC-IPQC-OQC et dispose d'une capacit\u00e9 de production \u00e9lev\u00e9e.&nbsp;<\/span><\/p>\n<p style=\"text-align: center\"><img alt=\"Sac d&#039;emballage Mylar \u00e0 impression num\u00e9rique\" title=\"Sac d&#039;emballage Mylar \u00e0 impression num\u00e9rique\" \/><\/p>\n<p style=\"text-align: center;margin-bottom: 5px;margin-top: 15px\"><span style=\"font-size: 14px\">Les ateliers sont con\u00e7us et construits conform\u00e9ment aux bonnes pratiques de fabrication (GMP) de la classe 300 000 afin de r\u00e9pondre aux exigences \u00e9lev\u00e9es en mati\u00e8re d'hygi\u00e8ne.<\/span><\/p>\n<p style=\"text-align: center;margin-bottom: 20px\"><span style=\"font-size: 14px\">des aliments pour b\u00e9b\u00e9s, des produits laitiers et des produits \u00e0 base de viande, tant \u00e0 l'int\u00e9rieur qu'\u00e0 l'ext\u00e9rieur du pays.<\/span><\/p>\n<p style=\"text-align: center\"><img alt=\"Sac d&#039;emballage Mylar \u00e0 impression num\u00e9rique\" title=\"Sac d&#039;emballage Mylar \u00e0 impression num\u00e9rique\" \/><\/p>\n<p style=\"text-align: center\"><img decoding=\"async\" src=\"https:\/\/www.cy-package.com\/2833\/2833-202205062159502291.jpg\" title=\"Sac d&#039;emballage Mylar \u00e0 impression num\u00e9rique\" alt=\"Sac d&#039;emballage Mylar \u00e0 impression num\u00e9rique\" \/><\/p>\n<p style=\"text-align: center\"><img decoding=\"async\" src=\"https:\/\/www.cy-package.com\/2833\/2833-202205062158232361.jpg\" title=\"Sac d&#039;emballage Mylar \u00e0 impression num\u00e9rique\" alt=\"Sac d&#039;emballage Mylar \u00e0 impression num\u00e9rique\" \/><\/p>\n<p><\/p>\n<p><span style=\"font-size: 18px\"><strong>FAQ<\/strong><\/span><\/p>\n<p><strong><span data-spm-anchor-id=\"a2700.details.0.i17.649a7657Tu7jaw\">Q:\u00cates-vous une usine ou une soci\u00e9t\u00e9 commerciale ?<\/span><\/strong><br \/><span>R : Nous sommes une usine dot\u00e9e d'\u00e9quipements de pointe et d'\u00e9quipes de conception professionnelles, qui peut vous offrir le meilleur choix en termes de conception et de capacit\u00e9.<\/span><br \/><span> <\/span><br \/><strong><span>Q:Quelle est la quantit\u00e9 minimale de commande de votre produit ?<\/span><\/strong><br \/><span>R:En g\u00e9n\u00e9ral, le MOQ pour les sachets est de 10 000 pi\u00e8ces. Nous acceptons \u00e9galement les commandes d'essai d'\u00e9chantillons pour les petits MOQ, veuillez nous contacter pour en discuter plus avant.<\/span><br \/><span> <\/span><br \/><strong><span>Q:Quel est le d\u00e9lai de livraison apr\u00e8s la commande ?<\/span><\/strong><br \/><span>R : En g\u00e9n\u00e9ral, le d\u00e9lai de livraison est de 15 \u00e0 20 jours pour les nouvelles commandes et de 10 \u00e0 12 jours pour les commandes r\u00e9p\u00e9t\u00e9es \u00e0 partir de la date de confirmation.<\/span><br \/><span> <\/span><br \/><strong><span>Q:Quelle est votre gamme de produits ?<\/span><\/strong><br \/><span>R:Notre usine peut produire la plupart des types d'emballages flexibles, y compris les sacs \u00e0 caf\u00e9, les sacs pour aliments pour animaux, les sacs pour aliments, les sacs pour liquides, les sachets \u00e0 fond plat et les sachets \u00e0 fond plat.<\/span><br \/><span>sac, sac \u00e0 fermeture \u00e9clair, sac \u00e0 bec, sac \u00e0 dos, film lamin\u00e9 pour le chocolat ou les bonbons, etc.<\/span><br \/><span> <\/span><br \/><strong><span>Q:Quelles sont les informations n\u00e9cessaires pour obtenir un devis pour un produit ?<\/span><\/strong><br \/><span>R : Contactez-nous pour nous indiquer la taille et les exigences particuli\u00e8res que vous souhaitez. Nous pouvons tous les personnaliser et nous avons de nombreux exemples pour votre r\u00e9f\u00e9rence.<\/span><br \/><span> <\/span><br \/><strong><span>Q:Des \u00e9chantillons peuvent-ils \u00eatre fournis ?<\/span><\/strong><br \/><span>Pour les \u00e9chantillons personnalis\u00e9s, le co\u00fbt r\u00e9el de l'\u00e9chantillon et le co\u00fbt du cylindre d'impression seront factur\u00e9s, et le co\u00fbt du cylindre ne sera pas n\u00e9cessaire pour les commandes en gros.<\/span><\/p>\n<\/div><\/div>\n<\/p><\/div>","protected":false},"excerpt":{"rendered":"<p class=\"wui-p-v-4\">    <span class=\"wui-text-color-accents wui-text-weight-bold\">Marque :<\/span>    <span class=\"wui-text-color-primary\">PACK CY<\/span><\/p>\n<p class=\"wui-p-v-4\">    <span class=\"wui-text-color-accents wui-text-weight-bold\">Origine du produit :<\/span>    <span class=\"wui-text-color-primary\">Chine<\/span><\/p>\n<p class=\"wui-p-v-4\">    <span class=\"wui-text-color-accents wui-text-weight-bold\">D\u00e9lai de livraison :<\/span>    <span class=\"wui-text-color-primary\">D\u00e9lai de livraison de 25 jours<\/span><\/p>\n<p class=\"wui-p-v-4\">? ? Sacs \u00e0 fermeture \u00e9clair - Ces sacs \u00e0 fermeture \u00e9clair en mylar sont capables de se tenir debout tout seuls et sont dot\u00e9s de simples fermetures \u00e0 glissi\u00e8re.<br \/>? ? Sacs \u00e0 fermeture \u00e9clair \u00e0 suspendre - Parfaits pour \u00eatre expos\u00e9s ou suspendus \u00e0 des crochets, ces sacs en mylar sont dot\u00e9s d'un trou de suspension pr\u00e9\u00e9tabli en haut.<br \/>? ? Sacs Mylar \u00e0 l'\u00e9preuve des enfants - Ces sacs sont certifi\u00e9s \u00e0 l'\u00e9preuve des enfants, ce qui est id\u00e9al pour garder les m\u00e9dicaments et les friandises pour animaux de compagnie hors de port\u00e9e des enfants.<\/p>","protected":false},"featured_media":326,"comment_status":"open","ping_status":"closed","template":"","meta":{"_seopress_robots_primary_cat":"","_seopress_titles_title":"","_seopress_titles_desc":"","_seopress_robots_index":"","_monsterinsights_skip_tracking":false,"_monsterinsights_sitenote_active":false,"_monsterinsights_sitenote_note":"","_monsterinsights_sitenote_category":0,"_kad_post_transparent":"","_kad_post_title":"","_kad_post_layout":"","_kad_post_sidebar_id":"","_kad_post_content_style":"","_kad_post_vertical_padding":"","_kad_post_feature":"","_kad_post_feature_position":"","_kad_post_header":false,"_kad_post_footer":false},"product_brand":[],"product_cat":[24],"product_tag":[],"class_list":{"0":"post-293","1":"product","2":"type-product","3":"status-publish","4":"has-post-thumbnail","6":"product_cat-digital-printing-packaging-bags","8":"first","9":"instock","10":"shipping-taxable","11":"product-type-simple","12":"entry","13":"content-bg","14":"loop-entry"},"_links":{"self":[{"href":"https:\/\/www.cy-package.com\/fr\/wp-json\/wp\/v2\/product\/293","targetHints":{"allow":["GET"]}}],"collection":[{"href":"https:\/\/www.cy-package.com\/fr\/wp-json\/wp\/v2\/product"}],"about":[{"href":"https:\/\/www.cy-package.com\/fr\/wp-json\/wp\/v2\/types\/product"}],"replies":[{"embeddable":true,"href":"https:\/\/www.cy-package.com\/fr\/wp-json\/wp\/v2\/comments?post=293"}],"version-history":[{"count":0,"href":"https:\/\/www.cy-package.com\/fr\/wp-json\/wp\/v2\/product\/293\/revisions"}],"wp:featuredmedia":[{"embeddable":true,"href":"https:\/\/www.cy-package.com\/fr\/wp-json\/wp\/v2\/media\/326"}],"wp:attachment":[{"href":"https:\/\/www.cy-package.com\/fr\/wp-json\/wp\/v2\/media?parent=293"}],"wp:term":[{"taxonomy":"product_brand","embeddable":true,"href":"https:\/\/www.cy-package.com\/fr\/wp-json\/wp\/v2\/product_brand?post=293"},{"taxonomy":"product_cat","embeddable":true,"href":"https:\/\/www.cy-package.com\/fr\/wp-json\/wp\/v2\/product_cat?post=293"},{"taxonomy":"product_tag","embeddable":true,"href":"https:\/\/www.cy-package.com\/fr\/wp-json\/wp\/v2\/product_tag?post=293"}],"curies":[{"name":"wp","href":"https:\/\/api.w.org\/{rel}","templated":true}]}}