{"id":297,"date":"2024-09-05T10:28:15","date_gmt":"2024-09-05T02:28:15","guid":{"rendered":"https:\/\/www.cy-package.com\/?post_type=product&#038;p=297"},"modified":"2024-11-26T09:20:26","modified_gmt":"2024-11-26T01:20:26","slug":"rouleau-de-film-demballage-lamine-a-impression-personnalisee-2","status":"publish","type":"product","link":"https:\/\/www.cy-package.com\/fr\/produit\/rouleau-de-film-demballage-lamine-a-impression-personnalisee-2\/","title":{"rendered":"Rouleau de pelliculage imprim\u00e9 flexible personnalis\u00e9 Rouleau de film d'emballage"},"content":{"rendered":"<p>&nbsp;<\/p>\n<p>Besoin d'un \u00e9chantillon s'il vous pla\u00eet\u00a0<strong><span style=\"color: #ff0000;\">nous envoyer une demande de renseignements ?<\/span><\/strong><\/p>\n<p>&nbsp;<\/p>\n<p>Le film en rouleau, \u00e9galement appel\u00e9 film d'emballage en rouleau, est l'un de nos produits les plus populaires. Le film en rouleau est particuli\u00e8rement populaire dans l'industrie alimentaire, mais les clients d'autres secteurs l'utilisent aussi fr\u00e9quemment pour un large \u00e9ventail d'applications. En fin de compte, le film en rouleau offre une grande flexibilit\u00e9 et fonctionne bien dans une vari\u00e9t\u00e9 d'applications.<\/p>\n<p>CY Packaging produit des rouleaux de soudure \u00e0 froid qui constituent l'option d'emballage parfaite pour les produits sensibles \u00e0 la chaleur. Nous proposons des styles inventifs et distinctifs pour nos rouleaux de soudure \u00e0 froid qui garantissent que le produit est attrayant et int\u00e9ressant pour les acheteurs.<\/p>\n<p>&nbsp;<\/p>\n<div>\n<p><span style=\"font-size: 18px;\"><strong>Paramenteurs de produits<\/strong><\/span><\/p>\n<\/div>\n<div>\n<div><\/div>\n<div class=\"nei-table\">\n<table style=\"width: 100%; height: 392px;\" width=\"1000\">\n<tbody>\n<tr class=\"firstRow\" style=\"height: 31px;\">\n<td style=\"border-color: #dddddd; height: 31px;\" colspan=\"1\" rowspan=\"1\" width=\"162\" height=\"20\">\n<div style=\"text-align: left;\">Qualit\u00e9 du mat\u00e9riau :<\/div>\n<\/td>\n<td style=\"border-color: #dddddd; height: 31px;\" colspan=\"1\" rowspan=\"1\" width=\"837\" height=\"20\">\n<div>Mat\u00e9riau de qualit\u00e9 alimentaire<\/div>\n<\/td>\n<\/tr>\n<tr style=\"height: 31px;\">\n<td style=\"border-color: #dddddd; height: 31px;\" colspan=\"1\" rowspan=\"1\" width=\"162\" height=\"20\">\n<div>Mat\u00e9riau :<\/div>\n<\/td>\n<td style=\"border-color: #dddddd; height: 31px;\" colspan=\"1\" rowspan=\"1\" width=\"837\" height=\"20\">\n<div>PET+VMPET+PE, BOPP+papier kraft+VMPET+PE, etc.<\/div>\n<\/td>\n<\/tr>\n<tr style=\"height: 117px;\">\n<td style=\"border-color: #dddddd; height: 117px;\" colspan=\"1\" rowspan=\"1\" width=\"162\" height=\"20\">\n<div>Caract\u00e9ristiques :<\/div>\n<\/td>\n<td style=\"border-color: #dddddd; height: 117px;\" colspan=\"1\" rowspan=\"1\" width=\"837\" height=\"20\">\n<div>\n<p>1) Mat\u00e9riau de qualit\u00e9 alimentaire et impression parfaite<\/p>\n<div data-spm-anchor-id=\"a2700.pc-decorate.0.i62.50563333vYoKlh\">2) Pr\u00e9vention des fuites, excellente protection contre l'humidit\u00e9<\/div>\n<div data-spm-anchor-id=\"a2700.pc-decorate.0.i62.50563333vYoKlh\">3) Fond de fermeture solide et fermeture \u00e0 glissi\u00e8re durable<\/div>\n<\/div>\n<\/td>\n<\/tr>\n<tr style=\"height: 31px;\">\n<td style=\"border-color: #dddddd; height: 31px;\" colspan=\"1\" rowspan=\"1\" width=\"162\" height=\"20\">\n<div>Taille et \u00e9paisseur :<\/div>\n<\/td>\n<td style=\"border-color: #dddddd; height: 31px;\" colspan=\"1\" rowspan=\"1\" width=\"837\" height=\"20\">\n<div>Sur mesure en fonction de vos besoins<\/div>\n<\/td>\n<\/tr>\n<tr style=\"height: 31px;\">\n<td style=\"border-color: #dddddd; height: 31px;\" colspan=\"1\" rowspan=\"1\" width=\"162\" height=\"20\">\n<div>Type d'encre :<\/div>\n<\/td>\n<td style=\"border-color: #dddddd; height: 31px;\" colspan=\"1\" rowspan=\"1\" width=\"837\" height=\"20\">\n<div>Encre de soja \u00e9cologique de qualit\u00e9 alimentaire<\/div>\n<\/td>\n<\/tr>\n<tr style=\"height: 31px;\">\n<td style=\"border-color: #dddddd; height: 31px;\" colspan=\"1\" rowspan=\"1\" width=\"162\" height=\"20\">\n<div>Capacit\u00e9 :<\/div>\n<\/td>\n<td style=\"border-color: #dddddd; height: 31px;\" colspan=\"1\" rowspan=\"1\" width=\"837\" height=\"20\">\n<div>100g, 200g, 250g, 500g, 1000g\/1kg, 2kg, 5kg,10kg,20kg,30kg 8oz-100oz, sur mesure<\/div>\n<\/td>\n<\/tr>\n<tr style=\"height: 31px;\">\n<td style=\"border-color: #dddddd; height: 31px;\" colspan=\"1\" rowspan=\"1\" width=\"162\" height=\"20\">\n<div>Application :<\/div>\n<\/td>\n<td style=\"border-color: #dddddd; height: 31px;\" colspan=\"1\" rowspan=\"1\" width=\"837\" height=\"20\">\n<div>Alimentation \/ Caf\u00e9 \/ Nourriture pour animaux \/ Th\u00e9 \/ Snack \/ Noix \/ Prot\u00e9ines de lactos\u00e9rum \/ Graines, etc.<\/div>\n<\/td>\n<\/tr>\n<tr style=\"height: 31px;\">\n<td style=\"border-color: #dddddd; height: 31px;\" colspan=\"1\" rowspan=\"1\" width=\"162\" height=\"20\">\n<div>Options de style :<\/div>\n<\/td>\n<td style=\"border-color: #dddddd; height: 31px;\" colspan=\"1\" rowspan=\"1\" width=\"837\" height=\"20\">\n<div>Fond plat, debout, soufflet lat\u00e9ral, fermeture \u00e0 glissi\u00e8re, avec ou sans fen\u00eatre, trou europ\u00e9en, etc.<\/div>\n<\/td>\n<\/tr>\n<tr style=\"height: 58px;\">\n<td style=\"border-color: #dddddd; height: 58px;\" colspan=\"1\" rowspan=\"1\" width=\"162\" height=\"20\">\n<div>Contr\u00f4le de la qualit\u00e9 :<\/div>\n<\/td>\n<td style=\"border-color: #dddddd; height: 58px;\" colspan=\"1\" rowspan=\"1\" width=\"837\" height=\"20\">\n<div data-spm-anchor-id=\"a2700.details.0.i14.1410417dX9YP5T\">Des \u00e9quipements de pointe et une \u00e9quipe de contr\u00f4le qualit\u00e9 exp\u00e9riment\u00e9e v\u00e9rifient rigoureusement les mat\u00e9riaux, les produits semi-finis et les produits finis \u00e0 chaque \u00e9tape avant l'exp\u00e9dition.<\/div>\n<\/td>\n<\/tr>\n<\/tbody>\n<\/table>\n<\/div>\n<\/div>\n<div><\/div>\n<div><\/div>\n<div>\n<div class=\"nei-table\"><span style=\"font-size: 20px;\"><strong>Profil de l'entreprise<\/strong><\/span><\/div>\n<div><\/div>\n<p style=\"text-align: center;\"><img decoding=\"async\" class=\"aligncenter\" style=\"width: 758px; height: 291px;\" title=\"Rouleau d&#039;impression flexible sur mesure Rouleau de pelliculage Rouleau d&#039;emballage sur mesure\" src=\"https:\/\/www.cy-package.com\/2833\/2833-202205062151199013.jpg\" alt=\"Rouleau d&#039;impression flexible sur mesure Rouleau de pelliculage Rouleau d&#039;emballage sur mesure\" width=\"758\" \/><\/p>\n<p style=\"text-align: center;\"><img decoding=\"async\" class=\"aligncenter\" style=\"width: 758px; height: 385px;\" title=\"Rouleau d&#039;impression flexible sur mesure Rouleau de pelliculage Rouleau d&#039;emballage sur mesure\" src=\"https:\/\/www.cy-package.com\/2833\/2833-202402231027051071.jpg\" alt=\"Rouleau d&#039;impression flexible sur mesure Rouleau de pelliculage Rouleau d&#039;emballage sur mesure\" width=\"758\" \/><\/p>\n<\/div>","protected":false},"excerpt":{"rendered":"<p class=\"wui-p-v-4\"><span class=\"wui-text-color-accents wui-text-weight-bold\">Marque :<\/span> <span class=\"wui-text-color-primary\">PACK CY<\/span><\/p>\n<p class=\"wui-p-v-4\"><span class=\"wui-text-color-accents wui-text-weight-bold\">Origine du produit :<\/span> <span class=\"wui-text-color-primary\">Chine<\/span><\/p>\n<p class=\"wui-p-v-4\"><span class=\"wui-text-color-accents wui-text-weight-bold\">D\u00e9lai de livraison :<\/span> <span class=\"wui-text-color-primary\">D\u00e9lai de livraison de 25 jours<\/span><\/p>\n<p class=\"wui-p-v-4\">Les rouleaux offrent de nombreux avantages, notamment<br \/>\nFaibles co\u00fbts : M\u00eame les rouleaux de haute qualit\u00e9 sont tr\u00e8s abordables.<br \/>\nRapidit\u00e9 : Nous pouvons produire rapidement des rouleaux de film d'emballage en masse, afin que vous puissiez commencer \u00e0 emballer vos produits imm\u00e9diatement.<br \/>\nFlexibilit\u00e9 du marquage : impression multicolore de haute qualit\u00e9 des motifs et des couleurs les plus complexes. Nous proposons \u00e9galement des finitions sp\u00e9ciales telles que Matte, Spot ou soft touch pour ajouter un aspect et un toucher uniques \u00e0 votre film en rouleau.<br \/>\nCY PACK est un fabricant de solutions d'emballage flexible qui a 19 ans d'exp\u00e9rience.<\/p>","protected":false},"featured_media":351,"comment_status":"open","ping_status":"closed","template":"","meta":{"_seopress_robots_primary_cat":"none","_seopress_titles_title":"Custom Flexible Printed Laminating Roll Stock Packaging Roll Film","_seopress_titles_desc":"Custom Flexible Printed Laminating Roll Stock Packaging Roll Film Manufacturers and Factory. We accept OEM custom products all made in China.","_seopress_robots_index":"","_monsterinsights_skip_tracking":false,"_monsterinsights_sitenote_active":false,"_monsterinsights_sitenote_note":"","_monsterinsights_sitenote_category":0,"_kad_post_transparent":"default","_kad_post_title":"","_kad_post_layout":"default","_kad_post_sidebar_id":"","_kad_post_content_style":"default","_kad_post_vertical_padding":"default","_kad_post_feature":"","_kad_post_feature_position":"","_kad_post_header":false,"_kad_post_footer":false},"product_brand":[],"product_cat":[25],"product_tag":[],"class_list":{"0":"post-297","1":"product","2":"type-product","3":"status-publish","4":"has-post-thumbnail","6":"product_cat-laminating-packaging-film","8":"first","9":"instock","10":"shipping-taxable","11":"product-type-simple","12":"entry","13":"content-bg","14":"loop-entry"},"_links":{"self":[{"href":"https:\/\/www.cy-package.com\/fr\/wp-json\/wp\/v2\/product\/297","targetHints":{"allow":["GET"]}}],"collection":[{"href":"https:\/\/www.cy-package.com\/fr\/wp-json\/wp\/v2\/product"}],"about":[{"href":"https:\/\/www.cy-package.com\/fr\/wp-json\/wp\/v2\/types\/product"}],"replies":[{"embeddable":true,"href":"https:\/\/www.cy-package.com\/fr\/wp-json\/wp\/v2\/comments?post=297"}],"version-history":[{"count":3,"href":"https:\/\/www.cy-package.com\/fr\/wp-json\/wp\/v2\/product\/297\/revisions"}],"predecessor-version":[{"id":1204,"href":"https:\/\/www.cy-package.com\/fr\/wp-json\/wp\/v2\/product\/297\/revisions\/1204"}],"wp:featuredmedia":[{"embeddable":true,"href":"https:\/\/www.cy-package.com\/fr\/wp-json\/wp\/v2\/media\/351"}],"wp:attachment":[{"href":"https:\/\/www.cy-package.com\/fr\/wp-json\/wp\/v2\/media?parent=297"}],"wp:term":[{"taxonomy":"product_brand","embeddable":true,"href":"https:\/\/www.cy-package.com\/fr\/wp-json\/wp\/v2\/product_brand?post=297"},{"taxonomy":"product_cat","embeddable":true,"href":"https:\/\/www.cy-package.com\/fr\/wp-json\/wp\/v2\/product_cat?post=297"},{"taxonomy":"product_tag","embeddable":true,"href":"https:\/\/www.cy-package.com\/fr\/wp-json\/wp\/v2\/product_tag?post=297"}],"curies":[{"name":"wp","href":"https:\/\/api.w.org\/{rel}","templated":true}]}}