{"id":298,"date":"2024-09-05T10:28:15","date_gmt":"2024-09-05T02:28:15","guid":{"rendered":"https:\/\/www.cy-package.com\/?post_type=product&#038;p=298"},"modified":"2024-09-14T20:27:55","modified_gmt":"2024-09-14T12:27:55","slug":"film-de-couverture-auto-obturant-pelable-pour-barquettes","status":"publish","type":"product","link":"https:\/\/www.cy-package.com\/fr\/produit\/film-de-couverture-auto-obturant-pelable-pour-barquettes\/","title":{"rendered":"ComforLid Roll Stock Film Film d'operculage refermable et auto-scellant pour barquettes"},"content":{"rendered":"<p style=\"text-align: left\"><span style=\"font-size: 18px\"><strong>\u00c0 propos des films en rouleau<\/strong><\/span><\/p>\n<p style=\"text-align: left\">\n<p style=\"text-align: left\">Le film en rouleau est l&#039;un de nos produits les plus populaires. Il est particuli\u00e8rement populaire dans l&#039;industrie alimentaire et les clients d&#039;autres industries l&#039;utilisent \u00e9galement fr\u00e9quemment pour une large gamme d&#039;applications. En fin de compte, le film en rouleau offre une grande flexibilit\u00e9 et fonctionne bien dans une vari\u00e9t\u00e9 d&#039;applications. CYPACK produit \u00e9galement des rouleaux de scellage \u00e0 froid et ComforLid qui sont l&#039;option d&#039;emballage parfaite pour les produits sensibles \u00e0 la chaleur. Et nous recommandons vivement le film de scellage auto-scellant re-pelable pour les barquettes. Le mat\u00e9riau du film de scellage est un compos\u00e9 sp\u00e9cial PE avec PET. La magie r\u00e9side dans la colle collante r\u00e9utilisable qui agit pendant le scellage \u00e0 chaud.<\/p>\n<p style=\"text-align: left\">\n<p style=\"text-align: left\">\n<div>\n<p><span style=\"font-size: 18px\"><strong>Paramenteurs de produits<\/strong><\/span><\/p>\n<\/div>\n<div>\n<p>&nbsp;<\/p>\n<div class=\"nei-table\">\n<table style=\"width: 799px\" width=\"1000\">\n<tbody>\n<tr class=\"firstRow\">\n<td style=\"border-color: #dddddd\" colspan=\"1\" rowspan=\"1\" width=\"162\" height=\"20\">\n<div style=\"text-align: left\">Qualit\u00e9 du mat\u00e9riau :<\/div>\n<\/td>\n<td style=\"border-color: #dddddd\" colspan=\"1\" rowspan=\"1\" width=\"837\" height=\"20\">\n<div>Mat\u00e9riau de qualit\u00e9 alimentaire<\/div>\n<\/td>\n<\/tr>\n<tr>\n<td style=\"border-color: #dddddd\" colspan=\"1\" rowspan=\"1\" width=\"162\" height=\"20\">\n<div>Mat\u00e9riau :<\/div>\n<\/td>\n<td style=\"border-color: #dddddd\" colspan=\"1\" rowspan=\"1\" width=\"837\" height=\"20\">\n<div>PET\/VMPET\/PE\/BOPP\/papier kraft\/AL, etc.<\/div>\n<\/td>\n<\/tr>\n<tr>\n<td style=\"border-color: #dddddd\" colspan=\"1\" rowspan=\"1\" width=\"162\" height=\"20\">\n<div>Caract\u00e9ristiques :<\/div>\n<\/td>\n<td style=\"border-color: #dddddd\" colspan=\"1\" rowspan=\"1\" width=\"837\" height=\"20\">\n<div>\n<p>1). Mat\u00e9riau de qualit\u00e9 alimentaire et impression parfaite<\/p>\n<div data-spm-anchor-id=\"a2700.pc-decorate.0.i62.50563333vYoKlh\">2). Produits faciles \u00e0 emballer, excellente r\u00e9sistance \u00e0 l&#039;humidit\u00e9<\/div>\n<div data-spm-anchor-id=\"a2700.pc-decorate.0.i62.50563333vYoKlh\">3).Re-pelable et auto-obturant apr\u00e8s l&#039;ouverture du film de couverture du plateau<\/div>\n<\/div>\n<\/td>\n<\/tr>\n<tr>\n<td style=\"border-color: #dddddd\" colspan=\"1\" rowspan=\"1\" width=\"162\" height=\"20\">\n<div>Taille et \u00e9paisseur :<\/div>\n<\/td>\n<td style=\"border-color: #dddddd\" colspan=\"1\" rowspan=\"1\" width=\"837\" height=\"20\">\n<div>Personnalis\u00e9 en fonction de vos besoins<\/div>\n<\/td>\n<\/tr>\n<tr>\n<td style=\"border-color: #dddddd\" colspan=\"1\" rowspan=\"1\" width=\"162\" height=\"20\">\n<div>Type d'encre :<\/div>\n<\/td>\n<td style=\"border-color: #dddddd\" colspan=\"1\" rowspan=\"1\" width=\"837\" height=\"20\">\n<div>Encre de soja \u00e9cologique de qualit\u00e9 alimentaire<\/div>\n<\/td>\n<\/tr>\n<tr>\n<td style=\"border-color: #dddddd\" colspan=\"1\" rowspan=\"1\" width=\"162\" height=\"20\">\n<div>Exp\u00e9dition:<\/div>\n<\/td>\n<td style=\"border-color: #dddddd\" colspan=\"1\" rowspan=\"1\" width=\"837\" height=\"20\">Par mer\/par avion\/par chemin de fer\/Fedex\/DHL\/UPS\/TNT, etc.<\/td>\n<\/tr>\n<tr>\n<td style=\"border-color: #dddddd\" colspan=\"1\" rowspan=\"1\" width=\"162\" height=\"20\">\n<div>Application :<\/div>\n<\/td>\n<td style=\"border-color: #dddddd\" colspan=\"1\" rowspan=\"1\" width=\"837\" height=\"20\">\n<div>Nourriture \/ Caf\u00e9 \/ Nourriture pour animaux \/ Th\u00e9 \/ Collation \/ Noix \/ Prot\u00e9ines de lactos\u00e9rum \/ Graines \/ Pr\u00e9parations alimentaires, etc.<\/div>\n<\/td>\n<\/tr>\n<tr>\n<td style=\"border-color: #dddddd\" colspan=\"1\" rowspan=\"1\" width=\"162\" height=\"20\">\n<div>Options de couleur :<\/div>\n<\/td>\n<td style=\"border-color: #dddddd\" colspan=\"1\" rowspan=\"1\" width=\"837\" height=\"20\">Jusqu&#039;\u00e0 11 couleurs peuvent \u00eatre choisies.<\/td>\n<\/tr>\n<tr>\n<td style=\"border-color: #dddddd\" colspan=\"1\" rowspan=\"1\" width=\"162\" height=\"20\">\n<div>Contr\u00f4le de la qualit\u00e9 :<\/div>\n<\/td>\n<td style=\"border-color: #dddddd\" colspan=\"1\" rowspan=\"1\" width=\"837\" height=\"20\">\n<div data-spm-anchor-id=\"a2700.details.0.i14.1410417dX9YP5T\">Des \u00e9quipements de pointe et une \u00e9quipe de contr\u00f4le qualit\u00e9 exp\u00e9riment\u00e9e v\u00e9rifient rigoureusement les mat\u00e9riaux, les produits semi-finis et les produits finis \u00e0 chaque \u00e9tape avant l'exp\u00e9dition.<\/div>\n<\/td>\n<\/tr>\n<\/tbody>\n<\/table>\n<\/div>\n<p>&nbsp;<\/p>\n<p>&nbsp;<\/p>\n<p style=\"text-align: left\"><span style=\"font-size: 20px\"><strong>Profil de l'entreprise<\/strong><\/span><\/p>\n<p style=\"text-align: left\"><span style=\"font-size: 20px\"><strong>\u00a0<\/strong><\/span><\/p>\n<p><img decoding=\"async\" style=\"float: left;width: 1517px;height: 445px\" title=\"ComforLid Roll Stock Film Film d&#039;operculage refermable et auto-scellant pour barquettes\" src=\"https:\/\/www.cy-package.com\/2833\/2833-202205062151199013.jpg\" alt=\"ComforLid Roll Stock Film Film d&#039;operculage refermable et auto-scellant pour barquettes\" width=\"1517\" \/><\/p>\n<p>&nbsp;<\/p>\n<p>&nbsp;<\/p>\n<p>&nbsp;<\/p>\n<p>&nbsp;<\/p>\n<p>&nbsp;<\/p>\n<p>&nbsp;<\/p>\n<p>&nbsp;<\/p>\n<p>&nbsp;<\/p>\n<p>&nbsp;<\/p>\n<p>&nbsp;<\/p>\n<p>&nbsp;<\/p>\n<p>&nbsp;<\/p>\n<p>&nbsp;<\/p>\n<p>&nbsp;<\/p>\n<p>&nbsp;<\/p>\n<p>&nbsp;<\/p>\n<p>&nbsp;<\/p>\n<p>&nbsp;<\/p>\n<p><span style=\"font-size: 20px\"><strong>Avantages du film d&#039;emballage imprim\u00e9 CYPACK\u00a0<\/strong><\/span><\/p>\n<p>&nbsp;<\/p>\n<p>1. Notre film lamin\u00e9 imprim\u00e9 en rouleau offre une option d&#039;emballage \u00e9conomique et simple pour divers produits. Compatibles avec la plupart des machines de formage, de remplissage et de scellage, ces options de film en rouleau sont id\u00e9ales pour l&#039;emballage automatique.<\/p>\n<p>&nbsp;<\/p>\n<p>2. Le film en rouleau d&#039;impression personnalis\u00e9 peut \u00eatre utilis\u00e9 pour former des rouleaux et fabriquer des sacs scell\u00e9s. Le rouleau d&#039;emballage lamin\u00e9 imprim\u00e9 est id\u00e9al pour augmenter l&#039;efficacit\u00e9 du produit, maintenir la fra\u00eecheur et prolonger la dur\u00e9e de conservation du produit tout en pr\u00e9servant l&#039;esth\u00e9tique de l&#039;emballage. C&#039;est simple et abordable. De plus, le rouleau d&#039;emballage lamin\u00e9 imprim\u00e9 est id\u00e9al pour les emballages refermables auto-scellants.<\/p>\n<p>&nbsp;<\/p>\n<p>3. En fonction de vos besoins en mati\u00e8re d&#039;emballage en rouleau, nous sommes en mesure de vous proposer diverses options de personnalisation, notamment le poids, la largeur et le diam\u00e8tre du rouleau d&#039;emballage lamin\u00e9 imprim\u00e9, ainsi que la construction de film souhait\u00e9e. Nous proposons des rouleaux d&#039;emballage lamin\u00e9s imprim\u00e9s dans diverses combinaisons.<\/p>\n<p style=\"text-align: center\">\n<p style=\"text-align: center\">\n<p>&nbsp;<\/p>\n<p>&nbsp;<\/p>\n<\/div>","protected":false},"excerpt":{"rendered":"<p class=\"wui-p-v-4\"><span class=\"wui-text-color-accents wui-text-weight-bold\">Marque :<\/span> <span class=\"wui-text-color-primary\">PACK CY<\/span><\/p>\n<p class=\"wui-p-v-4\"><span class=\"wui-text-color-accents wui-text-weight-bold\">Origine du produit :<\/span> <span class=\"wui-text-color-primary\">Chine<\/span><\/p>\n<p class=\"wui-p-v-4\"><span class=\"wui-text-color-accents wui-text-weight-bold\">D\u00e9lai de livraison :<\/span> <span class=\"wui-text-color-primary\">D\u00e9lai de 15 jours<\/span><\/p>\n<p class=\"wui-p-v-4\">Les rouleaux offrent de nombreux avantages, notamment<br \/>\nFaibles co\u00fbts : M\u00eame les rouleaux de film d'emballage de haute qualit\u00e9 sont abordables.<br \/>\nRapidit\u00e9 : Nous pouvons produire en masse des films en rouleau rapidement, ne vous inqui\u00e9tez pas des d\u00e9lais de livraison. Une grande vari\u00e9t\u00e9 de films plastiques est disponible : nous proposons des films d'operculage auto-scellants, des films d'impression, des films d'emballage, des films thermofusibles et des films scell\u00e9s \u00e0 froid,<\/p>","protected":false},"featured_media":355,"comment_status":"open","ping_status":"closed","template":"","meta":{"_seopress_robots_primary_cat":"none","_seopress_titles_title":"","_seopress_titles_desc":"","_seopress_robots_index":"","_monsterinsights_skip_tracking":false,"_monsterinsights_sitenote_active":false,"_monsterinsights_sitenote_note":"","_monsterinsights_sitenote_category":0,"_kad_post_transparent":"default","_kad_post_title":"","_kad_post_layout":"default","_kad_post_sidebar_id":"","_kad_post_content_style":"default","_kad_post_vertical_padding":"default","_kad_post_feature":"","_kad_post_feature_position":"","_kad_post_header":false,"_kad_post_footer":false},"product_brand":[],"product_cat":[25],"product_tag":[],"class_list":{"0":"post-298","1":"product","2":"type-product","3":"status-publish","4":"has-post-thumbnail","6":"product_cat-laminating-packaging-film","8":"first","9":"instock","10":"shipping-taxable","11":"product-type-simple","12":"entry","13":"content-bg","14":"loop-entry"},"_links":{"self":[{"href":"https:\/\/www.cy-package.com\/fr\/wp-json\/wp\/v2\/product\/298","targetHints":{"allow":["GET"]}}],"collection":[{"href":"https:\/\/www.cy-package.com\/fr\/wp-json\/wp\/v2\/product"}],"about":[{"href":"https:\/\/www.cy-package.com\/fr\/wp-json\/wp\/v2\/types\/product"}],"replies":[{"embeddable":true,"href":"https:\/\/www.cy-package.com\/fr\/wp-json\/wp\/v2\/comments?post=298"}],"version-history":[{"count":1,"href":"https:\/\/www.cy-package.com\/fr\/wp-json\/wp\/v2\/product\/298\/revisions"}],"predecessor-version":[{"id":770,"href":"https:\/\/www.cy-package.com\/fr\/wp-json\/wp\/v2\/product\/298\/revisions\/770"}],"wp:featuredmedia":[{"embeddable":true,"href":"https:\/\/www.cy-package.com\/fr\/wp-json\/wp\/v2\/media\/355"}],"wp:attachment":[{"href":"https:\/\/www.cy-package.com\/fr\/wp-json\/wp\/v2\/media?parent=298"}],"wp:term":[{"taxonomy":"product_brand","embeddable":true,"href":"https:\/\/www.cy-package.com\/fr\/wp-json\/wp\/v2\/product_brand?post=298"},{"taxonomy":"product_cat","embeddable":true,"href":"https:\/\/www.cy-package.com\/fr\/wp-json\/wp\/v2\/product_cat?post=298"},{"taxonomy":"product_tag","embeddable":true,"href":"https:\/\/www.cy-package.com\/fr\/wp-json\/wp\/v2\/product_tag?post=298"}],"curies":[{"name":"wp","href":"https:\/\/api.w.org\/{rel}","templated":true}]}}