{"id":300,"date":"2024-09-05T10:28:15","date_gmt":"2024-09-05T02:28:15","guid":{"rendered":"https:\/\/www.cy-package.com\/?post_type=product&#038;p=300"},"modified":"2024-09-14T20:27:57","modified_gmt":"2024-09-14T12:27:57","slug":"pochette-a-bec-pour-autoclave","status":"publish","type":"product","link":"https:\/\/www.cy-package.com\/fr\/produit\/pochette-a-bec-pour-autoclave\/","title":{"rendered":"Pochette \u00e0 bec pour autoclave"},"content":{"rendered":"<p><span><\/span><\/p>\n<p>&nbsp; &nbsp; &nbsp; &nbsp; Les poches \u00e0 bec sont destin\u00e9es \u00e0 tout ce qui s'\u00e9coule librement, qu'il s'agisse de liquides, de boissons, de cr\u00e8mes, de gels, de solvants, de poudres et m\u00eame d'adh\u00e9sifs ! Utilisant la m\u00eame structure que nos sachets \u00e0 fond plat, nous allons encore plus loin en utilisant un polym\u00e8re de qualit\u00e9 sup\u00e9rieure et plus dense pour garantir qu'ils sont \u00e0 la fois r\u00e9sistants aux perforations et aux fuites. Toutes nos poches \u00e0 bec peuvent r\u00e9sister aux mat\u00e9riaux les plus corrosifs, y compris les mat\u00e9riaux \u00e0 base d'acide et d'alcaline. En ce qui concerne les accessoires, nous proposons \u00e9galement plusieurs options diff\u00e9rentes&nbsp;<\/p>\n<p>&nbsp; &nbsp; &nbsp; &nbsp;&nbsp;<\/p>\n<p>&nbsp; &nbsp; &nbsp; &nbsp; Pour les besoins des poches \u00e0 bec de plus grande capacit\u00e9, nous sommes en mesure de fournir des becs d'un diam\u00e8tre plus large et d'ajouter des poign\u00e9es de transport et de versement pour un soutien suppl\u00e9mentaire. Ils sont id\u00e9aux pour les applications industrielles et automobiles telles que les d\u00e9tergents, les huiles de moteur et les nettoyeurs d'\u00e9cran. Nos becs sont compatibles avec toutes les lignes de remplissage enti\u00e8rement automatiques. Pour les produits remplis \u00e0 la main, nous avons la possibilit\u00e9 de positionner les becs verseurs soit au centre des sachets si l'on utilise un entonnoir, soit sur le c\u00f4t\u00e9 des sachets si le client a besoin d'une plus grande ouverture pour faciliter l'emballage.<\/p>\n<p>&nbsp; &nbsp; &nbsp;&nbsp;<\/p>\n<p>&nbsp; &nbsp; &nbsp; &nbsp; En ce qui concerne les avantages pour l'environnement, nos sachets \u00e0 bec consomment pr\u00e8s de 60% de plastique en moins que les bouteilles en plastique traditionnelles, n\u00e9cessitent beaucoup moins d'\u00e9nergie pour \u00eatre produits et produisent moins de d\u00e9chets dans le processus. En ce qui concerne le stockage et la logistique, les poches \u00e0 bec peuvent contenir pr\u00e8s de 99,51 TTP3T, contrairement aux bouteilles en plastique qui n\u00e9cessitent un remplissage de 5-151 TTP3T. En termes de logistique, les poches \u00e0 bec produisent beaucoup moins de carbone pendant le transport gr\u00e2ce \u00e0 leur taille compacte qui permet de transporter une plus grande quantit\u00e9 et n\u00e9cessite moins de camions.  Elles sont id\u00e9ales pour l'eau, les jus, le lait, les vinaigres, les pansements, les peintures, les vernis, les savons liquides, les gels douche, les masques, les gommages, les sels, les cr\u00e8mes pour le corps et les huiles.<\/p>\n<div>\n<p><span style=\"font-size: 18px\"><strong>Paramenteurs de produits<\/strong><\/span><\/p>\n<\/div>\n<div>\n<div class=\"nei-table\">\n<table width=\"1000\">\n<tbody>\n<tr class=\"firstRow\">\n<td colspan=\"1\" rowspan=\"1\" height=\"20\" width=\"162\">\n<div style=\"text-align: left\"><span>Qualit\u00e9 du mat\u00e9riau :<\/span><\/div>\n<\/td>\n<td colspan=\"1\" rowspan=\"1\" height=\"20\" width=\"837\">\n<div>Mat\u00e9riau de qualit\u00e9 alimentaire<\/div>\n<\/td>\n<\/tr>\n<tr>\n<td colspan=\"1\" rowspan=\"1\" height=\"20\" width=\"162\">\n<div><span>Mat\u00e9riau :<\/span><\/div>\n<\/td>\n<td colspan=\"1\" rowspan=\"1\" height=\"20\" width=\"837\">\n<div>PET+VMPET+PE, BOPP+papier kraft+VMPET+PE, etc.<\/div>\n<\/td>\n<\/tr>\n<tr>\n<td colspan=\"1\" rowspan=\"1\" height=\"20\" width=\"162\">\n<div><span>Caract\u00e9ristiques :<\/span><\/div>\n<\/td>\n<td colspan=\"1\" rowspan=\"1\" height=\"20\" width=\"837\">\n<div>1) Mat\u00e9riau de qualit\u00e9 alimentaire et impression parfaite<\/p>\n<div data-spm-anchor-id=\"a2700.pc-decorate.0.i62.50563333vYoKlh\">2) Pr\u00e9vention des fuites, excellente protection contre l'humidit\u00e9<\/div>\n<div data-spm-anchor-id=\"a2700.pc-decorate.0.i62.50563333vYoKlh\">3) Fond de fermeture solide et fermeture \u00e0 glissi\u00e8re durable<\/div>\n<\/div>\n<\/td>\n<\/tr>\n<tr>\n<td colspan=\"1\" rowspan=\"1\" height=\"20\" width=\"162\">\n<div><span>Taille et \u00e9paisseur :<\/span><\/div>\n<\/td>\n<td colspan=\"1\" rowspan=\"1\" height=\"20\" width=\"837\">\n<div>Sur mesure en fonction de vos besoins<\/div>\n<\/td>\n<\/tr>\n<tr>\n<td colspan=\"1\" rowspan=\"1\" height=\"20\" width=\"162\">\n<div><span>Type d'encre :<\/span><\/div>\n<\/td>\n<td colspan=\"1\" rowspan=\"1\" height=\"20\" width=\"837\">\n<div>Encre de soja \u00e9cologique de qualit\u00e9 alimentaire<\/div>\n<\/td>\n<\/tr>\n<tr>\n<td colspan=\"1\" rowspan=\"1\" height=\"20\" width=\"162\">\n<div><span>Capacit\u00e9 :<\/span><\/div>\n<\/td>\n<td colspan=\"1\" rowspan=\"1\" height=\"20\" width=\"837\">\n<div>100g, 200g, 250g, 500g, 1000g\/1kg, 2kg, 5kg,8oz-100oz, sur mesure<\/div>\n<\/td>\n<\/tr>\n<tr>\n<td colspan=\"1\" rowspan=\"1\" height=\"20\" width=\"162\">\n<div><span>Application :<\/span><\/div>\n<\/td>\n<td colspan=\"1\" rowspan=\"1\" height=\"20\" width=\"837\">\n<div>Alimentation \/ Caf\u00e9 \/ Nourriture pour animaux \/ Th\u00e9 \/ Snack \/ Noix \/ Prot\u00e9ines de lactos\u00e9rum \/ Graines, etc.<\/div>\n<\/td>\n<\/tr>\n<tr>\n<td colspan=\"1\" rowspan=\"1\" height=\"20\" width=\"162\">\n<div><span>Options de style :<\/span><\/div>\n<\/td>\n<td colspan=\"1\" rowspan=\"1\" height=\"20\" width=\"837\">\n<div>Fond plat, debout, soufflet lat\u00e9ral, fermeture \u00e0 glissi\u00e8re, avec ou sans fen\u00eatre, trou europ\u00e9en, etc.<\/div>\n<\/td>\n<\/tr>\n<tr>\n<td colspan=\"1\" rowspan=\"1\" height=\"20\" width=\"162\">\n<div><span>Contr\u00f4le de la qualit\u00e9 :<\/span><\/div>\n<\/td>\n<td colspan=\"1\" rowspan=\"1\" height=\"20\" width=\"837\">\n<div data-spm-anchor-id=\"a2700.details.0.i14.1410417dX9YP5T\">Des \u00e9quipements de pointe et une \u00e9quipe de contr\u00f4le qualit\u00e9 exp\u00e9riment\u00e9e v\u00e9rifient rigoureusement les mat\u00e9riaux, les produits semi-finis et les produits finis \u00e0 chaque \u00e9tape avant l'exp\u00e9dition.<\/div>\n<\/td>\n<\/tr>\n<\/tbody>\n<\/table>\n<\/div>\n<p><\/p>\n<p><\/p>\n<\/div><\/div>\n<\/p><\/div>","protected":false},"excerpt":{"rendered":"<p class=\"wui-p-v-4\">    <span class=\"wui-text-color-accents wui-text-weight-bold\">Marque :<\/span>    <span class=\"wui-text-color-primary\">PACK CY<\/span><\/p>\n<p class=\"wui-p-v-4\">    <span class=\"wui-text-color-accents wui-text-weight-bold\">Origine du produit :<\/span>    <span class=\"wui-text-color-primary\">Chine<\/span><\/p>\n<p class=\"wui-p-v-4\">    <span class=\"wui-text-color-accents wui-text-weight-bold\">D\u00e9lai de livraison :<\/span>    <span class=\"wui-text-color-primary\">D\u00e9lai de livraison de 25 jours<\/span><\/p>\n<p class=\"wui-p-v-4\">Nos sachets d'emballage de liquides sont durables et r\u00e9sistants \u00e0 la d\u00e9chirure car ils sont fabriqu\u00e9s en utilisant plusieurs films plastiques comme le LLDPE, le BOPP, le PPE, le MET, le PVC et le PE. Nous laminons \u00e9galement nos sachets avec des feuilles d'aluminium ou m\u00e9tallis\u00e9es afin d'allonger la dur\u00e9e de conservation des produits.<br \/>Contactez-nous d\u00e8s aujourd'hui et nous ferons de notre mieux pour r\u00e9pondre \u00e0 vos besoins en mati\u00e8re d'emballage de sauces en termes de formes, de tailles et de designs, conform\u00e9ment \u00e0 vos sp\u00e9cifications.<\/p>","protected":false},"featured_media":363,"comment_status":"open","ping_status":"closed","template":"","meta":{"_seopress_robots_primary_cat":"","_seopress_titles_title":"","_seopress_titles_desc":"","_seopress_robots_index":"","_monsterinsights_skip_tracking":false,"_monsterinsights_sitenote_active":false,"_monsterinsights_sitenote_note":"","_monsterinsights_sitenote_category":0,"_kad_post_transparent":"","_kad_post_title":"","_kad_post_layout":"","_kad_post_sidebar_id":"","_kad_post_content_style":"","_kad_post_vertical_padding":"","_kad_post_feature":"","_kad_post_feature_position":"","_kad_post_header":false,"_kad_post_footer":false},"product_brand":[],"product_cat":[26],"product_tag":[],"class_list":{"0":"post-300","1":"product","2":"type-product","3":"status-publish","4":"has-post-thumbnail","6":"product_cat-spout-pouches","8":"first","9":"instock","10":"shipping-taxable","11":"product-type-simple","12":"entry","13":"content-bg","14":"loop-entry"},"_links":{"self":[{"href":"https:\/\/www.cy-package.com\/fr\/wp-json\/wp\/v2\/product\/300","targetHints":{"allow":["GET"]}}],"collection":[{"href":"https:\/\/www.cy-package.com\/fr\/wp-json\/wp\/v2\/product"}],"about":[{"href":"https:\/\/www.cy-package.com\/fr\/wp-json\/wp\/v2\/types\/product"}],"replies":[{"embeddable":true,"href":"https:\/\/www.cy-package.com\/fr\/wp-json\/wp\/v2\/comments?post=300"}],"version-history":[{"count":0,"href":"https:\/\/www.cy-package.com\/fr\/wp-json\/wp\/v2\/product\/300\/revisions"}],"wp:featuredmedia":[{"embeddable":true,"href":"https:\/\/www.cy-package.com\/fr\/wp-json\/wp\/v2\/media\/363"}],"wp:attachment":[{"href":"https:\/\/www.cy-package.com\/fr\/wp-json\/wp\/v2\/media?parent=300"}],"wp:term":[{"taxonomy":"product_brand","embeddable":true,"href":"https:\/\/www.cy-package.com\/fr\/wp-json\/wp\/v2\/product_brand?post=300"},{"taxonomy":"product_cat","embeddable":true,"href":"https:\/\/www.cy-package.com\/fr\/wp-json\/wp\/v2\/product_cat?post=300"},{"taxonomy":"product_tag","embeddable":true,"href":"https:\/\/www.cy-package.com\/fr\/wp-json\/wp\/v2\/product_tag?post=300"}],"curies":[{"name":"wp","href":"https:\/\/api.w.org\/{rel}","templated":true}]}}