{"id":301,"date":"2024-09-05T10:28:15","date_gmt":"2024-09-05T02:28:15","guid":{"rendered":"https:\/\/www.cy-package.com\/?post_type=product&#038;p=301"},"modified":"2024-09-14T20:27:58","modified_gmt":"2024-09-14T12:27:58","slug":"pochette-a-bec-pour-la-lessive-liquide","status":"publish","type":"product","link":"https:\/\/www.cy-package.com\/fr\/produit\/pochette-a-bec-pour-la-lessive-liquide\/","title":{"rendered":"Pochette \u00e0 bec pour lessive liquide"},"content":{"rendered":"<p><\/p>\n<p><span><span><span><br \/><\/span><\/span><\/span><\/p>\n<h1>Emballage des produits chimiques de nettoyage<\/h1>\n<p><span>Les clients comptent sur vos produits pour nettoyer leurs maisons et leurs entreprises. Nos syst\u00e8mes innovants de bag-in-box comprennent une large gamme de films, d'accessoires et d'\u00e9quipements de remplissage pour une solution totale d'emballage flexible con\u00e7ue pour prot\u00e9ger vos produits et ceux qui les utilisent, depuis le remplissage jusqu'\u00e0 la distribution finale.&nbsp;<\/span><\/p>\n<p><\/p>\n<div>\n<p><span style=\"font-size: 18px\"><strong>Paramenteurs de produits<\/strong><\/span><\/p>\n<\/div>\n<div>\n<div class=\"nei-table\">\n<table width=\"1000\">\n<tbody>\n<tr class=\"firstRow\">\n<td colspan=\"1\" rowspan=\"1\" height=\"20\" width=\"162\">\n<div style=\"text-align: left\"><span>Qualit\u00e9 du mat\u00e9riau :<\/span><\/div>\n<\/td>\n<td colspan=\"1\" rowspan=\"1\" height=\"20\" width=\"837\">\n<div>Mat\u00e9riau de qualit\u00e9 alimentaire<\/div>\n<\/td>\n<\/tr>\n<tr>\n<td colspan=\"1\" rowspan=\"1\" height=\"20\" width=\"162\">\n<div><span>Mat\u00e9riau :<\/span><\/div>\n<\/td>\n<td colspan=\"1\" rowspan=\"1\" height=\"20\" width=\"837\">\n<div>PET+VMPET+PE, BOPP+papier kraft+VMPET+PE, etc.<\/div>\n<\/td>\n<\/tr>\n<tr>\n<td colspan=\"1\" rowspan=\"1\" height=\"20\" width=\"162\">\n<div><span>Caract\u00e9ristiques :<\/span><\/div>\n<\/td>\n<td colspan=\"1\" rowspan=\"1\" height=\"20\" width=\"837\">\n<div>1) Mat\u00e9riau de qualit\u00e9 alimentaire et impression parfaite<\/p>\n<div data-spm-anchor-id=\"a2700.pc-decorate.0.i62.50563333vYoKlh\">2) Pr\u00e9vention des fuites, excellente protection contre l'humidit\u00e9<\/div>\n<div data-spm-anchor-id=\"a2700.pc-decorate.0.i62.50563333vYoKlh\">3) Fond de fermeture solide et fermeture \u00e0 glissi\u00e8re durable<\/div>\n<\/div>\n<\/td>\n<\/tr>\n<tr>\n<td colspan=\"1\" rowspan=\"1\" height=\"20\" width=\"162\">\n<div><span>Taille et \u00e9paisseur :<\/span><\/div>\n<\/td>\n<td colspan=\"1\" rowspan=\"1\" height=\"20\" width=\"837\">\n<div>Sur mesure en fonction de vos besoins<\/div>\n<\/td>\n<\/tr>\n<tr>\n<td colspan=\"1\" rowspan=\"1\" height=\"20\" width=\"162\">\n<div><span>Type d'encre :<\/span><\/div>\n<\/td>\n<td colspan=\"1\" rowspan=\"1\" height=\"20\" width=\"837\">\n<div>Encre de soja \u00e9cologique de qualit\u00e9 alimentaire<\/div>\n<\/td>\n<\/tr>\n<tr>\n<td colspan=\"1\" rowspan=\"1\" height=\"20\" width=\"162\">\n<div><span>Capacit\u00e9 :<\/span><\/div>\n<\/td>\n<td colspan=\"1\" rowspan=\"1\" height=\"20\" width=\"837\">\n<div>100g, 200g, 250g, 500g, 1000g\/1kg, 2kg, 5kg,8oz-100oz, sur mesure<\/div>\n<\/td>\n<\/tr>\n<tr>\n<td colspan=\"1\" rowspan=\"1\" height=\"20\" width=\"162\">\n<div><span>Application :<\/span><\/div>\n<\/td>\n<td colspan=\"1\" rowspan=\"1\" height=\"20\" width=\"837\">\n<div>Alimentation \/ Caf\u00e9 \/ Nourriture pour animaux \/ Th\u00e9 \/ Snack \/ Noix \/ Prot\u00e9ines de lactos\u00e9rum \/ Graines, etc.<\/div>\n<\/td>\n<\/tr>\n<tr>\n<td colspan=\"1\" rowspan=\"1\" height=\"20\" width=\"162\">\n<div><span>Options de style :<\/span><\/div>\n<\/td>\n<td colspan=\"1\" rowspan=\"1\" height=\"20\" width=\"837\">\n<div>Fond plat, debout, soufflet lat\u00e9ral, fermeture \u00e0 glissi\u00e8re, avec ou sans fen\u00eatre, trou europ\u00e9en, etc.<\/div>\n<\/td>\n<\/tr>\n<tr>\n<td colspan=\"1\" rowspan=\"1\" height=\"20\" width=\"162\">\n<div><span>Contr\u00f4le de la qualit\u00e9 :<\/span><\/div>\n<\/td>\n<td colspan=\"1\" rowspan=\"1\" height=\"20\" width=\"837\">\n<div data-spm-anchor-id=\"a2700.details.0.i14.1410417dX9YP5T\">Des \u00e9quipements de pointe et une \u00e9quipe de contr\u00f4le qualit\u00e9 exp\u00e9riment\u00e9e v\u00e9rifient rigoureusement les mat\u00e9riaux, les produits semi-finis et les produits finis \u00e0 chaque \u00e9tape avant l'exp\u00e9dition.<\/div>\n<\/td>\n<\/tr>\n<\/tbody>\n<\/table>\n<\/div>\n<p><\/p>\n<p><\/p>\n<p><span>Une poche \u00e0 bec, \u00e9galement connue sous le nom de poche \u00e0 bec avec&nbsp;<\/span>un bec, est un type d'emballage souple qui combine les avantages d'un sachet avec un bec verseur ou distributeur int\u00e9gr\u00e9. Ces sachets sont&nbsp;<\/p>\n<p><span>largement utilis\u00e9 pour l'emballage d'une vari\u00e9t\u00e9 de liquides&nbsp;<\/span>et des produits semi-liquides.<\/p>\n<p><span><br \/><\/span><\/p>\n<p><span>Les sachets \u00e0 bec verseur sont g\u00e9n\u00e9ralement fabriqu\u00e9s \u00e0 partir d&#039;une combinaison de mat\u00e9riaux flexibles, notamment plusieurs couches de films plastiques, de feuilles d&#039;aluminium et d&#039;autres mat\u00e9riaux barri\u00e8res. Ces mat\u00e9riaux sont choisis en fonction des exigences du produit, telles que le besoin de protection contre l&#039;oxyg\u00e8ne, la lumi\u00e8re ou l&#039;humidit\u00e9.<\/span><\/p>\n<p><span><br \/><\/span><\/p>\n<p><span>Le sachet comporte un bec int\u00e9gr\u00e9, g\u00e9n\u00e9ralement en plastique, qui sert de point de distribution du produit. Le bec est souvent \u00e9quip\u00e9 d'un bouchon ou d'une fermeture refermable afin d'\u00e9viter les d\u00e9versements et de pr\u00e9server la fra\u00eecheur du produit.<\/span><\/p>\n<p><\/p>\n<p style=\"text-align: center\"><img alt=\"Pochette \u00e0 bec pour lessive liquide\" title=\"Pochette \u00e0 bec pour lessive liquide\" \/><\/p>\n<p style=\"text-align: center\">\n<p><\/p>\n<p style=\"text-align: center\"><\/p>\n<\/div><\/div>\n<\/p><\/div>","protected":false},"excerpt":{"rendered":"<p class=\"wui-p-v-4\">    <span class=\"wui-text-color-accents wui-text-weight-bold\">Marque :<\/span>    <span class=\"wui-text-color-primary\">PACK CY<\/span><\/p>\n<p class=\"wui-p-v-4\">    <span class=\"wui-text-color-accents wui-text-weight-bold\">Origine du produit :<\/span>    <span class=\"wui-text-color-primary\">Chine<\/span><\/p>\n<p class=\"wui-p-v-4\">    <span class=\"wui-text-color-accents wui-text-weight-bold\">D\u00e9lai de livraison :<\/span>    <span class=\"wui-text-color-primary\">D\u00e9lai de livraison de 25 jours<\/span><\/p>\n<p class=\"wui-p-v-4\">1. Les sachets \u00e0 bec sont con\u00e7us pour faciliter le versement et la distribution. Le bec permet de lib\u00e9rer le produit de mani\u00e8re contr\u00f4l\u00e9e et sans d\u00e9sordre, ce qui les rend faciles \u00e0 utiliser.<br \/>2. ces poches \u00e0 bec sont l\u00e9g\u00e8res et peuvent \u00eatre facilement transport\u00e9es dans des sacs ou des poches, ce qui les rend id\u00e9ales pour une consommation sur le pouce.<br \/>3. les sachets \u00e0 bec utilisent moins de mat\u00e9riaux que les emballages rigides traditionnels, ce qui r\u00e9duit les d\u00e9chets et est plus respectueux de l'environnement.<br \/>4 Les sachets \u00e0 bec peuvent \u00eatre con\u00e7us avec plusieurs couches pour offrir d'excellentes propri\u00e9t\u00e9s de barri\u00e8re, ce qui permet de prolonger la dur\u00e9e de conservation des produits p\u00e9rissables.<\/p>","protected":false},"featured_media":369,"comment_status":"open","ping_status":"closed","template":"","meta":{"_seopress_robots_primary_cat":"","_seopress_titles_title":"","_seopress_titles_desc":"","_seopress_robots_index":"","_monsterinsights_skip_tracking":false,"_monsterinsights_sitenote_active":false,"_monsterinsights_sitenote_note":"","_monsterinsights_sitenote_category":0,"_kad_post_transparent":"","_kad_post_title":"","_kad_post_layout":"","_kad_post_sidebar_id":"","_kad_post_content_style":"","_kad_post_vertical_padding":"","_kad_post_feature":"","_kad_post_feature_position":"","_kad_post_header":false,"_kad_post_footer":false},"product_brand":[],"product_cat":[26],"product_tag":[],"class_list":{"0":"post-301","1":"product","2":"type-product","3":"status-publish","4":"has-post-thumbnail","6":"product_cat-spout-pouches","8":"first","9":"instock","10":"shipping-taxable","11":"product-type-simple","12":"entry","13":"content-bg","14":"loop-entry"},"_links":{"self":[{"href":"https:\/\/www.cy-package.com\/fr\/wp-json\/wp\/v2\/product\/301","targetHints":{"allow":["GET"]}}],"collection":[{"href":"https:\/\/www.cy-package.com\/fr\/wp-json\/wp\/v2\/product"}],"about":[{"href":"https:\/\/www.cy-package.com\/fr\/wp-json\/wp\/v2\/types\/product"}],"replies":[{"embeddable":true,"href":"https:\/\/www.cy-package.com\/fr\/wp-json\/wp\/v2\/comments?post=301"}],"version-history":[{"count":0,"href":"https:\/\/www.cy-package.com\/fr\/wp-json\/wp\/v2\/product\/301\/revisions"}],"wp:featuredmedia":[{"embeddable":true,"href":"https:\/\/www.cy-package.com\/fr\/wp-json\/wp\/v2\/media\/369"}],"wp:attachment":[{"href":"https:\/\/www.cy-package.com\/fr\/wp-json\/wp\/v2\/media?parent=301"}],"wp:term":[{"taxonomy":"product_brand","embeddable":true,"href":"https:\/\/www.cy-package.com\/fr\/wp-json\/wp\/v2\/product_brand?post=301"},{"taxonomy":"product_cat","embeddable":true,"href":"https:\/\/www.cy-package.com\/fr\/wp-json\/wp\/v2\/product_cat?post=301"},{"taxonomy":"product_tag","embeddable":true,"href":"https:\/\/www.cy-package.com\/fr\/wp-json\/wp\/v2\/product_tag?post=301"}],"curies":[{"name":"wp","href":"https:\/\/api.w.org\/{rel}","templated":true}]}}