{"id":302,"date":"2024-09-05T10:28:15","date_gmt":"2024-09-05T02:28:15","guid":{"rendered":"https:\/\/www.cy-package.com\/?post_type=product&#038;p=302"},"modified":"2024-09-14T20:27:59","modified_gmt":"2024-09-14T12:27:59","slug":"sac-demballage-pour-aliments-pour-bebes-et-jeunes-enfants","status":"publish","type":"product","link":"https:\/\/www.cy-package.com\/fr\/produit\/sac-demballage-pour-aliments-pour-bebes-et-jeunes-enfants\/","title":{"rendered":"Sac d'emballage pour aliments pour b\u00e9b\u00e9s et enfants en bas \u00e2ge"},"content":{"rendered":"<div style=\"text-align: center\"><\/div>\n<p><span style=\"font-size: 20px\"><strong><em>CONSEILS :<\/em><\/strong><\/span><br \/><span>1. support de la personnalisation OEM\/ODM ????<strong><span>N'h\u00e9sitez pas \u00e0 nous contacter ?<\/span><\/strong><br \/>2. il existe actuellement des offres sp\u00e9ciales. Vous pouvez les obtenir en <strong><span>envoyer une demande de renseignements ?<\/span><\/strong><br \/>3. \u00e9chantillon de soutien, besoin d'un \u00e9chantillon pour <strong><span>envoyer une demande de renseignements pour nous contacter ?<\/span><\/strong><\/span><\/p>\n<p><span><strong><span><br \/><\/span><\/strong><\/span><\/p>\n<p><span><strong><span><\/span><\/strong><\/span><\/p>\n<p>D\u00e9veloppez votre march\u00e9 en proposant des quantit\u00e9s multiples de produits alimentaires liquides pour b\u00e9b\u00e9s et jeunes enfants, tels que les formules, les boissons de compl\u00e9ment et les boissons de r\u00e9approvisionnement en \u00e9lectrolytes, dans des emballages flexibles en sacs de poly\u00e9thyl\u00e8ne personnalis\u00e9s. Nos syst\u00e8mes innovants de bag-in-box comprennent une large gamme de films, d'accessoires et d'\u00e9quipements de remplissage pour une solution totale d'emballage flexible con\u00e7ue pour prot\u00e9ger vos produits depuis le remplissage jusqu'\u00e0 la distribution finale. Nous fournissons :<\/p>\n<p><span>Technologie aseptique pour \u00e9liminer la logistique co\u00fbteuse de la cha\u00eene du froid.<\/span><\/p>\n<p><span>La polyvalence permet de distribuer les aliments pour b\u00e9b\u00e9s et jeunes enfants partout o\u00f9 vous le souhaitez.<\/span><\/p>\n<p><span>Des solutions qui minimisent votre impact sur l'environnement et r\u00e9duisent les d\u00e9chets d'emballage.<\/span><\/p>\n<p><span>R\u00e9duction des d\u00e9chets de produits gr\u00e2ce \u00e0 une dur\u00e9e de conservation secondaire plus longue et \u00e0 une meilleure \u00e9vacuation des produits.<\/span><\/p>\n<p><span><br \/><\/span><\/p>\n<div>\n<p><span style=\"font-size: 18px\"><strong>Paramenteurs de produits<\/strong><\/span><\/p>\n<\/div>\n<div>\n<div class=\"nei-table\">\n<table width=\"1000\" style=\"width: 803px\">\n<tbody>\n<tr class=\"firstRow\">\n<td colspan=\"1\" rowspan=\"1\" height=\"20\" width=\"162\">\n<div style=\"text-align: left\"><span>Qualit\u00e9 du mat\u00e9riau :<\/span><\/div>\n<\/td>\n<td colspan=\"1\" rowspan=\"1\" height=\"20\" width=\"837\">\n<div>Mat\u00e9riau de qualit\u00e9 alimentaire<\/div>\n<\/td>\n<\/tr>\n<tr>\n<td colspan=\"1\" rowspan=\"1\" height=\"20\" width=\"162\">\n<div><span>Mat\u00e9riau :<\/span><\/div>\n<\/td>\n<td colspan=\"1\" rowspan=\"1\" height=\"20\" width=\"837\">\n<div>PET+VMPET+PE, BOPP+papier kraft+VMPET+PE, etc.<\/div>\n<\/td>\n<\/tr>\n<tr>\n<td colspan=\"1\" rowspan=\"1\" height=\"20\" width=\"162\">\n<div><span>Caract\u00e9ristiques :<\/span><\/div>\n<\/td>\n<td colspan=\"1\" rowspan=\"1\" height=\"20\" width=\"837\">\n<div>1) Mat\u00e9riau de qualit\u00e9 alimentaire et impression parfaite<\/p>\n<div data-spm-anchor-id=\"a2700.pc-decorate.0.i62.50563333vYoKlh\">2) Pr\u00e9vention des fuites, excellente protection contre l'humidit\u00e9<\/div>\n<div data-spm-anchor-id=\"a2700.pc-decorate.0.i62.50563333vYoKlh\">3) Fond de fermeture solide et fermeture \u00e0 glissi\u00e8re durable<\/div>\n<\/div>\n<\/td>\n<\/tr>\n<tr>\n<td colspan=\"1\" rowspan=\"1\" height=\"20\" width=\"162\">\n<div><span>Taille et \u00e9paisseur :<\/span><\/div>\n<\/td>\n<td colspan=\"1\" rowspan=\"1\" height=\"20\" width=\"837\">\n<div>Sur mesure en fonction de vos besoins<\/div>\n<\/td>\n<\/tr>\n<tr>\n<td colspan=\"1\" rowspan=\"1\" height=\"20\" width=\"162\">\n<div><span>Type d'encre :<\/span><\/div>\n<\/td>\n<td colspan=\"1\" rowspan=\"1\" height=\"20\" width=\"837\">\n<div>Encre de soja \u00e9cologique de qualit\u00e9 alimentaire<\/div>\n<\/td>\n<\/tr>\n<tr>\n<td colspan=\"1\" rowspan=\"1\" height=\"20\" width=\"162\">\n<div><span>Capacit\u00e9 :<\/span><\/div>\n<\/td>\n<td colspan=\"1\" rowspan=\"1\" height=\"20\" width=\"837\">\n<div>100g, 200g, 250g, 500g, 1000g\/1kg, 2kg, 5kg,8oz-100oz, sur mesure<\/div>\n<\/td>\n<\/tr>\n<tr>\n<td colspan=\"1\" rowspan=\"1\" height=\"20\" width=\"162\">\n<div><span>Application :<\/span><\/div>\n<\/td>\n<td colspan=\"1\" rowspan=\"1\" height=\"20\" width=\"837\">\n<div>Alimentation \/ Caf\u00e9 \/ Nourriture pour animaux \/ Th\u00e9 \/ Snack \/ Noix \/ Prot\u00e9ines de lactos\u00e9rum \/ Graines, etc.<\/div>\n<\/td>\n<\/tr>\n<tr>\n<td colspan=\"1\" rowspan=\"1\" height=\"20\" width=\"162\">\n<div><span>Options de style :<\/span><\/div>\n<\/td>\n<td colspan=\"1\" rowspan=\"1\" height=\"20\" width=\"837\">\n<div>Fond plat, debout, soufflet lat\u00e9ral, fermeture \u00e0 glissi\u00e8re, avec ou sans fen\u00eatre, trou europ\u00e9en, etc.<\/div>\n<\/td>\n<\/tr>\n<tr>\n<td colspan=\"1\" rowspan=\"1\" height=\"20\" width=\"162\">\n<div><span>Contr\u00f4le de la qualit\u00e9 :<\/span><\/div>\n<\/td>\n<td colspan=\"1\" rowspan=\"1\" height=\"20\" width=\"837\">\n<div data-spm-anchor-id=\"a2700.details.0.i14.1410417dX9YP5T\">Des \u00e9quipements de pointe et une \u00e9quipe de contr\u00f4le qualit\u00e9 exp\u00e9riment\u00e9e v\u00e9rifient rigoureusement les mat\u00e9riaux, les produits semi-finis et les produits finis \u00e0 chaque \u00e9tape avant l'exp\u00e9dition.<\/div>\n<\/td>\n<\/tr>\n<\/tbody>\n<\/table>\n<\/div>\n<p><img decoding=\"async\" src=\"https:\/\/www.cy-package.com\/2833\/2833-202205132011037569.jpg\" title=\"Sac d&#039;emballage pour aliments pour b\u00e9b\u00e9s et enfants en bas \u00e2ge\" alt=\"Sac d&#039;emballage pour aliments pour b\u00e9b\u00e9s et enfants en bas \u00e2ge\" \/><\/p>\n<h2><strong>Flux de travail pour la pr\u00e9production :<\/strong><br \/><\/h2>\n<p>1. Fournissez-nous des informations d\u00e9taill\u00e9es sur la pochette que vous souhaitez fabriquer, telles que l'utilisation, la taille, le dessin, la structure et l'\u00e9paisseur, etc. Si n\u00e9cessaire, nous pouvons \u00e9galement vous faire part de nos bonnes suggestions professionnelles.<\/p>\n<p>2. Nous \u00e9tablirons un devis en cons\u00e9quence apr\u00e8s avoir re\u00e7u toutes les informations concernant la pochette.<\/p>\n<p>3. Une fois le prix confirm\u00e9 par les deux parties, nous commencerons \u00e0 travailler sur le traitement de la maquette (pour information, nous devons transformer la maquette en une version r\u00e9alisable pour l'impression en h\u00e9liogravure).<\/p>\n<p>4. Mise en place de l'\u00e9talon de couleur.<\/p>\n<p>5. Confirmer l'\u0153uvre d'art et signer le contrat.<\/p>\n<p>6. Les acheteurs doivent pr\u00e9payer le cylindre (co\u00fbt d'impression) et 40% le paiement anticip\u00e9 de la commande.<\/p>\n<p>7. Nous commencerons ensuite \u00e0 produire des produits en quantit\u00e9 pour vous.<\/p>\n<p><\/p>\n<p style=\"text-align: center\"><img decoding=\"async\" alt=\"Sac d&#039;emballage pour aliments pour b\u00e9b\u00e9s et enfants en bas \u00e2ge\" src=\"https:\/\/www.cy-package.com\/2833\/2833-202205052254029344.jpg\" title=\"Sac d&#039;emballage pour aliments pour b\u00e9b\u00e9s et enfants en bas \u00e2ge\" \/><\/p>\n<p style=\"text-align: center\"><\/p>\n<p><\/p>\n<p style=\"text-align: center\"><span style=\"font-size: 20px\"><strong>Profil de l'entreprise<\/strong><\/span><\/p>\n<p><strong><span style=\"font-size: 18px\"><\/span><\/strong><\/p>\n<p style=\"text-align: center\"><img decoding=\"async\" alt=\"Sac d&#039;emballage pour aliments pour b\u00e9b\u00e9s et enfants en bas \u00e2ge\" src=\"https:\/\/www.cy-package.com\/2833\/2833-202205062151199013.jpg\" title=\"Sac d&#039;emballage pour aliments pour b\u00e9b\u00e9s et enfants en bas \u00e2ge\" \/><\/p>\n<p style=\"text-align: center\"><\/p>\n<\/div><\/div>\n<\/p><\/div>","protected":false},"excerpt":{"rendered":"<p class=\"wui-p-v-4\">    <span class=\"wui-text-color-accents wui-text-weight-bold\">Marque :<\/span>    <span class=\"wui-text-color-primary\">PACK CY<\/span><\/p>\n<p class=\"wui-p-v-4\">    <span class=\"wui-text-color-accents wui-text-weight-bold\">Origine du produit :<\/span>    <span class=\"wui-text-color-primary\">Chine<\/span><\/p>\n<p class=\"wui-p-v-4\">    <span class=\"wui-text-color-accents wui-text-weight-bold\">D\u00e9lai de livraison :<\/span>    <span class=\"wui-text-color-primary\">D\u00e9lai de livraison de 25 jours<\/span><\/p>\n<p class=\"wui-p-v-4\">1. Forte \u00e9tanch\u00e9it\u00e9, r\u00e9sistance \u00e0 la pression et \u00e0 la chute, absence de rupture, absence de fuite.<br \/>2. Adapt\u00e9s \u00e0 la pasteurisation, les sachets pour autoclave peuvent r\u00e9sister \u00e0 une temp\u00e9rature d'autoclave de 121 \u00b0C.<br \/>3. Sachets r\u00e9utilisables, compatibles avec le lave-vaisselle et le cong\u00e9lateur, respectueux de l'environnement.<br \/>4. Sans BPA, sans PVC, sans phtalates pour les sachets d'aliments pour b\u00e9b\u00e9s.<br \/>5. L'usine d'emballage chinoise CY PACK fournit l'impression de logo disponible, divers couvercles, capuchons et becs verseurs pour votre choix.<br \/>6. Pratique \u00e0 utiliser, \u00e0 stocker et \u00e0 transporter.<br \/>7. R\u00e9duction des co\u00fbts d'emballage et des frais de transport<\/p>","protected":false},"featured_media":374,"comment_status":"open","ping_status":"closed","template":"","meta":{"_seopress_robots_primary_cat":"","_seopress_titles_title":"","_seopress_titles_desc":"","_seopress_robots_index":"","_monsterinsights_skip_tracking":false,"_monsterinsights_sitenote_active":false,"_monsterinsights_sitenote_note":"","_monsterinsights_sitenote_category":0,"_kad_post_transparent":"","_kad_post_title":"","_kad_post_layout":"","_kad_post_sidebar_id":"","_kad_post_content_style":"","_kad_post_vertical_padding":"","_kad_post_feature":"","_kad_post_feature_position":"","_kad_post_header":false,"_kad_post_footer":false},"product_brand":[],"product_cat":[26],"product_tag":[],"class_list":{"0":"post-302","1":"product","2":"type-product","3":"status-publish","4":"has-post-thumbnail","6":"product_cat-spout-pouches","8":"first","9":"instock","10":"shipping-taxable","11":"product-type-simple","12":"entry","13":"content-bg","14":"loop-entry"},"_links":{"self":[{"href":"https:\/\/www.cy-package.com\/fr\/wp-json\/wp\/v2\/product\/302","targetHints":{"allow":["GET"]}}],"collection":[{"href":"https:\/\/www.cy-package.com\/fr\/wp-json\/wp\/v2\/product"}],"about":[{"href":"https:\/\/www.cy-package.com\/fr\/wp-json\/wp\/v2\/types\/product"}],"replies":[{"embeddable":true,"href":"https:\/\/www.cy-package.com\/fr\/wp-json\/wp\/v2\/comments?post=302"}],"version-history":[{"count":0,"href":"https:\/\/www.cy-package.com\/fr\/wp-json\/wp\/v2\/product\/302\/revisions"}],"wp:featuredmedia":[{"embeddable":true,"href":"https:\/\/www.cy-package.com\/fr\/wp-json\/wp\/v2\/media\/374"}],"wp:attachment":[{"href":"https:\/\/www.cy-package.com\/fr\/wp-json\/wp\/v2\/media?parent=302"}],"wp:term":[{"taxonomy":"product_brand","embeddable":true,"href":"https:\/\/www.cy-package.com\/fr\/wp-json\/wp\/v2\/product_brand?post=302"},{"taxonomy":"product_cat","embeddable":true,"href":"https:\/\/www.cy-package.com\/fr\/wp-json\/wp\/v2\/product_cat?post=302"},{"taxonomy":"product_tag","embeddable":true,"href":"https:\/\/www.cy-package.com\/fr\/wp-json\/wp\/v2\/product_tag?post=302"}],"curies":[{"name":"wp","href":"https:\/\/api.w.org\/{rel}","templated":true}]}}