{"id":305,"date":"2024-09-05T10:28:15","date_gmt":"2024-09-05T02:28:15","guid":{"rendered":"https:\/\/www.cy-package.com\/?post_type=product&#038;p=305"},"modified":"2025-11-28T17:23:50","modified_gmt":"2025-11-28T09:23:50","slug":"pochette-pour-becs-verseurs","status":"publish","type":"product","link":"https:\/\/www.cy-package.com\/fr\/produit\/pochette-pour-becs-verseurs\/","title":{"rendered":"Pochette pour becs verseurs"},"content":{"rendered":"<div style=\"text-align: center;\"><span style=\"font-size: 24px;\"><strong><em>Contactez-nous ! Obtenir un \u00e9chantillon gratuit !<\/em><\/strong><\/span><\/div>\n<p><span style=\"font-size: 20px;\"><strong><em>CONSEILS :<\/em><\/strong><\/span><br \/>\n1. support de la personnalisation OEM\/ODM ????<strong>N'h\u00e9sitez pas \u00e0 nous contacter ?<\/strong><br \/>\n2. il existe actuellement des offres sp\u00e9ciales. Vous pouvez les obtenir en <strong>envoyer une demande de renseignements ?<\/strong><br \/>\n3. \u00e9chantillon de soutien, besoin d'un \u00e9chantillon pour <strong>envoyer une demande de renseignements pour nous contacter ?<\/strong><\/p>\n<p>&nbsp;<\/p>\n<p>The reason behind the recognition of these spouted pouches is its user friendly design which is apt for storing liquids, pasty or loose bulk materials. Besides, in comparison to normal PET or glass bottles, spouted pouches\u00a0are easier for transport and perfect for retail shelves.<\/p>\n<p>Les sachets \u00e0 bec sont refermables et sont dot\u00e9s d'un bec \u00e0 souder et d'un bouchon. Ces becs peuvent \u00eatre con\u00e7us pour le contr\u00f4le des d\u00e9versements, la commodit\u00e9 et la s\u00e9curit\u00e9 et conviennent donc pour une gamme de produits liquides tels que les boissons, les sauces ou les produits de nettoyage. La taille et la forme peuvent \u00eatre personnalis\u00e9es en fonction des besoins et des exigences des clients.<\/p>\n<p>&nbsp;<\/p>\n<div>\n<p><span style=\"font-size: 18px;\"><strong>Paramenteurs de produits<\/strong><\/span><\/p>\n<\/div>\n<div>\n<div class=\"nei-table\">\n<table width=\"1000\">\n<tbody>\n<tr class=\"firstRow\">\n<td colspan=\"1\" rowspan=\"1\" width=\"162\" height=\"20\">\n<div style=\"text-align: left;\">Qualit\u00e9 du mat\u00e9riau :<\/div>\n<\/td>\n<td colspan=\"1\" rowspan=\"1\" width=\"837\" height=\"20\">\n<div>Mat\u00e9riau de qualit\u00e9 alimentaire<\/div>\n<\/td>\n<\/tr>\n<tr>\n<td colspan=\"1\" rowspan=\"1\" width=\"162\" height=\"20\">\n<div>Mat\u00e9riau :<\/div>\n<\/td>\n<td colspan=\"1\" rowspan=\"1\" width=\"837\" height=\"20\">\n<div>PET+VMPET+PE, BOPP+papier kraft+VMPET+PE, etc.<\/div>\n<\/td>\n<\/tr>\n<tr>\n<td colspan=\"1\" rowspan=\"1\" width=\"162\" height=\"20\">\n<div>Caract\u00e9ristiques :<\/div>\n<\/td>\n<td colspan=\"1\" rowspan=\"1\" width=\"837\" height=\"20\">\n<div>\n<p>1) Mat\u00e9riau de qualit\u00e9 alimentaire et impression parfaite<\/p>\n<div data-spm-anchor-id=\"a2700.pc-decorate.0.i62.50563333vYoKlh\">2) Pr\u00e9vention des fuites, excellente protection contre l'humidit\u00e9<\/div>\n<div data-spm-anchor-id=\"a2700.pc-decorate.0.i62.50563333vYoKlh\">3) Fond de fermeture solide et fermeture \u00e0 glissi\u00e8re durable<\/div>\n<\/div>\n<\/td>\n<\/tr>\n<tr>\n<td colspan=\"1\" rowspan=\"1\" width=\"162\" height=\"20\">\n<div>Taille et \u00e9paisseur :<\/div>\n<\/td>\n<td colspan=\"1\" rowspan=\"1\" width=\"837\" height=\"20\">\n<div>Sur mesure en fonction de vos besoins<\/div>\n<\/td>\n<\/tr>\n<tr>\n<td colspan=\"1\" rowspan=\"1\" width=\"162\" height=\"20\">\n<div>Type d'encre :<\/div>\n<\/td>\n<td colspan=\"1\" rowspan=\"1\" width=\"837\" height=\"20\">\n<div>Encre de soja \u00e9cologique de qualit\u00e9 alimentaire<\/div>\n<\/td>\n<\/tr>\n<tr>\n<td colspan=\"1\" rowspan=\"1\" width=\"162\" height=\"20\">\n<div>Capacit\u00e9 :<\/div>\n<\/td>\n<td colspan=\"1\" rowspan=\"1\" width=\"837\" height=\"20\">\n<div>100g, 200g, 250g, 500g, 1000g\/1kg, 2kg, 5kg,8oz-100oz, sur mesure<\/div>\n<\/td>\n<\/tr>\n<tr>\n<td colspan=\"1\" rowspan=\"1\" width=\"162\" height=\"20\">\n<div>Application :<\/div>\n<\/td>\n<td colspan=\"1\" rowspan=\"1\" width=\"837\" height=\"20\">\n<div>Alimentation \/ Caf\u00e9 \/ Nourriture pour animaux \/ Th\u00e9 \/ Snack \/ Noix \/ Prot\u00e9ines de lactos\u00e9rum \/ Graines, etc.<\/div>\n<\/td>\n<\/tr>\n<tr>\n<td colspan=\"1\" rowspan=\"1\" width=\"162\" height=\"20\">\n<div>Options de style :<\/div>\n<\/td>\n<td colspan=\"1\" rowspan=\"1\" width=\"837\" height=\"20\">\n<div>Fond plat, debout, soufflet lat\u00e9ral, fermeture \u00e0 glissi\u00e8re, avec ou sans fen\u00eatre, trou europ\u00e9en, etc.<\/div>\n<\/td>\n<\/tr>\n<tr>\n<td colspan=\"1\" rowspan=\"1\" width=\"162\" height=\"20\">\n<div>Contr\u00f4le de la qualit\u00e9 :<\/div>\n<\/td>\n<td colspan=\"1\" rowspan=\"1\" width=\"837\" height=\"20\">\n<div data-spm-anchor-id=\"a2700.details.0.i14.1410417dX9YP5T\">Des \u00e9quipements de pointe et une \u00e9quipe de contr\u00f4le qualit\u00e9 exp\u00e9riment\u00e9e v\u00e9rifient rigoureusement les mat\u00e9riaux, les produits semi-finis et les produits finis \u00e0 chaque \u00e9tape avant l'exp\u00e9dition.<\/div>\n<\/td>\n<\/tr>\n<\/tbody>\n<\/table>\n<\/div>\n<p>&nbsp;<\/p>\n<p>&nbsp;<\/p>\n<h2><strong>Flux de travail pour la pr\u00e9production :<\/strong><\/h2>\n<p>1. Fournissez-nous des informations d\u00e9taill\u00e9es sur la pochette que vous souhaitez fabriquer, telles que l'utilisation, la taille, le dessin, la structure et l'\u00e9paisseur, etc. Si n\u00e9cessaire, nous pouvons \u00e9galement vous faire part de nos bonnes suggestions professionnelles.<\/p>\n<p>2. Nous \u00e9tablirons un devis en cons\u00e9quence apr\u00e8s avoir re\u00e7u toutes les informations concernant la pochette.<\/p>\n<p>3. Une fois le prix confirm\u00e9 par les deux parties, nous commencerons \u00e0 travailler sur le traitement de la maquette (pour information, nous devons transformer la maquette en une version r\u00e9alisable pour l'impression en h\u00e9liogravure).<\/p>\n<p>4. Mise en place de l'\u00e9talon de couleur.<\/p>\n<p>5. Confirmer l'\u0153uvre d'art et signer le contrat.<\/p>\n<p>6. Les acheteurs doivent pr\u00e9payer le cylindre (co\u00fbt d'impression) et 40% le paiement anticip\u00e9 de la commande.<\/p>\n<p>7. Nous commencerons ensuite \u00e0 produire des produits en quantit\u00e9 pour vous.<\/p>\n<p>&nbsp;<\/p>\n<p style=\"text-align: center;\"><img decoding=\"async\" title=\"Pochette pour becs verseurs\" src=\"https:\/\/www.cy-package.com\/2833\/2833-202205052254029344.jpg\" alt=\"Pochette pour becs verseurs\" \/><\/p>\n<p style=\"text-align: center;\"><img decoding=\"async\" title=\"Pochette pour becs verseurs\" src=\"https:\/\/www.cy-package.com\/2833\/2833-202205052254023652.jpg\" alt=\"Pochette pour becs verseurs\" \/><\/p>\n<p>&nbsp;<\/p>\n<p style=\"text-align: center;\"><span style=\"font-size: 20px;\"><strong>Profil de l'entreprise<\/strong><\/span><\/p>\n<p>&nbsp;<\/p>\n<p style=\"text-align: center;\"><img decoding=\"async\" title=\"Pochette pour becs verseurs\" src=\"https:\/\/www.cy-package.com\/2833\/2833-202205062151199013.jpg\" alt=\"Pochette pour becs verseurs\" \/><\/p>\n<p style=\"text-align: center;\"><span style=\"font-size: 24px;\"><strong>AVANTAGE DE LA PRODUCTION EN USINE\u00a0<\/strong><\/span><\/p>\n<p style=\"text-align: center;\"><span style=\"font-size: 20px;\"><strong>Il existe 5 lignes de production automatiques \u00e0 grande vitesse<\/strong><\/span><\/p>\n<p>&nbsp;<\/p>\n<p style=\"text-align: center;\"><span style=\"font-size: 18px;\"><strong>&#8212;&#8212;&#8212;&#8212;&#8212;&#8212;&#8212;&#8212;&#8212;&#8212;&#8212;&#8212;&#8212;&#8212;&#8212;&#8212;&#8212;&#8212;&#8212;&#8212;&#8212;&#8212;&#8212;&#8212;&#8212;&#8212;&#8212;&#8212;&#8212;&#8212;&#8212;-<\/strong><\/span><\/p>\n<p style=\"text-align: center;\"><span style=\"font-size: 14px;\">La base de production couvre une superficie de plus de 15 000 m\u00e8tres carr\u00e9s \u00e0 l'heure actuelle et compte 5 installations automatiques.<\/span><\/p>\n<p style=\"text-align: center; margin-bottom: 20px;\"><span style=\"font-size: 14px;\">lignes de production \u00e0 grande vitesse, et la capacit\u00e9 de production annuelle peut atteindre 20 000 tonnes.\u00a0<\/span><\/p>\n<p style=\"text-align: center;\"><img decoding=\"async\" title=\"Pochette pour becs verseurs\" src=\"https:\/\/www.cy-package.com\/2833\/2833-202205062151194054.jpg\" alt=\"Pochette pour becs verseurs\" \/><\/p>\n<p style=\"text-align: center; margin-top: 15px;\"><span style=\"font-size: 14px;\">Notre entreprise compte des dizaines de professionnels de la production, capables de travailler 24 heures sur 24 sans interruption.<\/span><\/p>\n<p style=\"text-align: center; margin-bottom: 20px;\"><span style=\"font-size: 14px;\">Elle suit strictement le processus de gestion IQC-IPQC-OQC et dispose d'une capacit\u00e9 de production \u00e9lev\u00e9e.\u00a0<\/span><\/p>\n<p style=\"text-align: center;\"><img decoding=\"async\" title=\"Pochette pour becs verseurs\" src=\"https:\/\/www.cy-package.com\/2833\/2833-202205062151191245.jpg\" alt=\"Pochette pour becs verseurs\" \/><\/p>\n<p style=\"text-align: center; margin-bottom: 5px; margin-top: 15px;\"><span style=\"font-size: 14px;\">Les ateliers sont con\u00e7us et construits conform\u00e9ment aux bonnes pratiques de fabrication (GMP) de la classe 300 000 afin de r\u00e9pondre aux exigences \u00e9lev\u00e9es en mati\u00e8re d'hygi\u00e8ne.<\/span><\/p>\n<p style=\"text-align: center; margin-bottom: 20px;\"><span style=\"font-size: 14px;\">des aliments pour b\u00e9b\u00e9s, des produits laitiers et des produits \u00e0 base de viande, tant \u00e0 l'int\u00e9rieur qu'\u00e0 l'ext\u00e9rieur du pays.<\/span><\/p>\n<p style=\"text-align: center;\"><img decoding=\"async\" title=\"Pochette pour becs verseurs\" src=\"https:\/\/www.cy-package.com\/2833\/2833-202205062151206738.jpg\" alt=\"Pochette pour becs verseurs\" \/><\/p>\n<p style=\"text-align: center;\"><img decoding=\"async\" title=\"Pochette pour becs verseurs\" src=\"https:\/\/www.cy-package.com\/2833\/2833-202205062159502291.jpg\" alt=\"Pochette pour becs verseurs\" \/><\/p>\n<p style=\"text-align: center;\"><img decoding=\"async\" title=\"Pochette pour becs verseurs\" src=\"https:\/\/www.cy-package.com\/2833\/2833-202205062158232361.jpg\" alt=\"Pochette pour becs verseurs\" \/><\/p>\n<p>&nbsp;<\/p>\n<p><span style=\"font-size: 18px;\"><strong>FAQ<\/strong><\/span><\/p>\n<p><strong><span data-spm-anchor-id=\"a2700.details.0.i17.649a7657Tu7jaw\">Q:\u00cates-vous une usine ou une soci\u00e9t\u00e9 commerciale ?<\/span><\/strong><br \/>\nR : Nous sommes une usine dot\u00e9e d'\u00e9quipements de pointe et d'\u00e9quipes de conception professionnelles, qui peut vous offrir le meilleur choix en termes de conception et de capacit\u00e9.<\/p>\n<p><strong>Q:Quelle est la quantit\u00e9 minimale de commande de votre produit ?<\/strong><br \/>\nR:En g\u00e9n\u00e9ral, le MOQ pour les sachets est de 10 000 pi\u00e8ces. Nous acceptons \u00e9galement les commandes d'essai d'\u00e9chantillons pour les petits MOQ, veuillez nous contacter pour en discuter plus avant.<\/p>\n<p><strong>Q:Quel est le d\u00e9lai de livraison apr\u00e8s la commande ?<\/strong><br \/>\nR : En g\u00e9n\u00e9ral, le d\u00e9lai de livraison est de 15 \u00e0 20 jours pour les nouvelles commandes et de 10 \u00e0 12 jours pour les commandes r\u00e9p\u00e9t\u00e9es \u00e0 partir de la date de confirmation.<\/p>\n<p><strong>Q:Quelle est votre gamme de produits ?<\/strong><br \/>\nR:Notre usine peut produire la plupart des types d'emballages flexibles, y compris les sacs \u00e0 caf\u00e9, les sacs pour aliments pour animaux, les sacs pour aliments, les sacs pour liquides, les sachets \u00e0 fond plat et les sachets \u00e0 fond plat.<br \/>\nsac, sac \u00e0 fermeture \u00e9clair, sac \u00e0 bec, sac \u00e0 dos, film lamin\u00e9 pour le chocolat ou les bonbons, etc.<\/p>\n<p><strong>Q:Quelles sont les informations n\u00e9cessaires pour obtenir un devis pour un produit ?<\/strong><br \/>\nR : Contactez-nous pour nous indiquer la taille et les exigences particuli\u00e8res que vous souhaitez. Nous pouvons tous les personnaliser et nous avons de nombreux exemples pour votre r\u00e9f\u00e9rence.<\/p>\n<p><strong>Q:Des \u00e9chantillons peuvent-ils \u00eatre fournis ?<\/strong><br \/>\nPour les \u00e9chantillons personnalis\u00e9s, le co\u00fbt r\u00e9el de l'\u00e9chantillon et le co\u00fbt du cylindre d'impression seront factur\u00e9s, et le co\u00fbt du cylindre ne sera pas n\u00e9cessaire pour les commandes en gros.<\/p>\n<\/div>","protected":false},"excerpt":{"rendered":"<p class=\"wui-p-v-4\"><span class=\"wui-text-color-accents wui-text-weight-bold\">Marque :<\/span> <span class=\"wui-text-color-primary\">PACK CY<\/span><\/p>\n<p class=\"wui-p-v-4\"><span class=\"wui-text-color-accents wui-text-weight-bold\">Origine du produit :<\/span> <span class=\"wui-text-color-primary\">Chine<\/span><\/p>\n<p class=\"wui-p-v-4\"><span class=\"wui-text-color-accents wui-text-weight-bold\">D\u00e9lai de livraison :<\/span> <span class=\"wui-text-color-primary\">D\u00e9lai de livraison de 25 jours<\/span><\/p>\n<p class=\"wui-p-v-4\">Les sachets \u00e0 bec sont refermables et sont dot\u00e9s d'un bec \u00e0 souder et d'un bouchon. Ces becs peuvent \u00eatre con\u00e7us pour le contr\u00f4le des d\u00e9versements, la commodit\u00e9 et la s\u00e9curit\u00e9 et conviennent donc pour une gamme de produits liquides tels que les boissons, les sauces ou les produits de nettoyage. La taille et la forme peuvent \u00eatre personnalis\u00e9es en fonction des besoins et des exigences des clients.<\/p>","protected":false},"featured_media":388,"comment_status":"open","ping_status":"closed","template":"","meta":{"_seopress_robots_primary_cat":"none","_seopress_titles_title":"Stand Up Spout Pouch","_seopress_titles_desc":"Leading flexible packaging manufacturer offering custom printed  stand up spout pouches, films & laminates. Enhance your product shelf appeal\u2014request a quote today!","_seopress_robots_index":"","_monsterinsights_skip_tracking":false,"_monsterinsights_sitenote_active":false,"_monsterinsights_sitenote_note":"","_monsterinsights_sitenote_category":0,"_kad_post_transparent":"default","_kad_post_title":"","_kad_post_layout":"default","_kad_post_sidebar_id":"","_kad_post_content_style":"default","_kad_post_vertical_padding":"default","_kad_post_feature":"","_kad_post_feature_position":"","_kad_post_header":false,"_kad_post_footer":false},"product_brand":[],"product_cat":[26],"product_tag":[],"class_list":{"0":"post-305","1":"product","2":"type-product","3":"status-publish","4":"has-post-thumbnail","6":"product_cat-spout-pouches","8":"first","9":"instock","10":"shipping-taxable","11":"product-type-simple","12":"entry","13":"content-bg","14":"loop-entry"},"_links":{"self":[{"href":"https:\/\/www.cy-package.com\/fr\/wp-json\/wp\/v2\/product\/305","targetHints":{"allow":["GET"]}}],"collection":[{"href":"https:\/\/www.cy-package.com\/fr\/wp-json\/wp\/v2\/product"}],"about":[{"href":"https:\/\/www.cy-package.com\/fr\/wp-json\/wp\/v2\/types\/product"}],"replies":[{"embeddable":true,"href":"https:\/\/www.cy-package.com\/fr\/wp-json\/wp\/v2\/comments?post=305"}],"version-history":[{"count":1,"href":"https:\/\/www.cy-package.com\/fr\/wp-json\/wp\/v2\/product\/305\/revisions"}],"predecessor-version":[{"id":2234,"href":"https:\/\/www.cy-package.com\/fr\/wp-json\/wp\/v2\/product\/305\/revisions\/2234"}],"wp:featuredmedia":[{"embeddable":true,"href":"https:\/\/www.cy-package.com\/fr\/wp-json\/wp\/v2\/media\/388"}],"wp:attachment":[{"href":"https:\/\/www.cy-package.com\/fr\/wp-json\/wp\/v2\/media?parent=305"}],"wp:term":[{"taxonomy":"product_brand","embeddable":true,"href":"https:\/\/www.cy-package.com\/fr\/wp-json\/wp\/v2\/product_brand?post=305"},{"taxonomy":"product_cat","embeddable":true,"href":"https:\/\/www.cy-package.com\/fr\/wp-json\/wp\/v2\/product_cat?post=305"},{"taxonomy":"product_tag","embeddable":true,"href":"https:\/\/www.cy-package.com\/fr\/wp-json\/wp\/v2\/product_tag?post=305"}],"curies":[{"name":"wp","href":"https:\/\/api.w.org\/{rel}","templated":true}]}}