{"id":307,"date":"2024-09-05T10:28:16","date_gmt":"2024-09-05T02:28:16","guid":{"rendered":"https:\/\/www.cy-package.com\/?post_type=product&#038;p=307"},"modified":"2024-09-19T10:20:39","modified_gmt":"2024-09-19T02:20:39","slug":"pochette-demballage-alimentaire-recyclable-avec-fermeture-a-glissiere","status":"publish","type":"product","link":"https:\/\/www.cy-package.com\/fr\/produit\/pochette-demballage-alimentaire-recyclable-avec-fermeture-a-glissiere\/","title":{"rendered":"Pochette d'emballage alimentaire recyclable avec fermeture \u00e0 glissi\u00e8re"},"content":{"rendered":"<p>&nbsp;<\/p>\n<p>&nbsp;<\/p>\n<p>Les consommateurs, les hommes politiques et les m\u00e9dias accordant de plus en plus d'attention \u00e0 la question des d\u00e9chets plastiques, l'industrie alimentaire et l'industrie non alimentaire sont en train de changer leur fa\u00e7on de travailler. Tout au long de la cha\u00eene de valeur, les acteurs pensent \u00e0 r\u00e9duire les d\u00e9chets dans les d\u00e9charges, et les mat\u00e9riaux stratifi\u00e9s recyclables sont d\u00e9sormais le meilleur choix. Cette pochette \u00e9cologique peut non seulement \u00eatre recycl\u00e9e dans les syst\u00e8mes de recyclage existants, mais elle prolonge \u00e9galement la dur\u00e9e de conservation de votre produit.<\/p>\n<p>&nbsp;<\/p>\n<div>\n<p><span style=\"font-size: 18px;\"><strong>Paramenteurs de produits<\/strong><\/span><\/p>\n<\/div>\n<div>\n<div class=\"nei-table\">\n<table width=\"1000\">\n<tbody>\n<tr class=\"firstRow\">\n<td colspan=\"1\" rowspan=\"1\" width=\"162\" height=\"20\">\n<div style=\"text-align: left;\">Qualit\u00e9 du mat\u00e9riau :<\/div>\n<\/td>\n<td colspan=\"1\" rowspan=\"1\" width=\"837\" height=\"20\">\n<div>Mat\u00e9riau de qualit\u00e9 alimentaire<\/div>\n<\/td>\n<\/tr>\n<tr>\n<td colspan=\"1\" rowspan=\"1\" width=\"162\" height=\"20\">\n<div>Mat\u00e9riau :<\/div>\n<\/td>\n<td colspan=\"1\" rowspan=\"1\" width=\"837\" height=\"20\">\n<div>PE\/Papier Kraft\/PBAT\/PLA<\/div>\n<\/td>\n<\/tr>\n<tr>\n<td colspan=\"1\" rowspan=\"1\" width=\"162\" height=\"20\">\n<div>Caract\u00e9ristiques :<\/div>\n<\/td>\n<td colspan=\"1\" rowspan=\"1\" width=\"837\" height=\"20\">\n<div>\n<p>1) Mat\u00e9riau de qualit\u00e9 alimentaire et impression parfaite<\/p>\n<div data-spm-anchor-id=\"a2700.pc-decorate.0.i62.50563333vYoKlh\">2) Pr\u00e9vention des fuites, excellente protection contre l'humidit\u00e9<\/div>\n<p>3) Fond de fermeture solide et fermeture \u00e0 glissi\u00e8re durable<\/p>\n<p>4).Finitions mates traditionnelles, mates douces au toucher, brillantes et m\u00e9tallis\u00e9es, marquage \u00e0 chaud<\/p>\n<\/div>\n<\/td>\n<\/tr>\n<tr>\n<td colspan=\"1\" rowspan=\"1\" width=\"162\" height=\"20\">\n<div>Taille et \u00e9paisseur :<\/div>\n<\/td>\n<td colspan=\"1\" rowspan=\"1\" width=\"837\" height=\"20\">\n<div>Sur mesure en fonction de vos besoins<\/div>\n<\/td>\n<\/tr>\n<tr>\n<td colspan=\"1\" rowspan=\"1\" width=\"162\" height=\"20\">\n<div>Type d'encre :<\/div>\n<\/td>\n<td colspan=\"1\" rowspan=\"1\" width=\"837\" height=\"20\">\n<div>Encre de soja \u00e9cologique de qualit\u00e9 alimentaire<\/div>\n<\/td>\n<\/tr>\n<tr>\n<td colspan=\"1\" rowspan=\"1\" width=\"162\" height=\"20\">\n<div>Capacit\u00e9 :<\/div>\n<\/td>\n<td colspan=\"1\" rowspan=\"1\" width=\"837\" height=\"20\">\n<div>100g, 200g, 250g, 500g, 1000g\/1kg, 2kg, 5kg,8oz-100oz, sur mesure<\/div>\n<\/td>\n<\/tr>\n<tr>\n<td colspan=\"1\" rowspan=\"1\" width=\"162\" height=\"20\">\n<div>Application :<\/div>\n<\/td>\n<td colspan=\"1\" rowspan=\"1\" width=\"837\" height=\"20\">\n<div>Alimentation \/ Caf\u00e9 \/ Nourriture pour animaux \/ Th\u00e9 \/ Snack \/ Noix \/ Prot\u00e9ines de lactos\u00e9rum \/ Graines, etc.<\/div>\n<\/td>\n<\/tr>\n<tr>\n<td colspan=\"1\" rowspan=\"1\" width=\"162\" height=\"20\">\n<div>Options de style :<\/div>\n<\/td>\n<td colspan=\"1\" rowspan=\"1\" width=\"837\" height=\"20\">\n<div>Fond plat, debout, soufflet lat\u00e9ral, fermeture \u00e0 glissi\u00e8re, avec ou sans fen\u00eatre, trou europ\u00e9en, etc.<\/div>\n<\/td>\n<\/tr>\n<tr>\n<td colspan=\"1\" rowspan=\"1\" width=\"162\" height=\"20\">\n<div>Contr\u00f4le de la qualit\u00e9 :<\/div>\n<\/td>\n<td colspan=\"1\" rowspan=\"1\" width=\"837\" height=\"20\">\n<div data-spm-anchor-id=\"a2700.details.0.i14.1410417dX9YP5T\">Des \u00e9quipements de pointe et une \u00e9quipe de contr\u00f4le qualit\u00e9 exp\u00e9riment\u00e9e v\u00e9rifient rigoureusement les mat\u00e9riaux, les produits semi-finis et les produits finis \u00e0 chaque \u00e9tape avant l'exp\u00e9dition.<\/div>\n<\/td>\n<\/tr>\n<\/tbody>\n<\/table>\n<\/div>\n<p>&nbsp;<\/p>\n<p>CY PACK est \u00e9galement un fabricant avec 19 ans d&#039;exp\u00e9rience dans l&#039;impression. Nous nous concentrons sur la fourniture de sacs d&#039;emballage flexibles pour l&#039;industrie alimentaire. Emballages personnalis\u00e9s et imprim\u00e9s de sachets debout pour les collations, les grains de caf\u00e9, les aliments pour animaux, etc.<\/p>\n<p>&nbsp;<\/p>\n<p>Les producteurs internationaux \u00e9tant de plus en plus conscients de la protection de l&#039;environnement, les ventes de sacs d&#039;emballage souples durables de CY PACK, tels que les sacs debout recyclables et les sacs debout d\u00e9gradables, ont augment\u00e9 d&#039;ann\u00e9e en ann\u00e9e.<\/p>\n<p><img decoding=\"async\" title=\"Pochette d&#039;emballage alimentaire recyclable avec fermeture \u00e0 glissi\u00e8re\" src=\"https:\/\/www.cy-package.com\/2833\/2833-202406031717389144.jpg\" alt=\"Pochette d&#039;emballage alimentaire recyclable avec fermeture \u00e0 glissi\u00e8re\" \/><\/p>\n<p>&nbsp;<\/p>\n<p style=\"text-align: center;\">\n<\/div>","protected":false},"excerpt":{"rendered":"<p class=\"wui-p-v-4\"><span class=\"wui-text-color-accents wui-text-weight-bold\">Marque :<\/span> <span class=\"wui-text-color-primary\">PACK CY<\/span><\/p>\n<p class=\"wui-p-v-4\"><span class=\"wui-text-color-accents wui-text-weight-bold\">Origine du produit :<\/span> <span class=\"wui-text-color-primary\">Chine<\/span><\/p>\n<p class=\"wui-p-v-4\"><span class=\"wui-text-color-accents wui-text-weight-bold\">D\u00e9lai de livraison :<\/span> <span class=\"wui-text-color-primary\">D\u00e9lai de livraison de 25 jours<\/span><\/p>\n<p class=\"wui-p-v-4\"><span class=\"wui-text-color-accents wui-text-weight-bold\">Capacit\u00e9 d'approvisionnement :<\/span> <span class=\"wui-text-color-primary\">1200 tonnes\/mois<\/span><\/p>\n<p class=\"wui-p-v-4\">Les mat\u00e9riaux d'emballage \u00e9cologiques r\u00e9duisent dans une large mesure la pollution plastique et contribuent \u00e0 la protection de l'environnement dans le monde.<br \/>\nAfin de vous fournir un emballage fiable et \u00e9cologique pour vos produits alimentaires, nous pouvons produire des sachets simples et l\u00e9gers de qualit\u00e9 \u00e9lev\u00e9e et stable.<br \/>\nDe plus, le volume d&#039;une pochette \u00e0 collation debout est beaucoup plus petit que celui des canettes\/contenants en aluminium traditionnels, il repr\u00e9sente presque 1\/10 du premier, sans parler de la comparaison de poids entre les deux.<\/p>","protected":false},"featured_media":394,"comment_status":"open","ping_status":"closed","template":"","meta":{"_seopress_robots_primary_cat":"none","_seopress_titles_title":"Supply Recyclable Stand Up Food Packaging Pouch wholesale","_seopress_titles_desc":"Recyclable Stand Up Zipper Food Packaging Pouch Manufacturers and Factory. We accept OEM custom products all made in China.","_seopress_robots_index":"","_monsterinsights_skip_tracking":false,"_monsterinsights_sitenote_active":false,"_monsterinsights_sitenote_note":"","_monsterinsights_sitenote_category":0,"_kad_post_transparent":"default","_kad_post_title":"","_kad_post_layout":"default","_kad_post_sidebar_id":"","_kad_post_content_style":"default","_kad_post_vertical_padding":"default","_kad_post_feature":"","_kad_post_feature_position":"","_kad_post_header":false,"_kad_post_footer":false},"product_brand":[],"product_cat":[27],"product_tag":[],"class_list":{"0":"post-307","1":"product","2":"type-product","3":"status-publish","4":"has-post-thumbnail","6":"product_cat-recyclable-packaging-bags","8":"first","9":"instock","10":"shipping-taxable","11":"product-type-simple","12":"entry","13":"content-bg","14":"loop-entry"},"_links":{"self":[{"href":"https:\/\/www.cy-package.com\/fr\/wp-json\/wp\/v2\/product\/307","targetHints":{"allow":["GET"]}}],"collection":[{"href":"https:\/\/www.cy-package.com\/fr\/wp-json\/wp\/v2\/product"}],"about":[{"href":"https:\/\/www.cy-package.com\/fr\/wp-json\/wp\/v2\/types\/product"}],"replies":[{"embeddable":true,"href":"https:\/\/www.cy-package.com\/fr\/wp-json\/wp\/v2\/comments?post=307"}],"version-history":[{"count":1,"href":"https:\/\/www.cy-package.com\/fr\/wp-json\/wp\/v2\/product\/307\/revisions"}],"predecessor-version":[{"id":982,"href":"https:\/\/www.cy-package.com\/fr\/wp-json\/wp\/v2\/product\/307\/revisions\/982"}],"wp:featuredmedia":[{"embeddable":true,"href":"https:\/\/www.cy-package.com\/fr\/wp-json\/wp\/v2\/media\/394"}],"wp:attachment":[{"href":"https:\/\/www.cy-package.com\/fr\/wp-json\/wp\/v2\/media?parent=307"}],"wp:term":[{"taxonomy":"product_brand","embeddable":true,"href":"https:\/\/www.cy-package.com\/fr\/wp-json\/wp\/v2\/product_brand?post=307"},{"taxonomy":"product_cat","embeddable":true,"href":"https:\/\/www.cy-package.com\/fr\/wp-json\/wp\/v2\/product_cat?post=307"},{"taxonomy":"product_tag","embeddable":true,"href":"https:\/\/www.cy-package.com\/fr\/wp-json\/wp\/v2\/product_tag?post=307"}],"curies":[{"name":"wp","href":"https:\/\/api.w.org\/{rel}","templated":true}]}}