{"id":309,"date":"2024-09-05T10:28:16","date_gmt":"2024-09-05T02:28:16","guid":{"rendered":"https:\/\/www.cy-package.com\/?post_type=product&#038;p=309"},"modified":"2024-09-14T20:29:02","modified_gmt":"2024-09-14T12:29:02","slug":"sac-demballage-a-fond-plat-pour-cafe-recyclable","status":"publish","type":"product","link":"https:\/\/www.cy-package.com\/fr\/produit\/sac-demballage-a-fond-plat-pour-cafe-recyclable\/","title":{"rendered":"Sac d'emballage \u00e0 fond plat recyclable pour le caf\u00e9"},"content":{"rendered":"<p><\/p>\n<div style=\"text-align: center\"><span style=\"font-size: 24px\"><strong><span><em>Contactez-nous ! Obtenir un \u00e9chantillon gratuit !<\/em><\/span><\/strong><\/span><\/div>\n<p><span style=\"font-size: 20px\"><strong><em>CONSEILS :<\/em><\/strong><\/span><br \/><span>1. support de la personnalisation OEM\/ODM ????<strong><span>N'h\u00e9sitez pas \u00e0 nous contacter ?<\/span><\/strong><br \/>2. il existe actuellement des offres sp\u00e9ciales. Vous pouvez les obtenir en <strong><span>envoyer une demande de renseignements ?<\/span><\/strong><br \/>3. \u00e9chantillon de soutien, besoin d'un \u00e9chantillon pour <strong><span>envoyer une demande de renseignements pour nous contacter ?<\/span><\/strong><\/span><\/p>\n<p><span><span><span><br \/><\/span><\/span><\/span><\/p>\n<p><span>Les consommateurs, les politiciens et les m\u00e9dias accordant de plus en plus d&#039;attention \u00e0 la question des d\u00e9chets plastiques, l&#039;industrie alimentaire et non alimentaire modifie sa fa\u00e7on de faire des affaires. Les acteurs tout au long de la cha\u00eene de valeur pensent \u00e0 r\u00e9duire les d\u00e9chets mis en d\u00e9charge. Les mat\u00e9riaux stratifi\u00e9s recyclables seront d\u00e9sormais le meilleur choix. Cette pochette PE\/PE respectueuse de l&#039;environnement peut non seulement \u00eatre recycl\u00e9e dans les syst\u00e8mes de recyclage existants, mais elle prolongera \u00e9galement la dur\u00e9e de conservation de votre produit.<\/span><\/p>\n<p><\/p>\n<div>\n<p><span style=\"font-size: 18px\"><strong>Paramenteurs de produits<\/strong><\/span><\/p>\n<\/div>\n<div>\n<div class=\"nei-table\">\n<table width=\"1000\">\n<tbody>\n<tr class=\"firstRow\">\n<td colspan=\"1\" rowspan=\"1\" height=\"20\" width=\"162\">\n<div style=\"text-align: left\"><span>Qualit\u00e9 du mat\u00e9riau :<\/span><\/div>\n<\/td>\n<td colspan=\"1\" rowspan=\"1\" height=\"20\" width=\"837\">\n<div>Mat\u00e9riau de qualit\u00e9 alimentaire<\/div>\n<\/td>\n<\/tr>\n<tr>\n<td colspan=\"1\" rowspan=\"1\" height=\"20\" width=\"162\">\n<div><span>Mat\u00e9riau :<\/span><\/div>\n<\/td>\n<td colspan=\"1\" rowspan=\"1\" height=\"20\" width=\"837\">\n<div>PET+VMPET+PE, BOPP+papier kraft+VMPET+PE, etc.<\/div>\n<\/td>\n<\/tr>\n<tr>\n<td colspan=\"1\" rowspan=\"1\" height=\"20\" width=\"162\">\n<div><span>Caract\u00e9ristiques :<\/span><\/div>\n<\/td>\n<td colspan=\"1\" rowspan=\"1\" height=\"20\" width=\"837\">\n<div>1) Mat\u00e9riau de qualit\u00e9 alimentaire et impression parfaite<\/p>\n<div data-spm-anchor-id=\"a2700.pc-decorate.0.i62.50563333vYoKlh\">2) Pr\u00e9vention des fuites, excellente protection contre l'humidit\u00e9<\/div>\n<div data-spm-anchor-id=\"a2700.pc-decorate.0.i62.50563333vYoKlh\">3) Fond de fermeture solide et fermeture \u00e0 glissi\u00e8re durable<\/div>\n<\/div>\n<\/td>\n<\/tr>\n<tr>\n<td colspan=\"1\" rowspan=\"1\" height=\"20\" width=\"162\">\n<div><span>Taille et \u00e9paisseur :<\/span><\/div>\n<\/td>\n<td colspan=\"1\" rowspan=\"1\" height=\"20\" width=\"837\">\n<div>Sur mesure en fonction de vos besoins<\/div>\n<\/td>\n<\/tr>\n<tr>\n<td colspan=\"1\" rowspan=\"1\" height=\"20\" width=\"162\">\n<div><span>Type d'encre :<\/span><\/div>\n<\/td>\n<td colspan=\"1\" rowspan=\"1\" height=\"20\" width=\"837\">\n<div>Encre de soja \u00e9cologique de qualit\u00e9 alimentaire<\/div>\n<\/td>\n<\/tr>\n<tr>\n<td colspan=\"1\" rowspan=\"1\" height=\"20\" width=\"162\">\n<div><span>Capacit\u00e9 :<\/span><\/div>\n<\/td>\n<td colspan=\"1\" rowspan=\"1\" height=\"20\" width=\"837\">\n<div>100g, 200g, 250g, 500g, 1000g\/1kg, 2kg, 5kg,8oz-100oz, sur mesure<\/div>\n<\/td>\n<\/tr>\n<tr>\n<td colspan=\"1\" rowspan=\"1\" height=\"20\" width=\"162\">\n<div><span>Application :<\/span><\/div>\n<\/td>\n<td colspan=\"1\" rowspan=\"1\" height=\"20\" width=\"837\">\n<div>Alimentation \/ Caf\u00e9 \/ Nourriture pour animaux \/ Th\u00e9 \/ Snack \/ Noix \/ Prot\u00e9ines de lactos\u00e9rum \/ Graines, etc.<\/div>\n<\/td>\n<\/tr>\n<tr>\n<td colspan=\"1\" rowspan=\"1\" height=\"20\" width=\"162\">\n<div><span>Options de style :<\/span><\/div>\n<\/td>\n<td colspan=\"1\" rowspan=\"1\" height=\"20\" width=\"837\">\n<div>Fond plat, debout, soufflet lat\u00e9ral, fermeture \u00e0 glissi\u00e8re, avec ou sans fen\u00eatre, trou europ\u00e9en, etc.<\/div>\n<\/td>\n<\/tr>\n<tr>\n<td colspan=\"1\" rowspan=\"1\" height=\"20\" width=\"162\">\n<div><span>Contr\u00f4le de la qualit\u00e9 :<\/span><\/div>\n<\/td>\n<td colspan=\"1\" rowspan=\"1\" height=\"20\" width=\"837\">\n<div data-spm-anchor-id=\"a2700.details.0.i14.1410417dX9YP5T\">Des \u00e9quipements de pointe et une \u00e9quipe de contr\u00f4le qualit\u00e9 exp\u00e9riment\u00e9e v\u00e9rifient rigoureusement les mat\u00e9riaux, les produits semi-finis et les produits finis \u00e0 chaque \u00e9tape avant l'exp\u00e9dition.<\/div>\n<\/td>\n<\/tr>\n<\/tbody>\n<\/table>\n<\/div>\n<p><\/p>\n<p><\/p>\n<p><\/p>\n<p style=\"text-align: center\"><\/p>\n<p style=\"text-align: center\"><\/p>\n<p style=\"text-align: center\"><\/p>\n<\/div><\/div>\n<\/p><\/div>","protected":false},"excerpt":{"rendered":"<p class=\"wui-p-v-4\">    <span class=\"wui-text-color-accents wui-text-weight-bold\">Marque :<\/span>    <span class=\"wui-text-color-primary\">PACK CY<\/span><\/p>\n<p class=\"wui-p-v-4\">    <span class=\"wui-text-color-accents wui-text-weight-bold\">Origine du produit :<\/span>    <span class=\"wui-text-color-primary\">Chine<\/span><\/p>\n<p class=\"wui-p-v-4\">    <span class=\"wui-text-color-accents wui-text-weight-bold\">D\u00e9lai de livraison :<\/span>    <span class=\"wui-text-color-primary\">D\u00e9lai de livraison de 25 jours<\/span><\/p>\n<p class=\"wui-p-v-4\">    <span class=\"wui-text-color-accents wui-text-weight-bold\">Capacit\u00e9 d'approvisionnement :<\/span>    <span class=\"wui-text-color-primary\">1200 tonnes\/mois<\/span><\/p>\n<p class=\"wui-p-v-4\">Fonctionnalit\u00e9 :<br \/>1) Mat\u00e9riau recyclable PE-PE avec EVOH pour une excellente performance de barri\u00e8re<br \/>2) Le sac \u00e0 fond plat offre une surface d'impression de 360 degr\u00e9s.<br \/>3) Brillant et mat m\u00e9lang\u00e9s pour mettre en valeur votre logo<br \/>4) La sensation de toucher rugueux vous surprendra.<br \/>5) Avec marquage au laser, encoche de d\u00e9chirement, fermeture \u00e0 glissi\u00e8re, soupape de d\u00e9gazage<\/p>","protected":false},"featured_media":402,"comment_status":"open","ping_status":"closed","template":"","meta":{"_seopress_robots_primary_cat":"","_seopress_titles_title":"","_seopress_titles_desc":"","_seopress_robots_index":"","_monsterinsights_skip_tracking":false,"_monsterinsights_sitenote_active":false,"_monsterinsights_sitenote_note":"","_monsterinsights_sitenote_category":0,"_kad_post_transparent":"","_kad_post_title":"","_kad_post_layout":"","_kad_post_sidebar_id":"","_kad_post_content_style":"","_kad_post_vertical_padding":"","_kad_post_feature":"","_kad_post_feature_position":"","_kad_post_header":false,"_kad_post_footer":false},"product_brand":[],"product_cat":[27],"product_tag":[],"class_list":{"0":"post-309","1":"product","2":"type-product","3":"status-publish","4":"has-post-thumbnail","6":"product_cat-recyclable-packaging-bags","8":"first","9":"instock","10":"shipping-taxable","11":"product-type-simple","12":"entry","13":"content-bg","14":"loop-entry"},"_links":{"self":[{"href":"https:\/\/www.cy-package.com\/fr\/wp-json\/wp\/v2\/product\/309","targetHints":{"allow":["GET"]}}],"collection":[{"href":"https:\/\/www.cy-package.com\/fr\/wp-json\/wp\/v2\/product"}],"about":[{"href":"https:\/\/www.cy-package.com\/fr\/wp-json\/wp\/v2\/types\/product"}],"replies":[{"embeddable":true,"href":"https:\/\/www.cy-package.com\/fr\/wp-json\/wp\/v2\/comments?post=309"}],"version-history":[{"count":0,"href":"https:\/\/www.cy-package.com\/fr\/wp-json\/wp\/v2\/product\/309\/revisions"}],"wp:featuredmedia":[{"embeddable":true,"href":"https:\/\/www.cy-package.com\/fr\/wp-json\/wp\/v2\/media\/402"}],"wp:attachment":[{"href":"https:\/\/www.cy-package.com\/fr\/wp-json\/wp\/v2\/media?parent=309"}],"wp:term":[{"taxonomy":"product_brand","embeddable":true,"href":"https:\/\/www.cy-package.com\/fr\/wp-json\/wp\/v2\/product_brand?post=309"},{"taxonomy":"product_cat","embeddable":true,"href":"https:\/\/www.cy-package.com\/fr\/wp-json\/wp\/v2\/product_cat?post=309"},{"taxonomy":"product_tag","embeddable":true,"href":"https:\/\/www.cy-package.com\/fr\/wp-json\/wp\/v2\/product_tag?post=309"}],"curies":[{"name":"wp","href":"https:\/\/api.w.org\/{rel}","templated":true}]}}