{"id":311,"date":"2024-09-05T10:28:16","date_gmt":"2024-09-05T02:28:16","guid":{"rendered":"https:\/\/www.cy-package.com\/?post_type=product&#038;p=311"},"modified":"2024-09-14T20:29:03","modified_gmt":"2024-09-14T12:29:03","slug":"sachet-demballage-de-the","status":"publish","type":"product","link":"https:\/\/www.cy-package.com\/fr\/produit\/sachet-demballage-de-the\/","title":{"rendered":"Sachet d&#039;emballage de th\u00e9"},"content":{"rendered":"<p>&nbsp;<\/p>\n<p style=\"text-align: center\"><strong><span style=\"font-size: 24px\">Emballage pour le th\u00e9<\/span><\/strong><\/p>\n<p>&nbsp;<\/p>\n<p>Le march\u00e9 croissant du th\u00e9 de plantation unique et du th\u00e9 artisanal cr\u00e9e un besoin d'emballage pour le th\u00e9 qui ne se contente pas de s\u00e9curiser la feuille parfum\u00e9e dans le paquet de th\u00e9, mais qui \u00e9voque \u00e9galement les bonnes valeurs associ\u00e9es \u00e0 votre marque de th\u00e9. Notre gamme de produits d'emballage pour le th\u00e9, m\u00e9ticuleusement s\u00e9lectionn\u00e9e, vous permettra d'atteindre ces deux objectifs. L'authenticit\u00e9, le caract\u00e8re unique et la qualit\u00e9 exceptionnelle sont essentiels \u00e0 la cr\u00e9ation d'une marque de th\u00e9 contemporaine attrayante pour le public de votre march\u00e9 cible.<\/p>\n<p>&nbsp;<\/p>\n<p>Les sachets \u00e0 soufflet lat\u00e9ral sont le choix habituel pour l'emballage du th\u00e9. Nous les proposons dans un large choix de mat\u00e9riaux et de volumes, depuis les sachets en aluminium aux couleurs marron et \u00e9meraude jusqu'aux sachets en papier kraft inspir\u00e9s par les principes de durabilit\u00e9 et de respect de l'environnement.<\/p>\n<p>&nbsp;<\/p>\n<p>Boisson la plus consomm\u00e9e au monde, le th\u00e9 a acquis une popularit\u00e9 consid\u00e9rable sur le march\u00e9 am\u00e9ricain. Se d\u00e9veloppant parall\u00e8lement \u00e0 l'industrie du caf\u00e9, le th\u00e9 est devenu un produit de consommation courante. CY PACK propose une large gamme d'emballages pour le th\u00e9 afin de r\u00e9pondre aux besoins d'un march\u00e9 du th\u00e9 vaste et florissant.<\/p>\n<p>Qu'il s'agisse d'un th\u00e9 rouge ou d'un th\u00e9 vert, les densit\u00e9s diff\u00e8rent grandement selon le type de th\u00e9 que vous emballez. CY PACK propose une grande vari\u00e9t\u00e9 d'options allant de l'once au vrac. Avec nos sachets d'emballage de th\u00e9, vous pouvez stocker et pr\u00e9senter vos th\u00e9s exquis en toute confiance, tout en pr\u00e9servant leur qualit\u00e9 et en garantissant une exp\u00e9rience de d\u00e9gustation exceptionnelle. Choisissez nos sachets d'emballage pour le th\u00e9 afin d'am\u00e9liorer la conservation de vos th\u00e9s et de savourer pleinement chaque tasse de th\u00e9. L'un des meilleurs moyens de se diff\u00e9rencier est d'utiliser des emballages de th\u00e9 personnalis\u00e9s. Qu'il s'agisse d'emballages souples personnalis\u00e9s ou de sachets compostables personnalis\u00e9s, nous avons tout ce qu'il faut.<\/p>\n<div>\n<p><span style=\"font-size: 18px\"><strong>\u00a0<\/strong><\/span><\/p>\n<h2><strong>Param\u00e8tres du produit<\/strong><strong>ters<\/strong><\/h2>\n<\/div>\n<div>\n<div class=\"nei-table\">\n<table width=\"1000\">\n<tbody>\n<tr class=\"firstRow\">\n<td style=\"border-color: #dddddd\" colspan=\"1\" rowspan=\"1\" width=\"162\" height=\"20\">\n<div style=\"text-align: left\">Qualit\u00e9 du mat\u00e9riau :<\/div>\n<\/td>\n<td style=\"border-color: #dddddd\" colspan=\"1\" rowspan=\"1\" width=\"837\" height=\"20\">\n<div>Mat\u00e9riau de qualit\u00e9 alimentaire<\/div>\n<\/td>\n<\/tr>\n<tr>\n<td style=\"border-color: #dddddd\" colspan=\"1\" rowspan=\"1\" width=\"162\" height=\"20\">\n<div>Mat\u00e9riau :<\/div>\n<\/td>\n<td style=\"border-color: #dddddd\" colspan=\"1\" rowspan=\"1\" width=\"837\" height=\"20\">\n<div>PET+VMPET+PE, BOPP+papier kraft+VMPET+PE, etc.<\/div>\n<\/td>\n<\/tr>\n<tr>\n<td style=\"border-color: #dddddd\" colspan=\"1\" rowspan=\"1\" width=\"162\" height=\"20\">\n<div>Caract\u00e9ristiques :<\/div>\n<\/td>\n<td style=\"border-color: #dddddd\" colspan=\"1\" rowspan=\"1\" width=\"837\" height=\"20\">\n<div>\n<p>1) Mat\u00e9riau de qualit\u00e9 alimentaire et impression parfaite<\/p>\n<div data-spm-anchor-id=\"a2700.pc-decorate.0.i62.50563333vYoKlh\">2) Pr\u00e9vention des fuites, excellente protection contre l'humidit\u00e9<\/div>\n<div data-spm-anchor-id=\"a2700.pc-decorate.0.i62.50563333vYoKlh\">3) Fond de fermeture solide et fermeture \u00e0 glissi\u00e8re durable<\/div>\n<\/div>\n<\/td>\n<\/tr>\n<tr>\n<td style=\"border-color: #dddddd\" colspan=\"1\" rowspan=\"1\" width=\"162\" height=\"20\">\n<div>Taille et \u00e9paisseur :<\/div>\n<\/td>\n<td style=\"border-color: #dddddd\" colspan=\"1\" rowspan=\"1\" width=\"837\" height=\"20\">\n<div>Sur mesure en fonction de vos besoins<\/div>\n<\/td>\n<\/tr>\n<tr>\n<td style=\"border-color: #dddddd\" colspan=\"1\" rowspan=\"1\" width=\"162\" height=\"20\">\n<div>Type d'encre :<\/div>\n<\/td>\n<td style=\"border-color: #dddddd\" colspan=\"1\" rowspan=\"1\" width=\"837\" height=\"20\">\n<div>Encre de soja \u00e9cologique de qualit\u00e9 alimentaire<\/div>\n<\/td>\n<\/tr>\n<tr>\n<td style=\"border-color: #dddddd\" colspan=\"1\" rowspan=\"1\" width=\"162\" height=\"20\">\n<div>Capacit\u00e9 :<\/div>\n<\/td>\n<td style=\"border-color: #dddddd\" colspan=\"1\" rowspan=\"1\" width=\"837\" height=\"20\">\n<div>100g, 200g, 250g, 500g, 1000g\/1kg, 2kg, 5kg,8oz-100oz, sur mesure<\/div>\n<\/td>\n<\/tr>\n<tr>\n<td style=\"border-color: #dddddd\" colspan=\"1\" rowspan=\"1\" width=\"162\" height=\"20\">\n<div>Application :<\/div>\n<\/td>\n<td style=\"border-color: #dddddd\" colspan=\"1\" rowspan=\"1\" width=\"837\" height=\"20\">\n<div>Alimentation \/ Caf\u00e9 \/ Nourriture pour animaux \/ Th\u00e9 \/ Snack \/ Noix \/ Prot\u00e9ines de lactos\u00e9rum \/ Graines, etc.<\/div>\n<\/td>\n<\/tr>\n<tr>\n<td style=\"border-color: #dddddd\" colspan=\"1\" rowspan=\"1\" width=\"162\" height=\"20\">\n<div>Options de style :<\/div>\n<\/td>\n<td style=\"border-color: #dddddd\" colspan=\"1\" rowspan=\"1\" width=\"837\" height=\"20\">\n<div>Fond plat, debout, soufflet lat\u00e9ral, fermeture \u00e0 glissi\u00e8re, avec ou sans fen\u00eatre, trou europ\u00e9en, etc.<\/div>\n<\/td>\n<\/tr>\n<tr>\n<td style=\"border-color: #dddddd\" colspan=\"1\" rowspan=\"1\" width=\"162\" height=\"20\">\n<div>Contr\u00f4le de la qualit\u00e9 :<\/div>\n<\/td>\n<td style=\"border-color: #dddddd\" colspan=\"1\" rowspan=\"1\" width=\"837\" height=\"20\">\n<div data-spm-anchor-id=\"a2700.details.0.i14.1410417dX9YP5T\">Des \u00e9quipements de pointe et une \u00e9quipe de contr\u00f4le qualit\u00e9 exp\u00e9riment\u00e9e v\u00e9rifient rigoureusement les mat\u00e9riaux, les produits semi-finis et les produits finis \u00e0 chaque \u00e9tape avant l'exp\u00e9dition.<\/div>\n<\/td>\n<\/tr>\n<\/tbody>\n<\/table>\n<\/div>\n<h2><strong>\u00a0<\/strong><\/h2>\n<h2><strong>Flux de travail pour la pr\u00e9production :<\/strong><\/h2>\n<p>1. Fournissez-nous des informations d\u00e9taill\u00e9es sur la pochette que vous souhaitez fabriquer, telles que l'utilisation, la taille, le dessin, la structure et l'\u00e9paisseur, etc. Si n\u00e9cessaire, nous pouvons \u00e9galement vous faire part de nos bonnes suggestions professionnelles.<\/p>\n<p>2. Nous \u00e9tablirons un devis en cons\u00e9quence apr\u00e8s avoir re\u00e7u toutes les informations concernant la pochette.<\/p>\n<p>3. Une fois le prix confirm\u00e9 par les deux parties, nous commencerons \u00e0 travailler sur le traitement de la maquette (pour information, nous devons transformer la maquette en une version r\u00e9alisable pour l'impression en h\u00e9liogravure).<\/p>\n<p>4. Mise en place de l'\u00e9talon de couleur.<\/p>\n<p>5. Confirmer l'\u0153uvre d'art et signer le contrat.<\/p>\n<p>6. Les acheteurs doivent pr\u00e9payer le cylindre (co\u00fbt d'impression) et 40% le paiement anticip\u00e9 de la commande.<\/p>\n<p>7. Nous commencerons ensuite \u00e0 produire des produits en quantit\u00e9 pour vous.<\/p>\n<p>&nbsp;<\/p>\n<p style=\"text-align: center\"><img decoding=\"async\" title=\"Sachet d&#039;emballage de th\u00e9\" src=\"https:\/\/www.cy-package.com\/2833\/2833-202205052254029344.jpg\" alt=\"Sachet d&#039;emballage de th\u00e9\" \/><\/p>\n<p style=\"text-align: center\">\n<\/div>","protected":false},"excerpt":{"rendered":"<p>&nbsp;<\/p>\n<p class=\"wui-p-v-4\">Mat\u00e9riau : kraft, feuille, VMPET, etc. Ou selon vos besoins.<br \/>\nCouleurs d'impression : Jusqu'\u00e0 11 couleurs.<br \/>\nLogo : Imprim\u00e9 selon la conception du client.<br \/>\nLamination\/finition de la surface : lamination brillante\/lamination mate\/lamination par film laser\/non-lamination, etc.<br \/>\nChoisissez nos sachets d'emballage pour le th\u00e9 afin d'am\u00e9liorer la conservation de votre th\u00e9 et de savourer pleinement chaque tasse de th\u00e9.<\/p>","protected":false},"featured_media":410,"comment_status":"open","ping_status":"closed","template":"","meta":{"_seopress_robots_primary_cat":"none","_seopress_titles_title":"","_seopress_titles_desc":"","_seopress_robots_index":"","_monsterinsights_skip_tracking":false,"_monsterinsights_sitenote_active":false,"_monsterinsights_sitenote_note":"","_monsterinsights_sitenote_category":0,"_kad_post_transparent":"default","_kad_post_title":"","_kad_post_layout":"default","_kad_post_sidebar_id":"","_kad_post_content_style":"default","_kad_post_vertical_padding":"default","_kad_post_feature":"","_kad_post_feature_position":"","_kad_post_header":false,"_kad_post_footer":false},"product_brand":[],"product_cat":[28],"product_tag":[],"class_list":{"0":"post-311","1":"product","2":"type-product","3":"status-publish","4":"has-post-thumbnail","6":"product_cat-food-packaging-bag","8":"first","9":"instock","10":"shipping-taxable","11":"product-type-simple","12":"entry","13":"content-bg","14":"loop-entry"},"_links":{"self":[{"href":"https:\/\/www.cy-package.com\/fr\/wp-json\/wp\/v2\/product\/311","targetHints":{"allow":["GET"]}}],"collection":[{"href":"https:\/\/www.cy-package.com\/fr\/wp-json\/wp\/v2\/product"}],"about":[{"href":"https:\/\/www.cy-package.com\/fr\/wp-json\/wp\/v2\/types\/product"}],"replies":[{"embeddable":true,"href":"https:\/\/www.cy-package.com\/fr\/wp-json\/wp\/v2\/comments?post=311"}],"version-history":[{"count":0,"href":"https:\/\/www.cy-package.com\/fr\/wp-json\/wp\/v2\/product\/311\/revisions"}],"wp:featuredmedia":[{"embeddable":true,"href":"https:\/\/www.cy-package.com\/fr\/wp-json\/wp\/v2\/media\/410"}],"wp:attachment":[{"href":"https:\/\/www.cy-package.com\/fr\/wp-json\/wp\/v2\/media?parent=311"}],"wp:term":[{"taxonomy":"product_brand","embeddable":true,"href":"https:\/\/www.cy-package.com\/fr\/wp-json\/wp\/v2\/product_brand?post=311"},{"taxonomy":"product_cat","embeddable":true,"href":"https:\/\/www.cy-package.com\/fr\/wp-json\/wp\/v2\/product_cat?post=311"},{"taxonomy":"product_tag","embeddable":true,"href":"https:\/\/www.cy-package.com\/fr\/wp-json\/wp\/v2\/product_tag?post=311"}],"curies":[{"name":"wp","href":"https:\/\/api.w.org\/{rel}","templated":true}]}}