{"id":312,"date":"2024-09-05T10:28:16","date_gmt":"2024-09-05T02:28:16","guid":{"rendered":"https:\/\/www.cy-package.com\/?post_type=product&#038;p=312"},"modified":"2024-09-14T20:29:04","modified_gmt":"2024-09-14T12:29:04","slug":"sac-demballage-alimentaire-a-fond-plat-en-papier-kraft-2","status":"publish","type":"product","link":"https:\/\/www.cy-package.com\/fr\/produit\/sac-demballage-alimentaire-a-fond-plat-en-papier-kraft-2\/","title":{"rendered":"Sac d'emballage alimentaire en papier kraft \u00e0 fond plat et debout"},"content":{"rendered":"<p style=\"text-align: left\"><span style=\"font-size: 18px\"><strong>\u00a0<\/strong><\/span><\/p>\n<p style=\"text-align: left\"><span style=\"font-size: 18px\"><strong>\u00a0<\/strong><\/span><\/p>\n<p style=\"text-align: left\">\n<h2>Sac d'emballage alimentaire en papier kraft \u00e0 fond plat<\/h2>\n<p>&nbsp;<\/p>\n<p style=\"text-align: left\"><span style=\"font-size: 18px\"><strong>\u00a0<\/strong><\/span><\/p>\n<p>La pochette \u00e0 fond plat doit son nom au fait que le panneau inf\u00e9rieur est compl\u00e8tement plat. On peut \u00e9galement l&#039;appeler pochette en forme de bo\u00eete car elle ressemble \u00e0 une bo\u00eete vue de face. Ce format est une variante am\u00e9lior\u00e9e de la pochette standard. La principale diff\u00e9rence est qu&#039;elle comporte cinq panneaux scell\u00e9s ensemble, ce qui vous offre plus de surface de pr\u00e9sentation. Comme la pochette est flexible, elle peut prendre moins de place dans un placard encombr\u00e9 qu&#039;un format rigide.<\/p>\n<p>&nbsp;<\/p>\n<p>Ce sac \u00e0 fond plat tr\u00e8s recherch\u00e9 offre une incroyable stabilit\u00e9 en rayon gr\u00e2ce \u00e0 son fond robuste et plat. Le fond \u00e9tant plat et s\u00fbr, le sac \u00e0 fond plat est la solution d'emballage id\u00e9ale pour de nombreux produits de consommation tels que les c\u00e9r\u00e9ales, le riz, le caf\u00e9, le th\u00e9 ou les aliments pour animaux de compagnie. Les marques haut de gamme dans les secteurs des aliments pour animaux, de la nutrition sportive, des c\u00e9r\u00e9ales et du caf\u00e9 s'orientent rapidement vers ce format d'emballage.<\/p>\n<p><strong style=\"font-size: 18px\">\u00a0<\/strong><\/p>\n<p><strong style=\"font-size: 18px\">\u00a0<\/strong><\/p>\n<p><strong style=\"font-size: 18px\">Paramenteurs de produits<\/strong><\/p>\n<div>\n<p>&nbsp;<\/p>\n<div class=\"nei-table\">\n<table width=\"1000\">\n<tbody>\n<tr class=\"firstRow\">\n<td style=\"border-color: #dddddd\" colspan=\"1\" rowspan=\"1\" width=\"162\" height=\"20\">\n<div style=\"text-align: left\">Qualit\u00e9 du mat\u00e9riau :<\/div>\n<\/td>\n<td style=\"border-color: #dddddd\" colspan=\"1\" rowspan=\"1\" width=\"837\" height=\"20\">\n<div>Mat\u00e9riau de qualit\u00e9 alimentaire<\/div>\n<\/td>\n<\/tr>\n<tr>\n<td style=\"border-color: #dddddd\" colspan=\"1\" rowspan=\"1\" width=\"162\" height=\"20\">\n<div>Mat\u00e9riau :<\/div>\n<\/td>\n<td style=\"border-color: #dddddd\" colspan=\"1\" rowspan=\"1\" width=\"837\" height=\"20\">\n<div>PET+VMPET+PE, BOPP+papier kraft+VMPET+PE, etc.<\/div>\n<\/td>\n<\/tr>\n<tr>\n<td style=\"border-color: #dddddd\" colspan=\"1\" rowspan=\"1\" width=\"162\" height=\"20\">\n<div>Caract\u00e9ristiques :<\/div>\n<\/td>\n<td style=\"border-color: #dddddd\" colspan=\"1\" rowspan=\"1\" width=\"837\" height=\"20\">\n<div>\n<p>1) Mat\u00e9riau de qualit\u00e9 alimentaire et impression parfaite<\/p>\n<div data-spm-anchor-id=\"a2700.pc-decorate.0.i62.50563333vYoKlh\">2) Pr\u00e9vention des fuites, excellente protection contre l'humidit\u00e9<\/div>\n<div data-spm-anchor-id=\"a2700.pc-decorate.0.i62.50563333vYoKlh\">3) Fond de fermeture solide et fermeture \u00e0 glissi\u00e8re durable<\/div>\n<\/div>\n<\/td>\n<\/tr>\n<tr>\n<td style=\"border-color: #dddddd\" colspan=\"1\" rowspan=\"1\" width=\"162\" height=\"20\">\n<div>Taille et \u00e9paisseur :<\/div>\n<\/td>\n<td style=\"border-color: #dddddd\" colspan=\"1\" rowspan=\"1\" width=\"837\" height=\"20\">\n<div>Sur mesure en fonction de vos besoins<\/div>\n<\/td>\n<\/tr>\n<tr>\n<td style=\"border-color: #dddddd\" colspan=\"1\" rowspan=\"1\" width=\"162\" height=\"20\">\n<div>Type d'encre :<\/div>\n<\/td>\n<td style=\"border-color: #dddddd\" colspan=\"1\" rowspan=\"1\" width=\"837\" height=\"20\">\n<div>Encre de soja \u00e9cologique de qualit\u00e9 alimentaire<\/div>\n<\/td>\n<\/tr>\n<tr>\n<td style=\"border-color: #dddddd\" colspan=\"1\" rowspan=\"1\" width=\"162\" height=\"20\">\n<div>Capacit\u00e9 :<\/div>\n<\/td>\n<td style=\"border-color: #dddddd\" colspan=\"1\" rowspan=\"1\" width=\"837\" height=\"20\">\n<div>100g, 200g, 250g, 500g, 1000g\/1kg, 2kg, 5kg,8oz-100oz, sur mesure<\/div>\n<\/td>\n<\/tr>\n<tr>\n<td style=\"border-color: #dddddd\" colspan=\"1\" rowspan=\"1\" width=\"162\" height=\"20\">\n<div>Application :<\/div>\n<\/td>\n<td style=\"border-color: #dddddd\" colspan=\"1\" rowspan=\"1\" width=\"837\" height=\"20\">\n<div>Alimentation \/ Caf\u00e9 \/ Nourriture pour animaux \/ Th\u00e9 \/ Snack \/ Noix \/ Prot\u00e9ines de lactos\u00e9rum \/ Graines, etc.<\/div>\n<\/td>\n<\/tr>\n<tr>\n<td style=\"border-color: #dddddd\" colspan=\"1\" rowspan=\"1\" width=\"162\" height=\"20\">\n<div>Options de style :<\/div>\n<\/td>\n<td style=\"border-color: #dddddd\" colspan=\"1\" rowspan=\"1\" width=\"837\" height=\"20\">\n<div>Fond plat, debout, soufflet lat\u00e9ral, fermeture \u00e0 glissi\u00e8re, avec ou sans fen\u00eatre, trou europ\u00e9en, etc.<\/div>\n<\/td>\n<\/tr>\n<tr>\n<td style=\"border-color: #dddddd\" colspan=\"1\" rowspan=\"1\" width=\"162\" height=\"20\">\n<div>Contr\u00f4le de la qualit\u00e9 :<\/div>\n<\/td>\n<td style=\"border-color: #dddddd\" colspan=\"1\" rowspan=\"1\" width=\"837\" height=\"20\">\n<div data-spm-anchor-id=\"a2700.details.0.i14.1410417dX9YP5T\">Des \u00e9quipements de pointe et une \u00e9quipe de contr\u00f4le qualit\u00e9 exp\u00e9riment\u00e9e v\u00e9rifient rigoureusement les mat\u00e9riaux, les produits semi-finis et les produits finis \u00e0 chaque \u00e9tape avant l'exp\u00e9dition.<\/div>\n<\/td>\n<\/tr>\n<\/tbody>\n<\/table>\n<\/div>\n<p>&nbsp;<\/p>\n<p>C&#039;est un choix parfait d&#039;utiliser des sachets kraft pour l&#039;emballage alimentaire. Le fabricant de sachets kraft debout propose des sacs en papier kraft blanc, marron et noir avec impression personnalis\u00e9e.<br \/>\nDe nombreux clients choisissent nos sacs en papier, en raison de la haute qualit\u00e9 des mat\u00e9riaux alimentaires, des excellents accessoires (tels que les vannes de d\u00e9gazage unidirectionnelles), ainsi que des prix raisonnables. Nous sommes pr\u00eats \u00e0 aider nos clients \u00e0 effectuer le travail suppl\u00e9mentaire, il s'agit d'un service \u00e0 valeur ajout\u00e9e, tel que l'impression d'autocollants personnalis\u00e9s.<\/p>\n<p>&nbsp;<\/p>\n<p><img decoding=\"async\" title=\"Sac d&#039;emballage alimentaire en papier kraft \u00e0 fond plat et debout\" src=\"https:\/\/www.cy-package.com\/2833\/2833-202203022248593058.jpg\" alt=\"Sac d&#039;emballage alimentaire en papier kraft \u00e0 fond plat et debout\" \/><\/p>\n<p><img decoding=\"async\" title=\"Sac d&#039;emballage alimentaire en papier kraft \u00e0 fond plat et debout\" src=\"https:\/\/www.cy-package.com\/2833\/2833-202205062217547665.jpg\" alt=\"Sac d&#039;emballage alimentaire en papier kraft \u00e0 fond plat et debout\" \/><\/p>\n<p><img decoding=\"async\" title=\"Sac d&#039;emballage alimentaire en papier kraft \u00e0 fond plat et debout\" src=\"https:\/\/www.cy-package.com\/2833\/2833-202205062217546054.jpg\" alt=\"Sac d&#039;emballage alimentaire en papier kraft \u00e0 fond plat et debout\" \/><\/p>\n<p><img decoding=\"async\" title=\"Sac d&#039;emballage alimentaire en papier kraft \u00e0 fond plat et debout\" src=\"https:\/\/www.cy-package.com\/2833\/2833-202205062217548239.jpg\" alt=\"Sac d&#039;emballage alimentaire en papier kraft \u00e0 fond plat et debout\" \/><\/p>\n<p style=\"text-align: center\">\n<\/div>","protected":false},"excerpt":{"rendered":"<p class=\"wui-p-v-4\"><span class=\"wui-text-color-accents wui-text-weight-bold\">Marque :<\/span> <span class=\"wui-text-color-primary\">PACK CY<\/span><\/p>\n<p class=\"wui-p-v-4\"><span class=\"wui-text-color-accents wui-text-weight-bold\">Origine du produit :<\/span> <span class=\"wui-text-color-primary\">Chine<\/span><\/p>\n<p class=\"wui-p-v-4\"><span class=\"wui-text-color-accents wui-text-weight-bold\">D\u00e9lai de livraison :<\/span> <span class=\"wui-text-color-primary\">D\u00e9lai de livraison de 25 jours<\/span><\/p>\n<p class=\"wui-p-v-4\"><span class=\"wui-text-color-accents wui-text-weight-bold\">Capacit\u00e9 d'approvisionnement :<\/span> <span class=\"wui-text-color-primary\">1200 tonnes\/mois<\/span><\/p>\n<p class=\"wui-p-v-4\">1. les sacs \u00e0 fond plat Stand up ont une grande capacit\u00e9 de charge et sont principalement utilis\u00e9s pour emballer les grains de caf\u00e9, les aliments pour animaux de compagnie, le th\u00e9, etc.<br \/>\n2. les sacs en papier kraft sont un bon choix pour emballer les r\u00e9coltes, les fruits secs, les noix, les bonbons, les snacks, etc.<br \/>\n3. fen\u00eatre transparente, encoche de d\u00e9chirure, trou de main sont disponibles.<\/p>","protected":false},"featured_media":414,"comment_status":"open","ping_status":"closed","template":"","meta":{"_seopress_robots_primary_cat":"none","_seopress_titles_title":"","_seopress_titles_desc":"","_seopress_robots_index":"","_monsterinsights_skip_tracking":false,"_monsterinsights_sitenote_active":false,"_monsterinsights_sitenote_note":"","_monsterinsights_sitenote_category":0,"_kad_post_transparent":"default","_kad_post_title":"","_kad_post_layout":"default","_kad_post_sidebar_id":"","_kad_post_content_style":"default","_kad_post_vertical_padding":"default","_kad_post_feature":"","_kad_post_feature_position":"","_kad_post_header":false,"_kad_post_footer":false},"product_brand":[],"product_cat":[28],"product_tag":[],"class_list":{"0":"post-312","1":"product","2":"type-product","3":"status-publish","4":"has-post-thumbnail","6":"product_cat-food-packaging-bag","8":"first","9":"instock","10":"shipping-taxable","11":"product-type-simple","12":"entry","13":"content-bg","14":"loop-entry"},"_links":{"self":[{"href":"https:\/\/www.cy-package.com\/fr\/wp-json\/wp\/v2\/product\/312","targetHints":{"allow":["GET"]}}],"collection":[{"href":"https:\/\/www.cy-package.com\/fr\/wp-json\/wp\/v2\/product"}],"about":[{"href":"https:\/\/www.cy-package.com\/fr\/wp-json\/wp\/v2\/types\/product"}],"replies":[{"embeddable":true,"href":"https:\/\/www.cy-package.com\/fr\/wp-json\/wp\/v2\/comments?post=312"}],"version-history":[{"count":1,"href":"https:\/\/www.cy-package.com\/fr\/wp-json\/wp\/v2\/product\/312\/revisions"}],"predecessor-version":[{"id":772,"href":"https:\/\/www.cy-package.com\/fr\/wp-json\/wp\/v2\/product\/312\/revisions\/772"}],"wp:featuredmedia":[{"embeddable":true,"href":"https:\/\/www.cy-package.com\/fr\/wp-json\/wp\/v2\/media\/414"}],"wp:attachment":[{"href":"https:\/\/www.cy-package.com\/fr\/wp-json\/wp\/v2\/media?parent=312"}],"wp:term":[{"taxonomy":"product_brand","embeddable":true,"href":"https:\/\/www.cy-package.com\/fr\/wp-json\/wp\/v2\/product_brand?post=312"},{"taxonomy":"product_cat","embeddable":true,"href":"https:\/\/www.cy-package.com\/fr\/wp-json\/wp\/v2\/product_cat?post=312"},{"taxonomy":"product_tag","embeddable":true,"href":"https:\/\/www.cy-package.com\/fr\/wp-json\/wp\/v2\/product_tag?post=312"}],"curies":[{"name":"wp","href":"https:\/\/api.w.org\/{rel}","templated":true}]}}