{"id":313,"date":"2024-09-05T10:28:16","date_gmt":"2024-09-05T02:28:16","guid":{"rendered":"https:\/\/www.cy-package.com\/?post_type=product&#038;p=313"},"modified":"2024-09-14T20:29:05","modified_gmt":"2024-09-14T12:29:05","slug":"sac-demballage-en-mylar-avec-impression-personnalisee-2","status":"publish","type":"product","link":"https:\/\/www.cy-package.com\/fr\/produit\/sac-demballage-en-mylar-avec-impression-personnalisee-2\/","title":{"rendered":"Sacs d'emballage en Mylar \u00e0 impression personnalis\u00e9e"},"content":{"rendered":"<p><\/p>\n<p><span style=\"font-size: 20px\"><strong><em>CONSEILS :<\/em><\/strong><\/span><br \/><span>1. support de la personnalisation OEM\/ODM ????<strong><span>N'h\u00e9sitez pas \u00e0 nous contacter ?<\/span><\/strong><br \/><\/span><strong style=\"font-size: 18px\"><br \/><\/strong><\/p>\n<p><strong style=\"font-size: 18px\"><\/strong><\/p>\n<h2><strong style=\"font-size: 18px\">Sac d&#039;emballage en Mylar<\/strong><\/h2>\n<p><span><br \/><\/span><\/p>\n<\/p>\n<p><strong style=\"font-size: 18px\"><\/strong><\/p>\n<p>Les sacs Mylar sont une excellente solution de stockage et une option d&#039;emballage parfaite pour des produits tels que la nourriture, les feuilles de th\u00e9, les grains de caf\u00e9, les sels de bain, etc., et vous pouvez trouver tous les meilleurs sacs et pochettes Mylar en vente ici m\u00eame chez ClearBags.<\/p>\n<p>En tant que sp\u00e9cialistes de toutes les formes d&#039;emballage alimentaire, nous respectons les normes de qualit\u00e9 et de fiabilit\u00e9 les plus \u00e9lev\u00e9es dans notre gamme de sacs Mylar. Vous pouvez compter sur ces sacs Mylar de qualit\u00e9 alimentaire pour stocker en toute s\u00e9curit\u00e9 toutes sortes d&#039;articles, les prot\u00e9ger contre l&#039;humidit\u00e9 et pr\u00e9server la fra\u00eecheur \u00e0 l&#039;int\u00e9rieur.<\/p>\n<p><strong style=\"font-size: 18px\"><br \/><\/strong><\/p>\n<p><strong style=\"font-size: 18px\">Paramenteurs de produits<\/strong><\/p>\n<div>\n<p><\/p>\n<div class=\"nei-table\">\n<table width=\"1000\" style=\"width: 803px\">\n<tbody>\n<tr class=\"firstRow\">\n<td colspan=\"1\" rowspan=\"1\" height=\"20\" width=\"162\">\n<div style=\"text-align: left\"><span>Qualit\u00e9 du mat\u00e9riau :<\/span><\/div>\n<\/td>\n<td colspan=\"1\" rowspan=\"1\" height=\"20\" width=\"837\">\n<div>Mat\u00e9riau de qualit\u00e9 alimentaire<\/div>\n<\/td>\n<\/tr>\n<tr>\n<td colspan=\"1\" rowspan=\"1\" height=\"20\" width=\"162\">\n<div><span>Mat\u00e9riau :<\/span><\/div>\n<\/td>\n<td colspan=\"1\" rowspan=\"1\" height=\"20\" width=\"837\">\n<p>PET\/PE, PET\/VMPET\/PE,PET\/NY\/PE,MOPP\/VMPET\/PE<\/p>\n<\/td>\n<\/tr>\n<tr>\n<td colspan=\"1\" rowspan=\"1\" height=\"20\" width=\"162\">\n<div><span>Caract\u00e9ristiques :<\/span><\/div>\n<\/td>\n<td colspan=\"1\" rowspan=\"1\" height=\"20\" width=\"837\">\n<div>1) Mat\u00e9riau de qualit\u00e9 alimentaire et impression parfaite<\/p>\n<div data-spm-anchor-id=\"a2700.pc-decorate.0.i62.50563333vYoKlh\">2) Pr\u00e9vention des fuites, excellente protection contre l'humidit\u00e9<\/div>\n<div data-spm-anchor-id=\"a2700.pc-decorate.0.i62.50563333vYoKlh\">3) Fond de fermeture solide et fermeture \u00e0 glissi\u00e8re durable<\/div>\n<\/div>\n<\/td>\n<\/tr>\n<tr>\n<td colspan=\"1\" rowspan=\"1\" height=\"20\" width=\"162\">\n<div><span>Taille et \u00e9paisseur :<\/span><\/div>\n<\/td>\n<td colspan=\"1\" rowspan=\"1\" height=\"20\" width=\"837\">\n<div>Sur mesure en fonction de vos besoins<\/div>\n<\/td>\n<\/tr>\n<tr>\n<td colspan=\"1\" rowspan=\"1\" height=\"20\" width=\"162\">\n<div><span>Type d'encre :<\/span><\/div>\n<\/td>\n<td colspan=\"1\" rowspan=\"1\" height=\"20\" width=\"837\">\n<div>Encre de soja \u00e9cologique de qualit\u00e9 alimentaire<\/div>\n<\/td>\n<\/tr>\n<tr>\n<td colspan=\"1\" rowspan=\"1\" height=\"20\" width=\"162\">\n<div><span>Capacit\u00e9 :<\/span><\/div>\n<\/td>\n<td colspan=\"1\" rowspan=\"1\" height=\"20\" width=\"837\">\n<div>100g, 200g, 250g, 500g, 1000g\/1kg, 2kg, 5kg,8oz-100oz, sur mesure<\/div>\n<\/td>\n<\/tr>\n<tr>\n<td colspan=\"1\" rowspan=\"1\" height=\"20\" width=\"162\">\n<div><span>Application :<\/span><\/div>\n<\/td>\n<td colspan=\"1\" rowspan=\"1\" height=\"20\" width=\"837\">\n<div>Alimentation \/ Caf\u00e9 \/ Nourriture pour animaux \/ Th\u00e9 \/ Snack \/ Noix \/ Prot\u00e9ines de lactos\u00e9rum \/ Graines, etc.<\/div>\n<\/td>\n<\/tr>\n<tr>\n<td colspan=\"1\" rowspan=\"1\" height=\"20\" width=\"162\">\n<div><span>Options de style :<\/span><\/div>\n<\/td>\n<td colspan=\"1\" rowspan=\"1\" height=\"20\" width=\"837\">\n<div>Fond plat, debout, soufflet lat\u00e9ral, fermeture \u00e0 glissi\u00e8re, avec ou sans fen\u00eatre, trou europ\u00e9en, etc.<\/div>\n<\/td>\n<\/tr>\n<tr>\n<td colspan=\"1\" rowspan=\"1\" height=\"20\" width=\"162\">\n<div><span>Contr\u00f4le de la qualit\u00e9 :<\/span><\/div>\n<\/td>\n<td colspan=\"1\" rowspan=\"1\" height=\"20\" width=\"837\">\n<div data-spm-anchor-id=\"a2700.details.0.i14.1410417dX9YP5T\">Des \u00e9quipements de pointe et une \u00e9quipe de contr\u00f4le qualit\u00e9 exp\u00e9riment\u00e9e v\u00e9rifient rigoureusement les mat\u00e9riaux, les produits semi-finis et les produits finis \u00e0 chaque \u00e9tape avant l'exp\u00e9dition.<\/div>\n<\/td>\n<\/tr>\n<\/tbody>\n<\/table>\n<\/div>\n<p><img decoding=\"async\" src=\"https:\/\/www.cy-package.com\/2833\/2833-202310181655103446.jpg\" title=\"Sacs d&#039;emballage en Mylar \u00e0 impression personnalis\u00e9e\" alt=\"Sacs d&#039;emballage en Mylar \u00e0 impression personnalis\u00e9e\" \/><\/p>\n<p><\/p>\n<p><span>Le Mylar est un mat\u00e9riau sp\u00e9cial d\u00e9velopp\u00e9 par DuPont Chemical Company dans les ann\u00e9es 1950. Depuis sa d\u00e9couverte, le film polyester a \u00e9t\u00e9 utilis\u00e9 dans une vari\u00e9t\u00e9 d'applications. En particulier dans l'industrie de l'emballage alimentaire.<\/span><\/p>\n<p><span><br \/><\/span><\/p>\n<p><span>Les sacs Mylar sont id\u00e9aux pour la conservation \u00e0 long terme des aliments, car ils emp\u00eachent l'oxyg\u00e8ne, la chaleur et l'humidit\u00e9 d'entrer. C'est pourquoi les sacs Mylar sont souvent utilis\u00e9s pour stocker les aliments. Les sacs Mylar fonctionnent de la m\u00eame mani\u00e8re que les sacs sous vide, prot\u00e9geant les produits stock\u00e9s contre les dommages. Ces sacs sont tr\u00e8s l\u00e9gers et ne se d\u00e9chirent pas facilement. Ils peuvent \u00e9galement \u00eatre facilement marqu\u00e9s et personnalis\u00e9s, ce qui les rend id\u00e9aux pour les environnements de vente au d\u00e9tail.<\/span><\/p>\n<p><\/p>\n<\/div><\/div>\n<\/p><\/div>","protected":false},"excerpt":{"rendered":"<p class=\"wui-p-v-4\">    <span class=\"wui-text-color-accents wui-text-weight-bold\">Marque :<\/span>    <span class=\"wui-text-color-primary\">PACK CY<\/span><\/p>\n<p class=\"wui-p-v-4\">    <span class=\"wui-text-color-accents wui-text-weight-bold\">Origine du produit :<\/span>    <span class=\"wui-text-color-primary\">Chine<\/span><\/p>\n<p class=\"wui-p-v-4\">    <span class=\"wui-text-color-accents wui-text-weight-bold\">D\u00e9lai de livraison :<\/span>    <span class=\"wui-text-color-primary\">D\u00e9lai de livraison de 25 jours<\/span><\/p>\n<p class=\"wui-p-v-4\">    <span class=\"wui-text-color-accents wui-text-weight-bold\">Capacit\u00e9 d'approvisionnement :<\/span>    <span class=\"wui-text-color-primary\">1200 tonnes\/mois<\/span><\/p>\n<p class=\"wui-p-v-4\">? ? Sacs \u00e0 fermeture \u00e9clair - Ces sacs \u00e0 fermeture \u00e9clair en mylar sont capables de se tenir debout tout seuls et sont dot\u00e9s de simples fermetures \u00e0 glissi\u00e8re.<br \/>? ? Sacs \u00e0 fermeture \u00e9clair \u00e0 suspendre - Parfaits pour \u00eatre expos\u00e9s ou suspendus \u00e0 des crochets, ces sacs en mylar sont dot\u00e9s d'un trou de suspension pr\u00e9\u00e9tabli en haut.<br \/>? ? Les sacs Mylar prot\u00e8gent contre l'exposition \u00e0 la lumi\u00e8re, l'humidit\u00e9, les insectes et l'oxydation.<br \/>? ? Il est facile de personnaliser la taille, la couleur d'impression et le logo du sac alimentaire.<\/p>","protected":false},"featured_media":419,"comment_status":"open","ping_status":"closed","template":"","meta":{"_seopress_robots_primary_cat":"","_seopress_titles_title":"","_seopress_titles_desc":"","_seopress_robots_index":"","_monsterinsights_skip_tracking":false,"_monsterinsights_sitenote_active":false,"_monsterinsights_sitenote_note":"","_monsterinsights_sitenote_category":0,"_kad_post_transparent":"","_kad_post_title":"","_kad_post_layout":"","_kad_post_sidebar_id":"","_kad_post_content_style":"","_kad_post_vertical_padding":"","_kad_post_feature":"","_kad_post_feature_position":"","_kad_post_header":false,"_kad_post_footer":false},"product_brand":[],"product_cat":[28],"product_tag":[],"class_list":{"0":"post-313","1":"product","2":"type-product","3":"status-publish","4":"has-post-thumbnail","6":"product_cat-food-packaging-bag","8":"first","9":"instock","10":"shipping-taxable","11":"product-type-simple","12":"entry","13":"content-bg","14":"loop-entry"},"_links":{"self":[{"href":"https:\/\/www.cy-package.com\/fr\/wp-json\/wp\/v2\/product\/313","targetHints":{"allow":["GET"]}}],"collection":[{"href":"https:\/\/www.cy-package.com\/fr\/wp-json\/wp\/v2\/product"}],"about":[{"href":"https:\/\/www.cy-package.com\/fr\/wp-json\/wp\/v2\/types\/product"}],"replies":[{"embeddable":true,"href":"https:\/\/www.cy-package.com\/fr\/wp-json\/wp\/v2\/comments?post=313"}],"version-history":[{"count":0,"href":"https:\/\/www.cy-package.com\/fr\/wp-json\/wp\/v2\/product\/313\/revisions"}],"wp:featuredmedia":[{"embeddable":true,"href":"https:\/\/www.cy-package.com\/fr\/wp-json\/wp\/v2\/media\/419"}],"wp:attachment":[{"href":"https:\/\/www.cy-package.com\/fr\/wp-json\/wp\/v2\/media?parent=313"}],"wp:term":[{"taxonomy":"product_brand","embeddable":true,"href":"https:\/\/www.cy-package.com\/fr\/wp-json\/wp\/v2\/product_brand?post=313"},{"taxonomy":"product_cat","embeddable":true,"href":"https:\/\/www.cy-package.com\/fr\/wp-json\/wp\/v2\/product_cat?post=313"},{"taxonomy":"product_tag","embeddable":true,"href":"https:\/\/www.cy-package.com\/fr\/wp-json\/wp\/v2\/product_tag?post=313"}],"curies":[{"name":"wp","href":"https:\/\/api.w.org\/{rel}","templated":true}]}}