{"id":318,"date":"2024-09-05T10:28:17","date_gmt":"2024-09-05T02:28:17","guid":{"rendered":"https:\/\/www.cy-package.com\/?post_type=product&#038;p=318"},"modified":"2024-09-14T20:29:10","modified_gmt":"2024-09-14T12:29:10","slug":"sac-demballage-alimentaire-personnalise-avec-8-joints-lateraux","status":"publish","type":"product","link":"https:\/\/www.cy-package.com\/fr\/produit\/sac-demballage-alimentaire-personnalise-avec-8-joints-lateraux\/","title":{"rendered":"Sac d'emballage alimentaire \u00e0 8 soudures avec impression personnalis\u00e9e"},"content":{"rendered":"<p style=\"text-align: center\"><span style=\"font-size: 18px\"><strong>Sac d&#039;emballage alimentaire scell\u00e9 sur 8 c\u00f4t\u00e9s<\/strong><\/span><\/p>\n<p><\/p>\n<p>&nbsp; &nbsp; &nbsp; &nbsp; Pochette \u00e0 fond plat flexible con\u00e7ue pour imiter une bo\u00eete rigide traditionnelle. Elle est \u00e9galement connue sous le nom de sac \u00e0 fond plat. Les sacs \u00e0 fond plat jouent un r\u00f4le essentiel dans la r\u00e9duction du volume et du poids des exp\u00e9ditions, r\u00e9duisant ainsi consid\u00e9rablement l&#039;empreinte carbone globale. Le principal avantage attribu\u00e9 aux sacs \u00e0 fond plat est leur capacit\u00e9 de marchandisage am\u00e9lior\u00e9e, qui permet d&#039;\u00eatre emball\u00e9s herm\u00e9tiquement et de les ranger facilement sans endommager l&#039;ext\u00e9rieur.&nbsp; &nbsp;<\/p>\n<p><\/p>\n<p>&nbsp; &nbsp; &nbsp; &nbsp; Les sachets d&#039;emballage alimentaire scell\u00e9s sur 8 c\u00f4t\u00e9s ont une base rectangulaire (plut\u00f4t qu&#039;une base de forme ovale), ce qui permet une structure plus solide qui se tiendrait bien sur une \u00e9tag\u00e8re et offrirait un profil de sachet plus fin. De plus, le sachet a cinq c\u00f4t\u00e9s imprimables qui permettent plus d&#039;options d&#039;impression\/de marquage. Nos sachets \u00e0 fond plat sont con\u00e7us \u00e0 partir d&#039;un polym\u00e8re l\u00e9g\u00e8rement plus \u00e9pais qui offre une structure plus solide qui est mieux adapt\u00e9e pour supporter des poids plus importants lorsque l&#039;on cherche \u00e0 emballer des poids sup\u00e9rieurs \u00e0 1 kg. En tant que fabricant de sachets \u00e0 fond plat, nous sommes fiers de la qualit\u00e9 de nos produits et garantissons qu&#039;un processus de test rigoureux et complet est appliqu\u00e9 \u00e0 chaque cycle de production. En raison de sa capacit\u00e9 \u00e0 contenir des volumes plus importants, les sacs \u00e0 fond plat sont la solution d&#039;emballage standard de l&#039;industrie pour le stockage et le transport en vrac.<\/p>\n<p><\/p>\n<p>&nbsp; &nbsp; &nbsp; &nbsp; Il y a au total huit pages imprim\u00e9es, et il y a suffisamment d&#039;espace pour d\u00e9crire votre produit afin d&#039;augmenter vos ventes, et il est utilis\u00e9 dans de nombreuses promotions de produits de vente mondiales. Les informations sur le produit sont affich\u00e9es de mani\u00e8re plus compl\u00e8te. Faites conna\u00eetre vos produits \u00e0 vos clients.<\/p>\n<p><\/p>\n<p>&nbsp; &nbsp; &nbsp; &nbsp; &nbsp;En m\u00eame temps, notre sac octogonal \u00e0 fermeture \u00e9clair scell\u00e9e est \u00e9quip\u00e9 d&#039;une fermeture \u00e9clair r\u00e9utilisable, qui vous permet de rouvrir et de fermer la fermeture \u00e9clair. Ceci est in\u00e9gal\u00e9 par d&#039;autres emballages tels que les bo\u00eetes ; comme le sac a une forme unique, il est intuitif pour se prot\u00e9ger contre la contrefa\u00e7on et rendre vos clients plus faciles \u00e0 identifier, ce qui est b\u00e9n\u00e9fique pour l&#039;\u00e9tablissement de votre marque ; et peut \u00eatre imprim\u00e9 en plusieurs couleurs, le produit a une belle apparence et a un fort effet promotionnel. \u00c0 l&#039;heure actuelle, nos sacs \u00e0 fermeture \u00e9clair \u00e0 huit c\u00f4t\u00e9s ont \u00e9t\u00e9 largement utilis\u00e9s dans les fruits secs, les noix, les animaux mignons, les collations, etc. De nombreux domaines.<\/p>\n<p><\/p>\n<div>\n<p><span style=\"font-size: 18px\"><strong>Paramenteurs de produits<\/strong><\/span><\/p>\n<\/div>\n<div>\n<p><\/p>\n<div class=\"nei-table\">\n<table width=\"1000\">\n<tbody>\n<tr class=\"firstRow\">\n<td colspan=\"1\" rowspan=\"1\" height=\"20\" width=\"162\">\n<div style=\"text-align: left\"><span>Qualit\u00e9 du mat\u00e9riau :<\/span><\/div>\n<\/td>\n<td colspan=\"1\" rowspan=\"1\" height=\"20\" width=\"837\">\n<div>Mat\u00e9riau de qualit\u00e9 alimentaire<\/div>\n<\/td>\n<\/tr>\n<tr>\n<td colspan=\"1\" rowspan=\"1\" height=\"20\" width=\"162\">\n<div><span>Mat\u00e9riau :<\/span><\/div>\n<\/td>\n<td colspan=\"1\" rowspan=\"1\" height=\"20\" width=\"837\">\n<div>PET+VMPET+PE, BOPP+papier kraft+VMPET+PE, etc.<\/div>\n<\/td>\n<\/tr>\n<tr>\n<td colspan=\"1\" rowspan=\"1\" height=\"20\" width=\"162\">\n<div><span>Caract\u00e9ristiques :<\/span><\/div>\n<\/td>\n<td colspan=\"1\" rowspan=\"1\" height=\"20\" width=\"837\">\n<div>1) Mat\u00e9riau de qualit\u00e9 alimentaire et impression parfaite<\/p>\n<div data-spm-anchor-id=\"a2700.pc-decorate.0.i62.50563333vYoKlh\">2) Pr\u00e9vention des fuites, excellente protection contre l'humidit\u00e9<\/div>\n<div data-spm-anchor-id=\"a2700.pc-decorate.0.i62.50563333vYoKlh\">3) Fond de fermeture solide et fermeture \u00e0 glissi\u00e8re durable<\/div>\n<\/div>\n<\/td>\n<\/tr>\n<tr>\n<td colspan=\"1\" rowspan=\"1\" height=\"20\" width=\"162\">\n<div><span>Taille et \u00e9paisseur :<\/span><\/div>\n<\/td>\n<td colspan=\"1\" rowspan=\"1\" height=\"20\" width=\"837\">\n<div>Sur mesure en fonction de vos besoins<\/div>\n<\/td>\n<\/tr>\n<tr>\n<td colspan=\"1\" rowspan=\"1\" height=\"20\" width=\"162\">\n<div><span>Type d'encre :<\/span><\/div>\n<\/td>\n<td colspan=\"1\" rowspan=\"1\" height=\"20\" width=\"837\">\n<div>Encre de soja \u00e9cologique de qualit\u00e9 alimentaire<\/div>\n<\/td>\n<\/tr>\n<tr>\n<td colspan=\"1\" rowspan=\"1\" height=\"20\" width=\"162\">\n<div><span>Capacit\u00e9 :<\/span><\/div>\n<\/td>\n<td colspan=\"1\" rowspan=\"1\" height=\"20\" width=\"837\">\n<div>100g, 200g, 250g, 500g, 1000g\/1kg, 2kg, 5kg,8oz-100oz, sur mesure<\/div>\n<\/td>\n<\/tr>\n<tr>\n<td colspan=\"1\" rowspan=\"1\" height=\"20\" width=\"162\">\n<div><span>Application :<\/span><\/div>\n<\/td>\n<td colspan=\"1\" rowspan=\"1\" height=\"20\" width=\"837\">\n<div>Alimentation \/ Caf\u00e9 \/ Nourriture pour animaux \/ Th\u00e9 \/ Snack \/ Noix \/ Prot\u00e9ines de lactos\u00e9rum \/ Graines, etc.<\/div>\n<\/td>\n<\/tr>\n<tr>\n<td colspan=\"1\" rowspan=\"1\" height=\"20\" width=\"162\">\n<div><span>Options de style :<\/span><\/div>\n<\/td>\n<td colspan=\"1\" rowspan=\"1\" height=\"20\" width=\"837\">\n<div>Fond plat, debout, soufflet lat\u00e9ral, fermeture \u00e0 glissi\u00e8re, avec ou sans fen\u00eatre, trou europ\u00e9en, etc.<\/div>\n<\/td>\n<\/tr>\n<tr>\n<td colspan=\"1\" rowspan=\"1\" height=\"20\" width=\"162\">\n<div><span>Contr\u00f4le de la qualit\u00e9 :<\/span><\/div>\n<\/td>\n<td colspan=\"1\" rowspan=\"1\" height=\"20\" width=\"837\">\n<div data-spm-anchor-id=\"a2700.details.0.i14.1410417dX9YP5T\">Des \u00e9quipements de pointe et une \u00e9quipe de contr\u00f4le qualit\u00e9 exp\u00e9riment\u00e9e v\u00e9rifient rigoureusement les mat\u00e9riaux, les produits semi-finis et les produits finis \u00e0 chaque \u00e9tape avant l'exp\u00e9dition.<\/div>\n<\/td>\n<\/tr>\n<\/tbody>\n<\/table>\n<\/div>\n<p><\/p>\n<p style=\"text-align: center\"><img alt=\"Sac d&#039;emballage alimentaire \u00e0 8 soudures avec impression personnalis\u00e9e\" title=\"Sac d&#039;emballage alimentaire \u00e0 8 soudures avec impression personnalis\u00e9e\" \/><\/p>\n<p style=\"text-align: center\"><img alt=\"Sac d&#039;emballage alimentaire \u00e0 8 soudures avec impression personnalis\u00e9e\" title=\"Sac d&#039;emballage alimentaire \u00e0 8 soudures avec impression personnalis\u00e9e\" \/><\/p>\n<p><\/p>\n<p style=\"text-align: center\"><\/p>\n<\/div><\/div>\n<\/p><\/div>","protected":false},"excerpt":{"rendered":"<p class=\"wui-p-v-4\">    <span class=\"wui-text-color-accents wui-text-weight-bold\">Marque :<\/span>    <span class=\"wui-text-color-primary\">PACK CY<\/span><\/p>\n<p class=\"wui-p-v-4\">    <span class=\"wui-text-color-accents wui-text-weight-bold\">Origine du produit :<\/span>    <span class=\"wui-text-color-primary\">Chine<\/span><\/p>\n<p class=\"wui-p-v-4\">    <span class=\"wui-text-color-accents wui-text-weight-bold\">D\u00e9lai de livraison :<\/span>    <span class=\"wui-text-color-primary\">D\u00e9lai de livraison de 25 jours<\/span><\/p>\n<p class=\"wui-p-v-4\">    <span class=\"wui-text-color-accents wui-text-weight-bold\">Capacit\u00e9 d'approvisionnement :<\/span>    <span class=\"wui-text-color-primary\">1200 tonnes\/mois<\/span><\/p>\n<p class=\"wui-p-v-4\">Peut \u00eatre imprim\u00e9 sur cinq faces, la surface d'impression ad\u00e9quate rend la description des informations et la conception des motifs des produits plus abondantes.<br \/>Avec de larges joints et une base stable, il offre aux d\u00e9taillants une flexibilit\u00e9 maximale en mati\u00e8re de merchandising.<br \/>Les sacs \u00e0 fond plat scell\u00e9s sur huit c\u00f4t\u00e9s ont une grande capacit\u00e9. La structure de scellage sur huit c\u00f4t\u00e9s permet d'emballer plus de produits.<br \/>Les aliments conserv\u00e9s dans le sac d'emballage \u00e9viteront les signes d'extrusion, d'impact, de vibration et de diff\u00e9rence de temp\u00e9rature, etc.<br \/>Peut \u00eatre fix\u00e9 \u00e0 une soupape d'\u00e9chappement unidirectionnelle, utilis\u00e9e dans le secteur du caf\u00e9 et d'autres industries connexes.<\/p>","protected":false},"featured_media":441,"comment_status":"open","ping_status":"closed","template":"","meta":{"_seopress_robots_primary_cat":"","_seopress_titles_title":"","_seopress_titles_desc":"","_seopress_robots_index":"","_monsterinsights_skip_tracking":false,"_monsterinsights_sitenote_active":false,"_monsterinsights_sitenote_note":"","_monsterinsights_sitenote_category":0,"_kad_post_transparent":"","_kad_post_title":"","_kad_post_layout":"","_kad_post_sidebar_id":"","_kad_post_content_style":"","_kad_post_vertical_padding":"","_kad_post_feature":"","_kad_post_feature_position":"","_kad_post_header":false,"_kad_post_footer":false},"product_brand":[],"product_cat":[28],"product_tag":[],"class_list":{"0":"post-318","1":"product","2":"type-product","3":"status-publish","4":"has-post-thumbnail","6":"product_cat-food-packaging-bag","8":"first","9":"instock","10":"shipping-taxable","11":"product-type-simple","12":"entry","13":"content-bg","14":"loop-entry"},"_links":{"self":[{"href":"https:\/\/www.cy-package.com\/fr\/wp-json\/wp\/v2\/product\/318","targetHints":{"allow":["GET"]}}],"collection":[{"href":"https:\/\/www.cy-package.com\/fr\/wp-json\/wp\/v2\/product"}],"about":[{"href":"https:\/\/www.cy-package.com\/fr\/wp-json\/wp\/v2\/types\/product"}],"replies":[{"embeddable":true,"href":"https:\/\/www.cy-package.com\/fr\/wp-json\/wp\/v2\/comments?post=318"}],"version-history":[{"count":0,"href":"https:\/\/www.cy-package.com\/fr\/wp-json\/wp\/v2\/product\/318\/revisions"}],"wp:featuredmedia":[{"embeddable":true,"href":"https:\/\/www.cy-package.com\/fr\/wp-json\/wp\/v2\/media\/441"}],"wp:attachment":[{"href":"https:\/\/www.cy-package.com\/fr\/wp-json\/wp\/v2\/media?parent=318"}],"wp:term":[{"taxonomy":"product_brand","embeddable":true,"href":"https:\/\/www.cy-package.com\/fr\/wp-json\/wp\/v2\/product_brand?post=318"},{"taxonomy":"product_cat","embeddable":true,"href":"https:\/\/www.cy-package.com\/fr\/wp-json\/wp\/v2\/product_cat?post=318"},{"taxonomy":"product_tag","embeddable":true,"href":"https:\/\/www.cy-package.com\/fr\/wp-json\/wp\/v2\/product_tag?post=318"}],"curies":[{"name":"wp","href":"https:\/\/api.w.org\/{rel}","templated":true}]}}