{"id":319,"date":"2024-09-05T10:28:17","date_gmt":"2024-09-05T02:28:17","guid":{"rendered":"https:\/\/www.cy-package.com\/?post_type=product&#038;p=319"},"modified":"2025-03-11T17:30:32","modified_gmt":"2025-03-11T09:30:32","slug":"sac-demballage-pour-aliments-pour-animaux-de-compagnie-2","status":"publish","type":"product","link":"https:\/\/www.cy-package.com\/fr\/produit\/sac-demballage-pour-aliments-pour-animaux-de-compagnie-2\/","title":{"rendered":"Sachets refermables \u00e0 fermeture \u00e9clair pour l'emballage d'aliments pour animaux de compagnie"},"content":{"rendered":"<p>&nbsp;<\/p>\n<h1><span style=\"font-size: 24px\">Les sachets \u00e0 fond plat sont largement utilis\u00e9s sur le march\u00e9<\/span><\/h1>\n<p>En tant que produit d'emballage souple, simple et pratique, la pochette tient debout est largement utilis\u00e9e dans tous les domaines de la vie. Elle peut non seulement contenir une grande vari\u00e9t\u00e9 d'objets, mais aussi tenir debout, bien se pr\u00e9senter et \u00eatre r\u00e9utilis\u00e9e. Les sacs alimentaires refermables \u00e0 fermeture \u00e9clair sont tr\u00e8s diversifi\u00e9s et constituent l'emballage id\u00e9al pour conserver la fra\u00eecheur des petites friandises. Il est facile d'utiliser les sacs refermables pour pr\u00e9parer des portions pour les repas de camping et de randonn\u00e9e \u00e0 partir de paquets lyophilis\u00e9s plus importants. Les sacs mylar sont un bon choix pour conserver les aliments que vous avez cultiv\u00e9s ou achet\u00e9s et que vous voulez garder longtemps.<\/p>\n<h2><strong style=\"font-size: 16px\">Flux de travail pour la pr\u00e9production :<\/strong><\/h2>\n<div>\n<p>1. Fournissez-nous des informations d\u00e9taill\u00e9es sur la pochette que vous souhaitez fabriquer, telles que l'utilisation, la taille, le dessin, la structure et l'\u00e9paisseur, etc. Si n\u00e9cessaire, nous pouvons \u00e9galement vous faire part de nos bonnes suggestions professionnelles.<\/p>\n<p>2. Nous \u00e9tablirons un devis en cons\u00e9quence apr\u00e8s avoir re\u00e7u toutes les informations concernant la pochette.<\/p>\n<p>3. Une fois le prix confirm\u00e9 par les deux parties, nous commencerons \u00e0 travailler sur le traitement de la maquette (pour information, nous devons transformer la maquette en une version r\u00e9alisable pour l'impression en h\u00e9liogravure).<\/p>\n<p>4. Mise en place de l'\u00e9talon de couleur.<\/p>\n<p>5. Confirmer l'\u0153uvre d'art et signer le contrat.<\/p>\n<p>6. Les acheteurs doivent pr\u00e9payer le cylindre (co\u00fbt d'impression) et 40% le paiement anticip\u00e9 de la commande.<\/p>\n<p>7. Nous commencerons ensuite \u00e0 produire des produits en quantit\u00e9 pour vous.<\/p>\n<p>&nbsp;<\/p>\n<p style=\"text-align: center\"><img decoding=\"async\" title=\"Sachets refermables \u00e0 fermeture \u00e9clair pour l&#039;emballage d&#039;aliments pour animaux de compagnie\" src=\"https:\/\/www.cy-package.com\/2833\/2833-202205052254029344.jpg\" alt=\"Sachets refermables \u00e0 fermeture \u00e9clair pour l&#039;emballage d&#039;aliments pour animaux de compagnie\" \/><\/p>\n<p style=\"text-align: center\"><img decoding=\"async\" title=\"Sachets refermables \u00e0 fermeture \u00e9clair pour l&#039;emballage d&#039;aliments pour animaux de compagnie\" src=\"https:\/\/www.cy-package.com\/2833\/2833-202205052254023652.jpg\" alt=\"Sachets refermables \u00e0 fermeture \u00e9clair pour l&#039;emballage d&#039;aliments pour animaux de compagnie\" \/><\/p>\n<p>&nbsp;<\/p>\n<p style=\"text-align: center\"><span style=\"font-size: 20px\"><strong>Profil de l'entreprise<\/strong><\/span><\/p>\n<p>&nbsp;<\/p>\n<p style=\"text-align: center\"><img decoding=\"async\" title=\"Sachets refermables \u00e0 fermeture \u00e9clair pour l&#039;emballage d&#039;aliments pour animaux de compagnie\" src=\"https:\/\/www.cy-package.com\/2833\/2833-202205062151199013.jpg\" alt=\"Sachets refermables \u00e0 fermeture \u00e9clair pour l&#039;emballage d&#039;aliments pour animaux de compagnie\" \/><\/p>\n<p style=\"text-align: center\"><span style=\"font-size: 24px\"><strong><span style=\"color: #0070c0\">AVANTAGE DE LA PRODUCTION EN USINE\u00a0<\/span><\/strong><\/span><\/p>\n<p style=\"text-align: center\"><span style=\"color: #f79646;font-size: 20px\"><strong>Il existe 5 lignes de production automatiques \u00e0 grande vitesse<\/strong><\/span><\/p>\n<p>&nbsp;<\/p>\n<p style=\"text-align: center\"><span style=\"font-size: 18px;color: #0070c0\"><strong>&#8212;&#8212;&#8212;&#8212;&#8212;&#8212;&#8212;&#8212;&#8212;&#8212;&#8212;&#8212;&#8212;&#8212;&#8212;&#8212;&#8212;&#8212;&#8212;&#8212;&#8212;&#8212;&#8212;&#8212;&#8212;&#8212;&#8212;&#8212;&#8212;&#8212;&#8212;-<\/strong><\/span><\/p>\n<p style=\"text-align: center\"><span style=\"font-size: 14px\">La base de production couvre une superficie de plus de 15 000 m\u00e8tres carr\u00e9s \u00e0 l'heure actuelle et compte 5 installations automatiques.<\/span><\/p>\n<p style=\"text-align: center;margin-bottom: 20px\"><span style=\"font-size: 14px\">lignes de production \u00e0 grande vitesse, et la capacit\u00e9 de production annuelle peut atteindre 20 000 tonnes.\u00a0<\/span><\/p>\n<p style=\"text-align: center\"><img decoding=\"async\" title=\"Sachets refermables \u00e0 fermeture \u00e9clair pour l&#039;emballage d&#039;aliments pour animaux de compagnie\" src=\"https:\/\/www.cy-package.com\/2833\/2833-202205062151194054.jpg\" alt=\"Sachets refermables \u00e0 fermeture \u00e9clair pour l&#039;emballage d&#039;aliments pour animaux de compagnie\" \/><\/p>\n<p style=\"text-align: center;margin-top: 15px\"><span style=\"font-size: 14px\">Notre entreprise compte des dizaines de professionnels de la production, capables de travailler 24 heures sur 24 sans interruption.<\/span><\/p>\n<p style=\"text-align: center;margin-bottom: 20px\"><span style=\"font-size: 14px\">Elle suit strictement le processus de gestion IQC-IPQC-OQC et dispose d'une capacit\u00e9 de production \u00e9lev\u00e9e.\u00a0<\/span><\/p>\n<p style=\"text-align: center\"><img decoding=\"async\" title=\"Sachets refermables \u00e0 fermeture \u00e9clair pour l&#039;emballage d&#039;aliments pour animaux de compagnie\" src=\"https:\/\/www.cy-package.com\/2833\/2833-202205062151191245.jpg\" alt=\"Sachets refermables \u00e0 fermeture \u00e9clair pour l&#039;emballage d&#039;aliments pour animaux de compagnie\" \/><\/p>\n<p style=\"text-align: center;margin-bottom: 5px;margin-top: 15px\"><span style=\"font-size: 14px\">Les ateliers sont con\u00e7us et construits conform\u00e9ment aux bonnes pratiques de fabrication (GMP) de la classe 300 000 afin de r\u00e9pondre aux exigences \u00e9lev\u00e9es en mati\u00e8re d'hygi\u00e8ne.<\/span><\/p>\n<p style=\"text-align: center;margin-bottom: 20px\"><span style=\"font-size: 14px\">des aliments pour b\u00e9b\u00e9s, des produits laitiers et des produits \u00e0 base de viande, tant \u00e0 l'int\u00e9rieur qu'\u00e0 l'ext\u00e9rieur du pays.<\/span><\/p>\n<p style=\"text-align: center\"><img decoding=\"async\" title=\"Sachets refermables \u00e0 fermeture \u00e9clair pour l&#039;emballage d&#039;aliments pour animaux de compagnie\" src=\"https:\/\/www.cy-package.com\/2833\/2833-202205062151206738.jpg\" alt=\"Sachets refermables \u00e0 fermeture \u00e9clair pour l&#039;emballage d&#039;aliments pour animaux de compagnie\" \/><\/p>\n<p style=\"text-align: center\"><img decoding=\"async\" title=\"Sachets refermables \u00e0 fermeture \u00e9clair pour l&#039;emballage d&#039;aliments pour animaux de compagnie\" src=\"https:\/\/www.cy-package.com\/2833\/2833-202205062159502291.jpg\" alt=\"Sachets refermables \u00e0 fermeture \u00e9clair pour l&#039;emballage d&#039;aliments pour animaux de compagnie\" \/><\/p>\n<p style=\"text-align: center\"><img decoding=\"async\" title=\"Sachets refermables \u00e0 fermeture \u00e9clair pour l&#039;emballage d&#039;aliments pour animaux de compagnie\" src=\"https:\/\/www.cy-package.com\/2833\/2833-202205062158232361.jpg\" alt=\"Sachets refermables \u00e0 fermeture \u00e9clair pour l&#039;emballage d&#039;aliments pour animaux de compagnie\" \/><\/p>\n<p>&nbsp;<\/p>\n<p><span style=\"font-size: 18px\"><strong>FAQ<\/strong><\/span><\/p>\n<p><strong><span data-spm-anchor-id=\"a2700.details.0.i17.649a7657Tu7jaw\">Q:\u00cates-vous une usine ou une soci\u00e9t\u00e9 commerciale ?<\/span><\/strong><br \/>\nR : Nous sommes une usine dot\u00e9e d'\u00e9quipements de pointe et d'\u00e9quipes de conception professionnelles, qui peut vous offrir le meilleur choix en termes de conception et de capacit\u00e9.<\/p>\n<p><strong>Q:Quelle est la quantit\u00e9 minimale de commande de votre produit ?<\/strong><br \/>\nR:En g\u00e9n\u00e9ral, le MOQ pour les sachets est de 10 000 pi\u00e8ces. Nous acceptons \u00e9galement les commandes d'essai d'\u00e9chantillons pour les petits MOQ, veuillez nous contacter pour en discuter plus avant.<\/p>\n<p><strong>Q:Quel est le d\u00e9lai de livraison apr\u00e8s la commande ?<\/strong><br \/>\nR : En g\u00e9n\u00e9ral, le d\u00e9lai de livraison est de 15 \u00e0 20 jours pour les nouvelles commandes et de 10 \u00e0 12 jours pour les commandes r\u00e9p\u00e9t\u00e9es \u00e0 partir de la date de confirmation.<\/p>\n<p><strong>Q:Quelle est votre gamme de produits ?<\/strong><br \/>\nR:Notre usine peut produire la plupart des types d'emballages flexibles, y compris les sacs \u00e0 caf\u00e9, les sacs pour aliments pour animaux, les sacs pour aliments, les sacs pour liquides, les sachets \u00e0 fond plat et les sachets \u00e0 fond plat.<br \/>\nsac, sac \u00e0 fermeture \u00e9clair, sac \u00e0 bec, sac \u00e0 dos, film lamin\u00e9 pour le chocolat ou les bonbons, etc.<\/p>\n<p><strong>Q:Quelles sont les informations n\u00e9cessaires pour obtenir un devis pour un produit ?<\/strong><br \/>\nR : Contactez-nous pour nous indiquer la taille et les exigences particuli\u00e8res que vous souhaitez. Nous pouvons tous les personnaliser et nous avons de nombreux exemples pour votre r\u00e9f\u00e9rence.<\/p>\n<p><strong>Q:Des \u00e9chantillons peuvent-ils \u00eatre fournis ?<\/strong><br \/>\nPour les \u00e9chantillons personnalis\u00e9s, le co\u00fbt r\u00e9el de l'\u00e9chantillon et le co\u00fbt du cylindre d'impression seront factur\u00e9s, et le co\u00fbt du cylindre ne sera pas n\u00e9cessaire pour les commandes en gros.<\/p>\n<\/div>","protected":false},"excerpt":{"rendered":"<p class=\"wui-p-v-4\"><span class=\"wui-text-color-accents wui-text-weight-bold\">Marque :<\/span> <span class=\"wui-text-color-primary\">PACK CY<\/span><\/p>\n<p class=\"wui-p-v-4\"><span class=\"wui-text-color-accents wui-text-weight-bold\">Origine du produit :<\/span> <span class=\"wui-text-color-primary\">Chine<\/span><\/p>\n<p class=\"wui-p-v-4\"><span class=\"wui-text-color-accents wui-text-weight-bold\">D\u00e9lai de livraison :<\/span> <span class=\"wui-text-color-primary\">D\u00e9lai de livraison de 25 jours<\/span><\/p>\n<p class=\"wui-p-v-4\"><span class=\"wui-text-color-accents wui-text-weight-bold\">Capacit\u00e9 d'approvisionnement :<\/span> <span class=\"wui-text-color-primary\">1200 tonnes\/mois<\/span><\/p>\n<p class=\"wui-p-v-4\">1.L'emballage souple n\u00e9cessite 75% moins de mat\u00e9riaux pour produire le produit fini que les bouteilles, bocaux et autres emballages durs, inflexibles et rigides.<br \/>\n2. les pochettes sont r\u00e9utilisables et refermables pour de multiples usages. Ils constituent l'option id\u00e9ale pour stocker et pr\u00e9senter votre produit.<br \/>\n3. les pochettes \"stand up\" offrent une solution d'emballage tout-en-un ;<\/p>","protected":false},"featured_media":445,"comment_status":"open","ping_status":"closed","template":"","meta":{"_seopress_robots_primary_cat":"none","_seopress_titles_title":"Pet Food Packaging Bag","_seopress_titles_desc":"CY PACK understands the needs of packaging pet food and treats. We offer stock and custom printed laminated packaging for dry pet food, nutritional supplements and pet treats.","_seopress_robots_index":"","_monsterinsights_skip_tracking":false,"_monsterinsights_sitenote_active":false,"_monsterinsights_sitenote_note":"","_monsterinsights_sitenote_category":0,"_kad_post_transparent":"default","_kad_post_title":"","_kad_post_layout":"default","_kad_post_sidebar_id":"","_kad_post_content_style":"default","_kad_post_vertical_padding":"default","_kad_post_feature":"","_kad_post_feature_position":"","_kad_post_header":false,"_kad_post_footer":false},"product_brand":[],"product_cat":[28,38],"product_tag":[],"class_list":{"0":"post-319","1":"product","2":"type-product","3":"status-publish","4":"has-post-thumbnail","6":"product_cat-food-packaging-bag","7":"product_cat-pouches-for-pet-treats","9":"first","10":"instock","11":"shipping-taxable","12":"product-type-simple","13":"entry","14":"content-bg","15":"loop-entry"},"_links":{"self":[{"href":"https:\/\/www.cy-package.com\/fr\/wp-json\/wp\/v2\/product\/319","targetHints":{"allow":["GET"]}}],"collection":[{"href":"https:\/\/www.cy-package.com\/fr\/wp-json\/wp\/v2\/product"}],"about":[{"href":"https:\/\/www.cy-package.com\/fr\/wp-json\/wp\/v2\/types\/product"}],"replies":[{"embeddable":true,"href":"https:\/\/www.cy-package.com\/fr\/wp-json\/wp\/v2\/comments?post=319"}],"version-history":[{"count":1,"href":"https:\/\/www.cy-package.com\/fr\/wp-json\/wp\/v2\/product\/319\/revisions"}],"predecessor-version":[{"id":1656,"href":"https:\/\/www.cy-package.com\/fr\/wp-json\/wp\/v2\/product\/319\/revisions\/1656"}],"wp:featuredmedia":[{"embeddable":true,"href":"https:\/\/www.cy-package.com\/fr\/wp-json\/wp\/v2\/media\/445"}],"wp:attachment":[{"href":"https:\/\/www.cy-package.com\/fr\/wp-json\/wp\/v2\/media?parent=319"}],"wp:term":[{"taxonomy":"product_brand","embeddable":true,"href":"https:\/\/www.cy-package.com\/fr\/wp-json\/wp\/v2\/product_brand?post=319"},{"taxonomy":"product_cat","embeddable":true,"href":"https:\/\/www.cy-package.com\/fr\/wp-json\/wp\/v2\/product_cat?post=319"},{"taxonomy":"product_tag","embeddable":true,"href":"https:\/\/www.cy-package.com\/fr\/wp-json\/wp\/v2\/product_tag?post=319"}],"curies":[{"name":"wp","href":"https:\/\/api.w.org\/{rel}","templated":true}]}}