{"id":320,"date":"2024-09-05T10:28:17","date_gmt":"2024-09-05T02:28:17","guid":{"rendered":"https:\/\/www.cy-package.com\/?post_type=product&#038;p=320"},"modified":"2024-09-14T20:29:12","modified_gmt":"2024-09-14T12:29:12","slug":"sac-demballage-pour-aliments-seches","status":"publish","type":"product","link":"https:\/\/www.cy-package.com\/fr\/produit\/sac-demballage-pour-aliments-seches\/","title":{"rendered":"Sac d'emballage pour aliments secs"},"content":{"rendered":"<p><\/p>\n<h1>Emballage d&#039;aliments secs<\/h1>\n<p>Les consommateurs soucieux de leur sant\u00e9 optent de plus en plus pour des en-cas plus sains et recherchent \u00e9galement la commodit\u00e9. Les emballages de fruits secs et de noix ont \u00e9volu\u00e9 pour r\u00e9pondre \u00e0 cette demande. Les sacs d&#039;emballage alimentaire herm\u00e9tiques sont devenus le meilleur emballage pour les fruits secs et les noix. Lorsque vous choisissez des fournitures d&#039;emballage pour votre marque, vous voulez qu&#039;elles soient non seulement \u00e9l\u00e9gantes et accrocheuses, mais vous en avez \u00e9galement besoin pour prot\u00e9ger et pr\u00e9server votre produit.<\/p>\n<p><\/p>\n<p>Les jolis sacs en papier kraft sont dot\u00e9s d&#039;un fond plat et d&#039;un design vertical attrayants et adapt\u00e9s \u00e0 la vente au d\u00e9tail, parfaits pour emballer du caf\u00e9 et du th\u00e9 faits \u00e0 la main pour les offrir ou les vendre. Nos sacs d&#039;emballage de haute qualit\u00e9 seront la premi\u00e8re impression de vos produits.<\/p>\n<p>Les sacs d&#039;emballage alimentaire avec valves de d\u00e9gazage unidirectionnelles lib\u00e8rent la pression de l&#039;air emprisonn\u00e9 et du gaz tel que le dioxyde de carbone \u00e9mis par les grains de caf\u00e9, tout en emp\u00eachant l&#039;air ext\u00e9rieur de p\u00e9n\u00e9trer dans les sacs.<\/p>\n<p><\/p>\n<p>Papier kraft\/feuille d&#039;aluminium\/PE de qualit\u00e9 alimentaire, la conception de plastification \u00e0 3 niveaux le rend plus solide, bloque la lumi\u00e8re, prot\u00e8ge le caf\u00e9 des odeurs ou de l&#039;humidit\u00e9, garantit le go\u00fbt du caf\u00e9 ou de la poudre dans le sac, et peut \u00e9galement \u00eatre transport\u00e9 sur de longues distances et adapt\u00e9 \u00e0 la conservation des aliments \u00e0 long terme.<\/p>\n<p>M\u00e9nage et commercial : non seulement pour garantir que le caf\u00e9 est frais \u00e0 la maison, mais \u00e9galement pour stocker d&#039;autres collations aux noix, etc. Utilisation commerciale : vous pouvez apposer votre propre \u00e9tiquette de marque ou tamponner sur la surface comme emballage de vente au d\u00e9tail ou d&#039;\u00e9chantillon. Tailles 8oz\/12oz\/16oz\/32oz disponibles pour diff\u00e9rents besoins.<\/p>\n<p>Tirez sur le ruban adh\u00e9sif pour ouvrir les sacs et ils sont livr\u00e9s avec un sac \u00e0 fermeture \u00e9clair lat\u00e9rale refermable. Ses c\u00f4t\u00e9s scell\u00e9s et son fond plat offrent une r\u00e9sistance maximale, permettant au sac de fonctionner comme une v\u00e9ritable pochette \u00e0 maintien vertical.&nbsp;<\/p>\n<p style=\"text-align: center\"><\/p>\n<div>\n<p><span style=\"font-size: 18px\"><strong>Paramenteurs de produits<\/strong><\/span><\/p>\n<\/div>\n<div>\n<div class=\"nei-table\">\n<p><\/p>\n<div class=\"nei-table\">\n<table width=\"1000\">\n<tbody>\n<tr class=\"firstRow\">\n<td colspan=\"1\" rowspan=\"1\" height=\"20\" width=\"162\">\n<div style=\"text-align: left\"><span>Qualit\u00e9 du mat\u00e9riau :<\/span><\/div>\n<\/td>\n<td colspan=\"1\" rowspan=\"1\" height=\"20\" width=\"837\">\n<div>Mat\u00e9riau de qualit\u00e9 alimentaire<\/div>\n<\/td>\n<\/tr>\n<tr>\n<td colspan=\"1\" rowspan=\"1\" height=\"20\" width=\"162\">\n<div><span>Mat\u00e9riau :<\/span><\/div>\n<\/td>\n<td colspan=\"1\" rowspan=\"1\" height=\"20\" width=\"837\">\n<div><span>PET+VMPET+PE, BOPP+Papier kraft+VMPET+PE,&nbsp;<\/span><span>Feuille d&#039;aluminium&nbsp;<\/span><span>etc.<\/span><\/div>\n<\/td>\n<\/tr>\n<tr>\n<td colspan=\"1\" rowspan=\"1\" height=\"20\" width=\"162\">\n<div><span>Caract\u00e9ristiques :<\/span><\/div>\n<\/td>\n<td colspan=\"1\" rowspan=\"1\" height=\"20\" width=\"837\">\n<div>1) Mat\u00e9riau de qualit\u00e9 alimentaire et impression parfaite<\/p>\n<div data-spm-anchor-id=\"a2700.pc-decorate.0.i62.50563333vYoKlh\">2) Pr\u00e9vention des fuites, excellente protection contre l'humidit\u00e9<\/div>\n<div data-spm-anchor-id=\"a2700.pc-decorate.0.i62.50563333vYoKlh\">3) Fond de fermeture solide et fermeture \u00e0 glissi\u00e8re durable<\/div>\n<\/div>\n<\/td>\n<\/tr>\n<tr>\n<td colspan=\"1\" rowspan=\"1\" height=\"20\" width=\"162\">\n<div><span>Taille et \u00e9paisseur :<\/span><\/div>\n<\/td>\n<td colspan=\"1\" rowspan=\"1\" height=\"20\" width=\"837\">\n<div>Sur mesure en fonction de vos besoins<\/div>\n<\/td>\n<\/tr>\n<tr>\n<td colspan=\"1\" rowspan=\"1\" height=\"20\" width=\"162\">\n<div><span>Type d'encre :<\/span><\/div>\n<\/td>\n<td colspan=\"1\" rowspan=\"1\" height=\"20\" width=\"837\">\n<div>Encre de soja \u00e9cologique de qualit\u00e9 alimentaire<\/div>\n<\/td>\n<\/tr>\n<tr>\n<td colspan=\"1\" rowspan=\"1\" height=\"20\" width=\"162\">\n<div><span>Capacit\u00e9 :<\/span><\/div>\n<\/td>\n<td colspan=\"1\" rowspan=\"1\" height=\"20\" width=\"837\">\n<div>100g, 200g, 250g, 500g, 1000g\/1kg, 2kg, 5kg,8oz-100oz, sur mesure<\/div>\n<\/td>\n<\/tr>\n<tr>\n<td colspan=\"1\" rowspan=\"1\" height=\"20\" width=\"162\">\n<div><span>Application :<\/span><\/div>\n<\/td>\n<td colspan=\"1\" rowspan=\"1\" height=\"20\" width=\"837\">\n<div>Alimentation \/ Caf\u00e9 \/ Nourriture pour animaux \/ Th\u00e9 \/ Snack \/ Noix \/ Prot\u00e9ines de lactos\u00e9rum \/ Graines, etc.<\/div>\n<\/td>\n<\/tr>\n<tr>\n<td colspan=\"1\" rowspan=\"1\" height=\"20\" width=\"162\">\n<div><span>Options de style :<\/span><\/div>\n<\/td>\n<td colspan=\"1\" rowspan=\"1\" height=\"20\" width=\"837\">\n<div>Fond plat, debout, soufflet lat\u00e9ral, fermeture \u00e0 glissi\u00e8re, avec ou sans fen\u00eatre, trou europ\u00e9en, etc.<\/div>\n<\/td>\n<\/tr>\n<tr>\n<td colspan=\"1\" rowspan=\"1\" height=\"20\" width=\"162\">\n<div><span>Contr\u00f4le de la qualit\u00e9 :<\/span><\/div>\n<\/td>\n<td colspan=\"1\" rowspan=\"1\" height=\"20\" width=\"837\">\n<div data-spm-anchor-id=\"a2700.details.0.i14.1410417dX9YP5T\">Des \u00e9quipements de pointe et une \u00e9quipe de contr\u00f4le qualit\u00e9 exp\u00e9riment\u00e9e v\u00e9rifient rigoureusement les mat\u00e9riaux, les produits semi-finis et les produits finis \u00e0 chaque \u00e9tape avant l'exp\u00e9dition.<\/div>\n<\/td>\n<\/tr>\n<\/tbody>\n<\/table>\n<\/div>\n<p><\/p>\n<p><\/p>\n<p><\/p>\n<\/div>\n<p><\/p>\n<p style=\"text-align: center\"><img alt=\"Sac d&#039;emballage pour aliments secs\" title=\"Sac d&#039;emballage pour aliments secs\" \/><\/p>\n<p style=\"text-align: center\"><img alt=\"Sac d&#039;emballage pour aliments secs\" title=\"Sac d&#039;emballage pour aliments secs\" \/><\/p>\n<p><\/p>\n<p style=\"text-align: center\"><\/p>\n<\/div><\/div>\n<\/p><\/div>","protected":false},"excerpt":{"rendered":"<p class=\"wui-p-v-4\">    <span class=\"wui-text-color-accents wui-text-weight-bold\">Marque :<\/span>    <span class=\"wui-text-color-primary\">PACK CY<\/span><\/p>\n<p class=\"wui-p-v-4\">    <span class=\"wui-text-color-accents wui-text-weight-bold\">Origine du produit :<\/span>    <span class=\"wui-text-color-primary\">Chine<\/span><\/p>\n<p class=\"wui-p-v-4\">    <span class=\"wui-text-color-accents wui-text-weight-bold\">D\u00e9lai de livraison :<\/span>    <span class=\"wui-text-color-primary\">D\u00e9lai de livraison de 25 jours<\/span><\/p>\n<p class=\"wui-p-v-4\">1. sac d'emballage en papier kraft Fabriqu\u00e9 \u00e0 partir de papier provenant de sources durables. 50 g\/m2 de papier kraft brun ou blanc avec doublure en polypropyl\u00e8ne. Scellable \u00e0 chaud avec fonction anti-graisse. <br \/>2. sac d'emballage pour aliments s\u00e9ch\u00e9s, disponible en 125g, 150g, 250g, 500g, 1kg. Des liens auto-adh\u00e9sifs s\u00e9par\u00e9s sont disponibles en tan\/blanc\/noir, et des options de sacs \u00e0 fen\u00eatre sont disponibles. <br \/>3. nous fournissons des sacs d'emballage pour aliments s\u00e9ch\u00e9s qui garantissent l'aspect et le go\u00fbt de votre produit le plus longtemps possible.<\/p>","protected":false},"featured_media":449,"comment_status":"open","ping_status":"closed","template":"","meta":{"_seopress_robots_primary_cat":"","_seopress_titles_title":"","_seopress_titles_desc":"","_seopress_robots_index":"","_monsterinsights_skip_tracking":false,"_monsterinsights_sitenote_active":false,"_monsterinsights_sitenote_note":"","_monsterinsights_sitenote_category":0,"_kad_post_transparent":"","_kad_post_title":"","_kad_post_layout":"","_kad_post_sidebar_id":"","_kad_post_content_style":"","_kad_post_vertical_padding":"","_kad_post_feature":"","_kad_post_feature_position":"","_kad_post_header":false,"_kad_post_footer":false},"product_brand":[],"product_cat":[28],"product_tag":[],"class_list":{"0":"post-320","1":"product","2":"type-product","3":"status-publish","4":"has-post-thumbnail","6":"product_cat-food-packaging-bag","8":"first","9":"instock","10":"shipping-taxable","11":"product-type-simple","12":"entry","13":"content-bg","14":"loop-entry"},"_links":{"self":[{"href":"https:\/\/www.cy-package.com\/fr\/wp-json\/wp\/v2\/product\/320","targetHints":{"allow":["GET"]}}],"collection":[{"href":"https:\/\/www.cy-package.com\/fr\/wp-json\/wp\/v2\/product"}],"about":[{"href":"https:\/\/www.cy-package.com\/fr\/wp-json\/wp\/v2\/types\/product"}],"replies":[{"embeddable":true,"href":"https:\/\/www.cy-package.com\/fr\/wp-json\/wp\/v2\/comments?post=320"}],"version-history":[{"count":0,"href":"https:\/\/www.cy-package.com\/fr\/wp-json\/wp\/v2\/product\/320\/revisions"}],"wp:featuredmedia":[{"embeddable":true,"href":"https:\/\/www.cy-package.com\/fr\/wp-json\/wp\/v2\/media\/449"}],"wp:attachment":[{"href":"https:\/\/www.cy-package.com\/fr\/wp-json\/wp\/v2\/media?parent=320"}],"wp:term":[{"taxonomy":"product_brand","embeddable":true,"href":"https:\/\/www.cy-package.com\/fr\/wp-json\/wp\/v2\/product_brand?post=320"},{"taxonomy":"product_cat","embeddable":true,"href":"https:\/\/www.cy-package.com\/fr\/wp-json\/wp\/v2\/product_cat?post=320"},{"taxonomy":"product_tag","embeddable":true,"href":"https:\/\/www.cy-package.com\/fr\/wp-json\/wp\/v2\/product_tag?post=320"}],"curies":[{"name":"wp","href":"https:\/\/api.w.org\/{rel}","templated":true}]}}