{"id":321,"date":"2024-09-05T10:28:17","date_gmt":"2024-09-05T02:28:17","guid":{"rendered":"https:\/\/www.cy-package.com\/?post_type=product&#038;p=321"},"modified":"2024-09-14T20:29:12","modified_gmt":"2024-09-14T12:29:12","slug":"sac-demballage-de-noix","status":"publish","type":"product","link":"https:\/\/www.cy-package.com\/fr\/produit\/sac-demballage-de-noix\/","title":{"rendered":"Sac d'emballage pour aliments \u00e0 base de noix"},"content":{"rendered":"<p><\/p>\n<p><\/p>\n<p style=\"text-align: center\"><strong><span style=\"font-size: 24px\">Sac d&#039;emballage alimentaire pour noix debout<\/span><\/strong><\/p>\n<p><span>Les sachets en plastique sont parfaits pour emballer toutes sortes de collations, comme des confiseries, des biscuits, etc. Les sacs en plastique refermables sont tr\u00e8s conviviaux pour tout le monde car ils sont dot\u00e9s d&#039;une fermeture \u00e9clair pour refermer la pochette. Le fabricant d&#039;emballages de sachets CY propose une vari\u00e9t\u00e9 de sacs en plastique \u00e0 fermeture \u00e9clair avec impression personnalis\u00e9e.<\/span><\/p>\n<p><img decoding=\"async\" src=\"https:\/\/www.cy-package.com\/2833\/2833-202205062236299081.jpg\" title=\"Sac d&#039;emballage pour aliments \u00e0 base de noix\" alt=\"Sac d&#039;emballage pour aliments \u00e0 base de noix\" \/><\/p>\n<p><\/p>\n<p><span>Alors que les gens accordent de plus en plus d\u2019attention \u00e0 la sant\u00e9<\/span><\/p>\n<p><span>manger, les aliments \u00e0 base de noix deviennent de plus en plus&nbsp;<\/span><\/p>\n<p><span>populaire sur le march\u00e9. Les caract\u00e9ristiques des sacs d&#039;emballage de noix sont donc tr\u00e8s importantes pour maintenir la qualit\u00e9 des noix et prolonger leur dur\u00e9e de conservation.<\/span><\/p>\n<p><span><br \/><\/span><\/p>\n<p><span>Les sacs d&#039;emballage de noix doivent \u00eatre flexibles et r\u00e9sistants aux perforations pour \u00e9viter que la coque dure des noix ne perce le sac d&#039;emballage. De plus, ce type de sac d&#039;emballage est plus haut de gamme, mettant en valeur la haute valeur nutritionnelle et la qualit\u00e9 des noix.<\/span><\/p>\n<p><span><br \/><\/span><\/p>\n<p><span>En choisissant le bon sac d\u2019emballage, vous pouvez non seulement garantir la fra\u00eecheur et le go\u00fbt des noix, mais \u00e9galement faire votre part pour prot\u00e9ger l\u2019environnement.<\/span><\/p>\n<h2><\/h2>\n<\/p><\/div>\n<\/p><\/div>","protected":false},"excerpt":{"rendered":"<p class=\"wui-p-v-4\">    <span class=\"wui-text-color-accents wui-text-weight-bold\">Marque :<\/span>    <span class=\"wui-text-color-primary\">PACK CY<\/span><\/p>\n<p class=\"wui-p-v-4\">    <span class=\"wui-text-color-accents wui-text-weight-bold\">Origine du produit :<\/span>    <span class=\"wui-text-color-primary\">Chine<\/span><\/p>\n<p class=\"wui-p-v-4\">    <span class=\"wui-text-color-accents wui-text-weight-bold\">D\u00e9lai de livraison :<\/span>    <span class=\"wui-text-color-primary\">D\u00e9lai de livraison de 25 jours<\/span><\/p>\n<p class=\"wui-p-v-4\">    <span class=\"wui-text-color-accents wui-text-weight-bold\">Capacit\u00e9 d'approvisionnement :<\/span>    <span class=\"wui-text-color-primary\">1200 tonnes\/mois<\/span><\/p>\n<p class=\"wui-p-v-4\">Structure du mat\u00e9riau : papier kraft\/VMPET\/PE, papier kraft\/Al\/PE, papier kraft\/KPET\/PE, PET\/VMPET\/NY\/PE<\/p>\n<p>Application : Emballage de th\u00e9, emballage de snacks, emballage de caf\u00e9 et emballage de noix.<\/p>\n<p>D\u00e9lai de livraison : 30 jours<br \/>1. pas de fissure, pas de fuite, pas de d\u00e9lamination, r\u00e9tention du parfum, r\u00e9sistance \u00e0 la perforation, r\u00e9sistance \u00e0 l'acide, etc.<br \/>2. les grands sacs d'emballage personnalis\u00e9s ont une grande capacit\u00e9 et un support solide.<br \/>3. le sac recyclable est respectueux de l'environnement.<\/p>","protected":false},"featured_media":453,"comment_status":"open","ping_status":"closed","template":"","meta":{"_seopress_robots_primary_cat":"","_seopress_titles_title":"","_seopress_titles_desc":"","_seopress_robots_index":"","_monsterinsights_skip_tracking":false,"_monsterinsights_sitenote_active":false,"_monsterinsights_sitenote_note":"","_monsterinsights_sitenote_category":0,"_kad_post_transparent":"","_kad_post_title":"","_kad_post_layout":"","_kad_post_sidebar_id":"","_kad_post_content_style":"","_kad_post_vertical_padding":"","_kad_post_feature":"","_kad_post_feature_position":"","_kad_post_header":false,"_kad_post_footer":false},"product_brand":[],"product_cat":[28],"product_tag":[],"class_list":{"0":"post-321","1":"product","2":"type-product","3":"status-publish","4":"has-post-thumbnail","6":"product_cat-food-packaging-bag","8":"first","9":"instock","10":"shipping-taxable","11":"product-type-simple","12":"entry","13":"content-bg","14":"loop-entry"},"_links":{"self":[{"href":"https:\/\/www.cy-package.com\/fr\/wp-json\/wp\/v2\/product\/321","targetHints":{"allow":["GET"]}}],"collection":[{"href":"https:\/\/www.cy-package.com\/fr\/wp-json\/wp\/v2\/product"}],"about":[{"href":"https:\/\/www.cy-package.com\/fr\/wp-json\/wp\/v2\/types\/product"}],"replies":[{"embeddable":true,"href":"https:\/\/www.cy-package.com\/fr\/wp-json\/wp\/v2\/comments?post=321"}],"version-history":[{"count":0,"href":"https:\/\/www.cy-package.com\/fr\/wp-json\/wp\/v2\/product\/321\/revisions"}],"wp:featuredmedia":[{"embeddable":true,"href":"https:\/\/www.cy-package.com\/fr\/wp-json\/wp\/v2\/media\/453"}],"wp:attachment":[{"href":"https:\/\/www.cy-package.com\/fr\/wp-json\/wp\/v2\/media?parent=321"}],"wp:term":[{"taxonomy":"product_brand","embeddable":true,"href":"https:\/\/www.cy-package.com\/fr\/wp-json\/wp\/v2\/product_brand?post=321"},{"taxonomy":"product_cat","embeddable":true,"href":"https:\/\/www.cy-package.com\/fr\/wp-json\/wp\/v2\/product_cat?post=321"},{"taxonomy":"product_tag","embeddable":true,"href":"https:\/\/www.cy-package.com\/fr\/wp-json\/wp\/v2\/product_tag?post=321"}],"curies":[{"name":"wp","href":"https:\/\/api.w.org\/{rel}","templated":true}]}}