{"id":349,"date":"2024-09-05T10:28:41","date_gmt":"2024-09-05T02:28:41","guid":{"rendered":"https:\/\/www.cy-package.com\/?post_type=product&#038;p=349"},"modified":"2026-01-20T17:07:24","modified_gmt":"2026-01-20T09:07:24","slug":"sac-demballage-alimentaire-a-sceller-sur-3-cotes-impression-personnalisee-2","status":"publish","type":"product","link":"https:\/\/www.cy-package.com\/fr\/produit\/sac-demballage-alimentaire-a-sceller-sur-3-cotes-impression-personnalisee-2\/","title":{"rendered":"Sac d'emballage alimentaire \u00e0 scellage sur 3 c\u00f4t\u00e9s avec impression personnalis\u00e9e"},"content":{"rendered":"<div style=\"text-align: center;\"><span style=\"font-size: 24px;\"><strong><em>Contactez-nous ! Obtenir un \u00e9chantillon gratuit !<\/em><\/strong><\/span><\/div>\n<p><span style=\"font-size: 20px;\"><strong><em>CONSEILS :<\/em><\/strong><\/span><br \/>\n1. support de la personnalisation OEM\/ODM ????<strong>N'h\u00e9sitez pas \u00e0 nous contacter ?<\/strong><br \/>\n2. il existe actuellement des offres sp\u00e9ciales. Vous pouvez les obtenir en <strong>envoyer une demande de renseignements ?<\/strong><br \/>\n3. \u00e9chantillon de soutien, besoin d'un \u00e9chantillon pour <strong>envoyer une demande de renseignements pour nous contacter ?<\/strong><\/p>\n<p>&nbsp;<\/p>\n<p style=\"text-align: center;\"><strong><span style=\"font-size: 20px;\">Sac d'emballage alimentaire \u00e0 3 soudures lat\u00e9rales<\/span><\/strong><\/p>\n<p>CYPACK propose des sacs \u00e0 3 soudures imprim\u00e9s sur mesure. Le sac \u00e0 3 soudures est similaire \u00e0 un sac \u00e0 4 soudures. La principale diff\u00e9rence est que les panneaux avant et arri\u00e8re du sac sont scell\u00e9s sur 3 c\u00f4t\u00e9s et pli\u00e9s sur 1 c\u00f4t\u00e9. G\u00e9n\u00e9ralement, le c\u00f4t\u00e9 inf\u00e9rieur du sac est pli\u00e9, ce qui permet au sac de fl\u00e9chir et aux produits de se d\u00e9poser correctement au fond. Ce type de sac est tr\u00e8s appr\u00e9ci\u00e9 pour le caf\u00e9 moulu, les \u00e9pices, les liquides et autres produits similaires. Ce format de sac est \u00e9galement une bonne option lorsque l'uniformit\u00e9 de l'emballage est importante. Par exemple, dans certains cas, plusieurs sacs \u00e0 3 soudures lat\u00e9rales sont emball\u00e9s dans une bo\u00eete pliante ou un carton. La bo\u00eete est ensuite expos\u00e9e en rayon pour la vente au d\u00e9tail. Les consommateurs peuvent ainsi acheter plusieurs paquets dans un m\u00eame carton. Ce type de sac permet d'apposer une marque sur les faces avant et arri\u00e8re.<\/p>\n<h2>Avantage de 3 sacs Side Seal :<\/h2>\n<ul class=\"list-paddingleft-2\">\n<li>Une option d'emballage flexible \u00e9conomique<\/li>\n<li>Volume de sac plus important que le sac \u00e0 4 soudures lat\u00e9rales<\/li>\n<li>Bonne uniformit\u00e9 de l'emballage pour la mise en carton<\/li>\n<li>Facilit\u00e9 d'acc\u00e8s aux produits avec l'encoche d'arrachage<\/li>\n<li>Peut \u00eatre utilis\u00e9 pour des applications d'emballage \u00e0 grande vitesse<\/li>\n<li>Stockage et transport \u00e9conomiques<\/li>\n<li>Impression en h\u00e9liogravure jusqu'\u00e0 10 couleurs<\/li>\n<li>Finition brillante, mate ou UV<\/li>\n<li>Des structures de mat\u00e9riaux m\u00e9tallis\u00e9s et non m\u00e9tallis\u00e9s peuvent \u00eatre utilis\u00e9es.<\/li>\n<\/ul>\n<div>\n<p><span style=\"font-size: 18px;\"><strong>Paramenteurs de produits<\/strong><\/span><\/p>\n<\/div>\n<div>\n<div class=\"nei-table\">\n<div class=\"nei-table\">\n<table width=\"1000\">\n<tbody>\n<tr class=\"firstRow\">\n<td colspan=\"1\" rowspan=\"1\" width=\"162\" height=\"20\">\n<div style=\"text-align: left;\">Qualit\u00e9 du mat\u00e9riau :<\/div>\n<\/td>\n<td colspan=\"1\" rowspan=\"1\" width=\"837\" height=\"20\">\n<div>Mat\u00e9riau de qualit\u00e9 alimentaire<\/div>\n<\/td>\n<\/tr>\n<tr>\n<td colspan=\"1\" rowspan=\"1\" width=\"162\" height=\"20\">\n<div>Mat\u00e9riau :<\/div>\n<\/td>\n<td colspan=\"1\" rowspan=\"1\" width=\"837\" height=\"20\">\n<div>PET+VMPET+PE, BOPP+Kraft Paper+VMPET+PE,\u00a0Aluminum Foil\u00a0etc<\/div>\n<\/td>\n<\/tr>\n<tr>\n<td colspan=\"1\" rowspan=\"1\" width=\"162\" height=\"20\">\n<div>Caract\u00e9ristiques :<\/div>\n<\/td>\n<td colspan=\"1\" rowspan=\"1\" width=\"837\" height=\"20\">\n<div>\n<p>1) Mat\u00e9riau de qualit\u00e9 alimentaire et impression parfaite<\/p>\n<div data-spm-anchor-id=\"a2700.pc-decorate.0.i62.50563333vYoKlh\">2) Pr\u00e9vention des fuites, excellente protection contre l'humidit\u00e9<\/div>\n<div data-spm-anchor-id=\"a2700.pc-decorate.0.i62.50563333vYoKlh\">3) Fond de fermeture solide et fermeture \u00e0 glissi\u00e8re durable<\/div>\n<\/div>\n<\/td>\n<\/tr>\n<tr>\n<td colspan=\"1\" rowspan=\"1\" width=\"162\" height=\"20\">\n<div>Taille et \u00e9paisseur :<\/div>\n<\/td>\n<td colspan=\"1\" rowspan=\"1\" width=\"837\" height=\"20\">\n<div>Sur mesure en fonction de vos besoins<\/div>\n<\/td>\n<\/tr>\n<tr>\n<td colspan=\"1\" rowspan=\"1\" width=\"162\" height=\"20\">\n<div>Type d'encre :<\/div>\n<\/td>\n<td colspan=\"1\" rowspan=\"1\" width=\"837\" height=\"20\">\n<div>Encre de soja \u00e9cologique de qualit\u00e9 alimentaire<\/div>\n<\/td>\n<\/tr>\n<tr>\n<td colspan=\"1\" rowspan=\"1\" width=\"162\" height=\"20\">\n<div>Capacit\u00e9 :<\/div>\n<\/td>\n<td colspan=\"1\" rowspan=\"1\" width=\"837\" height=\"20\">\n<div>100g, 200g, 250g, 500g, 1000g\/1kg, 2kg, 5kg,8oz-100oz, sur mesure<\/div>\n<\/td>\n<\/tr>\n<tr>\n<td colspan=\"1\" rowspan=\"1\" width=\"162\" height=\"20\">\n<div>Application :<\/div>\n<\/td>\n<td colspan=\"1\" rowspan=\"1\" width=\"837\" height=\"20\">\n<div>Alimentation \/ Caf\u00e9 \/ Nourriture pour animaux \/ Th\u00e9 \/ Snack \/ Noix \/ Prot\u00e9ines de lactos\u00e9rum \/ Graines, etc.<\/div>\n<\/td>\n<\/tr>\n<tr>\n<td colspan=\"1\" rowspan=\"1\" width=\"162\" height=\"20\">\n<div>Options de style :<\/div>\n<\/td>\n<td colspan=\"1\" rowspan=\"1\" width=\"837\" height=\"20\">\n<div>Fond plat, debout, soufflet lat\u00e9ral, fermeture \u00e0 glissi\u00e8re, avec ou sans fen\u00eatre, trou europ\u00e9en, etc.<\/div>\n<\/td>\n<\/tr>\n<tr>\n<td colspan=\"1\" rowspan=\"1\" width=\"162\" height=\"20\">\n<div>Contr\u00f4le de la qualit\u00e9 :<\/div>\n<\/td>\n<td colspan=\"1\" rowspan=\"1\" width=\"837\" height=\"20\">\n<div data-spm-anchor-id=\"a2700.details.0.i14.1410417dX9YP5T\">Des \u00e9quipements de pointe et une \u00e9quipe de contr\u00f4le qualit\u00e9 exp\u00e9riment\u00e9e v\u00e9rifient rigoureusement les mat\u00e9riaux, les produits semi-finis et les produits finis \u00e0 chaque \u00e9tape avant l'exp\u00e9dition.<\/div>\n<\/td>\n<\/tr>\n<\/tbody>\n<\/table>\n<\/div>\n<\/div>\n<p style=\"text-align: center;\">\n<\/div>","protected":false},"excerpt":{"rendered":"<p class=\"wui-p-v-4\"><span class=\"wui-text-color-accents wui-text-weight-bold\">Marque :<\/span> <span class=\"wui-text-color-primary\">PACK CY<\/span><\/p>\n<p class=\"wui-p-v-4\"><span class=\"wui-text-color-accents wui-text-weight-bold\">Origine du produit :<\/span> <span class=\"wui-text-color-primary\">Chine<\/span><\/p>\n<p class=\"wui-p-v-4\"><span class=\"wui-text-color-accents wui-text-weight-bold\">D\u00e9lai de livraison :<\/span> <span class=\"wui-text-color-primary\">D\u00e9lai de livraison de 25 jours<\/span><\/p>\n<p class=\"wui-p-v-4\">Une option d'emballage flexible \u00e9conomique<br \/>\nVolume de sac plus important que le sac \u00e0 4 soudures lat\u00e9rales<br \/>\nBonne uniformit\u00e9 de l'emballage pour la mise en carton<br \/>\nFacilit\u00e9 d'acc\u00e8s aux produits avec l'encoche d'arrachage<br \/>\nPeut \u00eatre utilis\u00e9 pour des applications d'emballage \u00e0 grande vitesse<br \/>\nStockage et transport \u00e9conomiques<br \/>\nImpression en h\u00e9liogravure jusqu'\u00e0 10 couleurs<br \/>\nFinition brillante, mate ou UV<br \/>\nDes structures de mat\u00e9riaux m\u00e9tallis\u00e9s et non m\u00e9tallis\u00e9s peuvent \u00eatre utilis\u00e9es.<\/p>","protected":false},"featured_media":473,"comment_status":"open","ping_status":"closed","template":"","meta":{"_seopress_robots_primary_cat":"none","_seopress_titles_title":"","_seopress_titles_desc":"","_seopress_robots_index":"","_monsterinsights_skip_tracking":false,"_monsterinsights_sitenote_active":false,"_monsterinsights_sitenote_note":"","_monsterinsights_sitenote_category":0,"_kad_post_transparent":"default","_kad_post_title":"","_kad_post_layout":"default","_kad_post_sidebar_id":"","_kad_post_content_style":"default","_kad_post_vertical_padding":"default","_kad_post_feature":"","_kad_post_feature_position":"","_kad_post_header":false,"_kad_post_footer":false},"product_brand":[],"product_cat":[28],"product_tag":[],"class_list":{"0":"post-349","1":"product","2":"type-product","3":"status-publish","4":"has-post-thumbnail","6":"product_cat-food-packaging-bag","8":"first","9":"instock","10":"shipping-taxable","11":"product-type-simple","12":"entry","13":"content-bg","14":"loop-entry"},"_links":{"self":[{"href":"https:\/\/www.cy-package.com\/fr\/wp-json\/wp\/v2\/product\/349","targetHints":{"allow":["GET"]}}],"collection":[{"href":"https:\/\/www.cy-package.com\/fr\/wp-json\/wp\/v2\/product"}],"about":[{"href":"https:\/\/www.cy-package.com\/fr\/wp-json\/wp\/v2\/types\/product"}],"replies":[{"embeddable":true,"href":"https:\/\/www.cy-package.com\/fr\/wp-json\/wp\/v2\/comments?post=349"}],"version-history":[{"count":2,"href":"https:\/\/www.cy-package.com\/fr\/wp-json\/wp\/v2\/product\/349\/revisions"}],"predecessor-version":[{"id":2358,"href":"https:\/\/www.cy-package.com\/fr\/wp-json\/wp\/v2\/product\/349\/revisions\/2358"}],"wp:featuredmedia":[{"embeddable":true,"href":"https:\/\/www.cy-package.com\/fr\/wp-json\/wp\/v2\/media\/473"}],"wp:attachment":[{"href":"https:\/\/www.cy-package.com\/fr\/wp-json\/wp\/v2\/media?parent=349"}],"wp:term":[{"taxonomy":"product_brand","embeddable":true,"href":"https:\/\/www.cy-package.com\/fr\/wp-json\/wp\/v2\/product_brand?post=349"},{"taxonomy":"product_cat","embeddable":true,"href":"https:\/\/www.cy-package.com\/fr\/wp-json\/wp\/v2\/product_cat?post=349"},{"taxonomy":"product_tag","embeddable":true,"href":"https:\/\/www.cy-package.com\/fr\/wp-json\/wp\/v2\/product_tag?post=349"}],"curies":[{"name":"wp","href":"https:\/\/api.w.org\/{rel}","templated":true}]}}