{"id":367,"date":"2024-09-05T10:29:01","date_gmt":"2024-09-05T02:29:01","guid":{"rendered":"https:\/\/www.cy-package.com\/?post_type=product&#038;p=367"},"modified":"2025-11-28T17:03:58","modified_gmt":"2025-11-28T09:03:58","slug":"sac-demballage-daliments-pour-animaux-de-compagnie-a-fermeture-a-glissiere-et-a-quadruple-soudure","status":"publish","type":"product","link":"https:\/\/www.cy-package.com\/fr\/produit\/sac-demballage-daliments-pour-animaux-de-compagnie-a-fermeture-a-glissiere-et-a-quadruple-soudure\/","title":{"rendered":"Sac d&#039;emballage pour aliments pour animaux de compagnie avec fermeture \u00e0 glissi\u00e8re coulissante et joint quadruple"},"content":{"rendered":"<p style=\"text-align: center;\">Sacs refermables \u00e0 fermeture \u00e9clair pour aliments pour animaux de compagnie 5kg 10kg 15kg 20kg 25kg sacs d'emballage en plastique pour aliments pour chiens<\/p>\n<p>&nbsp;<\/p>\n<div style=\"text-align: center;\"><span style=\"font-size: 24px;\"><strong><em>Contactez-nous ! Obtenir un \u00e9chantillon gratuit !<\/em><\/strong><\/span><\/div>\n<p><span style=\"font-size: 20px;\"><strong><em>CONSEILS :<\/em><\/strong><\/span><br \/>\n1. support de la personnalisation OEM\/ODM ????<strong>N'h\u00e9sitez pas \u00e0 nous contacter ?<\/strong><br \/>\n2. il existe actuellement des offres sp\u00e9ciales. Vous pouvez les obtenir en <strong>envoyer une demande de renseignements ?<\/strong><br \/>\n3. \u00e9chantillon de soutien, besoin d'un \u00e9chantillon pour <strong>envoyer une demande de renseignements pour nous contacter ?<\/strong><\/p>\n<p>&nbsp;<\/p>\n<div>\n<p><span style=\"font-size: 18px;\"><strong>Paramenteurs de produits<\/strong><\/span><\/p>\n<\/div>\n<div>\n<div class=\"nei-table\">\n<table width=\"1000\">\n<tbody>\n<tr class=\"firstRow\">\n<td colspan=\"1\" rowspan=\"1\" width=\"162\" height=\"20\">\n<div style=\"text-align: left;\">Qualit\u00e9 du mat\u00e9riau :<\/div>\n<\/td>\n<td colspan=\"1\" rowspan=\"1\" width=\"837\" height=\"20\">\n<div>Mat\u00e9riau de qualit\u00e9 alimentaire<\/div>\n<\/td>\n<\/tr>\n<tr>\n<td colspan=\"1\" rowspan=\"1\" width=\"162\" height=\"20\">\n<div>Mat\u00e9riau :<\/div>\n<\/td>\n<td colspan=\"1\" rowspan=\"1\" width=\"837\" height=\"20\">\n<div>PET+VMPET+PE, BOPP+papier kraft+VMPET+PE, etc.<\/div>\n<\/td>\n<\/tr>\n<tr>\n<td colspan=\"1\" rowspan=\"1\" width=\"162\" height=\"20\">\n<div>Caract\u00e9ristiques :<\/div>\n<\/td>\n<td colspan=\"1\" rowspan=\"1\" width=\"837\" height=\"20\">\n<div>\n<p>1) Mat\u00e9riau de qualit\u00e9 alimentaire et impression parfaite<\/p>\n<div data-spm-anchor-id=\"a2700.pc-decorate.0.i62.50563333vYoKlh\">2) Pr\u00e9vention des fuites, excellente protection contre l'humidit\u00e9<\/div>\n<div data-spm-anchor-id=\"a2700.pc-decorate.0.i62.50563333vYoKlh\">3) Fond de fermeture solide et fermeture \u00e0 glissi\u00e8re durable<\/div>\n<\/div>\n<\/td>\n<\/tr>\n<tr>\n<td colspan=\"1\" rowspan=\"1\" width=\"162\" height=\"20\">\n<div>Taille et \u00e9paisseur :<\/div>\n<\/td>\n<td colspan=\"1\" rowspan=\"1\" width=\"837\" height=\"20\">\n<div>Sur mesure en fonction de vos besoins<\/div>\n<\/td>\n<\/tr>\n<tr>\n<td colspan=\"1\" rowspan=\"1\" width=\"162\" height=\"20\">\n<div>Type d'encre :<\/div>\n<\/td>\n<td colspan=\"1\" rowspan=\"1\" width=\"837\" height=\"20\">\n<div>Encre de soja \u00e9cologique de qualit\u00e9 alimentaire<\/div>\n<\/td>\n<\/tr>\n<tr>\n<td colspan=\"1\" rowspan=\"1\" width=\"162\" height=\"20\">\n<div>Capacit\u00e9 :<\/div>\n<\/td>\n<td colspan=\"1\" rowspan=\"1\" width=\"837\" height=\"20\">\n<div>100g, 200g, 250g, 500g, 1000g\/1kg, 2kg, 5kg,8oz-100oz, sur mesure<\/div>\n<\/td>\n<\/tr>\n<tr>\n<td colspan=\"1\" rowspan=\"1\" width=\"162\" height=\"20\">\n<div>Application :<\/div>\n<\/td>\n<td colspan=\"1\" rowspan=\"1\" width=\"837\" height=\"20\">\n<div>Alimentation \/ Caf\u00e9 \/ Nourriture pour animaux \/ Th\u00e9 \/ Snack \/ Noix \/ Prot\u00e9ines de lactos\u00e9rum \/ Graines, etc.<\/div>\n<\/td>\n<\/tr>\n<tr>\n<td colspan=\"1\" rowspan=\"1\" width=\"162\" height=\"20\">\n<div>Options de style :<\/div>\n<\/td>\n<td colspan=\"1\" rowspan=\"1\" width=\"837\" height=\"20\">\n<div>Fond plat, debout, soufflet lat\u00e9ral, fermeture \u00e0 glissi\u00e8re, avec ou sans fen\u00eatre, trou europ\u00e9en, etc.<\/div>\n<\/td>\n<\/tr>\n<tr>\n<td colspan=\"1\" rowspan=\"1\" width=\"162\" height=\"20\">\n<div>Contr\u00f4le de la qualit\u00e9 :<\/div>\n<\/td>\n<td colspan=\"1\" rowspan=\"1\" width=\"837\" height=\"20\">\n<div data-spm-anchor-id=\"a2700.details.0.i14.1410417dX9YP5T\">Des \u00e9quipements de pointe et une \u00e9quipe de contr\u00f4le qualit\u00e9 exp\u00e9riment\u00e9e v\u00e9rifient rigoureusement les mat\u00e9riaux, les produits semi-finis et les produits finis \u00e0 chaque \u00e9tape avant l'exp\u00e9dition.<\/div>\n<\/td>\n<\/tr>\n<\/tbody>\n<\/table>\n<\/div>\n<p>&nbsp;<\/p>\n<p>&nbsp;<\/p>\n<h2><strong>Flux de travail pour la pr\u00e9production :<\/strong><\/h2>\n<p>1. Fournissez-nous des informations d\u00e9taill\u00e9es sur la pochette que vous souhaitez fabriquer, telles que l'utilisation, la taille, le dessin, la structure et l'\u00e9paisseur, etc. Si n\u00e9cessaire, nous pouvons \u00e9galement vous faire part de nos bonnes suggestions professionnelles.<\/p>\n<p>2. Nous \u00e9tablirons un devis en cons\u00e9quence apr\u00e8s avoir re\u00e7u toutes les informations concernant la pochette.<\/p>\n<p>3. Une fois le prix confirm\u00e9 par les deux parties, nous commencerons \u00e0 travailler sur le traitement de la maquette (pour information, nous devons transformer la maquette en une version r\u00e9alisable pour l'impression en h\u00e9liogravure).<\/p>\n<p>4. Mise en place de l'\u00e9talon de couleur.<\/p>\n<p>5. Confirmer l'\u0153uvre d'art et signer le contrat.<\/p>\n<p>6. Les acheteurs doivent pr\u00e9payer le cylindre (co\u00fbt d'impression) et 40% le paiement anticip\u00e9 de la commande.<\/p>\n<p>7. Nous commencerons ensuite \u00e0 produire des produits en quantit\u00e9 pour vous.<\/p>\n<p>&nbsp;<\/p>\n<p style=\"text-align: center;\"><img decoding=\"async\" title=\"Sac d&#039;emballage pour aliments pour animaux de compagnie avec fermeture \u00e0 glissi\u00e8re coulissante et joint quadruple\" src=\"https:\/\/www.cy-package.com\/2833\/2833-202205101531375239.jpg\" alt=\"Sac d&#039;emballage pour aliments pour animaux de compagnie avec fermeture \u00e0 glissi\u00e8re coulissante et joint quadruple\" \/><\/p>\n<p><img decoding=\"async\" title=\"Sac d&#039;emballage pour aliments pour animaux de compagnie avec fermeture \u00e0 glissi\u00e8re coulissante et joint quadruple\" src=\"https:\/\/www.cy-package.com\/2833\/2833-202205101532126279.jpg\" alt=\"Sac d&#039;emballage pour aliments pour animaux de compagnie avec fermeture \u00e0 glissi\u00e8re coulissante et joint quadruple\" \/><\/p>\n<p style=\"text-align: center;\"><img decoding=\"async\" title=\"Sac d&#039;emballage pour aliments pour animaux de compagnie avec fermeture \u00e0 glissi\u00e8re coulissante et joint quadruple\" src=\"https:\/\/www.cy-package.com\/2833\/2833-202205052254029344.jpg\" alt=\"Sac d&#039;emballage pour aliments pour animaux de compagnie avec fermeture \u00e0 glissi\u00e8re coulissante et joint quadruple\" \/><\/p>\n<p style=\"text-align: center;\"><img decoding=\"async\" title=\"Sac d&#039;emballage pour aliments pour animaux de compagnie avec fermeture \u00e0 glissi\u00e8re coulissante et joint quadruple\" src=\"https:\/\/www.cy-package.com\/2833\/2833-202205052254023652.jpg\" alt=\"Sac d&#039;emballage pour aliments pour animaux de compagnie avec fermeture \u00e0 glissi\u00e8re coulissante et joint quadruple\" \/><\/p>\n<p>&nbsp;<\/p>\n<p style=\"text-align: center;\">\n<\/div>","protected":false},"excerpt":{"rendered":"<p class=\"wui-p-v-4\"><span class=\"wui-text-color-accents wui-text-weight-bold\">Marque :<\/span> <span class=\"wui-text-color-primary\">PACK CY<\/span><\/p>\n<p class=\"wui-p-v-4\"><span class=\"wui-text-color-accents wui-text-weight-bold\">Origine du produit :<\/span> <span class=\"wui-text-color-primary\">Chine<\/span><\/p>\n<p class=\"wui-p-v-4\"><span class=\"wui-text-color-accents wui-text-weight-bold\">D\u00e9lai de livraison :<\/span> <span class=\"wui-text-color-primary\">D\u00e9lai de livraison de 25 jours<\/span><\/p>\n<p class=\"wui-p-v-4\"><span class=\"wui-text-color-accents wui-text-weight-bold\">Capacit\u00e9 d'approvisionnement :<\/span> <span class=\"wui-text-color-primary\">1200 tonnes\/mois<\/span><\/p>\n<p class=\"wui-p-v-4\">Ce sac \u00e0 fond plat tr\u00e8s recherch\u00e9 offre une incroyable stabilit\u00e9 en rayon gr\u00e2ce \u00e0 son fond robuste et plat. Le fond \u00e9tant plat et s\u00fbr, le sac \u00e0 fond plat est la solution d'emballage id\u00e9ale pour de nombreux produits de consommation tels que les c\u00e9r\u00e9ales, le riz, le caf\u00e9, le th\u00e9 ou les aliments pour animaux de compagnie. Les marques haut de gamme dans les secteurs des aliments pour animaux, de la nutrition sportive, des c\u00e9r\u00e9ales et du caf\u00e9 s'orientent rapidement vers ce format d'emballage.<\/p>","protected":false},"featured_media":482,"comment_status":"open","ping_status":"closed","template":"","meta":{"_seopress_robots_primary_cat":"none","_seopress_titles_title":"Slider Zipper Quad Seal Pet Food Packaging Bag","_seopress_titles_desc":"Sustainable, durable, and customizable flexible quad seal packaging designed to protect and promote your products. Trusted by top brands across industries.","_seopress_robots_index":"","_monsterinsights_skip_tracking":false,"_monsterinsights_sitenote_active":false,"_monsterinsights_sitenote_note":"","_monsterinsights_sitenote_category":0,"_kad_post_transparent":"default","_kad_post_title":"","_kad_post_layout":"default","_kad_post_sidebar_id":"","_kad_post_content_style":"default","_kad_post_vertical_padding":"default","_kad_post_feature":"","_kad_post_feature_position":"","_kad_post_header":false,"_kad_post_footer":false},"product_brand":[],"product_cat":[28,38],"product_tag":[],"class_list":{"0":"post-367","1":"product","2":"type-product","3":"status-publish","4":"has-post-thumbnail","6":"product_cat-food-packaging-bag","7":"product_cat-pouches-for-pet-treats","9":"first","10":"instock","11":"shipping-taxable","12":"product-type-simple","13":"entry","14":"content-bg","15":"loop-entry"},"_links":{"self":[{"href":"https:\/\/www.cy-package.com\/fr\/wp-json\/wp\/v2\/product\/367","targetHints":{"allow":["GET"]}}],"collection":[{"href":"https:\/\/www.cy-package.com\/fr\/wp-json\/wp\/v2\/product"}],"about":[{"href":"https:\/\/www.cy-package.com\/fr\/wp-json\/wp\/v2\/types\/product"}],"replies":[{"embeddable":true,"href":"https:\/\/www.cy-package.com\/fr\/wp-json\/wp\/v2\/comments?post=367"}],"version-history":[{"count":1,"href":"https:\/\/www.cy-package.com\/fr\/wp-json\/wp\/v2\/product\/367\/revisions"}],"predecessor-version":[{"id":2233,"href":"https:\/\/www.cy-package.com\/fr\/wp-json\/wp\/v2\/product\/367\/revisions\/2233"}],"wp:featuredmedia":[{"embeddable":true,"href":"https:\/\/www.cy-package.com\/fr\/wp-json\/wp\/v2\/media\/482"}],"wp:attachment":[{"href":"https:\/\/www.cy-package.com\/fr\/wp-json\/wp\/v2\/media?parent=367"}],"wp:term":[{"taxonomy":"product_brand","embeddable":true,"href":"https:\/\/www.cy-package.com\/fr\/wp-json\/wp\/v2\/product_brand?post=367"},{"taxonomy":"product_cat","embeddable":true,"href":"https:\/\/www.cy-package.com\/fr\/wp-json\/wp\/v2\/product_cat?post=367"},{"taxonomy":"product_tag","embeddable":true,"href":"https:\/\/www.cy-package.com\/fr\/wp-json\/wp\/v2\/product_tag?post=367"}],"curies":[{"name":"wp","href":"https:\/\/api.w.org\/{rel}","templated":true}]}}