{"id":1078,"date":"2024-11-05T11:09:42","date_gmt":"2024-11-05T03:09:42","guid":{"rendered":"https:\/\/www.cy-package.com\/?post_type=product&#038;p=1078"},"modified":"2026-01-20T10:27:09","modified_gmt":"2026-01-20T02:27:09","slug":"sacos-plasticos-para-embalagem-de-alimentos-com-fundo-plano-2","status":"publish","type":"product","link":"https:\/\/www.cy-package.com\/pt\/produto\/sacos-plasticos-para-embalagem-de-alimentos-com-fundo-plano-2\/","title":{"rendered":"Embalagens flex\u00edveis personalizadas com fecho de correr impresso stand up pouches"},"content":{"rendered":"<p><span style=\"color: #0e37b3; font-size: 24px;\"><strong style=\"font-family: var(--global-body-font-family);\">Par\u00e2metros do produto<\/strong><\/span><\/p>\n<div>\n<div class=\"nei-table\">\n<div>\n<table style=\"border-collapse: collapse; width: 100%;\">\n<tbody>\n<tr>\n<td style=\"width: 19.8374%;\">Material:<\/td>\n<td style=\"width: 80.1626%;\">PET+VMPET+PE, BOPP+papel kraft+VMPET+PE, etc<\/td>\n<\/tr>\n<tr>\n<td style=\"width: 19.8374%;\">Tipo de tinta:<\/td>\n<td style=\"width: 80.1626%;\">Tinta de soja de qualidade alimentar ecol\u00f3gica<\/td>\n<\/tr>\n<tr>\n<td style=\"width: 19.8374%;\">Aplicativo:<\/td>\n<td style=\"width: 80.1626%;\">Alimentos \/ Caf\u00e9 \/ Ra\u00e7\u00e3o para animais de estima\u00e7\u00e3o \/ Ch\u00e1 \/ Lanche \/ Nozes \/ Prote\u00edna de soro de leite \/ Sementes, etc.<\/td>\n<\/tr>\n<tr>\n<td style=\"width: 19.8374%;\">Op\u00e7\u00f5es de estilo:<\/td>\n<td style=\"width: 80.1626%;\">Fundo plano, vertical, refor\u00e7o lateral, z\u00edper na parte superior, com\/sem janela, furo europeu, etc.<\/td>\n<\/tr>\n<tr>\n<td style=\"width: 19.8374%;\">Controle de qualidade:<\/td>\n<td style=\"width: 80.1626%;\">Equipamentos avan\u00e7ados e equipe de controle de qualidade experiente verificar\u00e3o o material, os produtos semiacabados e acabados rigorosamente em todas as etapas antes do envio.<\/td>\n<\/tr>\n<\/tbody>\n<\/table>\n<\/div>\n<\/div>\n<\/div>\n<p>&nbsp;<\/p>\n<p><img fetchpriority=\"high\" decoding=\"async\" class=\"size-medium wp-image-1100 aligncenter\" src=\"https:\/\/www.cy-package.com\/wp-content\/uploads\/2024\/11\/5-300x300.jpg\" alt=\"bolsas de p\u00e9\" width=\"300\" height=\"300\" srcset=\"https:\/\/www.cy-package.com\/wp-content\/uploads\/2024\/11\/5-300x300.jpg 300w, https:\/\/www.cy-package.com\/wp-content\/uploads\/2024\/11\/5-1024x1024.jpg 1024w, https:\/\/www.cy-package.com\/wp-content\/uploads\/2024\/11\/5-150x150.jpg 150w, https:\/\/www.cy-package.com\/wp-content\/uploads\/2024\/11\/5-768x768.jpg 768w, https:\/\/www.cy-package.com\/wp-content\/uploads\/2024\/11\/5-12x12.jpg 12w, https:\/\/www.cy-package.com\/wp-content\/uploads\/2024\/11\/5-600x600.jpg 600w, https:\/\/www.cy-package.com\/wp-content\/uploads\/2024\/11\/5-800x800.jpg 800w, https:\/\/www.cy-package.com\/wp-content\/uploads\/2024\/11\/5-100x100.jpg 100w, https:\/\/www.cy-package.com\/wp-content\/uploads\/2024\/11\/5.jpg 1500w\" sizes=\"(max-width: 300px) 100vw, 300px\" \/><\/p>\n<div>\n<h2><span style=\"font-size: 24px; color: #0e37b3;\"><strong>Porqu\u00ea CY PACK<\/strong><\/span><\/h2>\n<p>CY PACK \u00e9 um fabricante de confian\u00e7a que pode ajud\u00e1-lo a personalizar embalagens flex\u00edveis impressas zipper stand up pouches.CY PACK tem estas vantagens:<\/p>\n<p>\u2606 Materiais de alta qualidade: A CY PACK utiliza materiais ecol\u00f3gicos de alta qualidade para garantir que os produtos s\u00e3o seguros e duradouros.<\/p>\n<p>\u2606 Personaliza\u00e7\u00e3o profissional: Fornecer servi\u00e7os de design personalizados para atender \u00e0s suas necessidades exclusivas.<\/p>\n<p>\u2606 Tecnologia avan\u00e7ada: CY PACK Utiliza tecnologia de impress\u00e3o moderna para garantir cores brilhantes e padr\u00f5es claros.<\/p>\n<p>\u2606 Excelente servi\u00e7o: A equipa profissional CY PACK fornece suporte completo para garantir a sua experi\u00eancia satisfat\u00f3ria.<\/p>\n<p>\u2606 Fabricante de origem:Reduzir os seus custos de funcionamento a partir da origem<\/p>\n<p>\u2606 Controlo de qualidade: Problemas de qualidade, indemniza\u00e7\u00e3o ou refazer.<\/p>\n<p>&nbsp;<\/p>\n<p style=\"text-align: center;\">\n<\/div>","protected":false},"excerpt":{"rendered":"<p class=\"wui-p-v-4\"><span class=\"wui-text-color-accents wui-text-weight-bold\">Marca:<\/span> <span class=\"wui-text-color-primary\">PACOTE CY<\/span><\/p>\n<p class=\"wui-p-v-4\"><span class=\"wui-text-color-accents wui-text-weight-bold\">Origem do produto:<\/span> <span class=\"wui-text-color-primary\">China<\/span><\/p>\n<p class=\"wui-p-v-4\"><span class=\"wui-text-color-accents wui-text-weight-bold\">Prazo de entrega:<\/span> <span class=\"wui-text-color-primary\">20 dias de prazo de entrega<\/span><\/p>\n<p class=\"wui-p-v-4\"><span class=\"wui-text-color-accents wui-text-weight-bold\">Capacidade de fornecimento:<\/span> <span class=\"wui-text-color-primary\">1200 toneladas\/m\u00eas<\/span><\/p>\n<p>Stand up pouches \u00e9 um tipo de saco de embalagem autoportante \uff08tamb\u00e9m chamado de doypack\uff09, geralmente feito de pl\u00e1stico ou materiais compostos. Seu design permite que as bolsas fiquem sozinhas sem suporte externo, o que \u00e9 conveniente para exibi\u00e7\u00e3o e armazenamento. As embalagens flex\u00edveis de stand-up pouch s\u00e3o amplamente utilizadas nas ind\u00fastrias de varejo e alimentos devido \u00e0 sua conveni\u00eancia e bom efeito de exibi\u00e7\u00e3o. As carater\u00edsticas das bolsas com fecho de correr incluem<br \/>\n1. f\u00e1cil de abrir e fechar<br \/>\n2. boa veda\u00e7\u00e3o<br \/>\n3. atra\u00e7\u00e3o visual<br \/>\n4. leve e f\u00e1cil de transportar<\/p>","protected":false},"featured_media":1079,"comment_status":"open","ping_status":"closed","template":"","meta":{"_seopress_robots_primary_cat":"none","_seopress_titles_title":"Custom flexible packaging printed zipper stand up pouches","_seopress_titles_desc":"CY PACK is a manufacture in China, accept custom flexible packaging such as printed  stand up pouches, flat bottom pouches, coffee bags,roll stock ect..","_seopress_robots_index":"","_monsterinsights_skip_tracking":false,"_monsterinsights_sitenote_active":false,"_monsterinsights_sitenote_note":"","_monsterinsights_sitenote_category":0,"_kad_post_transparent":"default","_kad_post_title":"","_kad_post_layout":"default","_kad_post_sidebar_id":"","_kad_post_content_style":"default","_kad_post_vertical_padding":"default","_kad_post_feature":"","_kad_post_feature_position":"","_kad_post_header":false,"_kad_post_footer":false},"product_brand":[],"product_cat":[39],"product_tag":[],"class_list":{"0":"post-1078","1":"product","2":"type-product","3":"status-publish","4":"has-post-thumbnail","6":"product_cat-stand-up-pouches","8":"first","9":"instock","10":"shipping-taxable","11":"product-type-simple","12":"entry","13":"content-bg","14":"loop-entry"},"_links":{"self":[{"href":"https:\/\/www.cy-package.com\/pt\/wp-json\/wp\/v2\/product\/1078","targetHints":{"allow":["GET"]}}],"collection":[{"href":"https:\/\/www.cy-package.com\/pt\/wp-json\/wp\/v2\/product"}],"about":[{"href":"https:\/\/www.cy-package.com\/pt\/wp-json\/wp\/v2\/types\/product"}],"replies":[{"embeddable":true,"href":"https:\/\/www.cy-package.com\/pt\/wp-json\/wp\/v2\/comments?post=1078"}],"version-history":[{"count":5,"href":"https:\/\/www.cy-package.com\/pt\/wp-json\/wp\/v2\/product\/1078\/revisions"}],"predecessor-version":[{"id":2354,"href":"https:\/\/www.cy-package.com\/pt\/wp-json\/wp\/v2\/product\/1078\/revisions\/2354"}],"wp:featuredmedia":[{"embeddable":true,"href":"https:\/\/www.cy-package.com\/pt\/wp-json\/wp\/v2\/media\/1079"}],"wp:attachment":[{"href":"https:\/\/www.cy-package.com\/pt\/wp-json\/wp\/v2\/media?parent=1078"}],"wp:term":[{"taxonomy":"product_brand","embeddable":true,"href":"https:\/\/www.cy-package.com\/pt\/wp-json\/wp\/v2\/product_brand?post=1078"},{"taxonomy":"product_cat","embeddable":true,"href":"https:\/\/www.cy-package.com\/pt\/wp-json\/wp\/v2\/product_cat?post=1078"},{"taxonomy":"product_tag","embeddable":true,"href":"https:\/\/www.cy-package.com\/pt\/wp-json\/wp\/v2\/product_tag?post=1078"}],"curies":[{"name":"wp","href":"https:\/\/api.w.org\/{rel}","templated":true}]}}