{"id":1205,"date":"2024-12-02T14:08:53","date_gmt":"2024-12-02T06:08:53","guid":{"rendered":"https:\/\/www.cy-package.com\/?post_type=product&#038;p=1205"},"modified":"2026-01-20T10:16:59","modified_gmt":"2026-01-20T02:16:59","slug":"sacos-plasticos-para-embalagem-de-alimentos-com-fundo-plano-3","status":"publish","type":"product","link":"https:\/\/www.cy-package.com\/pt\/produto\/sacos-plasticos-para-embalagem-de-alimentos-com-fundo-plano-3\/","title":{"rendered":"Sacos para alimentos com fecho de correr sel\u00e1veis Sacos de embalagem de fundo plano"},"content":{"rendered":"<div data-elementor-type=\"product-post\" data-elementor-id=\"1205\" class=\"elementor elementor-1205\" data-elementor-post-type=\"product\">\n\t\t\t\t\t\t<section class=\"elementor-section elementor-top-section elementor-element elementor-element-675ea937 elementor-section-boxed elementor-section-height-default elementor-section-height-default\" data-id=\"675ea937\" data-element_type=\"section\">\n\t\t\t\t\t\t<div class=\"elementor-container elementor-column-gap-default\">\n\t\t\t\t\t<div class=\"elementor-column elementor-col-100 elementor-top-column elementor-element elementor-element-31ed66d8\" data-id=\"31ed66d8\" data-element_type=\"column\">\n\t\t\t<div class=\"elementor-widget-wrap elementor-element-populated\">\n\t\t\t\t\t\t<div class=\"elementor-element elementor-element-1fe0dad7 elementor-widget elementor-widget-text-editor\" data-id=\"1fe0dad7\" data-element_type=\"widget\" data-widget_type=\"text-editor.default\">\n\t\t\t\t<div class=\"elementor-widget-container\">\n\t\t\t\t\t\t\t\t\t<hr \/><p><span style=\"color: #2b6cb0; font-size: 20px;\"><strong style=\"font-family: var(--global-body-font-family);\">Par\u00e2metros do produto<\/strong><\/span><\/p><div><div class=\"nei-table\"><div><table style=\"border-collapse: collapse; width: 100%;\"><tbody><tr><td style=\"width: 19.8374%;\">Material:<\/td><td style=\"width: 80.1626%;\">PET+VMPET+PE, BOPP+papel kraft+VMPET+PE, etc<\/td><\/tr><tr><td style=\"width: 19.8374%;\">Tipo de tinta:<\/td><td style=\"width: 80.1626%;\">Tinta de soja de qualidade alimentar ecol\u00f3gica<\/td><\/tr><tr><td style=\"width: 19.8374%;\">Aplicativo:<\/td><td style=\"width: 80.1626%;\">Alimentos \/ Caf\u00e9 \/ Ra\u00e7\u00e3o para animais de estima\u00e7\u00e3o \/ Ch\u00e1 \/ Lanche \/ Nozes \/ Prote\u00edna de soro de leite \/ Sementes, etc.<\/td><\/tr><tr><td style=\"width: 19.8374%;\">Op\u00e7\u00f5es de estilo:<\/td><td style=\"width: 80.1626%;\">Fundo plano, vertical, refor\u00e7o lateral, z\u00edper na parte superior, com\/sem janela, furo europeu, etc.<\/td><\/tr><tr><td style=\"width: 19.8374%;\">Controle de qualidade:<\/td><td style=\"width: 80.1626%;\">Equipamentos avan\u00e7ados e equipe de controle de qualidade experiente verificar\u00e3o o material, os produtos semiacabados e acabados rigorosamente em todas as etapas antes do envio.<\/td><\/tr><\/tbody><\/table><\/div><\/div><\/div><p><img fetchpriority=\"high\" decoding=\"async\" class=\"size-medium wp-image-1208 alignleft\" src=\"https:\/\/www.cy-package.com\/wp-content\/uploads\/2024\/12\/8-300x300.jpg\" alt=\" Sacos de embalagem de fundo plano\" width=\"300\" height=\"300\" srcset=\"https:\/\/www.cy-package.com\/wp-content\/uploads\/2024\/12\/8-300x300.jpg 300w, https:\/\/www.cy-package.com\/wp-content\/uploads\/2024\/12\/8-150x150.jpg 150w, https:\/\/www.cy-package.com\/wp-content\/uploads\/2024\/12\/8-768x768.jpg 768w, https:\/\/www.cy-package.com\/wp-content\/uploads\/2024\/12\/8-12x12.jpg 12w, https:\/\/www.cy-package.com\/wp-content\/uploads\/2024\/12\/8-600x600.jpg 600w, https:\/\/www.cy-package.com\/wp-content\/uploads\/2024\/12\/8-100x100.jpg 100w, https:\/\/www.cy-package.com\/wp-content\/uploads\/2024\/12\/8.jpg 800w\" sizes=\"(max-width: 300px) 100vw, 300px\" \/><\/p><div><p>Os sacos de fundo plano t\u00eam melhor desempenho em termos de exposi\u00e7\u00e3o e melhor desempenho em termos de posi\u00e7\u00e3o do que as bolsas de p\u00e9. Os sacos\/bolsas de fundo plano est\u00e3o a tornar-se rapidamente populares na ind\u00fastria de embalagens flex\u00edveis. Devido \u00e0s suas carater\u00edsticas simples e f\u00e1ceis de utilizar, os sacos\/bolsas de fundo plano tornaram-se um tipo de bolsa popular nas embalagens de alimentos para animais de companhia.<\/p><p>O fecho de correr deslizante \u00e9 amplamente utilizado em bolsas de tamanho super grande para alimentos para animais de estima\u00e7\u00e3o, como as bolsas de 20 kg para alimentos para c\u00e3es. N\u00e3o \u00e9 dif\u00edcil descobrir que os fechos de correr s\u00e3o mais aplicados nas bolsas de ra\u00e7\u00e3o para animais de estima\u00e7\u00e3o com mais de 20 kg, e as bolsas tamb\u00e9m s\u00e3o normalmente de quatro selos qu\u00e1druplos.<\/p><p>\u00a0<\/p><p>\u00a0<\/p><h2><span style=\"font-size: 20px; color: #2a86bf;\"><strong>\u00a0<\/strong><\/span><\/h2><h2><span style=\"font-size: 20px; color: #2a86bf;\"><strong>\u00a0<\/strong><\/span><\/h2><h2><span style=\"font-size: 20px; color: #2a86bf;\"><strong>\u00a0<\/strong><\/span><\/h2><h2><span style=\"font-size: 20px; color: #2b6cb0;\"><strong>Porqu\u00ea CY PACK<\/strong><\/span><\/h2><hr \/><p>CY PACK \u00e9 um fabricante de confian\u00e7a que pode ajud\u00e1-lo a personalizar embalagens flex\u00edveis impressas zipper stand up pouches.CY PACK tem estas vantagens:<\/p><p>\u2606 Materiais de alta qualidade: A CY PACK utiliza materiais ecol\u00f3gicos de alta qualidade para garantir que os produtos s\u00e3o seguros e duradouros.<\/p><p>\u2606 Personaliza\u00e7\u00e3o profissional: Fornecer servi\u00e7os de design personalizados para atender \u00e0s suas necessidades exclusivas.<\/p><p>\u2606 Tecnologia avan\u00e7ada: CY PACK Utiliza tecnologia de impress\u00e3o moderna para garantir cores brilhantes e padr\u00f5es claros.<\/p><p>\u2606 Excelente servi\u00e7o: A equipa profissional CY PACK fornece suporte completo para garantir a sua experi\u00eancia satisfat\u00f3ria.<\/p><p>\u2606 Fabricante de origem:Reduzir os seus custos de funcionamento a partir da origem<\/p><p>\u2606 Controlo de qualidade: Problemas de qualidade, indemniza\u00e7\u00e3o ou refazer.<\/p><p>\u00a0<\/p><p style=\"text-align: center;\">\u00a0<\/p><\/div>\t\t\t\t\t\t\t\t<\/div>\n\t\t\t\t<\/div>\n\t\t\t\t\t<\/div>\n\t\t<\/div>\n\t\t\t\t\t<\/div>\n\t\t<\/section>\n\t\t\t\t<\/div>","protected":false},"excerpt":{"rendered":"<p class=\"wui-p-v-4\"><span class=\"wui-text-color-accents wui-text-weight-bold\">Marca:<\/span> <span class=\"wui-text-color-primary\">PACOTE CY<\/span><\/p>\n<p class=\"wui-p-v-4\"><span class=\"wui-text-color-accents wui-text-weight-bold\">Origem do produto:<\/span> <span class=\"wui-text-color-primary\">China<\/span><\/p>\n<p class=\"wui-p-v-4\"><span class=\"wui-text-color-accents wui-text-weight-bold\">Prazo de entrega:<\/span> 3<span class=\"wui-text-color-primary\">0 dias de prazo de entrega<\/span><\/p>\n<p>1. sacos de embalagem de sacos de fundo plano s\u00e3o as solu\u00e7\u00f5es de embalagem de alimentos para animais de estima\u00e7\u00e3o mais populares no mundo.<\/p>\n<p>2. saco de embalagem de alimentos de fundo plano por causa de sua boa sensa\u00e7\u00e3o est\u00e9reo, mostrar apar\u00eancia de classe, atmosfera high-end, popular entre os consumidores.<\/p>\n<p>3. sacos de embalagem de fundo plano com fecho de correr sel\u00e1vel podem facilitar aos consumidores a abertura e utiliza\u00e7\u00e3o repetida e manter o produto fresco.<\/p>","protected":false},"featured_media":1208,"comment_status":"open","ping_status":"closed","template":"","meta":{"_seopress_robots_primary_cat":"none","_seopress_titles_title":"Resealable Zipper Food Bags Flat Bottom Packaging Bags","_seopress_titles_desc":"CY PACK is a manufacture in China, accept custom flexible packaging such as printed flat bottom pouches bags, coffee bags,  stand up pouches,roll stock ect..","_seopress_robots_index":"","_monsterinsights_skip_tracking":false,"_monsterinsights_sitenote_active":false,"_monsterinsights_sitenote_note":"","_monsterinsights_sitenote_category":0,"_kad_post_transparent":"default","_kad_post_title":"","_kad_post_layout":"default","_kad_post_sidebar_id":"","_kad_post_content_style":"default","_kad_post_vertical_padding":"default","_kad_post_feature":"","_kad_post_feature_position":"","_kad_post_header":false,"_kad_post_footer":false},"product_brand":[],"product_cat":[41],"product_tag":[42],"class_list":{"0":"post-1205","1":"product","2":"type-product","3":"status-publish","4":"has-post-thumbnail","6":"product_cat-flat-bottom-pouches","7":"product_tag-flat-bottom-bags","9":"first","10":"instock","11":"shipping-taxable","12":"product-type-simple","13":"entry","14":"content-bg","15":"loop-entry"},"_links":{"self":[{"href":"https:\/\/www.cy-package.com\/pt\/wp-json\/wp\/v2\/product\/1205","targetHints":{"allow":["GET"]}}],"collection":[{"href":"https:\/\/www.cy-package.com\/pt\/wp-json\/wp\/v2\/product"}],"about":[{"href":"https:\/\/www.cy-package.com\/pt\/wp-json\/wp\/v2\/types\/product"}],"replies":[{"embeddable":true,"href":"https:\/\/www.cy-package.com\/pt\/wp-json\/wp\/v2\/comments?post=1205"}],"version-history":[{"count":13,"href":"https:\/\/www.cy-package.com\/pt\/wp-json\/wp\/v2\/product\/1205\/revisions"}],"predecessor-version":[{"id":1226,"href":"https:\/\/www.cy-package.com\/pt\/wp-json\/wp\/v2\/product\/1205\/revisions\/1226"}],"wp:featuredmedia":[{"embeddable":true,"href":"https:\/\/www.cy-package.com\/pt\/wp-json\/wp\/v2\/media\/1208"}],"wp:attachment":[{"href":"https:\/\/www.cy-package.com\/pt\/wp-json\/wp\/v2\/media?parent=1205"}],"wp:term":[{"taxonomy":"product_brand","embeddable":true,"href":"https:\/\/www.cy-package.com\/pt\/wp-json\/wp\/v2\/product_brand?post=1205"},{"taxonomy":"product_cat","embeddable":true,"href":"https:\/\/www.cy-package.com\/pt\/wp-json\/wp\/v2\/product_cat?post=1205"},{"taxonomy":"product_tag","embeddable":true,"href":"https:\/\/www.cy-package.com\/pt\/wp-json\/wp\/v2\/product_tag?post=1205"}],"curies":[{"name":"wp","href":"https:\/\/api.w.org\/{rel}","templated":true}]}}