{"id":1358,"date":"2024-12-19T15:39:46","date_gmt":"2024-12-19T07:39:46","guid":{"rendered":"https:\/\/www.cy-package.com\/?post_type=product&#038;p=1358"},"modified":"2024-12-19T17:20:20","modified_gmt":"2024-12-19T09:20:20","slug":"sacos-plasticos-para-embalagem-de-alimentos-com-fundo-plano-5","status":"publish","type":"product","link":"https:\/\/www.cy-package.com\/pt\/produto\/sacos-plasticos-para-embalagem-de-alimentos-com-fundo-plano-5\/","title":{"rendered":"Embalagem para cuidados pessoais M\u00e1scara facial Pacote de cuidados de sa\u00fade e bem-estar"},"content":{"rendered":"<p><strong style=\"font-family: var(--global-body-font-family);\">Par\u00e2metros do produto<\/strong><\/p>\n<table style=\"border-collapse: collapse; width: 100%;\">\n<tbody>\n<tr>\n<td style=\"width: 19.8374%;\">Material:<\/td>\n<td style=\"width: 80.1626%;\">Papel Kraft\/PET\/BOPP\/CPP, etc<\/td>\n<\/tr>\n<tr>\n<td style=\"width: 19.8374%;\">Tipo de tinta:<\/td>\n<td style=\"width: 80.1626%;\">Tinta de soja de qualidade alimentar ecol\u00f3gica<\/td>\n<\/tr>\n<tr>\n<td style=\"width: 19.8374%;\">Aplicativo:<\/td>\n<td style=\"width: 80.1626%;\">Alimenta\u00e7\u00e3o \/ Sa\u00fade e bem-estar \/ Caf\u00e9 \/ Alimentos para animais de estima\u00e7\u00e3o \/ Ch\u00e1 \/ Snacks \/ Frutos secos \/ Prote\u00edna de soro de leite \/ Doces \/ Sementes, etc.<\/td>\n<\/tr>\n<tr>\n<td style=\"width: 19.8374%;\">Op\u00e7\u00f5es de estilo:<\/td>\n<td style=\"width: 80.1626%;\">Plano, de p\u00e9, com refor\u00e7o lateral, com fecho de correr, com\/sem janela, com orif\u00edcio para o euro, etc.<\/td>\n<\/tr>\n<tr>\n<td style=\"width: 19.8374%;\">Controle de qualidade:<\/td>\n<td style=\"width: 80.1626%;\">Equipamentos avan\u00e7ados e equipe de controle de qualidade experiente verificar\u00e3o o material, os produtos semiacabados e acabados rigorosamente em todas as etapas antes do envio.<\/td>\n<\/tr>\n<\/tbody>\n<\/table>\n<p><img fetchpriority=\"high\" decoding=\"async\" class=\"aligncenter wp-image-1359\" src=\"https:\/\/www.cy-package.com\/wp-content\/uploads\/2024\/12\/1-1.jpg\" alt=\"pacote de cuidados de sa\u00fade e bem-estar\" width=\"372\" height=\"372\" srcset=\"https:\/\/www.cy-package.com\/wp-content\/uploads\/2024\/12\/1-1.jpg 800w, https:\/\/www.cy-package.com\/wp-content\/uploads\/2024\/12\/1-1-300x300.jpg 300w, https:\/\/www.cy-package.com\/wp-content\/uploads\/2024\/12\/1-1-150x150.jpg 150w, https:\/\/www.cy-package.com\/wp-content\/uploads\/2024\/12\/1-1-768x768.jpg 768w, https:\/\/www.cy-package.com\/wp-content\/uploads\/2024\/12\/1-1-12x12.jpg 12w, https:\/\/www.cy-package.com\/wp-content\/uploads\/2024\/12\/1-1-600x600.jpg 600w, https:\/\/www.cy-package.com\/wp-content\/uploads\/2024\/12\/1-1-100x100.jpg 100w\" sizes=\"(max-width: 372px) 100vw, 372px\" \/><\/p>\n<p>Os nossos sacos de embalagem para cuidados pessoais personalizados s\u00e3o constitu\u00eddos por uma variedade de pel\u00edculas de barreira para proteger o produto da luz, oxig\u00e9nio, humidade e outros factores ambientais que podem degradar a qualidade do produto.<\/p>\n<p>O nosso pacote de cuidados com a m\u00e1scara facial \u00e9 feito de material de qualidade alimentar sem BPA de alta qualidade para manter o produto fresco e seguro. \u00c9 leve e f\u00e1cil de transportar, perfeito para uso em movimento.<\/p>","protected":false},"excerpt":{"rendered":"<p class=\"wui-p-v-4\"><span class=\"wui-text-color-accents wui-text-weight-bold\">Marca:<\/span> <span class=\"wui-text-color-primary\">PACOTE CY<\/span><\/p>\n<p class=\"wui-p-v-4\"><span class=\"wui-text-color-accents wui-text-weight-bold\">Origem do produto:<\/span> <span class=\"wui-text-color-primary\">China<\/span><\/p>\n<p class=\"wui-p-v-4\"><span class=\"wui-text-color-accents wui-text-weight-bold\">Prazo de entrega:<\/span> <span class=\"wui-text-color-primary\">20 dias de prazo de entrega<\/span><\/p>\n<p class=\"wui-p-v-4\"><span class=\"wui-text-color-accents wui-text-weight-bold\">Capacidade de fornecimento:<\/span> <span class=\"wui-text-color-primary\">1200 toneladas\/m\u00eas<\/span><\/p>\n<p>Oferecemos uma vasta gama de op\u00e7\u00f5es de personaliza\u00e7\u00e3o para garantir que o saco de embalagem para cuidados pessoais se alinha perfeitamente com a identidade da sua marca de beleza. Pode escolher entre v\u00e1rios estilos de sacos de embalagem para cuidados de sa\u00fade e bem-estar, t\u00e9cnicas de impress\u00e3o, carater\u00edsticas personalizadas para mostrar o seu log\u00f3tipo, cores da marca e trabalhos art\u00edsticos \u00fanicos. Al\u00e9m disso, pode selecionar entre diferentes acabamentos, como mate ou brilhante, para melhorar o apelo visual da embalagem.<\/p>","protected":false},"featured_media":1361,"comment_status":"open","ping_status":"closed","template":"","meta":{"_seopress_robots_primary_cat":"none","_seopress_titles_title":"personal care packaging face mask health and wellness care package","_seopress_titles_desc":"CY PACK is a manufacture in China, specialize in the production of health and wellness care packaging and provide stand-up bags and flat-bottom bags, suitable for food, daily chemicals and other industries.","_seopress_robots_index":"","_monsterinsights_skip_tracking":false,"_monsterinsights_sitenote_active":false,"_monsterinsights_sitenote_note":"","_monsterinsights_sitenote_category":0,"_kad_post_transparent":"default","_kad_post_title":"","_kad_post_layout":"default","_kad_post_sidebar_id":"","_kad_post_content_style":"default","_kad_post_vertical_padding":"default","_kad_post_feature":"","_kad_post_feature_position":"","_kad_post_header":false,"_kad_post_footer":false},"product_brand":[],"product_cat":[45],"product_tag":[],"class_list":{"0":"post-1358","1":"product","2":"type-product","3":"status-publish","4":"has-post-thumbnail","6":"product_cat-health-wellness-packaging","8":"first","9":"instock","10":"shipping-taxable","11":"product-type-simple","12":"entry","13":"content-bg","14":"loop-entry"},"_links":{"self":[{"href":"https:\/\/www.cy-package.com\/pt\/wp-json\/wp\/v2\/product\/1358","targetHints":{"allow":["GET"]}}],"collection":[{"href":"https:\/\/www.cy-package.com\/pt\/wp-json\/wp\/v2\/product"}],"about":[{"href":"https:\/\/www.cy-package.com\/pt\/wp-json\/wp\/v2\/types\/product"}],"replies":[{"embeddable":true,"href":"https:\/\/www.cy-package.com\/pt\/wp-json\/wp\/v2\/comments?post=1358"}],"version-history":[{"count":3,"href":"https:\/\/www.cy-package.com\/pt\/wp-json\/wp\/v2\/product\/1358\/revisions"}],"predecessor-version":[{"id":1364,"href":"https:\/\/www.cy-package.com\/pt\/wp-json\/wp\/v2\/product\/1358\/revisions\/1364"}],"wp:featuredmedia":[{"embeddable":true,"href":"https:\/\/www.cy-package.com\/pt\/wp-json\/wp\/v2\/media\/1361"}],"wp:attachment":[{"href":"https:\/\/www.cy-package.com\/pt\/wp-json\/wp\/v2\/media?parent=1358"}],"wp:term":[{"taxonomy":"product_brand","embeddable":true,"href":"https:\/\/www.cy-package.com\/pt\/wp-json\/wp\/v2\/product_brand?post=1358"},{"taxonomy":"product_cat","embeddable":true,"href":"https:\/\/www.cy-package.com\/pt\/wp-json\/wp\/v2\/product_cat?post=1358"},{"taxonomy":"product_tag","embeddable":true,"href":"https:\/\/www.cy-package.com\/pt\/wp-json\/wp\/v2\/product_tag?post=1358"}],"curies":[{"name":"wp","href":"https:\/\/api.w.org\/{rel}","templated":true}]}}