{"id":1387,"date":"2024-12-20T17:15:57","date_gmt":"2024-12-20T09:15:57","guid":{"rendered":"https:\/\/www.cy-package.com\/?post_type=product&#038;p=1387"},"modified":"2024-12-26T14:32:55","modified_gmt":"2024-12-26T06:32:55","slug":"sacos-plasticos-para-embalagem-de-alimentos-com-fundo-plano-7","status":"publish","type":"product","link":"https:\/\/www.cy-package.com\/pt\/produto\/sacos-plasticos-para-embalagem-de-alimentos-com-fundo-plano-7\/","title":{"rendered":"Embalagem para bolachas Embalagem flex\u00edvel Sacos Stand Up Pouch"},"content":{"rendered":"<p><strong style=\"font-family: var(--global-body-font-family);\">Par\u00e2metros do produto<\/strong><\/p>\n<table style=\"border-collapse: collapse; width: 100%; height: 177px;\">\n<tbody>\n<tr style=\"height: 30px;\">\n<td style=\"width: 19.8374%; height: 30px;\">Material:<\/td>\n<td style=\"width: 80.1626%; height: 30px;\">PET\/AL\/PE, PET\/EVOH\/PE, MOPP\/AL\/PE, etc.<\/td>\n<\/tr>\n<tr style=\"height: 30px;\">\n<td style=\"width: 19.8374%; height: 30px;\">Tipo de tinta:<\/td>\n<td style=\"width: 80.1626%; height: 30px;\">Tinta de soja de qualidade alimentar ecol\u00f3gica<\/td>\n<\/tr>\n<tr style=\"height: 30px;\">\n<td style=\"width: 19.8374%; height: 30px;\">Aplicativo:<\/td>\n<td style=\"width: 80.1626%; height: 30px;\">Biscoitos e produtos de padaria\/ Sa\u00fade e bem-estar \/ Caf\u00e9 \/ Alimentos para animais de estima\u00e7\u00e3o \/ Ch\u00e1 \/ Snack \/ Frutos secos \/ Prote\u00edna de soro de leite \/ Doces \/ Sementes, etc.<\/td>\n<\/tr>\n<tr style=\"height: 30px;\">\n<td style=\"width: 19.8374%; height: 30px;\">Op\u00e7\u00f5es de estilo:<\/td>\n<td style=\"width: 80.1626%; height: 30px;\">Plano, de p\u00e9, com refor\u00e7o lateral, com fecho de correr, com\/sem janela, com orif\u00edcio para o euro, etc.<\/td>\n<\/tr>\n<tr style=\"height: 57px;\">\n<td style=\"width: 19.8374%; height: 57px;\">Controle de qualidade:<\/td>\n<td style=\"width: 80.1626%; height: 57px;\">Equipamentos avan\u00e7ados e equipe de controle de qualidade experiente verificar\u00e3o o material, os produtos semiacabados e acabados rigorosamente em todas as etapas antes do envio.<\/td>\n<\/tr>\n<\/tbody>\n<\/table>\n<p><img fetchpriority=\"high\" decoding=\"async\" class=\"aligncenter wp-image-1390\" src=\"https:\/\/www.cy-package.com\/wp-content\/uploads\/2024\/12\/cookies-doypack.png\" alt=\"cookies doypack\" width=\"520\" height=\"338\" srcset=\"https:\/\/www.cy-package.com\/wp-content\/uploads\/2024\/12\/cookies-doypack.png 5436w, https:\/\/www.cy-package.com\/wp-content\/uploads\/2024\/12\/cookies-doypack-300x195.png 300w, https:\/\/www.cy-package.com\/wp-content\/uploads\/2024\/12\/cookies-doypack-1024x665.png 1024w, https:\/\/www.cy-package.com\/wp-content\/uploads\/2024\/12\/cookies-doypack-768x499.png 768w, https:\/\/www.cy-package.com\/wp-content\/uploads\/2024\/12\/cookies-doypack-1536x998.png 1536w, https:\/\/www.cy-package.com\/wp-content\/uploads\/2024\/12\/cookies-doypack-2048x1331.png 2048w, https:\/\/www.cy-package.com\/wp-content\/uploads\/2024\/12\/cookies-doypack-18x12.png 18w, https:\/\/www.cy-package.com\/wp-content\/uploads\/2024\/12\/cookies-doypack-800x520.png 800w\" sizes=\"(max-width: 520px) 100vw, 520px\" \/><\/p>\n<p>O stand up pouch tem a propriedade de veda\u00e7\u00e3o do material composto, que pode efetivamente bloquear a entrada de ar exterior. \u00c9 muito importante para alimentos como os biscoitos que precisam de manter um sabor estaladi\u00e7o, para evitar que os biscoitos fiquem h\u00famidos e amole\u00e7am. Tal como os sacos stand up pouch flex\u00edveis compostos comuns, estes podem encaixar firmemente e reduzir a possibilidade de troca de ar.<\/p>\n<p>A Stand up pouch tem uma elevada resist\u00eancia. N\u00e3o \u00e9 f\u00e1cil de rachar e vazar, mesmo que sejam espremidas e colididas durante o transporte e armazenamento, n\u00e3o s\u00e3o f\u00e1ceis de partir, garantindo assim a integridade das bolachas. Esta carater\u00edstica permite que as bolachas estejam mais bem protegidas durante o transporte, a exposi\u00e7\u00e3o nas prateleiras e o transporte pelo consumidor.<\/p>","protected":false},"excerpt":{"rendered":"<p class=\"wui-p-v-4\"><span class=\"wui-text-color-accents wui-text-weight-bold\">Marca:<\/span> <span class=\"wui-text-color-primary\">PACOTE CY<\/span><\/p>\n<p class=\"wui-p-v-4\"><span class=\"wui-text-color-accents wui-text-weight-bold\">Origem do produto:<\/span> <span class=\"wui-text-color-primary\">China<\/span><\/p>\n<p class=\"wui-p-v-4\"><span class=\"wui-text-color-accents wui-text-weight-bold\">Prazo de entrega:<\/span> <span class=\"wui-text-color-primary\">20 dias de prazo de entrega<\/span><\/p>\n<p class=\"wui-p-v-4\"><span class=\"wui-text-color-accents wui-text-weight-bold\">Capacidade de fornecimento:<\/span> <span class=\"wui-text-color-primary\">1200 toneladas\/m\u00eas<\/span><\/p>\n<p>1. biscoitos flex\u00edveis que embalam a sua tira auto-vedante espessada, podem ser usados repetidamente, r\u00e1pido e conveniente.<\/p>\n<p>2. o fundo \u00e9 autoportante e o vedante de bordo liso real\u00e7a o grau e aumenta efetivamente a capacidade de suporte do stand up pouch.<\/p>","protected":false},"featured_media":1388,"comment_status":"open","ping_status":"closed","template":"","meta":{"_seopress_robots_primary_cat":"none","_seopress_titles_title":"Cookies Packaging Flexible Packaging Stand Up Pouch Bags","_seopress_titles_desc":"CY PACK is a manufacture in China, specialize in the production of kokies  packaging pouches and health and wellness care packaging and provide stand-up bags and flat-bottom bags, suitable for food, daily chemicals and other industries.","_seopress_robots_index":"","_monsterinsights_skip_tracking":false,"_monsterinsights_sitenote_active":false,"_monsterinsights_sitenote_note":"","_monsterinsights_sitenote_category":0,"_kad_post_transparent":"default","_kad_post_title":"","_kad_post_layout":"default","_kad_post_sidebar_id":"","_kad_post_content_style":"default","_kad_post_vertical_padding":"default","_kad_post_feature":"","_kad_post_feature_position":"","_kad_post_header":false,"_kad_post_footer":false},"product_brand":[],"product_cat":[49],"product_tag":[],"class_list":{"0":"post-1387","1":"product","2":"type-product","3":"status-publish","4":"has-post-thumbnail","6":"product_cat-cookies-bakery-product-packaging","8":"first","9":"instock","10":"shipping-taxable","11":"product-type-simple","12":"entry","13":"content-bg","14":"loop-entry"},"_links":{"self":[{"href":"https:\/\/www.cy-package.com\/pt\/wp-json\/wp\/v2\/product\/1387","targetHints":{"allow":["GET"]}}],"collection":[{"href":"https:\/\/www.cy-package.com\/pt\/wp-json\/wp\/v2\/product"}],"about":[{"href":"https:\/\/www.cy-package.com\/pt\/wp-json\/wp\/v2\/types\/product"}],"replies":[{"embeddable":true,"href":"https:\/\/www.cy-package.com\/pt\/wp-json\/wp\/v2\/comments?post=1387"}],"version-history":[{"count":2,"href":"https:\/\/www.cy-package.com\/pt\/wp-json\/wp\/v2\/product\/1387\/revisions"}],"predecessor-version":[{"id":1447,"href":"https:\/\/www.cy-package.com\/pt\/wp-json\/wp\/v2\/product\/1387\/revisions\/1447"}],"wp:featuredmedia":[{"embeddable":true,"href":"https:\/\/www.cy-package.com\/pt\/wp-json\/wp\/v2\/media\/1388"}],"wp:attachment":[{"href":"https:\/\/www.cy-package.com\/pt\/wp-json\/wp\/v2\/media?parent=1387"}],"wp:term":[{"taxonomy":"product_brand","embeddable":true,"href":"https:\/\/www.cy-package.com\/pt\/wp-json\/wp\/v2\/product_brand?post=1387"},{"taxonomy":"product_cat","embeddable":true,"href":"https:\/\/www.cy-package.com\/pt\/wp-json\/wp\/v2\/product_cat?post=1387"},{"taxonomy":"product_tag","embeddable":true,"href":"https:\/\/www.cy-package.com\/pt\/wp-json\/wp\/v2\/product_tag?post=1387"}],"curies":[{"name":"wp","href":"https:\/\/api.w.org\/{rel}","templated":true}]}}